{"id":1086,"date":"2023-07-10T01:23:11","date_gmt":"2023-07-10T01:23:11","guid":{"rendered":"https:\/\/www.optimiseconsulting.eu\/index.php\/mariana-web\/"},"modified":"2023-07-10T01:23:11","modified_gmt":"2023-07-10T01:23:11","slug":"mariana-web","status":"publish","type":"page","link":"https:\/\/www.optimiseconsulting.eu\/index.php\/mariana-web\/","title":{"rendered":"Mariana web"},"content":{"rendered":"<p><!doctype html> pedo porno video HevoIte35 <a href=\"https:\/\/pixhost.to\/show\/91\/365548154_page1.jpg\"><img decoding=\"async\" src=\"https:\/\/t88.pixhost.to\/thumbs\/91\/365548154_page1.jpg\" alt=\"\u043f\u043e\u043f\u043a\u0438 \u043c\u0430\u043b\u043e\u043b\u0435\u0442\u043e\u043a \u0440\u0430\u043a\u043e\u043c\" class=\"\"\/><\/a> <a href=\"https:\/\/pixhost.to\/show\/91\/365548165_page2.jpg\"><img decoding=\"async\" src=\"https:\/\/t88.pixhost.to\/thumbs\/91\/365548165_page2.jpg\" alt=\"12 yo nu\" class=\"\"\/><\/a> <\/p>\n<h1>Sur webcam teen porn FAMILY SEX FREE PTHC GIRL MP4. foro webcam adolescente MAM\u00c1 E HIJO MEGA LINK INCESTO ONLYFANS. foro webcam porno adolescente JAILBAIT SKYPE PADRE E HIJA. Forum Webcam Teen-Porno SAMMLUNG KINDERPORNO INZEST LOLI PRETEEN PRIVATS Forum Webcam Teen-Porno. YOUNG PORN TORRENTS COLLEGE PORN VIDEOS, \u0440\u0443\u0441\u0441\u043a\u043e\u0435 \u043f\u043e\u0440\u043d\u043e \u0441\u043a\u0440\u043e\u043c\u043d\u044b\u0445 \u0434\u0435\u0432\u043e\u0447\u0435\u043a qq spanking. forum web kameras\u0131 KOLEKS\u0130YON \u00c7OCUK PORNOSU INSEST LOLI PRETEEN PRIVATS forum web kameras\u0131 KOLEKS\u0130YON \u0130ND\u0130R forum web. Forum Webcam herunterladen M\u00e4dchen Hund Zwiebel Forum. Schulm\u00e4dchen Abfluss 16 Schulm\u00e4dchen Abfluss Telegramm Schulm\u00e4dchen. . jailbait nn girls sexy photos \u0440\u0443\u0441\u0441\u043a\u043e\u0435 \u0432\u043ak, \u0440\u0443\u0441\u0441\u043a\u043e\u0435 \u043b\u044e\u0431\u0438\u0442\u0435\u043b\u044c\u0441\u043a\u043e\u0435 \u0432\u0438\u0434\u0435\u043e \u0432 \u0432\u043akk LiroIha26.<\/h1>\n<p>TEEN SEEK V\u0130DEOLARI ZOOOOOOOOOOOOOOOOOOOOOOOLLLLLLER\u0130. Forum Webcam Teen-Porno TELEGRAMMKANAL Teens Forum Webcam Teen-Porno. forum webcam AMATEUR GIRL FOTO ADULT ART MODELING STUDIO. videos para adolescentes con webcam SEXUAL KIDS STREAMING videos de videos para adolescentes con webcam. \u0444\u043e\u0440\u0443\u043c webcam teen videos WEB CAMS SEX PERSONALS VIDEO. Forum Webcam-Teen-Porno FAMILIE SEX KOSTENLOS PTHC GIRL MP4. Forum Webcam Teenager PRETEEN GETEILTE VIDEOS Forum Webcam Teenager PRIVATE. \u8996\u983b\u9752\u5c11\u5e74\u6027\u4ea4 \u0444\u043e\u0440\u0443\u043c \u7db2\u7d61\u651d\u50cf\u982d\u9752\u5c11\u5e74\u8996\u983b \u9752\u5c11\u5e74\u96fb\u5f71 \u0444\u043e\u0440\u0443\u043c \u7db2\u7d61\u651d\u50cf\u982d\u9752\u5c11\u5e74\u8996\u983b \u9752\u5c11\u5e74\u8272\u60c5. forum webcam yeniyetm\u0259 porno FETISH WEBCAM HARD CANDY HOT TEEN LOLITA. jailbait girl twerking cam, cp \u0433\u043e\u0441\u0442\u0435\u0432\u0430\u044fk smallestpussy 51 attractive set of pictures full cycle, \u0446\u043f \u0441 \u043c\u0430\u0448\u0435\u0439 \u0431\u0430\u0431\u043a\u043ekk armed police have been increased<\/><\/p>\n<p>forum veb kameras\u0131 yeniyetm\u0259 videolar\u0131 U\u015eAQ V\u0130DEOLARI SEKS KUNLAR forum veb kameras\u0131 yeniyetm\u0259 videolar\u0131. forum webcam teen videos YOUNG TEEN SEX VIDEOS RUSSIAN TEENS. foro webcam adolescente LOLITAS ASI\u00c1TICAS J\u00d3VENES ASI\u00c1TICAS CHICAS CUTIE. \u0444\u043e\u0440\u0443\u043c webcam teen videos FUCKING VIRGIN PUSSY VIDEOS. foto webcam videos de adolescentes NUDE LIVE WEB CAMS foto webcam videos de adolescentes NUDI. Jugendliche vor der Webcam selbst gemachte Jugendliche. \u0444\u043e\u0440\u0443\u043c webcam teen Tecav\u00fcz i\u00e7eri\u011fi yo8 yo9 yo10 yo12. \u092e\u0902\u091a \u0926\u0942\u0930\u0926\u0930\u093e\u091c \u0915\u0947 \u0936\u0949\u092a\u093f\u0902\u0917 \u092a\u094d\u0930\u0947\u092e\u093f\u092f\u094b\u0902 \u0915\u093e \u092e\u0902\u091a \u0905\u0928\u093e\u091a\u093e\u0930 \u092a\u094d\u0930\u0947\u092e\u093f\u092f\u094b\u0902 \u0915\u093e \u092e\u0902\u091a \u092e\u0941\u0916-. \u043f\u043e\u0440\u043d\u043e \u043e\u043d\u043b\u0430\u0439\u043d \u043c\u0430\u043b\u043e\u0434\u0435\u043d\u044c\u043a\u0438\u0435 \u0434\u0435\u0432\u043e\u0447\u043a\u0438kk organize your notes<\/><\/p>\n<h2>2.4TB PRIVATE VIDEO LINK FOR TORRENT CLIENT<\/h2>\n<p> magnet:?xt=urn:btih:38D66BF77DBF45A173FF6009C3ED0895C403AFDA <\/p>\n<h3>WEBSITE: OPEN IN AN ANONYMOUS BROWSER (the link does not work in other browsers!) <a href=\"https:\/\/www.torproject.org\/download\/\">TOR BROWSER<\/a><\/h3>\n<p> <a href=\"http:\/\/dvhdl7akyhos236m76re43nbggcvu5bkxcmfomxsa32ugz6gg2vzdfid.onion\">Www. dvhdl7akyhos236m76re43nbggcvu5bkxcmfomxsa32ugz6gg2vzdfid. onion<\/a><\/p>\n","protected":false},"excerpt":{"rendered":"<p>pedo porno video HevoIte35 Sur webcam teen porn FAMILY SEX FREE PTHC GIRL MP4. foro webcam adolescente MAM\u00c1 E HIJO MEGA LINK INCESTO ONLYFANS. foro webcam porno adolescente JAILBAIT SKYPE PADRE E HIJA. Forum Webcam Teen-Porno SAMMLUNG KINDERPORNO INZEST LOLI PRETEEN PRIVATS Forum Webcam Teen-Porno. YOUNG PORN TORRENTS COLLEGE PORN VIDEOS, \u0440\u0443\u0441\u0441\u043a\u043e\u0435 \u043f\u043e\u0440\u043d\u043e \u0441\u043a\u0440\u043e\u043c\u043d\u044b\u0445 \u0434\u0435\u0432\u043e\u0447\u0435\u043a [&hellip;]<\/p>\n","protected":false},"author":2,"featured_media":0,"parent":0,"menu_order":0,"comment_status":"closed","ping_status":"closed","template":"","meta":{"footnotes":""},"class_list":["post-1086","page","type-page","status-publish","hentry"],"_links":{"self":[{"href":"https:\/\/www.optimiseconsulting.eu\/index.php\/wp-json\/wp\/v2\/pages\/1086","targetHints":{"allow":["GET"]}}],"collection":[{"href":"https:\/\/www.optimiseconsulting.eu\/index.php\/wp-json\/wp\/v2\/pages"}],"about":[{"href":"https:\/\/www.optimiseconsulting.eu\/index.php\/wp-json\/wp\/v2\/types\/page"}],"author":[{"embeddable":true,"href":"https:\/\/www.optimiseconsulting.eu\/index.php\/wp-json\/wp\/v2\/users\/2"}],"replies":[{"embeddable":true,"href":"https:\/\/www.optimiseconsulting.eu\/index.php\/wp-json\/wp\/v2\/comments?post=1086"}],"version-history":[{"count":0,"href":"https:\/\/www.optimiseconsulting.eu\/index.php\/wp-json\/wp\/v2\/pages\/1086\/revisions"}],"wp:attachment":[{"href":"https:\/\/www.optimiseconsulting.eu\/index.php\/wp-json\/wp\/v2\/media?parent=1086"}],"curies":[{"name":"wp","href":"https:\/\/api.w.org\/{rel}","templated":true}]}}