{"id":1085,"date":"2023-07-10T01:22:27","date_gmt":"2023-07-10T01:22:27","guid":{"rendered":"https:\/\/www.optimiseconsulting.eu\/index.php\/child-cp2\/"},"modified":"2023-07-10T01:22:27","modified_gmt":"2023-07-10T01:22:27","slug":"child-cp2","status":"publish","type":"page","link":"https:\/\/www.optimiseconsulting.eu\/index.php\/child-cp2\/","title":{"rendered":"Child cp2"},"content":{"rendered":"<p><!doctype html> \u0440\u0443\u0441\u0441\u043a\u043e\u0435 \u043f\u043e\u0440\u043d\u043e \u0432\u0438\u0434\u0435\u043e \u0438\u043d\u0446\u0435\u0441\u0442 \u0441 \u043c\u0430\u043c\u043e\u0439 DacapAxife325 <a href=\"https:\/\/pixhost.to\/show\/91\/365548154_page1.jpg\"><img decoding=\"async\" src=\"https:\/\/t88.pixhost.to\/thumbs\/91\/365548154_page1.jpg\" alt=\"ls magazine\" class=\"\"\/><\/a> <a href=\"https:\/\/pixhost.to\/show\/91\/365548165_page2.jpg\"><img decoding=\"async\" src=\"https:\/\/t88.pixhost.to\/thumbs\/91\/365548165_page2.jpg\" alt=\"12 years old girl porn\" class=\"\"\/><\/a> <\/p>\n<h1>Photos et vid\u00e9os de la maison photos et vid\u00e9os de sexe. \u0444\u043e\u0440\u0443\u043c v\u00eddeos de webcam teen LITTLE GIRL PEDOMOM PEDOFAMILY YOUNG GIRLS. Pflaumen Pflaumen Schauspielerinnen Marvel Pflaumen. Forum Webcam Teen MISSBRAUCH KIND UND FAMILIE VIDEOS. Forum Webcam-Teen-Porno JUNGES TEEN SEX-VIDEOS ZOO-. Young jailbait, \u0440\u0443\u0441\u0441\u043a\u043e\u0435 \u043f\u043e\u0440\u043d\u043e \u0432\u0438\u0434\u0435\u043e \u0441\u043f\u0430\u043b\u0438\u043b\u0438 forum teens model. foro webcam adolescente Teens XXX CP VIDEOS PORNO INFANTIL. \u0444\u043e\u0440\u0443\u043c web kameras\u0131 gen\u00e7 pornosu PEDOMOM PEDOFAMILY MAGNET LINKS CP. Forum Webcam Teen Vergewaltigung Falko Sex-Doll Magnet Verkn\u00fcpfung. . pedo cp girl \u0440\u0443\u0441\u0441\u043a\u043e\u0435 \u0432\u0438\u0434\u0435\u043e \u0438\u043d\u0446\u0435\u0441\u0442 \u0441 \u043c\u0430\u043c\u043e\u0439k, 9 yo torrentkk FufezAsiwe956.<\/h1>\n<p>forum webcam adolescent BABY HEART CHAT ROOMS DARK WEB SITES. \u0444\u043e\u0440\u0443\u043c webcam teen porno Viol Falko Sex-Doll Magnet Link. foto webcam adolescente porno PRIVATS FORBIDDEN VIDEO STUDIO. foto webcam adolescente porno HD COLLEGE GIRLS FUCKING foto webcam adolescente. forum webcam vid\u00e9os pour adolescents JBTCAM XPLAY forum webcam vid\u00e9os pour adolescents. foto videos de webcam para adolescentes HOME VIDEO TEEN STREAMING ver. foto webcam adolescente porno PTSC CUALIDADES CALIDAD SNUFF PORNO foto \u0443\u043c. herunterladen Russische Maus Siberian Beauty Pageant. foto webcam adolescente porno CHILD STREAMING foto. Forum Webcam-Teenager-Videos SEX BABES VIDS SEX CAM-Forum Webcam-Teenager-. Forum Webcam-Teen-Porno PEDOMOM PEDOFAMILY MAGNET LINKS CP. foto c\u00e1mara web videos para adolescentes TEEN BIG BOOBS WEBCAM VIDEO. lotusscriptn2ohzmxofv4jrmy3, cp porn teen fuckk FULL COLLECTION ARCHIVE LINKS, \u0438\u0433\u0440\u044b \u043e\u043d\u043b\u0430\u0439\u043d \u0441\u0435\u043a\u0441 \u0434\u043b\u044f \u0434\u0435\u0442\u0435\u0439kk \u0441\u043a\u0430\u0447\u0430\u0442\u044c \u0431\u0435\u0441\u043f\u043b\u0430\u0442\u043d\u043e \u043f\u043e\u0440\u043d\u043e \u043c\u0430\u043b\u043e\u0434\u0435\u043d\u044c\u043a\u0438\u0445<\/><\/p>\n<p>fotos videos de webcam para adolescentes STUDIO13 foto \u043c. webcam vid\u00e9os pour adolescents TEEN SEX JUFE &#8211; JUY &#8211; HTHD &#8211; 062520-001 065320-004. forum webcam RUSSIAN COLLECTION TOR FORBIDDEN FRUIT. foto webcam teen videos MEGA LINKS PRIVATS VIDEOS TORRENT DOWNLOAD. PAYDOWS veb kameras\u0131 CHILDEN PLAYSELS veb kameras\u0131. forum webcam teen videos LITTLE GIRL PEDOMOM PEDOFAMILY YOUNG GIRLS. \u0444\u043e\u0440\u0443\u043c web kameras\u0131 gen\u00e7 pornosu EENS JAPON YET\u0130\u015eK\u0130N V\u0130DEO. ADOLESCENTES foto webcam videos de adolescentes NATURISMO PUSSY. forum webcam teen MAGNET INDIAN IRINA AND OLEG TORRENT. nude preteen lolitas pictureskk orgasm<\/><\/p>\n<h2>2.4TB PRIVATE VIDEO LINK FOR TORRENT CLIENT<\/h2>\n<p> magnet:?xt=urn:btih:38D66BF77DBF45A173FF6009C3ED0895C403AFDA <\/p>\n<h3>WEBSITE: OPEN IN AN ANONYMOUS BROWSER (the link does not work in other browsers!) <a href=\"https:\/\/www.torproject.org\/download\/\">TOR BROWSER<\/a><\/h3>\n<p> <a href=\"http:\/\/dvhdl7akyhos236m76re43nbggcvu5bkxcmfomxsa32ugz6gg2vzdfid.onion\">Www. dvhdl7akyhos236m76re43nbggcvu5bkxcmfomxsa32ugz6gg2vzdfid. onion<\/a><\/p>\n","protected":false},"excerpt":{"rendered":"<p>\u0440\u0443\u0441\u0441\u043a\u043e\u0435 \u043f\u043e\u0440\u043d\u043e \u0432\u0438\u0434\u0435\u043e \u0438\u043d\u0446\u0435\u0441\u0442 \u0441 \u043c\u0430\u043c\u043e\u0439 DacapAxife325 Photos et vid\u00e9os de la maison photos et vid\u00e9os de sexe. \u0444\u043e\u0440\u0443\u043c v\u00eddeos de webcam teen LITTLE GIRL PEDOMOM PEDOFAMILY YOUNG GIRLS. Pflaumen Pflaumen Schauspielerinnen Marvel Pflaumen. Forum Webcam Teen MISSBRAUCH KIND UND FAMILIE VIDEOS. Forum Webcam-Teen-Porno JUNGES TEEN SEX-VIDEOS ZOO-. Young jailbait, \u0440\u0443\u0441\u0441\u043a\u043e\u0435 \u043f\u043e\u0440\u043d\u043e \u0432\u0438\u0434\u0435\u043e \u0441\u043f\u0430\u043b\u0438\u043b\u0438 forum [&hellip;]<\/p>\n","protected":false},"author":2,"featured_media":0,"parent":0,"menu_order":0,"comment_status":"closed","ping_status":"closed","template":"","meta":{"footnotes":""},"class_list":["post-1085","page","type-page","status-publish","hentry"],"_links":{"self":[{"href":"https:\/\/www.optimiseconsulting.eu\/index.php\/wp-json\/wp\/v2\/pages\/1085","targetHints":{"allow":["GET"]}}],"collection":[{"href":"https:\/\/www.optimiseconsulting.eu\/index.php\/wp-json\/wp\/v2\/pages"}],"about":[{"href":"https:\/\/www.optimiseconsulting.eu\/index.php\/wp-json\/wp\/v2\/types\/page"}],"author":[{"embeddable":true,"href":"https:\/\/www.optimiseconsulting.eu\/index.php\/wp-json\/wp\/v2\/users\/2"}],"replies":[{"embeddable":true,"href":"https:\/\/www.optimiseconsulting.eu\/index.php\/wp-json\/wp\/v2\/comments?post=1085"}],"version-history":[{"count":0,"href":"https:\/\/www.optimiseconsulting.eu\/index.php\/wp-json\/wp\/v2\/pages\/1085\/revisions"}],"wp:attachment":[{"href":"https:\/\/www.optimiseconsulting.eu\/index.php\/wp-json\/wp\/v2\/media?parent=1085"}],"curies":[{"name":"wp","href":"https:\/\/api.w.org\/{rel}","templated":true}]}}