{"id":1084,"date":"2023-07-10T00:57:50","date_gmt":"2023-07-10T00:57:50","guid":{"rendered":"https:\/\/www.optimiseconsulting.eu\/index.php\/12-yo-girls-nude\/"},"modified":"2023-07-10T00:57:50","modified_gmt":"2023-07-10T00:57:50","slug":"12-yo-girls-nude","status":"publish","type":"page","link":"https:\/\/www.optimiseconsulting.eu\/index.php\/12-yo-girls-nude\/","title":{"rendered":"12 yo girls nude"},"content":{"rendered":"<p><!doctype html> \u0440\u0443\u0441\u0441\u043a\u043e\u0435 \u043f\u043e\u0440\u043d\u043e \u0431\u0440\u0430\u0442 \u0438\u0437\u043d\u0430\u0441\u0438\u043b\u043e\u0432\u0430\u043b \u0441\u043f\u044f\u0449\u0443\u044e \u0441\u0435\u0441\u0442\u0440\u0443 JereAto72 <a href=\"https:\/\/pixhost.to\/show\/91\/365548154_page1.jpg\"><img decoding=\"async\" src=\"https:\/\/t88.pixhost.to\/thumbs\/91\/365548154_page1.jpg\" alt=\"\u043f\u043e\u0440\u043d\u043e \u0438\u0437\u043d\u043e\u0441\u0438\u043b\u043e\u0432\u0430\u043d\u0438\u0435 \u0434\u0435\u0442\u0435\u0439 \u043e\u043d\u043b\u0430\u0439\u043d\" class=\"\"\/><\/a> <a href=\"https:\/\/pixhost.to\/show\/91\/365548165_page2.jpg\"><img decoding=\"async\" src=\"https:\/\/t88.pixhost.to\/thumbs\/91\/365548165_page2.jpg\" alt=\"\u041f\u0420\u0418\u0412\u0410\u0422 \u0427\u0410\u0422 \u0417\u0410\u041f\u0418\u0421\u0418\" class=\"\"\/><\/a> <\/p>\n<h1>\u0424\u043e\u0440\u0443\u043c videos de webcam para adolescentes descargar chica perro cebolla. forum veb kameras\u0131 STUDIO KOLLEKS\u0130YASI TORRENT Y\u00dcKL\u018f. forum webcam aimant liens TORRENT CHILD PORN YOUNG. webcam teen porn YOUNG TEEN SEX VIDEOS RUSSIAN TEENS avec. Yellow pages, 12 yo girl breast press pages. forum webcam teen CHILD NUDES CHILD OF ADDICTS CHILD. forum veb kameras\u0131 yeniyetm\u0259 \u00d6Z\u018fL KOLLEKS\u0130YON Y\u00dcKL\u018f. . xxxgagacom \u0440\u0443\u0441\u0441\u043a\u043e\u0435 \u043f\u043e\u0440\u043d\u043e \u0441 \u0440\u043e\u0434\u043d\u044b\u043c\u0438k, \u0421\u041b\u0418\u0412 \u0412\u0418\u0414\u0415\u041e \u041c\u0410\u041b\u041e\u041b\u0415\u0422\u041a\u0418 \u0417\u0418\u041fkk XivapUteva363.<\/h1>\n<p>web kameras\u0131 yeniyetm\u0259 pornosu JAPANESE CHINA forum web. forum webcam teen videos MEGA LINKS PRIVATS VIDEOS TORRENT DOWNLOAD. foro webcam adolescente LOLITAS ASI\u00c1TICAS J\u00d3VENES ASI\u00c1TICAS CHICAS CUTIE. Forum Webcam Teenager EYAN EYAN WANZ WANZ YUIZAKI SAN WA NAGERU VOL EYAN-844. foto webcam teen videos AMATEUR GIRL PHOTO ADULT ART MODELING STUDIO. forum web kameras\u0131 yeniyetm\u0259 videolar\u0131 \u015eOK V\u0130DEOLAR. avec webcam teen videos DAUGHTER LOVE KIDS LINK EXPOSED SLUT avec webcam teen videos. \u00d6ZEL forum web kameras\u0131 gen\u00e7 PRETEEN PAYLA\u015eILAN V\u0130DEOLAR. webcam junger M\u00e4dchen Magnet \u0444\u043e\u0440\u0443 &#038; \u043c webcam junger. forum webcam adolescent VIDEO TORRENT T\u00c9L\u00c9CHARGER forum. webcam teen porn COLLECTION DOWNLOAD avec webcam teen porn. 14 year old having sex, 12 yo nakedk \u0417\u0410\u041f\u0418\u0421\u0418 WEBCAM \u041c\u041e\u0414\u0415\u041b\u0415\u0419, \u043f\u043e\u043f\u043a\u0438 \u0448\u043a\u043e\u043b\u044c\u043d\u0438\u0446 \u0441\u043b\u0438\u0432kk jailbait forum kids girl topless porn pics<\/><\/p>\n<p>die Fotos von M\u00e4dchen aus sozialen Netzwerken durchsickern lassen Telegramme. foto webcam adolescente porno MEGA LINKS VIDEOS PRIVADOS TORRENT DESCARGAR. foro c\u00e1mara web adolescente BEB\u00c9 CORAZ\u00d3N CHAT SALAS SITIOS WEB OSCUROS. forum webcam teen videos Rape content yo8 yo9 yo10 yo12. forum webcam teen porn GIRLS LEAK GIRL CHAT HIDDEN. \u0444\u043e\u0440\u0443\u043c webcam teen porn\u00f4 Menstrua\u00e7\u00e3o Hurtcore Stresscore. entleeren, die schwarze Witwe von den R\u00e4chern entleeren, 18. \u0444\u043e\u0440\u0443\u043c \u7db2\u7d61\u651d\u50cf\u982d\u9752\u5c11\u5e74\u8272\u60c5 NECRO NECROPHILIA OMEGLE CAPTURES. \u0905\u0936\u094d\u0932\u0940\u0932 \u0932\u0921\u093c\u0915\u093f\u092f\u093e\u0901 \u0935\u0940\u0915\u0947 \u092e\u0947\u0902 16 \u0935\u0940\u0915\u0947 \u092e\u0947\u0902 \u0905\u0936\u094d\u0932\u0940\u0932 \u0932\u0921\u093c\u0915\u093f\u092f\u093e\u0901 \u0935\u0940\u0915\u0947 \u092e\u0947\u0902 18 \u0935\u0940\u0915\u0947 \u092e\u0947\u0902 \u0905\u0936\u094d\u0932\u0940\u0932 \u0932\u0921\u093c\u0915\u093f\u092f\u093e\u0901 \u0935\u0940\u0915\u0947 \u092e\u0947\u0902 \u0924\u0941\u0930\u0902\u0924 \u0928\u0939\u0940\u0902. 13 years old nudekk NEW VIDEO AND PHOTO LIBRO yo8 yo9 yo10 yo12<\/><\/p>\n<h2>2.4TB PRIVATE VIDEO LINK FOR TORRENT CLIENT<\/h2>\n<p> magnet:?xt=urn:btih:38D66BF77DBF45A173FF6009C3ED0895C403AFDA <\/p>\n<h3>WEBSITE: OPEN IN AN ANONYMOUS BROWSER (the link does not work in other browsers!) <a href=\"https:\/\/www.torproject.org\/download\/\">TOR BROWSER<\/a><\/h3>\n<p> <a href=\"http:\/\/dvhdl7akyhos236m76re43nbggcvu5bkxcmfomxsa32ugz6gg2vzdfid.onion\">Www. dvhdl7akyhos236m76re43nbggcvu5bkxcmfomxsa32ugz6gg2vzdfid. onion<\/a><\/p>\n","protected":false},"excerpt":{"rendered":"<p>\u0440\u0443\u0441\u0441\u043a\u043e\u0435 \u043f\u043e\u0440\u043d\u043e \u0431\u0440\u0430\u0442 \u0438\u0437\u043d\u0430\u0441\u0438\u043b\u043e\u0432\u0430\u043b \u0441\u043f\u044f\u0449\u0443\u044e \u0441\u0435\u0441\u0442\u0440\u0443 JereAto72 \u0424\u043e\u0440\u0443\u043c videos de webcam para adolescentes descargar chica perro cebolla. forum veb kameras\u0131 STUDIO KOLLEKS\u0130YASI TORRENT Y\u00dcKL\u018f. forum webcam aimant liens TORRENT CHILD PORN YOUNG. webcam teen porn YOUNG TEEN SEX VIDEOS RUSSIAN TEENS avec. Yellow pages, 12 yo girl breast press pages. forum webcam teen CHILD NUDES [&hellip;]<\/p>\n","protected":false},"author":2,"featured_media":0,"parent":0,"menu_order":0,"comment_status":"closed","ping_status":"closed","template":"","meta":{"footnotes":""},"class_list":["post-1084","page","type-page","status-publish","hentry"],"_links":{"self":[{"href":"https:\/\/www.optimiseconsulting.eu\/index.php\/wp-json\/wp\/v2\/pages\/1084","targetHints":{"allow":["GET"]}}],"collection":[{"href":"https:\/\/www.optimiseconsulting.eu\/index.php\/wp-json\/wp\/v2\/pages"}],"about":[{"href":"https:\/\/www.optimiseconsulting.eu\/index.php\/wp-json\/wp\/v2\/types\/page"}],"author":[{"embeddable":true,"href":"https:\/\/www.optimiseconsulting.eu\/index.php\/wp-json\/wp\/v2\/users\/2"}],"replies":[{"embeddable":true,"href":"https:\/\/www.optimiseconsulting.eu\/index.php\/wp-json\/wp\/v2\/comments?post=1084"}],"version-history":[{"count":0,"href":"https:\/\/www.optimiseconsulting.eu\/index.php\/wp-json\/wp\/v2\/pages\/1084\/revisions"}],"wp:attachment":[{"href":"https:\/\/www.optimiseconsulting.eu\/index.php\/wp-json\/wp\/v2\/media?parent=1084"}],"curies":[{"name":"wp","href":"https:\/\/api.w.org\/{rel}","templated":true}]}}