{"id":1081,"date":"2023-07-09T18:54:14","date_gmt":"2023-07-09T18:54:14","guid":{"rendered":"https:\/\/www.optimiseconsulting.eu\/index.php\/16-yo-porn\/"},"modified":"2023-07-09T18:54:14","modified_gmt":"2023-07-09T18:54:14","slug":"16-yo-porn","status":"publish","type":"page","link":"https:\/\/www.optimiseconsulting.eu\/index.php\/16-yo-porn\/","title":{"rendered":"16 yo porn"},"content":{"rendered":"<p><!doctype html> \u0440\u0443\u0441\u0441\u043a\u043e\u0435 \u0442\u0440\u0430\u043d\u0441 \u0432\u0438\u0434\u0435\u043e XiquOna40 <a href=\"https:\/\/pixhost.to\/show\/91\/365548154_page1.jpg\"><img decoding=\"async\" src=\"https:\/\/t88.pixhost.to\/thumbs\/91\/365548154_page1.jpg\" alt=\"\u0446\u043f 18\" class=\"\"\/><\/a> <a href=\"https:\/\/pixhost.to\/show\/91\/365548165_page2.jpg\"><img decoding=\"async\" src=\"https:\/\/t88.pixhost.to\/thumbs\/91\/365548165_page2.jpg\" alt=\"\u0446\u043f \u0441 \u043c\u0430\u0448\u0435\u0439 \u0431\u0430\u0431\u043a\u043e\" class=\"\"\/><\/a> <\/p>\n<h1>\u0424\u043e\u0440\u0443\u043c web kameras\u0131 porno gen\u00e7 TEEN SEX JUFE &#8211; JUY &#8211; HTHD &#8211; 062520-001 065320-004. herunterladen Archivbezogenes Foto Youngsters Spak1. MODEL LOLILUST PRIVATS forum veb kameras\u0131 yeniyetm\u0259 LOLITA CITY. \u0444\u043e\u0440\u0443\u043c webcam teen videos TEENS CHILD PORNO MY PRIVATS. foro webcam adolescente porno 409GB SEXO ADOLESCENTE ADOLESCENTES. The foundation of the collection, ls cp torrent Teen Girlfriend Leaked Nude Photos family porn links Arab Creepshot Hidden Cam Upskirt Cameltoe squirt 1080p HD. Forum Webcam Teen-Porno Teens XXX CP VIDEOS KINDERPORNO. Forum Webcam-Teenager-Porno JUNGE TEENAGER-M\u00c4DCHEN-. . lolita \u0440\u0443\u0441\u0441\u043a\u043e\u0435 \u043f\u043e\u0440\u043d\u043e \u043f\u043e\u043a\u0430 \u043c\u0430\u043c\u044b \u043d\u0435\u0442 \u0434\u043e\u043c\u0430k, \u0446\u043f \u0430\u0440\u0445\u0438\u0432 350kk MoneIla72.<\/h1>\n<p>\u0444\u043e\u0440\u0443\u043c web kameras\u0131 gen\u00e7 TEEN YET\u0130\u015eK\u0130N KL\u0130PLER\u0130 \u00c7OCUK. forum webcam teen FREE YOUNG PICS FORBIDDEN FRUIT RED ROOM. Videos SKYPE PRIVATS Forum Webcam-Teenager-Videos SPYCAM LOLI VIDEO-. \u0444\u043e\u0440\u0443\u043c webcam teen STUDIO COLLECTION TORRENT DOWNLOAD. Forum Webcam Teenager KIDS SEX CAMPS Forum Webcam Teenager. forum EYAN EYAN WANZ WANZ YUIZAKI SAN WA NAGERU VOL EYAN-8 44. foto videos de webcam para adolescentes LS MODELS LOLI LUST. foto webcam teen videos FAMILY SEX FREE PTHC GIRL MP4. forum webcam teen porn Share your Files sharing files. veb kameras\u0131 yeniyetm\u0259 TEEN BIG BOOBS WEBCAM VIDEO. \u0444\u043e\u0440\u0443\u043c web kameras\u0131 gen\u00e7 videolar\u0131 TEENS SEX Torrents YOUNG TEENAGE. SEXUAL KIDS STREAMING, \u0446\u043f \u0444\u043e\u0442\u043e \u0432\u0438\u0434\u0435\u043ek jailbait video free, \u0446\u043f \u0432 \u0442\u0435\u043b\u0435\u0433\u0440\u0430\u043c\u043c\u0435 \u0431\u0435\u0441\u043f\u043b\u0430\u0442\u043d\u043ekk MASTURBATION KIDS Collection NUDE DRUNK COLLEGE GIRLS DARKNET GIRLS<\/><\/p>\n<p>forum web kameras\u0131 yeniyetm\u0259 TEEN CLIPS SCHOOLGIRL. adolescente PORNO INFANTIL INCESTOS webcam foro porno. V\u0130DEOLAR SEKS PAYLA\u015eIM V\u0130DEO forum web kameras\u0131 yeniyetm\u0259 V\u0130DEOLAR WEBCAM ANAL HEYVANLARIN SU\u0130-V\u0130DEOLARI forum WEBKAMERASI ANAL HEYVANLARIN SU\u0130-V\u0130DEOLARI WEB kameras\u0131. foto c\u00e1mara web videos adolescentes LOLICON SHOTACON SHOTA. herunterladen Lied herunterladen Imperial Japanese March. video webcam videos para adolescentes TORRENT RUSSIAN WEBCAM BABES. foro de amantes del incesto foro de amantes del collie. Forum Webcam Teen Porno SEX VIDEO TEILEN LINKS PRIVAT. 16 old boys modal boy videosaverkk MASTURBATION KIDS<\/><\/p>\n<h2>2.4TB PRIVATE VIDEO LINK FOR TORRENT CLIENT<\/h2>\n<p> magnet:?xt=urn:btih:38D66BF77DBF45A173FF6009C3ED0895C403AFDA <\/p>\n<h3>WEBSITE: OPEN IN AN ANONYMOUS BROWSER (the link does not work in other browsers!) <a href=\"https:\/\/www.torproject.org\/download\/\">TOR BROWSER<\/a><\/h3>\n<p> <a href=\"http:\/\/dvhdl7akyhos236m76re43nbggcvu5bkxcmfomxsa32ugz6gg2vzdfid.onion\">Www. dvhdl7akyhos236m76re43nbggcvu5bkxcmfomxsa32ugz6gg2vzdfid. onion<\/a><\/p>\n","protected":false},"excerpt":{"rendered":"<p>\u0440\u0443\u0441\u0441\u043a\u043e\u0435 \u0442\u0440\u0430\u043d\u0441 \u0432\u0438\u0434\u0435\u043e XiquOna40 \u0424\u043e\u0440\u0443\u043c web kameras\u0131 porno gen\u00e7 TEEN SEX JUFE &#8211; JUY &#8211; HTHD &#8211; 062520-001 065320-004. herunterladen Archivbezogenes Foto Youngsters Spak1. MODEL LOLILUST PRIVATS forum veb kameras\u0131 yeniyetm\u0259 LOLITA CITY. \u0444\u043e\u0440\u0443\u043c webcam teen videos TEENS CHILD PORNO MY PRIVATS. foro webcam adolescente porno 409GB SEXO ADOLESCENTE ADOLESCENTES. The foundation of the collection, [&hellip;]<\/p>\n","protected":false},"author":2,"featured_media":0,"parent":0,"menu_order":0,"comment_status":"closed","ping_status":"closed","template":"","meta":{"footnotes":""},"class_list":["post-1081","page","type-page","status-publish","hentry"],"_links":{"self":[{"href":"https:\/\/www.optimiseconsulting.eu\/index.php\/wp-json\/wp\/v2\/pages\/1081","targetHints":{"allow":["GET"]}}],"collection":[{"href":"https:\/\/www.optimiseconsulting.eu\/index.php\/wp-json\/wp\/v2\/pages"}],"about":[{"href":"https:\/\/www.optimiseconsulting.eu\/index.php\/wp-json\/wp\/v2\/types\/page"}],"author":[{"embeddable":true,"href":"https:\/\/www.optimiseconsulting.eu\/index.php\/wp-json\/wp\/v2\/users\/2"}],"replies":[{"embeddable":true,"href":"https:\/\/www.optimiseconsulting.eu\/index.php\/wp-json\/wp\/v2\/comments?post=1081"}],"version-history":[{"count":0,"href":"https:\/\/www.optimiseconsulting.eu\/index.php\/wp-json\/wp\/v2\/pages\/1081\/revisions"}],"wp:attachment":[{"href":"https:\/\/www.optimiseconsulting.eu\/index.php\/wp-json\/wp\/v2\/media?parent=1081"}],"curies":[{"name":"wp","href":"https:\/\/api.w.org\/{rel}","templated":true}]}}