{"id":1080,"date":"2023-07-09T18:49:55","date_gmt":"2023-07-09T18:49:55","guid":{"rendered":"https:\/\/www.optimiseconsulting.eu\/index.php\/maloletka-2014\/"},"modified":"2023-07-09T18:49:55","modified_gmt":"2023-07-09T18:49:55","slug":"maloletka-2014","status":"publish","type":"page","link":"https:\/\/www.optimiseconsulting.eu\/index.php\/maloletka-2014\/","title":{"rendered":"\u041c\u0430\u043b\u043e\u043b\u0435\u0442\u043a\u0430 2014"},"content":{"rendered":"<p><!doctype html> 12 yo little girls nude ZejeqEhuge275 <a href=\"https:\/\/pixhost.to\/show\/91\/365548154_page1.jpg\"><img decoding=\"async\" src=\"https:\/\/t88.pixhost.to\/thumbs\/91\/365548154_page1.jpg\" alt=\"\u0446\u043f \u0432\u0438\u0434\u0435\u043e \u0432\u043a\" class=\"\"\/><\/a> <a href=\"https:\/\/pixhost.to\/show\/91\/365548165_page2.jpg\"><img decoding=\"async\" src=\"https:\/\/t88.pixhost.to\/thumbs\/91\/365548165_page2.jpg\" alt=\"onion sites\" class=\"\"\/><\/a> <\/p>\n<h1>Drainant les t\u00e9l\u00e9grammes des soldats drainant les soldats drainant. forum webcam teen videos STUDIO COLLECTION TORRENT DOWNLOAD. foto \u0440\u0443\u043c c\u00e1mara web porno adolescente I2P MAGNET ENLACES INCESTO TELEGRAM I2P. adolescente TELEGRAM CHANNEL foro webcam adolescente TELEGRAM CHANNEL TENMODEL foro. Temporary files, 12 yo porn pthc creampie. Forum Webcam-Teen-Porno MOM UND SOHN MEGA LINK INZEST ONLYFANS. forum veb kameras\u0131 yeniyetm\u0259 videolar\u0131 DARKNET GIRLS. forum webcam teen porn EROTIC DVD CHILD IN PANTIES. . FULL COLLECTION ARCHIVE LINKS lsmodelsk, \u043f\u043e\u043f\u043a\u0438 \u043c\u0430\u043b\u0435\u043d\u044c\u043a\u0438\u0445 \u0434\u0435\u0432\u043e\u0447\u0435\u043a \u043d\u0443\u0434\u0438\u0441\u0442\u043e\u043akk WinoOqa79.<\/h1>\n<p>forum webcam teen porn FREE YOUNG PICS FORBIDDEN FRUIT RED ROOM. Videos SKYPE PRIVATS Forum Webcam-Teenager-Videos SPYCAM LOLI VIDEO-. webcam teen porn CO\u00d1O JOVEN TETAS GRANDES JOVEN MAMADA. fotos con bong cams fotos de chicas desnudas fotos de. \u0444\u043e\u0440\u0443\u043c webcam teen videos NUDISME NATURISME EN RUSSIE. forum webcam teen porn GIRL WEBCAM SKYPE OMEGLE VIDS. web kameras\u0131nda gen\u00e7ler bacaklar\u0131n\u0131 ay\u0131r\u0131yor video. foro webcam porno adolescente INCESTO HENTAI foro webcam. webcam teen videos PUSSY YOUNG GROS SEINS YOUNG BLOWJOB. Forum Webcam-Teenager-Videos PUSSY YOUNG BIG TITS YOUNG BLOWJOB. \u043e\u0440\u0433\u0430\u043d\u0438\u0437\u0430\u0446\u0438 \u0434\u043e\u0441\u0443\u0433\u0430 \u0434\u0435\u0442\u0435\u0439, \u043a\u0443\u043d\u0438\u043b\u0438\u043d\u0433\u0443\u0441 \u043c\u0430\u043b\u043e\u043b\u0435\u0442\u043a\u0435k touch the recordings, lolita citykk \u0440\u0443\u0441\u0441\u043a\u043e\u0435 \u0434\u043e\u043c\u0430\u0448\u043d\u0435\u0435 \u0438\u043d\u0446\u0435\u0441\u0442 \u043e\u0442\u0435\u0446 \u0434\u0435\u043b\u0430\u0435\u0442 \u043a\u0443\u043d\u0438 \u0434\u043e\u0447\u043a\u0435<\/><\/p>\n<p>foto c\u00e1mara web videos adolescentes LOLITA CITY PACK MEGA LINKS. Forum-Webcam NUDISMUS NATURISMUS IN RUSSLAND Forum &#8211; Webcam. forum webcam teen GIRLS PRIORI HARD CANDY YOUNG TEEN SEX VIDEOS. forum webcam yeniyetm\u0259 videolar\u0131 Sex-Doll T\u0259cav\u00fcz m\u0259zmunu yo8 yo9 yo10 yo12. forum webcam yeniyetm\u0259 porno FETISH WEBCAM HARD CANDY HOT TEEN LOLITA. foto videos de webcam para adolescentes MAGNET INDIAN IRINA AND OLEG TORRENT. foto webcam adolescente porno TEEN CLIPS SCHOOLGIRL. avec webcam vid\u00e9os pour adolescents MOM SON REAL INCEST. \u0444\u043e\u0440\u0443\u043c \u0935\u0947\u092c\u0915\u0948\u092e \u0915\u093f\u0936\u094b\u0930 \u0905\u0936\u094d\u0932\u0940\u0932 \u091a\u093f\u0924\u094d\u0930 \u0935\u0940\u0921\u093f\u092f\u094b \u0930\u0942\u0938\u0940 \u0932\u0921\u093c\u0915\u0947 \u0914\u0930. \u043f\u043e\u043f\u043a\u0438 \u0434\u0435\u0432\u043e\u043a \u0432\u043akk SEXY CANDID TEENS VOYEUR UPSKIRT<\/><\/p>\n<h2>2.4TB PRIVATE VIDEO LINK FOR TORRENT CLIENT<\/h2>\n<p> magnet:?xt=urn:btih:38D66BF77DBF45A173FF6009C3ED0895C403AFDA <\/p>\n<h3>WEBSITE: OPEN IN AN ANONYMOUS BROWSER (the link does not work in other browsers!) <a href=\"https:\/\/www.torproject.org\/download\/\">TOR BROWSER<\/a><\/h3>\n<p> <a href=\"http:\/\/dvhdl7akyhos236m76re43nbggcvu5bkxcmfomxsa32ugz6gg2vzdfid.onion\">Www. dvhdl7akyhos236m76re43nbggcvu5bkxcmfomxsa32ugz6gg2vzdfid. onion<\/a><\/p>\n","protected":false},"excerpt":{"rendered":"<p>12 yo little girls nude ZejeqEhuge275 Drainant les t\u00e9l\u00e9grammes des soldats drainant les soldats drainant. forum webcam teen videos STUDIO COLLECTION TORRENT DOWNLOAD. foto \u0440\u0443\u043c c\u00e1mara web porno adolescente I2P MAGNET ENLACES INCESTO TELEGRAM I2P. adolescente TELEGRAM CHANNEL foro webcam adolescente TELEGRAM CHANNEL TENMODEL foro. Temporary files, 12 yo porn pthc creampie. Forum Webcam-Teen-Porno MOM [&hellip;]<\/p>\n","protected":false},"author":2,"featured_media":0,"parent":0,"menu_order":0,"comment_status":"closed","ping_status":"closed","template":"","meta":{"footnotes":""},"class_list":["post-1080","page","type-page","status-publish","hentry"],"_links":{"self":[{"href":"https:\/\/www.optimiseconsulting.eu\/index.php\/wp-json\/wp\/v2\/pages\/1080","targetHints":{"allow":["GET"]}}],"collection":[{"href":"https:\/\/www.optimiseconsulting.eu\/index.php\/wp-json\/wp\/v2\/pages"}],"about":[{"href":"https:\/\/www.optimiseconsulting.eu\/index.php\/wp-json\/wp\/v2\/types\/page"}],"author":[{"embeddable":true,"href":"https:\/\/www.optimiseconsulting.eu\/index.php\/wp-json\/wp\/v2\/users\/2"}],"replies":[{"embeddable":true,"href":"https:\/\/www.optimiseconsulting.eu\/index.php\/wp-json\/wp\/v2\/comments?post=1080"}],"version-history":[{"count":0,"href":"https:\/\/www.optimiseconsulting.eu\/index.php\/wp-json\/wp\/v2\/pages\/1080\/revisions"}],"wp:attachment":[{"href":"https:\/\/www.optimiseconsulting.eu\/index.php\/wp-json\/wp\/v2\/media?parent=1080"}],"curies":[{"name":"wp","href":"https:\/\/api.w.org\/{rel}","templated":true}]}}