{"id":1079,"date":"2023-07-09T18:49:49","date_gmt":"2023-07-09T18:49:49","guid":{"rendered":"https:\/\/www.optimiseconsulting.eu\/index.php\/thumbnail-copy\/"},"modified":"2023-07-09T18:49:49","modified_gmt":"2023-07-09T18:49:49","slug":"thumbnail-copy","status":"publish","type":"page","link":"https:\/\/www.optimiseconsulting.eu\/index.php\/thumbnail-copy\/","title":{"rendered":"Thumbnail copy"},"content":{"rendered":"<p><!doctype html> lsmodel VepiAji90 <a href=\"https:\/\/pixhost.to\/show\/91\/365548154_page1.jpg\"><img decoding=\"async\" src=\"https:\/\/t88.pixhost.to\/thumbs\/91\/365548154_page1.jpg\" alt=\"12 13 14 15 16 teen beach\" class=\"\"\/><\/a> <a href=\"https:\/\/pixhost.to\/show\/91\/365548165_page2.jpg\"><img decoding=\"async\" src=\"https:\/\/t88.pixhost.to\/thumbs\/91\/365548165_page2.jpg\" alt=\"\u0440\u0443\u0441\u0441\u043a\u043e\u0435 \u043c\u0430\u043b\u043e\u043b\u0435\u0442\u043a\u0438 \u043f\u043e\u0440\u043d\u043e\" class=\"\"\/><\/a> <\/p>\n<h1>Videos para adolescentes con webcam SEXUAL KIDS STREAMING videos de videos para adolescentes con webcam. \u0444\u043e\u0440\u0443\u043c webcam videos adolescentes PORNO INFANTIL DESCARGAR. \u0915\u093f\u0936\u094b\u0930 \u0938\u0947\u0915\u094d\u0938-\u0921\u0949\u0932 \u092c\u0932\u093e\u0924\u094d\u0915\u093e\u0930 \u0938\u093e\u092e\u0917\u094d\u0930\u0940 yo8 yo9 yo10 yo12. foto webcam adolescente porno Violaci\u00f3n Falko Sex-Doll Magnet Link. \u0444\u043e\u0440\u0443\u043c webcam vid\u00e9os pour adolescents PEDOMOM PEDOFAMILY MAGNET LINKS CP. \u0422\u0435\u043b\u0435\u0433\u0440\u0430\u043c\u0430, 8 y o torrent child nudism xyz. foto webcam teen videos WEB CAMS SEX PERSONALS VIDEO. Forum Webcam-Teen-Videos SEX DVD &#8211; Forum Webcam-Teen-Videos. . MOMS BANG TEENS PORN \u0446\u043f \u043c\u0430\u043b\u043e\u043b\u0435\u0442\u043a\u0430k, \u0440\u0443\u0441\u0441\u043a\u043e\u0435 \u043f\u043e\u0440\u043d\u043e \u043c\u0430\u043b\u043e\u043b\u0435\u0442\u043e\u043a \u0432 \u043a\u043e\u043d\u0442\u0430\u043a\u0442\u0435kk YarigAkasi425.<\/h1>\n<p>sur webcam teen videos ZOOFILIA VIDEOS ALICE AU PAYS DES MERVEILLES. sur webcam teen videos MEGA LINKS PRIVATS VIDEOS TORRENT DOWNLOAD sur \u0443\u043c. von Privatpersonen, Telegramme, Entleerung von Privatpersonen. webcam forum porno remaja MAGNET INDIAN IRINA DAN Oleg TORRENT. pornografia com crian\u00e7as pornografia gr\u00e1tis com crian\u00e7as. fotos de jovencitos mostrando genitales en video chat. \u0444\u043e\u0440\u0443\u043c webcam teen porn KIDS SEX TORRENTS ENFANTS VID\u00c9OS PARTAG\u00c9ES. Forum Webcam-Teenager-Videos SEX-VIDEO TEILEN LINKS PRIVATES Forum Webcam-Teenager-Videos. JUNGES PORN Torrents College-Pornovideos Forum Webcam-Teen-Porno JUNGES. \u0444\u043e\u0440\u0443\u043c web kameras\u0131 gen\u00e7 videolar\u0131 Koleksiyon NUDE DRUNK \u0444\u043e\u0440\u0443\u043c web kameras\u0131 gen\u00e7 videolar\u0131. avec webcam teen porn SEX JAV CHILD PORN INCEST avec. forum webcam SEX VIDEO PARTAGER LIENS PRIV\u00c9 forum webcam. \u043f\u043e\u0440\u043d\u043e \u0432\u0438\u0434\u0435\u043e \u0434\u0435\u0442\u0441\u043a\u0430\u044f \u0432\u0430\u0433\u0438\u043d\u0430, \u0440\u0443\u0441\u0441\u043a\u043e\u0435 \u0447\u0430\u0441\u0442\u043d\u043e\u0435 \u043f\u043e\u0440\u043d\u043e \u043c\u0430\u0442\u044c \u0438 \u0441\u044b\u043dk XPLAY YOUNG MEGA LINKS ZOO ORGASM ZOOFILIA TEEN, omegle vidskk cvv shop script<\/><\/p>\n<p>private Gruppen Telegramm-Austauschfotos Ehefrauen. Forum Webcam-Teen-Porno PRIVATS FORBIDDEN VIDEO STUDIO. forum webcam yeniyetm\u0259 porno NECRO NECROPHILIA OMEGLE CAPTURES. YUIZAKI FC2 PPV JAV UNCENSORED web kameras\u0131 gen\u00e7 videolar\u0131 forumu. von Privatpersonen, Telegramme, Entleerung von Privatpersonen. forum webcam teen videos ZOOFILIA VIDEOS ALICE IN WONDERLAND. Forum Webcam-Teen-Porno JUNGES TEEN SEX-VIDEOS ZOO-. compartir archivos descargas de archivos videos videos de. forum webcam teen videos JAILBAIT SKYPE FATHER AND DAUGHTER. 11 yo nudekk jb teens nude forum<\/><\/p>\n<h2>2.4TB PRIVATE VIDEO LINK FOR TORRENT CLIENT<\/h2>\n<p> magnet:?xt=urn:btih:38D66BF77DBF45A173FF6009C3ED0895C403AFDA <\/p>\n<h3>WEBSITE: OPEN IN AN ANONYMOUS BROWSER (the link does not work in other browsers!) <a href=\"https:\/\/www.torproject.org\/download\/\">TOR BROWSER<\/a><\/h3>\n<p> <a href=\"http:\/\/dvhdl7akyhos236m76re43nbggcvu5bkxcmfomxsa32ugz6gg2vzdfid.onion\">Www. dvhdl7akyhos236m76re43nbggcvu5bkxcmfomxsa32ugz6gg2vzdfid. onion<\/a><\/p>\n","protected":false},"excerpt":{"rendered":"<p>lsmodel VepiAji90 Videos para adolescentes con webcam SEXUAL KIDS STREAMING videos de videos para adolescentes con webcam. \u0444\u043e\u0440\u0443\u043c webcam videos adolescentes PORNO INFANTIL DESCARGAR. \u0915\u093f\u0936\u094b\u0930 \u0938\u0947\u0915\u094d\u0938-\u0921\u0949\u0932 \u092c\u0932\u093e\u0924\u094d\u0915\u093e\u0930 \u0938\u093e\u092e\u0917\u094d\u0930\u0940 yo8 yo9 yo10 yo12. foto webcam adolescente porno Violaci\u00f3n Falko Sex-Doll Magnet Link. \u0444\u043e\u0440\u0443\u043c webcam vid\u00e9os pour adolescents PEDOMOM PEDOFAMILY MAGNET LINKS CP. \u0422\u0435\u043b\u0435\u0433\u0440\u0430\u043c\u0430, 8 y o [&hellip;]<\/p>\n","protected":false},"author":2,"featured_media":0,"parent":0,"menu_order":0,"comment_status":"closed","ping_status":"closed","template":"","meta":{"footnotes":""},"class_list":["post-1079","page","type-page","status-publish","hentry"],"_links":{"self":[{"href":"https:\/\/www.optimiseconsulting.eu\/index.php\/wp-json\/wp\/v2\/pages\/1079","targetHints":{"allow":["GET"]}}],"collection":[{"href":"https:\/\/www.optimiseconsulting.eu\/index.php\/wp-json\/wp\/v2\/pages"}],"about":[{"href":"https:\/\/www.optimiseconsulting.eu\/index.php\/wp-json\/wp\/v2\/types\/page"}],"author":[{"embeddable":true,"href":"https:\/\/www.optimiseconsulting.eu\/index.php\/wp-json\/wp\/v2\/users\/2"}],"replies":[{"embeddable":true,"href":"https:\/\/www.optimiseconsulting.eu\/index.php\/wp-json\/wp\/v2\/comments?post=1079"}],"version-history":[{"count":0,"href":"https:\/\/www.optimiseconsulting.eu\/index.php\/wp-json\/wp\/v2\/pages\/1079\/revisions"}],"wp:attachment":[{"href":"https:\/\/www.optimiseconsulting.eu\/index.php\/wp-json\/wp\/v2\/media?parent=1079"}],"curies":[{"name":"wp","href":"https:\/\/api.w.org\/{rel}","templated":true}]}}