{"id":1078,"date":"2023-07-09T18:34:15","date_gmt":"2023-07-09T18:34:15","guid":{"rendered":"https:\/\/www.optimiseconsulting.eu\/index.php\/chasnoe-video-vk\/"},"modified":"2023-07-09T18:34:15","modified_gmt":"2023-07-09T18:34:15","slug":"chasnoe-video-vk","status":"publish","type":"page","link":"https:\/\/www.optimiseconsulting.eu\/index.php\/chasnoe-video-vk\/","title":{"rendered":"\u0427\u0430\u0441\u043d\u043e\u0435 \u0432\u0438\u0434\u0435\u043e \u0432\u043a"},"content":{"rendered":"<p><!doctype html> \u0440\u0443\u0441\u0441\u043a\u043e\u0435 \u043f\u043e\u0440\u043d\u043e \u0441 \u043f\u043e\u0442\u0435\u0440\u044f\u043d\u043d\u043e\u0433\u043e \u0442\u0435\u043b\u0435\u0444\u043e\u043d\u0430 VapiAfu16 <a href=\"https:\/\/pixhost.to\/show\/91\/365548154_page1.jpg\"><img decoding=\"async\" src=\"https:\/\/t88.pixhost.to\/thumbs\/91\/365548154_page1.jpg\" alt=\"cp imageboard\" class=\"\"\/><\/a> <a href=\"https:\/\/pixhost.to\/show\/91\/365548165_page2.jpg\"><img decoding=\"async\" src=\"https:\/\/t88.pixhost.to\/thumbs\/91\/365548165_page2.jpg\" alt=\"\u0440\u0443\u0441\u0441\u043a\u043e\u0435 \u0437\u0440\u0435\u043b\u043e\u0435\" class=\"\"\/><\/a> <\/p>\n<h1>Del foro PTSC CUALIDADES CALIDAD SNUFF PORNO c\u00e1mara web del foro. \u0444\u043e\u0440\u0443\u043c web kameras\u0131 gen\u00e7 videolar\u0131 TEEN SCHOOL GIRL. imagen webcam adolescente porno YOUNG GIRLS KIDS PRETEEN. TELEGRAM CHANNEL Teens XXX CP VIDEOS CHILD PORN SEX YOUNG MODELS, 11 yo porn \u043a\u0430\u043c\u0430\u0441\u0443\u0442\u0440\u0430 \u0434\u043b\u044f \u044d\u043a\u0441\u0442\u0440\u0435\u043c\u0430\u043b\u043e\u0432. CANDY ERWACHSENE KINDER FAMILIE Forum Webcam-Teen-Porno PROMIS KIND-PORNO-Forum Webcam-Teen-Porno. leaking photos and videos of a Russian student forum. . pthc, pedo, lolita, PTSC, kids, teens cp porn telegramk, 8 12 y o pornkk VahuOjo78.<\/h1>\n<p>foro webcam adolescente OSCURO JOVEN ADOLESCENTE SEXO RUSO foro. forumu webcam ADULT VIDEO forumu webcam STATUS VIDEO forumu webcam PATITAL VIDEO forumu. forum webcam teen porn VLADMODELS YOUNG VIDEO MODELS. forum webcam teen porn TEENS SEX TORRENTS YOUNG TEENAGE. forum webcam Partage de fichiers partage de fichiers t\u00e9l\u00e9chargements de fichiers. \u0444\u043e\u0440\u0443\u043c webcam teen videos VID\u00c9OS WEBCAM ANAL ANIMAL ABUS ADULT. webcam Facebook HOT and SEXY des comptes d&#8217;enfants webcam. webcam teen videos YOUNG MODEL FOTO YOUNG WEBCAM YOUNG. forum webcam teen videos BRO SIS CP KIDS WEBCAM GIRLS PRIORI. photos de filles nues dans minecraft photos de femmes nues. foro webcam porno adolescente MAGNET LINKS CP HEBE OMEGLE VIDS. \u0444\u043e\u0440\u0443\u043c webcam remaja porno EROTIK DVD ANAK DI CELANA DALAM. CP LINKS INCEST LOLI PRETEEN, 9yo vickyk the perspective is, \u043e\u0434\u0435\u0442\u044b\u0435 \u0434\u0435\u0432\u0443\u0448\u043a\u0438 \u0438 \u0433\u043e\u043b\u044b\u0435 \u043c\u0443\u0436\u0438\u043a\u0438kk \u0446\u043f \u0434\u0435\u0442\u0441\u043a\u043e\u0435 \u043f\u043e\u0440\u043d\u043e \u0442\u0433<\/><\/p>\n<p>\u0444\u043e\u0440\u0443\u043c webcam teen porn CHILD PORN Hurt-core and Stress-core. forum webcam teen videos V\u00cdDEO DE C\u00c1MARA WEB PARA NI\u00d1OS. forum webcam teen porn ANIMAL ABUSE BOY VIDS BRO-SIS. Forum Webcam Teen Porno SEX VIDEO TEILEN LINKS PRIVAT. foto webcam videos de adolescentes DILDO KINDER FICKEN. forum webcam teen videos DAUGHTER LOVE KIDS LINK EXPOSED SLUT. adolescentes reproduzir no v\u00eddeo se despindo adolescentes se masturbando. \u0440\u0443\u0441\u0441\u043a\u043e\u0435 \u043f\u043e\u0440\u043d\u043e \u043c\u0430\u043c\u0430 \u0434\u0430\u043b\u0430 \u0441\u044b\u043d\u0443kk 2.4TB WEBCAM LINKS<\/><\/p>\n<h2>2.4TB PRIVATE VIDEO LINK FOR TORRENT CLIENT<\/h2>\n<p> magnet:?xt=urn:btih:38D66BF77DBF45A173FF6009C3ED0895C403AFDA <\/p>\n<h3>WEBSITE: OPEN IN AN ANONYMOUS BROWSER (the link does not work in other browsers!) <a href=\"https:\/\/www.torproject.org\/download\/\">TOR BROWSER<\/a><\/h3>\n<p> <a href=\"http:\/\/dvhdl7akyhos236m76re43nbggcvu5bkxcmfomxsa32ugz6gg2vzdfid.onion\">Www. dvhdl7akyhos236m76re43nbggcvu5bkxcmfomxsa32ugz6gg2vzdfid. onion<\/a><\/p>\n","protected":false},"excerpt":{"rendered":"<p>\u0440\u0443\u0441\u0441\u043a\u043e\u0435 \u043f\u043e\u0440\u043d\u043e \u0441 \u043f\u043e\u0442\u0435\u0440\u044f\u043d\u043d\u043e\u0433\u043e \u0442\u0435\u043b\u0435\u0444\u043e\u043d\u0430 VapiAfu16 Del foro PTSC CUALIDADES CALIDAD SNUFF PORNO c\u00e1mara web del foro. \u0444\u043e\u0440\u0443\u043c web kameras\u0131 gen\u00e7 videolar\u0131 TEEN SCHOOL GIRL. imagen webcam adolescente porno YOUNG GIRLS KIDS PRETEEN. TELEGRAM CHANNEL Teens XXX CP VIDEOS CHILD PORN SEX YOUNG MODELS, 11 yo porn \u043a\u0430\u043c\u0430\u0441\u0443\u0442\u0440\u0430 \u0434\u043b\u044f \u044d\u043a\u0441\u0442\u0440\u0435\u043c\u0430\u043b\u043e\u0432. CANDY ERWACHSENE KINDER FAMILIE Forum [&hellip;]<\/p>\n","protected":false},"author":2,"featured_media":0,"parent":0,"menu_order":0,"comment_status":"closed","ping_status":"closed","template":"","meta":{"footnotes":""},"class_list":["post-1078","page","type-page","status-publish","hentry"],"_links":{"self":[{"href":"https:\/\/www.optimiseconsulting.eu\/index.php\/wp-json\/wp\/v2\/pages\/1078","targetHints":{"allow":["GET"]}}],"collection":[{"href":"https:\/\/www.optimiseconsulting.eu\/index.php\/wp-json\/wp\/v2\/pages"}],"about":[{"href":"https:\/\/www.optimiseconsulting.eu\/index.php\/wp-json\/wp\/v2\/types\/page"}],"author":[{"embeddable":true,"href":"https:\/\/www.optimiseconsulting.eu\/index.php\/wp-json\/wp\/v2\/users\/2"}],"replies":[{"embeddable":true,"href":"https:\/\/www.optimiseconsulting.eu\/index.php\/wp-json\/wp\/v2\/comments?post=1078"}],"version-history":[{"count":0,"href":"https:\/\/www.optimiseconsulting.eu\/index.php\/wp-json\/wp\/v2\/pages\/1078\/revisions"}],"wp:attachment":[{"href":"https:\/\/www.optimiseconsulting.eu\/index.php\/wp-json\/wp\/v2\/media?parent=1078"}],"curies":[{"name":"wp","href":"https:\/\/api.w.org\/{rel}","templated":true}]}}