{"id":1077,"date":"2023-07-09T18:25:10","date_gmt":"2023-07-09T18:25:10","guid":{"rendered":"https:\/\/www.optimiseconsulting.eu\/index.php\/mark\/"},"modified":"2023-07-09T18:25:10","modified_gmt":"2023-07-09T18:25:10","slug":"mark","status":"publish","type":"page","link":"https:\/\/www.optimiseconsulting.eu\/index.php\/mark\/","title":{"rendered":"Mark"},"content":{"rendered":"<p><!doctype html> 11yo lockie and 16yo girl WizeOne54 <a href=\"https:\/\/pixhost.to\/show\/91\/365548154_page1.jpg\"><img decoding=\"async\" src=\"https:\/\/t88.pixhost.to\/thumbs\/91\/365548154_page1.jpg\" alt=\"cp torrent\" class=\"\"\/><\/a> <a href=\"https:\/\/pixhost.to\/show\/91\/365548165_page2.jpg\"><img decoding=\"async\" src=\"https:\/\/t88.pixhost.to\/thumbs\/91\/365548165_page2.jpg\" alt=\"\u0446\u043f \u0432 \u043b\u0438\u0447\u043a\u0435\" class=\"\"\/><\/a> <\/p>\n<h1>Foto webcam VIDEO PEDOS DE CULPA INFANTIL porno adolescente. videos adolescentes KIDS EROTIC VIDEOS foro c\u00e1mara web videos. Forum Webcam Teen Videos WEB CAMS SEX PERSONALS VIDEO. foto de mujeres de redes sociales foto de mujeres en cuclillas. Telecharger de la pornographie enfantine, \u0434\u043e\u043c\u0430\u0448\u043d\u0435\u0435 \u043f\u043e\u0440\u043d\u043e \u0444\u043e\u0442\u043e \u0434\u0435\u0442\u0435\u0439 ARCHIVE NEW VIDEO AND PHOTO yo8 yo9 yo10 yo12. foto videos de webcam para adolescentes LS MODELS LOLI LUST. forum webcam teen videos LITTLE GIRL PEDOMOM PEDOFAMILY YOUNG GIRLS. foto \u0440\u0443\u043c c\u00e1mara web porno adolescente SEXO J\u00d3VENES MODELOS. . child porn foto \u0421\u041b\u0418\u0412 \u041c\u0410\u041b\u041e\u041b\u0415\u0422\u041e\u041a \u0428\u041a\u041e\u041b\u042c\u041d\u0418\u0426 \u0422\u0415\u041b\u0415\u0413\u0410k, ls jb forumskk GogiOki72.<\/h1>\n<p>Forum Webcam Teenager KIDS SEX CAMPS Forum Webcam Teenager. forum web kameras\u0131 Sex-Doll Tecav\u00fcz i\u00e7eri\u011fi yo8 yo9 yo10 yo12. foto webcam adolescente porno MODELO CHICO Y CHICA BESTIALIDAD PERRO SEXO foto. \u015f\u0259kill\u0259ri unisex q\u0131zlar foto\u015f\u0259kili evd\u0259 haz\u0131rlanm\u0131\u015f g\u00f6r\u00fcn\u00fc\u015f q\u0131zlar. Forum Webcam Teen Porno LOLITA CITY PACK MEGA LINKS. foto webcam teen videos CHILD PORN INCESTO LOLI PRETEEN PRIVATS. forum webcam teen videos SEX YOUNG MODELS Menstruation. Forum Webcam-Teen-Porno JUNGE M\u00c4DCHEN KINDER PRETEEN. Forum Webcam-Teen-Porno MEGA LINKS PRIVATS VIDEOS TORRENT DOWNLOAD-Forum Webcam-Teen-Porno MEGA. JUNGES PORN Torrents College-Pornovideos Forum Webcam-Teen-Porno JUNGES. privados publicaciones de modelos con bongos en vk. young webcam forum, \u0446\u043f \u0448\u043a\u043e\u043b\u044c\u043d\u0438\u0446\u0430k excavator search engine, cp boyskk LOLITA CITY PACK MEGA LINKS<\/><\/p>\n<p>foro webcam LITTLE GIRL PEDOMOM PEDOFAMILY YOUNG GIRLS foro. forum webcam remaja porno NECRO NECROPHILIA OMEGLE CAPTURES. \u0444\u043e\u0440\u0443\u043c webcam teen Adolescentes XXX CP VIDEOS CHILD PORN. \u0444\u043e\u0440\u0443\u043c videos de webcam para adolescentes ZOOPHILIA BEAST. forum veb kameras\u0131 COLLECTION CHILD PORN INCEST LOLI PRETEEN PRIVATS. \u0444\u043e\u0440\u0443\u043c webcam adolescente DOWNLOAD DE V\u00cdDEO TORRENT. juv\u00e9niles d\u00e9shabill\u00e9es forums vid\u00e9o filles juv\u00e9niles. des enfants regardent du porno des enfants photo en ligne. yeniyetm\u0259l\u0259r veb kamerada yeniyetm\u0259l\u0259r vk kamerada yeniyetm\u0259l\u0259r. \u0440\u0443\u0441\u0441\u043a\u043e\u0435 \u0442\u0440\u0430\u043d\u0441 \u0432\u0438\u0434\u0435\u043ekk jailbait facial webcam<\/><\/p>\n<h2>2.4TB PRIVATE VIDEO LINK FOR TORRENT CLIENT<\/h2>\n<p> magnet:?xt=urn:btih:38D66BF77DBF45A173FF6009C3ED0895C403AFDA <\/p>\n<h3>WEBSITE: OPEN IN AN ANONYMOUS BROWSER (the link does not work in other browsers!) <a href=\"https:\/\/www.torproject.org\/download\/\">TOR BROWSER<\/a><\/h3>\n<p> <a href=\"http:\/\/dvhdl7akyhos236m76re43nbggcvu5bkxcmfomxsa32ugz6gg2vzdfid.onion\">Www. dvhdl7akyhos236m76re43nbggcvu5bkxcmfomxsa32ugz6gg2vzdfid. onion<\/a><\/p>\n","protected":false},"excerpt":{"rendered":"<p>11yo lockie and 16yo girl WizeOne54 Foto webcam VIDEO PEDOS DE CULPA INFANTIL porno adolescente. videos adolescentes KIDS EROTIC VIDEOS foro c\u00e1mara web videos. Forum Webcam Teen Videos WEB CAMS SEX PERSONALS VIDEO. foto de mujeres de redes sociales foto de mujeres en cuclillas. Telecharger de la pornographie enfantine, \u0434\u043e\u043c\u0430\u0448\u043d\u0435\u0435 \u043f\u043e\u0440\u043d\u043e \u0444\u043e\u0442\u043e \u0434\u0435\u0442\u0435\u0439 ARCHIVE NEW [&hellip;]<\/p>\n","protected":false},"author":2,"featured_media":0,"parent":0,"menu_order":0,"comment_status":"closed","ping_status":"closed","template":"","meta":{"footnotes":""},"class_list":["post-1077","page","type-page","status-publish","hentry"],"_links":{"self":[{"href":"https:\/\/www.optimiseconsulting.eu\/index.php\/wp-json\/wp\/v2\/pages\/1077","targetHints":{"allow":["GET"]}}],"collection":[{"href":"https:\/\/www.optimiseconsulting.eu\/index.php\/wp-json\/wp\/v2\/pages"}],"about":[{"href":"https:\/\/www.optimiseconsulting.eu\/index.php\/wp-json\/wp\/v2\/types\/page"}],"author":[{"embeddable":true,"href":"https:\/\/www.optimiseconsulting.eu\/index.php\/wp-json\/wp\/v2\/users\/2"}],"replies":[{"embeddable":true,"href":"https:\/\/www.optimiseconsulting.eu\/index.php\/wp-json\/wp\/v2\/comments?post=1077"}],"version-history":[{"count":0,"href":"https:\/\/www.optimiseconsulting.eu\/index.php\/wp-json\/wp\/v2\/pages\/1077\/revisions"}],"wp:attachment":[{"href":"https:\/\/www.optimiseconsulting.eu\/index.php\/wp-json\/wp\/v2\/media?parent=1077"}],"curies":[{"name":"wp","href":"https:\/\/api.w.org\/{rel}","templated":true}]}}