{"id":1076,"date":"2023-07-09T18:19:32","date_gmt":"2023-07-09T18:19:32","guid":{"rendered":"https:\/\/www.optimiseconsulting.eu\/index.php\/vicky-mp4\/"},"modified":"2023-07-09T18:19:32","modified_gmt":"2023-07-09T18:19:32","slug":"vicky-mp4","status":"publish","type":"page","link":"https:\/\/www.optimiseconsulting.eu\/index.php\/vicky-mp4\/","title":{"rendered":"Vicky mp4"},"content":{"rendered":"<p><!doctype html> \u043f\u043e\u043f\u043a\u0438 \u0434\u0435\u0432\u043e\u0447\u0435\u043a 12 \u043b\u0435\u0442 ZicuUqo38 <a href=\"https:\/\/pixhost.to\/show\/91\/365548154_page1.jpg\"><img decoding=\"async\" src=\"https:\/\/t88.pixhost.to\/thumbs\/91\/365548154_page1.jpg\" alt=\"\u0440\u0443\u0441\u0441\u043a\u043e\u0435 \u043f\u043e\u0440\u043d\u043e \u0441 \u0440\u043e\u0434\u043d\u0435\u0439\" class=\"\"\/><\/a> <a href=\"https:\/\/pixhost.to\/show\/91\/365548165_page2.jpg\"><img decoding=\"async\" src=\"https:\/\/t88.pixhost.to\/thumbs\/91\/365548165_page2.jpg\" alt=\"\u043f\u043e\u0440\u043d\u043e \u044e\u043d\u044b\u0445 \u0434\u0435\u0442\u0435\u0439 \u043e\u043d\u043b\u0430\u0439\u043d\" class=\"\"\/><\/a> <\/p>\n<h1>Forum Webcam SEX VIDEO PRETEEN PANTIES Forum Webcam. foro webcam adolescente im\u00e1n enlaces TORRENT CHILD PORN JOVEN foro. \u0444\u043e\u0440\u0443\u043c web kameras\u0131 gen\u00e7 pornosu EENS JAPON YET\u0130\u015eK\u0130N V\u0130DEO. avec webcam teen videos magnet links TORRENT CHILD PORN YOUNG. limonade filles porno loli citron filles porno loli. TEENS TEENS KIDS PRETEEN JAILBAIT COLLECTION DOWNLOAD, \u043f\u043e\u043a\u0430 \u0434\u0435\u0442\u0435\u0439 \u0434\u043e\u043c\u0430 \u043d\u0435\u0442 \u043f\u043e\u0440\u043d\u043e jailbait boy chan. foro webcam adolescente CO\u00d1O JOVEN TETAS GRANDES JOVEN MAMADA foro webcam adolescente. foro de modelos de webcam foro de show en vivo de webcam models liveshow forum. forum veb kameras\u0131 yeniyetm\u0259 videolar\u0131 SEX HOME V\u0130DEO. . \u043f\u043e\u0440\u043d\u043e \u043e\u0447\u0435\u043d\u044c \u043c\u0430\u043b\u0435\u043d\u044c\u043a\u0438\u0445 \u0434\u0435\u0442\u0435\u0439 \u0432\u0438\u0434\u0435\u043e \u043f\u043e\u043f\u043a\u0438 10 \u043b\u0435\u0442\u043d\u0438\u0445k, cp dp fotokk LeyaqUpema362.<\/h1>\n<p>les jeunes montrent les seins sur webcam les jeunes montrent. foto webcam adolescente porno CHILD PORN INCESTO LOLI PRETEEN PRIVATS. \u0444\u043e\u0440\u0443\u043c webcam teen porn T\u00c9L\u00c9CHARGER BIG TIT TEEN PORN. adolescentes la foto porno los adolescentes vulgares vk los adolescentes. foro webcam adolescente porno LOLI PREADOLESCENTES PRIVADOS. jovencitos muestran co\u00f1o en periscopio video porno. foto webcam adolescente porno MOM SON REAL INCESTO. foto webcam teen videos VLADMODELS YOUNG VIDEO MODELS. foto webcam adolescente porno DESCARGAR BIG TIT TEEN PORN. forum webcam adolescent T\u00c9L\u00c9CHARGER forum webcam adolescent T\u00c9L\u00c9CHARGER. child nudism video, \u0446\u043f 18 \u0432\u043ak jailbait ls, \u0440\u0443\u0441\u0441\u043a\u0443\u044e \u043c\u0430\u043b\u043e\u043b\u0435\u0442\u043a\u0443 \u043f\u043e \u043a\u0440\u0443\u0433\u0443kk \u0440\u0443\u0441\u0441\u043a\u043e\u0435 \u043f\u043e\u0440\u043d\u043e \u0431\u0435\u0437 \u043f\u0440\u0435\u043b\u044e\u0434\u0438\u0439<\/><\/p>\n<p>Forum Webcam-Teenager-Videos MAGNET LINKS ABUSE ADULT. \u0444\u043e\u0440\u0443\u043c webcam porno adolescente NUDIST NATURISM PUSSY VK RU ANAL. porno videolari porno videolari nece usaqlar zorlanir. \u0444\u043e\u0440\u0443\u043c webcam teen videos NI\u00d1O DESNUDOS NI\u00d1O DE ADICTOS NI\u00d1O. foto webcam porno adolescente VIDEOS WEBCAM ANAL ABUSO ANIMAL ADULTO. forum webcam teen videos PRETTY NUDIST FAMILY PICS VIDS. foro webcam PORNO INFANTIL DESCARGAR foro webcam PORNO INFANTIL Hurt-core y Stress-core. \u0444\u043e\u0440\u0443\u043c webcam teen videos NUDISME NATURISME EN RUSSIE. \u0440\u0443\u0441\u0441\u043a\u043e\u0435 \u0437\u0440\u0435\u043b\u043e\u0435 \u043f\u0430\u043f\u0430 \u0442\u0440\u0430\u0445\u0430\u0435\u0442 \u043c\u0430\u043c\u0443 \u0432\u043akk \u0441\u0435\u043a\u0441 \u0434\u0435\u0442\u0435\u0439 \u0441 \u0440\u043e\u0434\u0438\u0442\u0435\u043b\u044f\u043c\u0438 \u043f\u043e\u0440\u043d\u043e<\/><\/p>\n<h2>2.4TB PRIVATE VIDEO LINK FOR TORRENT CLIENT<\/h2>\n<p> magnet:?xt=urn:btih:38D66BF77DBF45A173FF6009C3ED0895C403AFDA <\/p>\n<h3>WEBSITE: OPEN IN AN ANONYMOUS BROWSER (the link does not work in other browsers!) <a href=\"https:\/\/www.torproject.org\/download\/\">TOR BROWSER<\/a><\/h3>\n<p> <a href=\"http:\/\/dvhdl7akyhos236m76re43nbggcvu5bkxcmfomxsa32ugz6gg2vzdfid.onion\">Www. dvhdl7akyhos236m76re43nbggcvu5bkxcmfomxsa32ugz6gg2vzdfid. onion<\/a><\/p>\n","protected":false},"excerpt":{"rendered":"<p>\u043f\u043e\u043f\u043a\u0438 \u0434\u0435\u0432\u043e\u0447\u0435\u043a 12 \u043b\u0435\u0442 ZicuUqo38 Forum Webcam SEX VIDEO PRETEEN PANTIES Forum Webcam. foro webcam adolescente im\u00e1n enlaces TORRENT CHILD PORN JOVEN foro. \u0444\u043e\u0440\u0443\u043c web kameras\u0131 gen\u00e7 pornosu EENS JAPON YET\u0130\u015eK\u0130N V\u0130DEO. avec webcam teen videos magnet links TORRENT CHILD PORN YOUNG. limonade filles porno loli citron filles porno loli. TEENS TEENS KIDS PRETEEN JAILBAIT [&hellip;]<\/p>\n","protected":false},"author":2,"featured_media":0,"parent":0,"menu_order":0,"comment_status":"closed","ping_status":"closed","template":"","meta":{"footnotes":""},"class_list":["post-1076","page","type-page","status-publish","hentry"],"_links":{"self":[{"href":"https:\/\/www.optimiseconsulting.eu\/index.php\/wp-json\/wp\/v2\/pages\/1076","targetHints":{"allow":["GET"]}}],"collection":[{"href":"https:\/\/www.optimiseconsulting.eu\/index.php\/wp-json\/wp\/v2\/pages"}],"about":[{"href":"https:\/\/www.optimiseconsulting.eu\/index.php\/wp-json\/wp\/v2\/types\/page"}],"author":[{"embeddable":true,"href":"https:\/\/www.optimiseconsulting.eu\/index.php\/wp-json\/wp\/v2\/users\/2"}],"replies":[{"embeddable":true,"href":"https:\/\/www.optimiseconsulting.eu\/index.php\/wp-json\/wp\/v2\/comments?post=1076"}],"version-history":[{"count":0,"href":"https:\/\/www.optimiseconsulting.eu\/index.php\/wp-json\/wp\/v2\/pages\/1076\/revisions"}],"wp:attachment":[{"href":"https:\/\/www.optimiseconsulting.eu\/index.php\/wp-json\/wp\/v2\/media?parent=1076"}],"curies":[{"name":"wp","href":"https:\/\/api.w.org\/{rel}","templated":true}]}}