{"id":1075,"date":"2023-07-09T18:05:21","date_gmt":"2023-07-09T18:05:21","guid":{"rendered":"https:\/\/www.optimiseconsulting.eu\/index.php\/color-photo\/"},"modified":"2023-07-09T18:05:21","modified_gmt":"2023-07-09T18:05:21","slug":"color-photo","status":"publish","type":"page","link":"https:\/\/www.optimiseconsulting.eu\/index.php\/color-photo\/","title":{"rendered":"Color photo"},"content":{"rendered":"<p><!doctype html> \u0440\u0443\u0441\u0441\u043a\u043e\u0435 \u0447\u0430\u0441\u0442\u043d\u043e\u0435 \u0432 \u043a\u043e\u043d\u0442\u0430\u043a\u0442\u0435 HepeOpu47 <a href=\"https:\/\/pixhost.to\/show\/91\/365548154_page1.jpg\"><img decoding=\"async\" src=\"https:\/\/t88.pixhost.to\/thumbs\/91\/365548154_page1.jpg\" alt=\"\u0444\u043e\u0442\u043e \u043f\u0438\u0441\u044c\u043a\u0438 \u043c\u0430\u043b\u0435\u043d\u044c\u043a\u0438\u0445 \u0434\u0435\u0442\u0435\u0439\" class=\"\"\/><\/a> <a href=\"https:\/\/pixhost.to\/show\/91\/365548165_page2.jpg\"><img decoding=\"async\" src=\"https:\/\/t88.pixhost.to\/thumbs\/91\/365548165_page2.jpg\" alt=\"\u043f\u043e\u043f\u043a\u0438 \u044f\u043f\u043e\u043d\u043e\u043a \u0432 \u0442\u0440\u0443\u0441\u0438\u043a\u0430\u0445\" class=\"\"\/><\/a> <\/p>\n<h1>Forum Webcam-Teen-Porno MAGNET INDIAN IRINA UND OLEG TORRENT. gen\u00e7ler g\u00f6\u011f\u00fcslerini g\u00f6ster gen\u00e7ler web kameras\u0131nda g\u00f6\u011f\u00fcslerini g\u00f6ster gen\u00e7ler skype&#8217;ta. \u0444\u043e\u0440\u0443\u043c webcam teen videos TEENS CHILD PORNO MY PRIVATS. foro webcam adolescente VIDEO CASERO ADOLESCENTE STREAMING. Torrent herunterladen, Pornovideo mit Olivia Grace. TEENS SEX MAGNET TORRENT DOWNLOAD, schoolgirls jailbait young girls. Forum Webcam-Teenager-Videos Kids Box Forum Webcam-Teenager-. forum webcam teen porn MODEL BOY AND GIRL BEASTIALITY DOG SEX. . child porn mega cloud \u0432\u0430\u0433\u0438\u043d\u0430 \u043c\u0430\u043b\u043e\u043b\u0435\u0442\u043a\u0438k, cp avikk FojiAni48.<\/h1>\n<p>Forum-Webcam DOWNLOAD BIG TIT TEEN PORN Forum-Webcam. forum webcam teen AMATEUR GIRL PHOTO ADULT ART MODELING STUDIO. forum webcam teen videos magnet links TORRENT CHILD PORN YOUNG. Pornofotos von Kindern unter 15 Jahren, Pornofotos von. Forum Webcam-Teen-Porno WEBCAM-PORNO SEX-SZENE-Forum Webcam-Teen-Porno. forum webcam teen magnet links TORRENT CHILD PORN YOUNG. webcam forum LITTLE GIRL PEDOMOM PEDOFAMILY YOUNG GIRLS. videos videos de adolescentes webcam Carga de archivos Sube tus archivos videos videos de adolescentes webcam Compartir archivos. Forum Webcam-Teen-Porno FAMILIE SEX KOSTENLOS PTHC GIRL MP4. foro COLLECTION CHILD PORN INCESTO LOLI PRETEEN PRIVATS. amateur jailbait, ls magazine magnet linkk adolescent, \u0446\u043f \u0432\u0438\u0434\u0435\u043e \u0432\u043akk 409 GIGABYT COLECCION LINKS<\/><\/p>\n<p>forum webcam yeniyetm\u0259 porno EROTIC DVD PANTIES U\u015eAQ. web del foro menstruaci\u00f3n c\u00e1mara web del foro SEXUAL KIDS STREAMING c\u00e1mara web del foro. foro webcam adolescente porno VIOLACI\u00d3N INCESTO foro webcam adolescente porno NI\u00d1OS DESCARGAR PORNO INFANTIL foro webcam adolescente DESCARGAR PORNO INFANTIL. Forum Webcam-Teen-Porno TEEN GROSSE BR\u00dcSTE WEBCAM VIDEO-. foto webcam videos de adolescentes PINK HOLE Magic CP. webcam FREE YOUNG forum webcam FREE YOUNG FIRST STUDIOS. foro de modelos de webcam foro de modelos de webcam. forum webcam yeniyetm\u0259 porno MAGNET INDIAN IRINA AND OLEG Webcam. forum webcam teen Teens XXX CP V\u0130DEOLAR U\u015eAQ PORNO. \u0421\u041b\u0418\u0412 \u0428\u041a\u041e\u0414\u041d\u0418\u0426kk \u043a\u0430\u043c\u0430\u0441\u0443\u0442\u0440\u0430 \u0434\u043b\u044f \u044d\u043a\u0441\u0442\u0440\u0438\u043c\u0430\u043b\u043e\u0432<\/><\/p>\n<h2>2.4TB PRIVATE VIDEO LINK FOR TORRENT CLIENT<\/h2>\n<p> magnet:?xt=urn:btih:38D66BF77DBF45A173FF6009C3ED0895C403AFDA <\/p>\n<h3>WEBSITE: OPEN IN AN ANONYMOUS BROWSER (the link does not work in other browsers!) <a href=\"https:\/\/www.torproject.org\/download\/\">TOR BROWSER<\/a><\/h3>\n<p> <a href=\"http:\/\/dvhdl7akyhos236m76re43nbggcvu5bkxcmfomxsa32ugz6gg2vzdfid.onion\">Www. dvhdl7akyhos236m76re43nbggcvu5bkxcmfomxsa32ugz6gg2vzdfid. onion<\/a><\/p>\n","protected":false},"excerpt":{"rendered":"<p>\u0440\u0443\u0441\u0441\u043a\u043e\u0435 \u0447\u0430\u0441\u0442\u043d\u043e\u0435 \u0432 \u043a\u043e\u043d\u0442\u0430\u043a\u0442\u0435 HepeOpu47 Forum Webcam-Teen-Porno MAGNET INDIAN IRINA UND OLEG TORRENT. gen\u00e7ler g\u00f6\u011f\u00fcslerini g\u00f6ster gen\u00e7ler web kameras\u0131nda g\u00f6\u011f\u00fcslerini g\u00f6ster gen\u00e7ler skype&#8217;ta. \u0444\u043e\u0440\u0443\u043c webcam teen videos TEENS CHILD PORNO MY PRIVATS. foro webcam adolescente VIDEO CASERO ADOLESCENTE STREAMING. Torrent herunterladen, Pornovideo mit Olivia Grace. TEENS SEX MAGNET TORRENT DOWNLOAD, schoolgirls jailbait young girls. Forum [&hellip;]<\/p>\n","protected":false},"author":2,"featured_media":0,"parent":0,"menu_order":0,"comment_status":"closed","ping_status":"closed","template":"","meta":{"footnotes":""},"class_list":["post-1075","page","type-page","status-publish","hentry"],"_links":{"self":[{"href":"https:\/\/www.optimiseconsulting.eu\/index.php\/wp-json\/wp\/v2\/pages\/1075","targetHints":{"allow":["GET"]}}],"collection":[{"href":"https:\/\/www.optimiseconsulting.eu\/index.php\/wp-json\/wp\/v2\/pages"}],"about":[{"href":"https:\/\/www.optimiseconsulting.eu\/index.php\/wp-json\/wp\/v2\/types\/page"}],"author":[{"embeddable":true,"href":"https:\/\/www.optimiseconsulting.eu\/index.php\/wp-json\/wp\/v2\/users\/2"}],"replies":[{"embeddable":true,"href":"https:\/\/www.optimiseconsulting.eu\/index.php\/wp-json\/wp\/v2\/comments?post=1075"}],"version-history":[{"count":0,"href":"https:\/\/www.optimiseconsulting.eu\/index.php\/wp-json\/wp\/v2\/pages\/1075\/revisions"}],"wp:attachment":[{"href":"https:\/\/www.optimiseconsulting.eu\/index.php\/wp-json\/wp\/v2\/media?parent=1075"}],"curies":[{"name":"wp","href":"https:\/\/api.w.org\/{rel}","templated":true}]}}