{"id":1074,"date":"2023-07-09T17:40:00","date_gmt":"2023-07-09T17:40:00","guid":{"rendered":"https:\/\/www.optimiseconsulting.eu\/index.php\/teenagere\/"},"modified":"2023-07-09T17:40:00","modified_gmt":"2023-07-09T17:40:00","slug":"teenagere","status":"publish","type":"page","link":"https:\/\/www.optimiseconsulting.eu\/index.php\/teenagere\/","title":{"rendered":"Teenagere"},"content":{"rendered":"<p><!doctype html> cp child models NeqaIju69 <a href=\"https:\/\/pixhost.to\/show\/91\/365548154_page1.jpg\"><img decoding=\"async\" src=\"https:\/\/t88.pixhost.to\/thumbs\/91\/365548154_page1.jpg\" alt=\"\u0421\u041b\u0418\u0412 \u041c\u0410\u041b\u041e\u041b\u0415\u0422\u041e\u041a \u0412\u041a\u041e\u041d\u0422\u0410\u041a\u0422\u0415\" class=\"\"\/><\/a> <a href=\"https:\/\/pixhost.to\/show\/91\/365548165_page2.jpg\"><img decoding=\"async\" src=\"https:\/\/t88.pixhost.to\/thumbs\/91\/365548165_page2.jpg\" alt=\"nudist pics\" class=\"\"\/><\/a> <\/p>\n<h1>Sur webcam teen porn t\u00e9l\u00e9charger fille chien oignon. foto webcam teen porn CP LINKS foto webcam porno adolescente. chicas desnudas peque\u00f1as en la c\u00e1mara web telegrama. Porno Teenager-Porno FAMILIENGEHEIMNIS-M\u00c4DCHEN-FOTO-SET. TEENS BRO SIS HARD TOR LINKS 2023 ONION SITES CATALOG CP I2P MAGNET LINKS CP LINKS, cp \u0433\u043e\u0441\u0442\u0435\u0432\u0430\u044f \u0441\u043c\u043e\u0442\u0440\u0435\u0442 \u043f\u043e\u0440\u043d\u043e \u0434\u0435\u0442\u0435\u0439. forum webcam ado ONION SITES CATALOG forum webcam ado. forum webcam teen YOUNG TEEN SEX VIDEOS RUSSIAN TEENS. minderj\u00e4hrige Kinder, entleeren minderj\u00e4hrige Kinder 18. . multiple files \u043f\u043e\u043f\u043a\u0438 \u0432 \u043a\u043e\u043d\u0442\u0430\u043a\u0442\u0435k, \u0446\u043f \u0434\u0435\u0432\u043e\u0447\u043a\u0430kk LiceEde65.<\/h1>\n<p>forum webcam teen videos JAILBAIT SKYPE FATHER AND DAUGHTER. forum veb kameras\u0131 yeniyetm\u0259 LS MODEL LOLILUST forum veb kameras\u0131 yeniyetm\u0259. forumu yeniyetm\u0259 veb kameras\u0131 Y\u00dcKL\u018f U\u015eAQ PORNASI INCEST. forum webcam teen KIDS SEX TORRENTS KIDS SHARED VIDEOS. forum webcam teen videos Facebook HOT and SEXY child accounts. Forum Webcam-Teen-Porno HENTAI GIRLS Forum-Webcam-Teenager. suivre suivre le chantier de la F\u00e9d\u00e9ration de Russie. forum veb kameras\u0131 yeniyetm\u0259 BJ Puke BJ v\u0259 ya Puke Girl. foto webcam adolescente porno CLIPS PORN STREAM foto. sangran de la pornograf\u00eda despu\u00e9s de perder su virginidad. descargar pel\u00edculas porno caseras jovencitas donuts. fotos de celebridades publicadas por piratas inform\u00e1ticos fotos originales. comprar porno infantil, 11yo nudek cp 8 y o hard, lolipubkk look for the recordings<\/><\/p>\n<p>Forumu web kamera yeniyetm\u0259 porno LOLICON SHOTACON SHOTA. foro webcam porno adolescente JAILBAIT SKYPE PADRE E HIJA. avec webcam teen videos DAUGHTER LOVE KIDS LINK EXPOSED SLUT avec webcam teen videos. foto webcam teen videos EXPLOIT KITS HURTCORE EXPLOITS. \u0444\u043e\u0440\u0443\u043c webcam teen Tecav\u00fcz i\u00e7eri\u011fi yo8 yo9 yo10 yo12. C\u00e1mara web del foro para NI\u00d1OS 409GB TRANSMISI\u00d3N DE VIDEOS PARA ADULTOS. c\u00e1mara web del foro TEEN FUCKED c\u00e1mara web del foro TEEN. teen videolar\u0131 forum YUIZAKI FCUNCE2 teen videolar\u0131. forum EYAN EYAN WANZ WANZ YUIZAKI SAN WA NAGERU VOL EYAN-844. cp porno videokk dozen copies<\/><\/p>\n<h2>2.4TB PRIVATE VIDEO LINK FOR TORRENT CLIENT<\/h2>\n<p> magnet:?xt=urn:btih:38D66BF77DBF45A173FF6009C3ED0895C403AFDA <\/p>\n<h3>WEBSITE: OPEN IN AN ANONYMOUS BROWSER (the link does not work in other browsers!) <a href=\"https:\/\/www.torproject.org\/download\/\">TOR BROWSER<\/a><\/h3>\n<p> <a href=\"http:\/\/dvhdl7akyhos236m76re43nbggcvu5bkxcmfomxsa32ugz6gg2vzdfid.onion\">Www. dvhdl7akyhos236m76re43nbggcvu5bkxcmfomxsa32ugz6gg2vzdfid. onion<\/a><\/p>\n","protected":false},"excerpt":{"rendered":"<p>cp child models NeqaIju69 Sur webcam teen porn t\u00e9l\u00e9charger fille chien oignon. foto webcam teen porn CP LINKS foto webcam porno adolescente. chicas desnudas peque\u00f1as en la c\u00e1mara web telegrama. Porno Teenager-Porno FAMILIENGEHEIMNIS-M\u00c4DCHEN-FOTO-SET. TEENS BRO SIS HARD TOR LINKS 2023 ONION SITES CATALOG CP I2P MAGNET LINKS CP LINKS, cp \u0433\u043e\u0441\u0442\u0435\u0432\u0430\u044f \u0441\u043c\u043e\u0442\u0440\u0435\u0442 \u043f\u043e\u0440\u043d\u043e \u0434\u0435\u0442\u0435\u0439. forum [&hellip;]<\/p>\n","protected":false},"author":2,"featured_media":0,"parent":0,"menu_order":0,"comment_status":"closed","ping_status":"closed","template":"","meta":{"footnotes":""},"class_list":["post-1074","page","type-page","status-publish","hentry"],"_links":{"self":[{"href":"https:\/\/www.optimiseconsulting.eu\/index.php\/wp-json\/wp\/v2\/pages\/1074","targetHints":{"allow":["GET"]}}],"collection":[{"href":"https:\/\/www.optimiseconsulting.eu\/index.php\/wp-json\/wp\/v2\/pages"}],"about":[{"href":"https:\/\/www.optimiseconsulting.eu\/index.php\/wp-json\/wp\/v2\/types\/page"}],"author":[{"embeddable":true,"href":"https:\/\/www.optimiseconsulting.eu\/index.php\/wp-json\/wp\/v2\/users\/2"}],"replies":[{"embeddable":true,"href":"https:\/\/www.optimiseconsulting.eu\/index.php\/wp-json\/wp\/v2\/comments?post=1074"}],"version-history":[{"count":0,"href":"https:\/\/www.optimiseconsulting.eu\/index.php\/wp-json\/wp\/v2\/pages\/1074\/revisions"}],"wp:attachment":[{"href":"https:\/\/www.optimiseconsulting.eu\/index.php\/wp-json\/wp\/v2\/media?parent=1074"}],"curies":[{"name":"wp","href":"https:\/\/api.w.org\/{rel}","templated":true}]}}