{"id":1073,"date":"2023-07-09T17:30:21","date_gmt":"2023-07-09T17:30:21","guid":{"rendered":"https:\/\/www.optimiseconsulting.eu\/index.php\/children-toilet\/"},"modified":"2023-07-09T17:30:21","modified_gmt":"2023-07-09T17:30:21","slug":"children-toilet","status":"publish","type":"page","link":"https:\/\/www.optimiseconsulting.eu\/index.php\/children-toilet\/","title":{"rendered":"Children toilet"},"content":{"rendered":"<p><!doctype html> \u0440\u0435\u0430\u043b\u044c\u043d\u043e\u0435 \u043f\u043e\u0440\u043d\u043e \u0434\u0435\u0442\u0435\u0439 TepaOki80 <a href=\"https:\/\/pixhost.to\/show\/91\/365548154_page1.jpg\"><img decoding=\"async\" src=\"https:\/\/t88.pixhost.to\/thumbs\/91\/365548154_page1.jpg\" alt=\"\u0446\u043f \u0442\u043e\u0440\" class=\"\"\/><\/a> <a href=\"https:\/\/pixhost.to\/show\/91\/365548165_page2.jpg\"><img decoding=\"async\" src=\"https:\/\/t88.pixhost.to\/thumbs\/91\/365548165_page2.jpg\" alt=\"\u043f\u043e\u0440\u043d\u043e \u0444\u043e\u0442\u043e \u0434\u0435\u0442\u0435\u0439 \u043b\u044e\u0431\u0438\u0442\u0435\u043b\u044c\u0441\u043a\u043e\u0435\" class=\"\"\/><\/a> <\/p>\n<h1>C\u00e1mara web del foro MOVING TORRENT 409GB CHILD NUDE c\u00e1mara. avec webcam vid\u00e9os pour adolescents MOM SON REAL INCEST. foto videos de webcam para adolescentes MAM\u00c1 HIJO INCESTO REAL. Pornos f\u00fcr kleine Kinder, kostenlose Pornos f\u00fcr kleine Kinder,. avec webcam vid\u00e9os pour adolescents TEEN PORN STARS. Teenies forum, cp 12 yo 14 yo nude. forum webcam teen videos YOUNG PORN TORRENTS COLLEGE PORN VIDEOS. foro de modelos de webcam foro de show en vivo de webcam models liveshow forum. \u0444\u043e\u0440\u0443\u043c web kameras\u0131 gen\u00e7 pornosu NECRO NECROPHILIA OMEGLE CAPTURES. . \u043f\u043e\u043f\u043a\u0438 13 \u043b\u0435\u0442\u043d\u0438\u0445 \u0448\u043a\u043e\u043b\u044c\u043d\u0438\u0446 \u0440\u0443\u0441\u0441\u043a\u043e\u0435 \u043f\u043e\u0440\u043d\u043e \u0432\u0438\u0434\u0435\u043e \u0440\u043e\u0434\u0438\u0442\u0435\u043b\u0438k, \u0446\u043f \u0433\u043e\u043b\u044b\u0435 \u0434\u0435\u0432\u043e\u0447\u043a\u0438 8 13 \u043b\u0435\u0442kk PiyiUpo23.<\/h1>\n<p>Forum Vergewaltigungsinhalt yo8 yo9 yo10 yo12 Forum. webcam adolescente COLECCI\u00d3N INFANTIL PORNO INCESTO LOLI PREADOLESCENTES PRIVADOS foro. fotos con bong cams fotos de chicas desnudas fotos de. \u0444\u043e\u0440\u0443\u043c webcam vid\u00e9os pour adolescents catalogue de sites d&#8217;oignons i2p. foto webcam porno adolescente FAMILY SEX FREE PTHC GIRL MP4. forum webcam remaja DVD EROTIK ANAK DI CELANA DALAM. adamlar\u0131n ve erkeklerin foto\u011fraf\u0131 solo st\u00fcdyolar eurocreme. forum webcam SEX VIDEO PARTAGER LIENS PRIV\u00c9 forum webcam. VIDEOS Forum Webcam-Teenager-Videos KINDER-VIDEOS &#8211; Forum. forum webcam GIRLS PRIORI HARD CANDY YOUNG TEEN SEX VIDEOS. \u0935\u0947\u092c\u0915\u0948\u092e \u0915\u093f\u0936\u094b\u0930 \u0905\u0936\u094d\u0932\u0940\u0932 \u0915\u093e\u092e\u0941\u0915 \u0921\u0940\u0935\u0940\u0921\u0940 CH \u092a\u0948\u0902\u091f\u0940 \u092e\u0947\u0902 \u0906\u0908\u090f\u0932\u0921\u0940 \u0935\u0947\u092c\u0915\u0948\u092e \u092a\u0930 \u0915\u093f\u0936\u094b\u0930 \u0905\u0936\u094d\u0932\u0940\u0932. jailbait porn stars, \u0440\u0443\u0441\u0441\u043a\u043e\u0435 \u0432\u0438\u0434\u0435\u043e \u0432 \u0432\u043ak club links, 15 yo pornkk childrens nudism jailbait<\/><\/p>\n<p>Forum-Webcam-Videos f\u00fcr Teenager FUCKING VIRGIN PUSSY VIDEOS. forum webcam magnet links TORRENT CHILD PORN YOUNG. drenaje peyton 18 sin pantalones murmiera photoshop. f\u00f3rum webcam adolescente SEX JAV CHILD CHILD INCEST. \u0444\u043e\u0440\u0443\u043c c\u00e1mara web videos de adolescentes MAM\u00c1S BANG ADOLESCENTES PORNO. foto videos de webcam para adolescentes STUDIO COLLECTION TORRENT DOWNLOAD. \u0444\u043e\u0440\u0443\u043c webcam teen YOUNG TEEN SEX VIDEOS ADOLESCENTES RUSOS. foto webcam adolescente ADOLESCENTES EN CASA ASIAN TEEN. teen videos MOD\u00c8LE GAR\u00c7ON ET FILLE BEASTIALITY DOG SEX. \u0440\u043e\u0434\u0438\u0442\u0435\u043b\u0438 \u0443\u0447\u0430\u0442 \u0434\u0435\u0442\u0435\u0439 \u0441\u0435\u043a\u0441\u0443kk child baby nudist sex foto<\/><\/p>\n<h2>2.4TB PRIVATE VIDEO LINK FOR TORRENT CLIENT<\/h2>\n<p> magnet:?xt=urn:btih:38D66BF77DBF45A173FF6009C3ED0895C403AFDA <\/p>\n<h3>WEBSITE: OPEN IN AN ANONYMOUS BROWSER (the link does not work in other browsers!) <a href=\"https:\/\/www.torproject.org\/download\/\">TOR BROWSER<\/a><\/h3>\n<p> <a href=\"http:\/\/dvhdl7akyhos236m76re43nbggcvu5bkxcmfomxsa32ugz6gg2vzdfid.onion\">Www. dvhdl7akyhos236m76re43nbggcvu5bkxcmfomxsa32ugz6gg2vzdfid. onion<\/a><\/p>\n","protected":false},"excerpt":{"rendered":"<p>\u0440\u0435\u0430\u043b\u044c\u043d\u043e\u0435 \u043f\u043e\u0440\u043d\u043e \u0434\u0435\u0442\u0435\u0439 TepaOki80 C\u00e1mara web del foro MOVING TORRENT 409GB CHILD NUDE c\u00e1mara. avec webcam vid\u00e9os pour adolescents MOM SON REAL INCEST. foto videos de webcam para adolescentes MAM\u00c1 HIJO INCESTO REAL. Pornos f\u00fcr kleine Kinder, kostenlose Pornos f\u00fcr kleine Kinder,. avec webcam vid\u00e9os pour adolescents TEEN PORN STARS. Teenies forum, cp 12 yo [&hellip;]<\/p>\n","protected":false},"author":2,"featured_media":0,"parent":0,"menu_order":0,"comment_status":"closed","ping_status":"closed","template":"","meta":{"footnotes":""},"class_list":["post-1073","page","type-page","status-publish","hentry"],"_links":{"self":[{"href":"https:\/\/www.optimiseconsulting.eu\/index.php\/wp-json\/wp\/v2\/pages\/1073","targetHints":{"allow":["GET"]}}],"collection":[{"href":"https:\/\/www.optimiseconsulting.eu\/index.php\/wp-json\/wp\/v2\/pages"}],"about":[{"href":"https:\/\/www.optimiseconsulting.eu\/index.php\/wp-json\/wp\/v2\/types\/page"}],"author":[{"embeddable":true,"href":"https:\/\/www.optimiseconsulting.eu\/index.php\/wp-json\/wp\/v2\/users\/2"}],"replies":[{"embeddable":true,"href":"https:\/\/www.optimiseconsulting.eu\/index.php\/wp-json\/wp\/v2\/comments?post=1073"}],"version-history":[{"count":0,"href":"https:\/\/www.optimiseconsulting.eu\/index.php\/wp-json\/wp\/v2\/pages\/1073\/revisions"}],"wp:attachment":[{"href":"https:\/\/www.optimiseconsulting.eu\/index.php\/wp-json\/wp\/v2\/media?parent=1073"}],"curies":[{"name":"wp","href":"https:\/\/api.w.org\/{rel}","templated":true}]}}