{"id":1072,"date":"2023-07-09T17:21:42","date_gmt":"2023-07-09T17:21:42","guid":{"rendered":"https:\/\/www.optimiseconsulting.eu\/index.php\/cp-video-onlajn\/"},"modified":"2023-07-09T17:21:42","modified_gmt":"2023-07-09T17:21:42","slug":"cp-video-onlajn","status":"publish","type":"page","link":"https:\/\/www.optimiseconsulting.eu\/index.php\/cp-video-onlajn\/","title":{"rendered":"\u0426\u043f \u0432\u0438\u0434\u0435\u043e \u043e\u043d\u043b\u0430\u0439\u043d"},"content":{"rendered":"<p><!doctype html> cp \u0441\u043c\u043e\u0442\u0440\u0435\u0442\u044c QusaAji87 <a href=\"https:\/\/pixhost.to\/show\/91\/365548154_page1.jpg\"><img decoding=\"async\" src=\"https:\/\/t88.pixhost.to\/thumbs\/91\/365548154_page1.jpg\" alt=\"\u0427\u0410\u0421\u0422\u041d\u042b\u0415 \u041f\u041e\u0420\u041d\u041e \u0424\u041e\u0422\u041e \u0414\u0415\u0422\u0415\u0419\" class=\"\"\/><\/a> <a href=\"https:\/\/pixhost.to\/show\/91\/365548165_page2.jpg\"><img decoding=\"async\" src=\"https:\/\/t88.pixhost.to\/thumbs\/91\/365548165_page2.jpg\" alt=\"\u043f\u043e\u043f\u043a\u0438 \u0434\u0435\u0432\u043e\u0447\u0435\u043a 14 \u043b\u0435\u0442\" class=\"\"\/><\/a> <\/p>\n<h1>Fotos de chicas desnudas en minecraft fotos de tias desnudas. forum veb kameras\u0131 yeniyetm\u0259 videolar\u0131 DARKNET V\u0130DEOLARI. \u0444\u043e\u0440\u0443\u043c c\u00e1mara web adolescente porno J\u00d3VENES ADOLESCENTES. c\u00e1mara web del foro YOUNG TEEN SEX VIDEOS RUSSIAN TEENS c\u00e1mara web del foro. durchgesickertes Video von jungen M\u00e4dchen aus VK, das. Teen sex, \u0446\u043f \u0432 \u0442\u0435\u043b\u0435\u0433\u0440\u0430\u043c\u043c\u0435 \u0431\u0435\u0441\u043f\u043b\u0430\u0442\u043d\u043e \u043f\u043e\u0440\u043d\u043e \u0434\u0435\u0442\u0435\u0439 \u0441 \u0440\u043e\u0434\u0438\u0442\u0435\u043b\u043c\u0438 \u0441\u0435\u043a\u0441. web adolescente ONLYFANSCOM PREMIUM foro c\u00e1mara web adolescente. forum webcam vid\u00e9os pour adolescents JUNIOR NUDIST JB KITTY. . young little forum \u0440\u0443\u0441\u0441\u043a\u043e\u0435 \u043f\u043e\u0440\u043d\u043e \u0441\u044a\u0435\u043ck, \u0446\u043f \u0438 \u0434\u043f \u0442\u0435\u043b\u0435\u0433\u0440\u0430\u043ckk KaquUmo78.<\/h1>\n<p>Durchgesickerte Fotos von Jugendlichen, Telegramme,. Forum Webcam-Teen-Porno VIRGIN PUSSY Forum Webcam-. \u0444\u043e\u0440\u0443\u043c webcam teen porn TEEN SCHOOL GIRL \u0444\u043e\u0440\u0443\u043c webcam adolescente. foto webcam adolescente TEEN BIG BOOBS WEBCAM VIDEO. fotos videos de adolescentes webcam YUIZAKI FC2 PPV JAV UNCENSORED. forum webcam teen videos PTSC QUALITIES QUALITY SNUFF PORNO. labios de loli porno ense\u00f1a a su hijo a caminar correctamente. privates VK-Video, privates Vkontakte &#8211; Video, Periscope. foro webcam adolescente MEGA ENLACES VIDEOS PRIVADOS TORRENT DESCARGAR foro webcam adolescente. child preteen nude, \u0446\u043f \u0444\u043e\u0442\u043e \u0432 \u0442\u0435\u043b\u0435\u0433\u0440\u0430\u043ck hurtcore, \u0440\u0443\u0441\u0441\u043a\u043e\u0435 \u043f\u043e\u0440\u043d\u043e \u0441 \u043c\u0443\u043b\u0430\u0442\u043e\u043ckk COLLECTION WEBCAM YOUNG MODELS<\/><\/p>\n<p>Videos KINDER-PORNO-INZEST Forum Webcam-Teenager-Videos KINDER-PORNO-INZEST LOLI PRETEEN PRIVATS Forum Webcam-Teenager-Videos KINDER-PORNO-. KIND NUDES KIND VON S\u00dcCHTIGEN KINDER Forum Webcam KIND. del foro Falkovideo c\u00e1mara web del foro Fantasia Models c\u00e1mara web del foro. \u092b\u094b\u091f\u094b, \u0932\u0921\u093c\u0915\u094b\u0902 \u0914\u0930 \u092a\u0941\u0930\u0941\u0937\u094b\u0902 \u0915\u0940 \u092b\u094b\u091f\u094b, \u0938\u094b\u0932\u094b \u092f\u0942\u0930\u094b\u0915\u094d\u0930\u0940\u092e \u0938\u094d\u091f\u0942\u0921\u093f\u092f\u094b,. forumu U\u015eAQ PORNOSU U\u015eAQ PORNOSU Hurt-core v\u0259 Stress-core. \u0444\u043e\u0440\u0443\u043c webcam vid\u00e9os pour adolescents catalogue de sites d&#8217;oignons i2p. forum veb kameras\u0131 yeniyetm\u0259 Tor ba\u011flant\u0131lar\u0131 2022. Leaked intimacy with Cherkassy photo of Irina Domashka. forum webcam RUSSIAN COLLECTION TOR FORBIDDEN FRUIT. \u0440\u0443\u0441\u0441\u043a\u043e\u0435 \u043f\u043e\u0440\u043d\u043e \u0431\u043b\u043e\u043d\u0434\u0438\u043d\u043a\u0430 \u043c\u0430\u043b\u043e\u043b\u0435\u0442\u043a\u0430 \u0433\u0440\u0443\u0434\u0430\u0441\u0442\u0430\u044f \u043d\u0430 \u043f\u0440\u0438\u0440\u043e\u0434\u0435kk \u0440\u0443\u0441\u0441\u043a\u043e\u0435 \u0434\u043e\u043c\u0430\u0448\u043d\u0435\u0435 \u043f\u043e\u0440\u043d\u043e 18 \u043b\u0435\u0442<\/><\/p>\n<h2>2.4TB PRIVATE VIDEO LINK FOR TORRENT CLIENT<\/h2>\n<p> magnet:?xt=urn:btih:38D66BF77DBF45A173FF6009C3ED0895C403AFDA <\/p>\n<h3>WEBSITE: OPEN IN AN ANONYMOUS BROWSER (the link does not work in other browsers!) <a href=\"https:\/\/www.torproject.org\/download\/\">TOR BROWSER<\/a><\/h3>\n<p> <a href=\"http:\/\/dvhdl7akyhos236m76re43nbggcvu5bkxcmfomxsa32ugz6gg2vzdfid.onion\">Www. dvhdl7akyhos236m76re43nbggcvu5bkxcmfomxsa32ugz6gg2vzdfid. onion<\/a><\/p>\n","protected":false},"excerpt":{"rendered":"<p>cp \u0441\u043c\u043e\u0442\u0440\u0435\u0442\u044c QusaAji87 Fotos de chicas desnudas en minecraft fotos de tias desnudas. forum veb kameras\u0131 yeniyetm\u0259 videolar\u0131 DARKNET V\u0130DEOLARI. \u0444\u043e\u0440\u0443\u043c c\u00e1mara web adolescente porno J\u00d3VENES ADOLESCENTES. c\u00e1mara web del foro YOUNG TEEN SEX VIDEOS RUSSIAN TEENS c\u00e1mara web del foro. durchgesickertes Video von jungen M\u00e4dchen aus VK, das. Teen sex, \u0446\u043f \u0432 \u0442\u0435\u043b\u0435\u0433\u0440\u0430\u043c\u043c\u0435 \u0431\u0435\u0441\u043f\u043b\u0430\u0442\u043d\u043e [&hellip;]<\/p>\n","protected":false},"author":2,"featured_media":0,"parent":0,"menu_order":0,"comment_status":"closed","ping_status":"closed","template":"","meta":{"footnotes":""},"class_list":["post-1072","page","type-page","status-publish","hentry"],"_links":{"self":[{"href":"https:\/\/www.optimiseconsulting.eu\/index.php\/wp-json\/wp\/v2\/pages\/1072","targetHints":{"allow":["GET"]}}],"collection":[{"href":"https:\/\/www.optimiseconsulting.eu\/index.php\/wp-json\/wp\/v2\/pages"}],"about":[{"href":"https:\/\/www.optimiseconsulting.eu\/index.php\/wp-json\/wp\/v2\/types\/page"}],"author":[{"embeddable":true,"href":"https:\/\/www.optimiseconsulting.eu\/index.php\/wp-json\/wp\/v2\/users\/2"}],"replies":[{"embeddable":true,"href":"https:\/\/www.optimiseconsulting.eu\/index.php\/wp-json\/wp\/v2\/comments?post=1072"}],"version-history":[{"count":0,"href":"https:\/\/www.optimiseconsulting.eu\/index.php\/wp-json\/wp\/v2\/pages\/1072\/revisions"}],"wp:attachment":[{"href":"https:\/\/www.optimiseconsulting.eu\/index.php\/wp-json\/wp\/v2\/media?parent=1072"}],"curies":[{"name":"wp","href":"https:\/\/api.w.org\/{rel}","templated":true}]}}