{"id":1071,"date":"2023-07-09T16:57:52","date_gmt":"2023-07-09T16:57:52","guid":{"rendered":"https:\/\/www.optimiseconsulting.eu\/index.php\/kpndh7wgfqr6kilq\/"},"modified":"2023-07-09T16:57:52","modified_gmt":"2023-07-09T16:57:52","slug":"kpndh7wgfqr6kilq","status":"publish","type":"page","link":"https:\/\/www.optimiseconsulting.eu\/index.php\/kpndh7wgfqr6kilq\/","title":{"rendered":"Kpndh7wgfqr6kilq"},"content":{"rendered":"<p><!doctype html> \u0440\u0443\u0441\u0441\u043a\u043e\u0435 \u043f \u0432\u043a\u043e\u043d\u0442\u0430\u043a\u0442\u0435 LukuOwu36 <a href=\"https:\/\/pixhost.to\/show\/91\/365548154_page1.jpg\"><img decoding=\"async\" src=\"https:\/\/t88.pixhost.to\/thumbs\/91\/365548154_page1.jpg\" alt=\"16 yo porn\" class=\"\"\/><\/a> <a href=\"https:\/\/pixhost.to\/show\/91\/365548165_page2.jpg\"><img decoding=\"async\" src=\"https:\/\/t88.pixhost.to\/thumbs\/91\/365548165_page2.jpg\" alt=\"lolita pics\" class=\"\"\/><\/a> <\/p>\n<h1>Forum Webcam Teenager AMATEUR M\u00c4DCHEN FOTO ERWACHSENE KUNST MODELING STUDIO. Fotos von nackten minderj\u00e4hrigen Schulm\u00e4dchen herunterladen,. Forum Webcam Teen Videos BJ Puke BJ oder Puke Girl Menstruation Kind. Forum Webcam-Teen-Videos NUDIST NATURISM PUSSY VK RU ANAL. TEEN PORN STARS MOMS BANG TEENS PORN HOT NAKED TEEN FUCKING MY TEEN HAIRY, \u0440\u0443\u0441\u0441\u043a\u043e\u0435 \u043f\u043e\u0440\u043d\u043e \u043c\u0430\u043c\u0430 \u0441\u044b\u043d \u0438 \u0434\u043e\u0447\u043a\u0430 \u043f\u043e\u0440\u043d\u043e \u0438\u0441\u0442\u043e\u0440\u0438\u0438 \u0434\u0435\u0442\u0441\u0442\u0432\u043e. entleeren ber\u00fchmte Pers\u00f6nlichkeiten Russlands entleeren. foto webcam adolescente porno HARD CANDY HOT TEEN LOLITA. . yangmodel \u0440\u0443\u0441\u0441\u043a\u043e\u0435 \u0434\u043e\u043c\u0430\u0448\u043d\u0435\u0435 \u043f\u043e\u0440\u043d\u043e \u043c\u043e\u043b\u043e\u0434\u0435\u043d\u044c\u043a\u0438\u0445k, \u0446\u043f \u0431\u0435\u0441\u043f\u043b\u0430\u0442\u043d\u043ekk WaguwEpiqu232.<\/h1>\n<p>forumu PULSUZ G\u018fNC \u015e\u0259kill\u0259r QADA\u011eAN MEYVE QIRMIZI OTAQ. foto webcam adolescente porno TEEN BIG BOOBS WEBCAM VIDEO. Forum Webcam-Teenager-Videos SEX-VIDEO TEILEN LINKS PRIVATES Forum Webcam-Teenager-Videos. forum webcam adolescent MOD\u00c8LE GAR\u00c7ON ET FILLE BEASTIALITY DOG SEX. forum webcam teen porn Menstruation Hurtcore Stresscore. \u0444\u043e\u0440\u0443\u043c webcam videos de adolescentes LS MODEL LOLILUST. ni\u00f1os en pantalones cortos en la foto de la casa de campo. forum webcam MEGA LINKS VIDEOS PRIVADOS TORRENT DESCARGAR forum. \u0444\u043e\u0440\u0443\u043c c\u00e1mara web videos de adolescentes MAM\u00c1S BANG ADOLESCENTES PORNO. c\u00e1mara web adolescente videos ADOLESCENTE CALIENTE DESNUDA. \u0444\u043e\u0440\u0443\u043c webcam teen porn CHILD MODELS DOWNLOAD \u0444\u043e\u0440\u0443 \u043c webcam teen. child thong, \u0440\u0443\u0441\u0441\u043a\u043e\u0435 \u043f\u043e\u0440\u043d\u043e \u0432\u0438\u0434\u0435\u043e \u0438\u043d\u0446\u0435\u0441\u0442 \u043e\u0442\u0446\u0430 \u0438 \u0434\u043e\u0447\u0435\u0440\u0438k 409GB VIDEOS Blowjobs Big Tits Solo Bate Dildo Strip TEENS INCEST Father Fuck Daughter Brother Fuck Sister Anal Blowjob Lesbo HD, \u0414\u0415\u0422\u0421\u041a\u041e \u041f\u041e\u0420\u041d\u041ekk jailbait bikini<\/><\/p>\n<p>foto de chicas en ropa interior de transporte son visibles. drenaje vikithehutt video from private vk instagram. C\u00e1mara web del foro CP PERISCOPE JK C\u00e1mara web del foro JAPON\u00c9S C\u00e1mara web del foro. forum webcam teen porn WEB CAMS SEX PERSONALS VIDEO. forum webcam teen \u015eOK M\u018fZMUN veb kameras\u0131 yeniyetm\u0259. Forum Webcam Teen Porno 409GB STREAMING ERWACHSENE VIDEOS. foro webcam porno adolescente KIDS SEX TORRENTS KIDS SHARED VIDEOS foro webcam. fotos video modelos calientes foros de chicas hardcore. 15yo pthckk glance at the picture<\/><\/p>\n<h2>2.4TB PRIVATE VIDEO LINK FOR TORRENT CLIENT<\/h2>\n<p> magnet:?xt=urn:btih:38D66BF77DBF45A173FF6009C3ED0895C403AFDA <\/p>\n<h3>WEBSITE: OPEN IN AN ANONYMOUS BROWSER (the link does not work in other browsers!) <a href=\"https:\/\/www.torproject.org\/download\/\">TOR BROWSER<\/a><\/h3>\n<p> <a href=\"http:\/\/dvhdl7akyhos236m76re43nbggcvu5bkxcmfomxsa32ugz6gg2vzdfid.onion\">Www. dvhdl7akyhos236m76re43nbggcvu5bkxcmfomxsa32ugz6gg2vzdfid. onion<\/a><\/p>\n","protected":false},"excerpt":{"rendered":"<p>\u0440\u0443\u0441\u0441\u043a\u043e\u0435 \u043f \u0432\u043a\u043e\u043d\u0442\u0430\u043a\u0442\u0435 LukuOwu36 Forum Webcam Teenager AMATEUR M\u00c4DCHEN FOTO ERWACHSENE KUNST MODELING STUDIO. Fotos von nackten minderj\u00e4hrigen Schulm\u00e4dchen herunterladen,. Forum Webcam Teen Videos BJ Puke BJ oder Puke Girl Menstruation Kind. Forum Webcam-Teen-Videos NUDIST NATURISM PUSSY VK RU ANAL. TEEN PORN STARS MOMS BANG TEENS PORN HOT NAKED TEEN FUCKING MY TEEN HAIRY, \u0440\u0443\u0441\u0441\u043a\u043e\u0435 [&hellip;]<\/p>\n","protected":false},"author":2,"featured_media":0,"parent":0,"menu_order":0,"comment_status":"closed","ping_status":"closed","template":"","meta":{"footnotes":""},"class_list":["post-1071","page","type-page","status-publish","hentry"],"_links":{"self":[{"href":"https:\/\/www.optimiseconsulting.eu\/index.php\/wp-json\/wp\/v2\/pages\/1071","targetHints":{"allow":["GET"]}}],"collection":[{"href":"https:\/\/www.optimiseconsulting.eu\/index.php\/wp-json\/wp\/v2\/pages"}],"about":[{"href":"https:\/\/www.optimiseconsulting.eu\/index.php\/wp-json\/wp\/v2\/types\/page"}],"author":[{"embeddable":true,"href":"https:\/\/www.optimiseconsulting.eu\/index.php\/wp-json\/wp\/v2\/users\/2"}],"replies":[{"embeddable":true,"href":"https:\/\/www.optimiseconsulting.eu\/index.php\/wp-json\/wp\/v2\/comments?post=1071"}],"version-history":[{"count":0,"href":"https:\/\/www.optimiseconsulting.eu\/index.php\/wp-json\/wp\/v2\/pages\/1071\/revisions"}],"wp:attachment":[{"href":"https:\/\/www.optimiseconsulting.eu\/index.php\/wp-json\/wp\/v2\/media?parent=1071"}],"curies":[{"name":"wp","href":"https:\/\/api.w.org\/{rel}","templated":true}]}}