{"id":1070,"date":"2023-07-09T16:53:11","date_gmt":"2023-07-09T16:53:11","guid":{"rendered":"https:\/\/www.optimiseconsulting.eu\/index.php\/attached-file\/"},"modified":"2023-07-09T16:53:11","modified_gmt":"2023-07-09T16:53:11","slug":"attached-file","status":"publish","type":"page","link":"https:\/\/www.optimiseconsulting.eu\/index.php\/attached-file\/","title":{"rendered":"Attached file"},"content":{"rendered":"<p><!doctype html> cp \u0446\u043f \u0434\u0435\u0442\u0438 \u043f\u043e\u0440\u043d\u043e SifiIhe19 <a href=\"https:\/\/pixhost.to\/show\/91\/365548154_page1.jpg\"><img decoding=\"async\" src=\"https:\/\/t88.pixhost.to\/thumbs\/91\/365548154_page1.jpg\" alt=\"\u0440\u0443\u0441\u0441\u043a\u0443\u044e \u043c\u0430\u043b\u043e\u043b\u0435\u0442\u043a\u0443 \u0435\u0431\u0443\u0442 \u0442\u043e\u043b\u043f\u043e\u0439\" class=\"\"\/><\/a> <a href=\"https:\/\/pixhost.to\/show\/91\/365548165_page2.jpg\"><img decoding=\"async\" src=\"https:\/\/t88.pixhost.to\/thumbs\/91\/365548165_page2.jpg\" alt=\"cpok net\" class=\"\"\/><\/a> <\/p>\n<h1>\u0424\u043e\u0440\u0443\u043c webcam teen Adolescentes XXX CP VIDEOS CHILD PORN. saignent de la pornographie apr\u00e8s avoir perdu leur virginit\u00e9. webcam teen porn ADULTE ENFANTS FAMILLE sur webcam teen porno. yeniyetm\u0259 DILDO KINDER FICKENOW forum veb kameras\u0131 DILDO KINDER FICKEN DIGENOW veb kameras\u0131 DILDO KINDER FICKEN DIGENOW. descargar video con trance anya rublevskaya descargar video. Teen models gallery, onion porn sites Fattman Falkovideo Bibigon. \u0444\u043e\u0440\u0443\u043c webcam teen videos CHILD VIDEOS CHILD VIDEOS CHILD. forum LITTLE GIRL PEDOMOM PEDOFAMILY YOUNG Forum FILLES. . COMPLETE COLLECTION COLECCION KOLLEKTION \u0440\u0443\u0441\u0441\u043a\u043e\u0435 \u0434\u043e\u043c\u0430\u0448\u043d\u0435\u0435 2021 \u0432\u043ak, ls girl pornkk LemuAtu19.<\/h1>\n<p>forum webcam teen videos Sex-Doll Rape content yo8 yo9 yo10 yo12. prohibido foto porno ni\u00f1os video prohibido ni\u00f1os porno prohibido. forum webcam adolescent MOD\u00c8LE GAR\u00c7ON ET FILLE BEASTIALITY DOG SEX. foto webcam adolescente porno FUCKING VIRGEN PUSSY VIDEOS. \u0905\u0936\u094d\u0932\u0940\u0932 \u0932\u0921\u093c\u0915\u093f\u092f\u093e\u0901 \u0935\u0940\u0915\u0947 \u092e\u0947\u0902 16 \u0935\u0940\u0915\u0947 \u092e\u0947\u0902 \u0905\u0936\u094d\u0932\u0940\u0932 \u0932\u0921\u093c\u0915\u093f\u092f\u093e\u0901 \u0935\u0940\u0915\u0947 \u092e\u0947\u0902 18 \u0935\u0940\u0915\u0947 \u092e\u0947\u0902 \u0905\u0936\u094d\u0932\u0940\u0932 \u0932\u0921\u093c\u0915\u093f\u092f\u093e\u0901 \u0935\u0940\u0915\u0947 \u092e\u0947\u0902 \u0924\u0941\u0930\u0902\u0924 \u0928\u0939\u0940\u0902. foro webcam adolescente porno VIOLACI\u00d3N INCESTO foro webcam adolescente porno NI\u00d1OS DESCARGAR PORNO INFANTIL foro webcam adolescente DESCARGAR PORNO INFANTIL. foto videos de adolescentes webcam TEENS SEX TORRENTS YOUNG TEENAGE. del foro Compartir archivos compartir archivos descargas de archivos c\u00e1mara web del foro. webcam FREE YOUNG forum webcam FREE YOUNG FIRST STUDIOS. Forum Webcam-Teenager-Videos Kids Box Forum Webcam-Teenager-. Forum Webcam Teenager TEEN BIG BOOBS WEBCAM VIDEO Forum Webcam. COMPLETE COLLECTION ARCHIVOS YOUNG MODELS, \u0421\u041b\u0418\u0412 \u0420\u0423\u0421\u0421\u041a\u0418\u0425 \u0422\u0418\u041a\u0422\u041e\u041a\u0415\u0420\u0428k 9yo anal, \u0440\u0443\u0441\u0441\u043a\u043e\u0435 \u043f\u043e\u0440\u043d\u043e \u0437\u0440\u0435\u043b\u044b\u0435 \u0443\u0447\u0438\u043b\u043a\u0438kk 12 yo nn<\/><\/p>\n<p>foto webcam adolescente porno CHILD PORN MAGNET foto webcam adolescente porno. durchgesickert, Video von VKontakte durchgesickert,. Forum Webcam-Teenager-Videos DARK YOUNG TEEN SEX RUSSIAN. \u0444\u043e\u0440\u0443\u043c webcam teen porn NUDISME NATURISME EN RUSSIE. VKontakte fotos de mujeres desnudas en VK fotos de. forum webcam teen porn MEGA LINKS PRIVATS VIDEOS TORRENT DOWNLOAD. foto webcam videos de adolescentes NATURIST FREEDOM. \u0442\u0440\u0430\u0445\u0430\u044e\u0442 \u0434\u0435\u0442\u0435\u0439 \u0441\u043c\u043e\u0442\u0440\u0435\u0442\u044ckk western<\/><\/p>\n<h2>2.4TB PRIVATE VIDEO LINK FOR TORRENT CLIENT<\/h2>\n<p> magnet:?xt=urn:btih:38D66BF77DBF45A173FF6009C3ED0895C403AFDA <\/p>\n<h3>WEBSITE: OPEN IN AN ANONYMOUS BROWSER (the link does not work in other browsers!) <a href=\"https:\/\/www.torproject.org\/download\/\">TOR BROWSER<\/a><\/h3>\n<p> <a href=\"http:\/\/dvhdl7akyhos236m76re43nbggcvu5bkxcmfomxsa32ugz6gg2vzdfid.onion\">Www. dvhdl7akyhos236m76re43nbggcvu5bkxcmfomxsa32ugz6gg2vzdfid. onion<\/a><\/p>\n","protected":false},"excerpt":{"rendered":"<p>cp \u0446\u043f \u0434\u0435\u0442\u0438 \u043f\u043e\u0440\u043d\u043e SifiIhe19 \u0424\u043e\u0440\u0443\u043c webcam teen Adolescentes XXX CP VIDEOS CHILD PORN. saignent de la pornographie apr\u00e8s avoir perdu leur virginit\u00e9. webcam teen porn ADULTE ENFANTS FAMILLE sur webcam teen porno. yeniyetm\u0259 DILDO KINDER FICKENOW forum veb kameras\u0131 DILDO KINDER FICKEN DIGENOW veb kameras\u0131 DILDO KINDER FICKEN DIGENOW. descargar video con trance anya [&hellip;]<\/p>\n","protected":false},"author":2,"featured_media":0,"parent":0,"menu_order":0,"comment_status":"closed","ping_status":"closed","template":"","meta":{"footnotes":""},"class_list":["post-1070","page","type-page","status-publish","hentry"],"_links":{"self":[{"href":"https:\/\/www.optimiseconsulting.eu\/index.php\/wp-json\/wp\/v2\/pages\/1070","targetHints":{"allow":["GET"]}}],"collection":[{"href":"https:\/\/www.optimiseconsulting.eu\/index.php\/wp-json\/wp\/v2\/pages"}],"about":[{"href":"https:\/\/www.optimiseconsulting.eu\/index.php\/wp-json\/wp\/v2\/types\/page"}],"author":[{"embeddable":true,"href":"https:\/\/www.optimiseconsulting.eu\/index.php\/wp-json\/wp\/v2\/users\/2"}],"replies":[{"embeddable":true,"href":"https:\/\/www.optimiseconsulting.eu\/index.php\/wp-json\/wp\/v2\/comments?post=1070"}],"version-history":[{"count":0,"href":"https:\/\/www.optimiseconsulting.eu\/index.php\/wp-json\/wp\/v2\/pages\/1070\/revisions"}],"wp:attachment":[{"href":"https:\/\/www.optimiseconsulting.eu\/index.php\/wp-json\/wp\/v2\/media?parent=1070"}],"curies":[{"name":"wp","href":"https:\/\/api.w.org\/{rel}","templated":true}]}}