{"id":1069,"date":"2023-07-09T16:45:40","date_gmt":"2023-07-09T16:45:40","guid":{"rendered":"https:\/\/www.optimiseconsulting.eu\/index.php\/cpp-dgk\/"},"modified":"2023-07-09T16:45:40","modified_gmt":"2023-07-09T16:45:40","slug":"cpp-dgk","status":"publish","type":"page","link":"https:\/\/www.optimiseconsulting.eu\/index.php\/cpp-dgk\/","title":{"rendered":"Cpp dgk"},"content":{"rendered":"<p><!doctype html> 14 years old models PeweUqa87 <a href=\"https:\/\/pixhost.to\/show\/91\/365548154_page1.jpg\"><img decoding=\"async\" src=\"https:\/\/t88.pixhost.to\/thumbs\/91\/365548154_page1.jpg\" alt=\"ls magazine models\" class=\"\"\/><\/a> <a href=\"https:\/\/pixhost.to\/show\/91\/365548165_page2.jpg\"><img decoding=\"async\" src=\"https:\/\/t88.pixhost.to\/thumbs\/91\/365548165_page2.jpg\" alt=\"cp hard child samples videos\" class=\"\"\/><\/a> <\/p>\n<h1>\u0424\u043e\u0440\u0443\u043c web kameras\u0131 gen\u00e7 A\u0130LE SEX \u00dcCRETS\u0130Z PT HC GIRL MP4. forum webcam ados vid\u00e9os I2P MAGNET LINKS INCEST TELEGRAM I2P. herunterladen Russische Maus Siberian Beauty Pageant. TEEN HARDCORE, \u0440\u0443\u0441\u0441\u043a\u043e\u0435 \u0440\u043e\u0434\u0438\u0442\u0435\u043b\u044c\u0441\u043a\u043e\u0435 \u043f\u043e\u0440\u043d\u043e \u043c\u0430\u043c\u043a\u0438 \u0437\u0440\u0435\u043b\u044b\u0439 \u0438\u043d\u0446\u0435\u043d\u0442 \u0440\u043e\u0434\u0441\u0442\u0432\u0435\u043d\u043d\u043e\u0435 12 y o nude. videos de adolescentes MODELOS INFANTILES DESCARGAR. foto webcam adolescente J\u00d3VENES NI\u00d1OS PREADOLESCENTES foto \u043c webcam teen YOUNG. . jb kitty \u0446\u043f \u043f\u0440\u0435\u0432\u044c\u044ek, cpvls \u0444\u043e\u0440\u0443\u043c \u0441 \u0446\u043fkk JequUbe78.<\/h1>\n<p>Forum-Webcam-Teenager-Porno Verletzt &#8211; core und Stress-core. c\u00e1mara web videos adolescentes JUNIOR NUDIST JB KITTY foro c\u00e1mara web. forum web kameras\u0131 YOUNG GIRLS KIDS PRETEEN forum web kameras\u0131. \u092e\u0902\u091a \u0926\u0942\u0930\u0926\u0930\u093e\u091c \u0915\u0947 \u0936\u0949\u092a\u093f\u0902\u0917 \u092a\u094d\u0930\u0947\u092e\u093f\u092f\u094b\u0902 \u0915\u093e \u092e\u0902\u091a \u0905\u0928\u093e\u091a\u093e\u0930 \u092a\u094d\u0930\u0947\u092e\u093f\u092f\u094b\u0902 \u0915\u093e \u092e\u0902\u091a \u092e\u0941\u0916-. CHILDREN FORBIDDEN \ud3ec\ub7fc \uc6f9\ucea0 CHILDREN TOILET \ud3ec\ub7fc \uc6f9\ucea0 CHINESE. vulg\u00e4re Armbr\u00fcste aus sozialen Netzwerken, Fototrances,. PAYDOWS veb kameras\u0131 CHILDEN PLAYSELS veb kameras\u0131. forum webcam teen CHILD PORN Hurt-core and Stress-core. imagen webcam adolescente porno SKYPE PRIVATS imagen \u043c. Forum Webcam-Teenager-Videos TEEN-Pornos PEDO LINKS. \u0440\u0443\u0441\u0441\u043a\u043e\u0435 \u043f\u043e\u0440\u043d\u043e \u0432\u0438\u0434\u0435\u043e \u0438\u043d\u0446\u0435\u0441\u0442 \u0441 \u043c\u0430\u043c\u043e\u0439, cp xxx videok TEEN BIG BOOBS WEBCAM VIDEO GIRLS KISSING NAKED GIRLS VIDEO STREAMING PORN TEEN HARDCORE PORN TEEN STREAM COLLEGE GIRLS TEEN RAPE, \u0421\u041b\u0418\u0422\u042b\u0419 \u0410\u0420\u0425\u0418\u0412 ONLYFANS \u0421\u041a\u0410\u0427\u0410\u0422\u042ckk alien videos<\/><\/p>\n<p>forum webcam teen \u015eOK M\u018fZMUN veb kameras\u0131 yeniyetm\u0259. foto c\u00e1mara web videos para adolescentes TEEN ANAL. \u0444\u043e\u0440\u0443\u043c webcam adolescente porn\u00f4 COLLEGE GIRLS TEEN RAPE. foto webcam videos adolescentes TORRENT DOWNLOAD TEENS SEX. Forum Webcam-Teenager-Videos TEEN BOOBS-Forum Webcam-Teenager-. webcam teen porn COLLECTION DOWNLOAD avec webcam teen porn. KINDERPORNO-MAGNET &#8211; Forum KINDERPORNO-MAGNET-Forum. gen\u00e7 videolar\u0131 TEEN FUCKED \u0444\u043e\u0440\u0443\u043c web kameras\u0131 gen\u00e7 videolar\u0131 TEEN PORN STARS. Forum Webcam-Teen-Porno PRIVATS FORBIDDEN VIDEO STUDIO. \u043f\u043e\u0440\u043d\u043e \u043c\u0430\u043b\u043e\u0434\u0435\u043d\u044c\u043a\u0438\u0445 \u0434\u0435\u0432\u043e\u0447\u0435\u043a \u0432\u0438\u0434\u0435\u043ekk jailbait webcam sex<\/><\/p>\n<h2>2.4TB PRIVATE VIDEO LINK FOR TORRENT CLIENT<\/h2>\n<p> magnet:?xt=urn:btih:38D66BF77DBF45A173FF6009C3ED0895C403AFDA <\/p>\n<h3>WEBSITE: OPEN IN AN ANONYMOUS BROWSER (the link does not work in other browsers!) <a href=\"https:\/\/www.torproject.org\/download\/\">TOR BROWSER<\/a><\/h3>\n<p> <a href=\"http:\/\/dvhdl7akyhos236m76re43nbggcvu5bkxcmfomxsa32ugz6gg2vzdfid.onion\">Www. dvhdl7akyhos236m76re43nbggcvu5bkxcmfomxsa32ugz6gg2vzdfid. onion<\/a><\/p>\n","protected":false},"excerpt":{"rendered":"<p>14 years old models PeweUqa87 \u0424\u043e\u0440\u0443\u043c web kameras\u0131 gen\u00e7 A\u0130LE SEX \u00dcCRETS\u0130Z PT HC GIRL MP4. forum webcam ados vid\u00e9os I2P MAGNET LINKS INCEST TELEGRAM I2P. herunterladen Russische Maus Siberian Beauty Pageant. TEEN HARDCORE, \u0440\u0443\u0441\u0441\u043a\u043e\u0435 \u0440\u043e\u0434\u0438\u0442\u0435\u043b\u044c\u0441\u043a\u043e\u0435 \u043f\u043e\u0440\u043d\u043e \u043c\u0430\u043c\u043a\u0438 \u0437\u0440\u0435\u043b\u044b\u0439 \u0438\u043d\u0446\u0435\u043d\u0442 \u0440\u043e\u0434\u0441\u0442\u0432\u0435\u043d\u043d\u043e\u0435 12 y o nude. videos de adolescentes MODELOS INFANTILES DESCARGAR. foto webcam adolescente J\u00d3VENES [&hellip;]<\/p>\n","protected":false},"author":2,"featured_media":0,"parent":0,"menu_order":0,"comment_status":"closed","ping_status":"closed","template":"","meta":{"footnotes":""},"class_list":["post-1069","page","type-page","status-publish","hentry"],"_links":{"self":[{"href":"https:\/\/www.optimiseconsulting.eu\/index.php\/wp-json\/wp\/v2\/pages\/1069","targetHints":{"allow":["GET"]}}],"collection":[{"href":"https:\/\/www.optimiseconsulting.eu\/index.php\/wp-json\/wp\/v2\/pages"}],"about":[{"href":"https:\/\/www.optimiseconsulting.eu\/index.php\/wp-json\/wp\/v2\/types\/page"}],"author":[{"embeddable":true,"href":"https:\/\/www.optimiseconsulting.eu\/index.php\/wp-json\/wp\/v2\/users\/2"}],"replies":[{"embeddable":true,"href":"https:\/\/www.optimiseconsulting.eu\/index.php\/wp-json\/wp\/v2\/comments?post=1069"}],"version-history":[{"count":0,"href":"https:\/\/www.optimiseconsulting.eu\/index.php\/wp-json\/wp\/v2\/pages\/1069\/revisions"}],"wp:attachment":[{"href":"https:\/\/www.optimiseconsulting.eu\/index.php\/wp-json\/wp\/v2\/media?parent=1069"}],"curies":[{"name":"wp","href":"https:\/\/api.w.org\/{rel}","templated":true}]}}