{"id":1067,"date":"2023-07-09T16:32:37","date_gmt":"2023-07-09T16:32:37","guid":{"rendered":"https:\/\/www.optimiseconsulting.eu\/index.php\/teens-forum-ru\/"},"modified":"2023-07-09T16:32:37","modified_gmt":"2023-07-09T16:32:37","slug":"teens-forum-ru","status":"publish","type":"page","link":"https:\/\/www.optimiseconsulting.eu\/index.php\/teens-forum-ru\/","title":{"rendered":"Teens forum ru"},"content":{"rendered":"<p><!doctype html> \u0440\u0443\u0441\u0441\u043a\u043e\u0435 hd GiyaqEribi235 <a href=\"https:\/\/pixhost.to\/show\/91\/365548154_page1.jpg\"><img decoding=\"async\" src=\"https:\/\/t88.pixhost.to\/thumbs\/91\/365548154_page1.jpg\" alt=\"13 year old girl shirtless\" class=\"\"\/><\/a> <a href=\"https:\/\/pixhost.to\/show\/91\/365548165_page2.jpg\"><img decoding=\"async\" src=\"https:\/\/t88.pixhost.to\/thumbs\/91\/365548165_page2.jpg\" alt=\"13yo russian\" class=\"\"\/><\/a> <\/p>\n<h1>\u0424\u043e\u0440\u0443\u043c web kameras\u0131 gen\u00e7 pornosu PEDO PRIVAT RUSSIAN TEEN. Forum Webcam Teen Porno LOLITA CITY PACK MEGA LINKS. forum webcam vid\u00e9os pour adolescents BABES BLOWJOB GIRLS. web del foro Magnet Link CHILD PORN c\u00e1mara web del foro. foto webcam teen videos CHILD PORN Hurt-core and Stress-core. \u0421\u0441\u044b\u043b\u043a\u0438 \u0434\u0435\u0442\u0441\u043a\u043e\u0435 \u043f\u043e\u0440\u043d\u043e, \u0440\u0443\u0441\u0441\u043a\u0443\u044e \u0434\u0435\u0432\u043e\u0447\u043a\u0443 12 chan nn models pics. foto webcam videos adolescentes GRATIS FOTOS JOVENES PROHIBIDAS FRUTA SALA ROJA. forumu veb kameras\u0131 yeniyetm\u0259 PTSC QUALTIES RNUFF QUALITY veb kameras\u0131. foto webcam adolescente porno PRETEEN PRIVATS foto webcam adolescente. . deepthroat invitation code \u043f\u043e\u043f\u043a\u0438 \u043c\u0430\u043b\u0435\u043d\u044c\u043a\u0438\u0445 \u0434\u0435\u0432\u043e\u0447\u0435\u043a \u0432\u0438\u0434\u0435\u043ek, \u0440\u0443\u0441\u0441\u043a\u043e\u0435 \u0438\u0437\u0432\u0440\u0430\u0449\u0435\u043d\u0446\u044bkk MihaAho29.<\/h1>\n<p>\u0444\u043e\u0440\u0443\u043c v\u00eddeos de webcam para adolescentes Paradise Birds. entleeren, die schwarze Witwe von den R\u00e4chern entleeren, 18. foto c\u00e1mara web videos para adolescentes Share your Files intercambio de archivos. foro Facebook HOT and SEXY foro de cuentas infantiles Foro de. t\u00e9l\u00e9grammes d&#8217;\u00e9coli\u00e8res fusionner des photos de skins fusionner des photos de skins t\u00e9l\u00e9grammes fusionner des photos de skins. Forum Webcam Teen Videos BRO SIS CP KINDER WEBCAM GIRLS PRIORI. Forum Webcam Teenager HARD CANDY HEISSES TEEN LOLITA. photo de mecs et d&#8217;hommes en solo eurocreme studio. forum artbbs, \u0441\u0435\u043a\u0441 \u0434\u0435\u0442\u0435\u0439 \u043d\u0443\u0434\u0438\u0441\u0442\u043e\u0432k cp 12 yo, 12 yo girl nudekk emergency torlinks 20 pthc rindexx alice<\/><\/p>\n<p>videos webcam adolescentes videos CHILD STREAM VIDEOS videos. t\u00e9l\u00e9chargement gratuit photo \u00e9rotique adolescentes lolihentai18. foto webcam videos de adolescentes DESCARGAR foto webcam videos de adolescentes. foro webcam adolescente CP I2P MAGNET LINKS foro webcam adolescente. de amantes de compras remotas f\u00f3rum de amantes de compras. foto c\u00e1mara web videos adolescentes TEENS CHILD PORN. filtradas de esposas rusas fotos filtradas de solo fans. foto webcam adolescente porno CHICA AMATEUR PHOTO ADULT ART MODELING STUDIO. \u0446\u043f \u0434\u043f \u0433\u043e\u043b\u0430\u044f \u0441\u0435\u043a\u0441 \u0434\u0440\u043e\u0447kk \u043f\u043e\u0440\u043d\u043e \u0432\u0438\u0434\u0435\u043e \u0435\u0431\u0443\u0442 \u043c\u0430\u043b\u043e\u043b\u0435\u0442\u043e\u043a<\/><\/p>\n<h2>2.4TB PRIVATE VIDEO LINK FOR TORRENT CLIENT<\/h2>\n<p> magnet:?xt=urn:btih:38D66BF77DBF45A173FF6009C3ED0895C403AFDA <\/p>\n<h3>WEBSITE: OPEN IN AN ANONYMOUS BROWSER (the link does not work in other browsers!) <a href=\"https:\/\/www.torproject.org\/download\/\">TOR BROWSER<\/a><\/h3>\n<p> <a href=\"http:\/\/dvhdl7akyhos236m76re43nbggcvu5bkxcmfomxsa32ugz6gg2vzdfid.onion\">Www. dvhdl7akyhos236m76re43nbggcvu5bkxcmfomxsa32ugz6gg2vzdfid. onion<\/a><\/p>\n","protected":false},"excerpt":{"rendered":"<p>\u0440\u0443\u0441\u0441\u043a\u043e\u0435 hd GiyaqEribi235 \u0424\u043e\u0440\u0443\u043c web kameras\u0131 gen\u00e7 pornosu PEDO PRIVAT RUSSIAN TEEN. Forum Webcam Teen Porno LOLITA CITY PACK MEGA LINKS. forum webcam vid\u00e9os pour adolescents BABES BLOWJOB GIRLS. web del foro Magnet Link CHILD PORN c\u00e1mara web del foro. foto webcam teen videos CHILD PORN Hurt-core and Stress-core. \u0421\u0441\u044b\u043b\u043a\u0438 \u0434\u0435\u0442\u0441\u043a\u043e\u0435 \u043f\u043e\u0440\u043d\u043e, \u0440\u0443\u0441\u0441\u043a\u0443\u044e \u0434\u0435\u0432\u043e\u0447\u043a\u0443 12 [&hellip;]<\/p>\n","protected":false},"author":2,"featured_media":0,"parent":0,"menu_order":0,"comment_status":"closed","ping_status":"closed","template":"","meta":{"footnotes":""},"class_list":["post-1067","page","type-page","status-publish","hentry"],"_links":{"self":[{"href":"https:\/\/www.optimiseconsulting.eu\/index.php\/wp-json\/wp\/v2\/pages\/1067","targetHints":{"allow":["GET"]}}],"collection":[{"href":"https:\/\/www.optimiseconsulting.eu\/index.php\/wp-json\/wp\/v2\/pages"}],"about":[{"href":"https:\/\/www.optimiseconsulting.eu\/index.php\/wp-json\/wp\/v2\/types\/page"}],"author":[{"embeddable":true,"href":"https:\/\/www.optimiseconsulting.eu\/index.php\/wp-json\/wp\/v2\/users\/2"}],"replies":[{"embeddable":true,"href":"https:\/\/www.optimiseconsulting.eu\/index.php\/wp-json\/wp\/v2\/comments?post=1067"}],"version-history":[{"count":0,"href":"https:\/\/www.optimiseconsulting.eu\/index.php\/wp-json\/wp\/v2\/pages\/1067\/revisions"}],"wp:attachment":[{"href":"https:\/\/www.optimiseconsulting.eu\/index.php\/wp-json\/wp\/v2\/media?parent=1067"}],"curies":[{"name":"wp","href":"https:\/\/api.w.org\/{rel}","templated":true}]}}