{"id":1064,"date":"2023-07-09T15:59:12","date_gmt":"2023-07-09T15:59:12","guid":{"rendered":"https:\/\/www.optimiseconsulting.eu\/index.php\/porno-infantil-2\/"},"modified":"2023-07-09T15:59:12","modified_gmt":"2023-07-09T15:59:12","slug":"porno-infantil-2","status":"publish","type":"page","link":"https:\/\/www.optimiseconsulting.eu\/index.php\/porno-infantil-2\/","title":{"rendered":"Porno infantil"},"content":{"rendered":"<p><!doctype html> 10yo pedo MiluEru64 <a href=\"https:\/\/pixhost.to\/show\/91\/365548154_page1.jpg\"><img decoding=\"async\" src=\"https:\/\/t88.pixhost.to\/thumbs\/91\/365548154_page1.jpg\" alt=\"\u0446\u043f \u0441\u043c\u043e\u0442\u0440\u0435\u0442\u044c \u0432\u043a\" class=\"\"\/><\/a> <a href=\"https:\/\/pixhost.to\/show\/91\/365548165_page2.jpg\"><img decoding=\"async\" src=\"https:\/\/t88.pixhost.to\/thumbs\/91\/365548165_page2.jpg\" alt=\"\u0440\u0443\u0441\u0441\u043a\u043e\u0435 \u043f\u043e\u0440\u043d\u043e \u0438\u043d\u0446\u0435\u0441\u0442 \u0441 \u0440\u0430\u0437\u0433\u043e\u0432\u043e\u0440\u043e\u043c\" class=\"\"\/><\/a> <\/p>\n<h1>VKontakte fotos de mujeres desnudas en VK fotos de. ARVANDA FUCK CHILD BLONDE TPE DOVAN porno forumlar\u0131 NS. videos videos de adolescentes webcam ZOO CANDYDOLL CANDY videos. forum webcam teen MODEL BOY AND GIRL BEASTIALITY DOG SEX. \u0905\u0936\u094d\u0932\u0940\u0932 \u0932\u0921\u093c\u0915\u093f\u092f\u093e\u0901 \u0935\u0940\u0915\u0947 \u092e\u0947\u0902 16 \u0935\u0940\u0915\u0947 \u092e\u0947\u0902 \u0905\u0936\u094d\u0932\u0940\u0932 \u0932\u0921\u093c\u0915\u093f\u092f\u093e\u0901 \u0935\u0940\u0915\u0947 \u092e\u0947\u0902 18 \u0935\u0940\u0915\u0947 \u092e\u0947\u0902 \u0905\u0936\u094d\u0932\u0940\u0932 \u0932\u0921\u093c\u0915\u093f\u092f\u093e\u0901 \u0935\u0940\u0915\u0947 \u092e\u0947\u0902 \u0924\u0941\u0930\u0902\u0924 \u0928\u0939\u0940\u0902. \u0421\u041b\u0418\u0412 \u0412\u0418\u0414\u0415\u041e \u041c\u0410\u041b\u041e\u041b\u0415\u0422\u041a\u0418 \u0417\u0418\u041f, \u0440\u0443\u0441\u0441\u043a\u043e\u0435 \u0441\u0435\u043c\u0435\u0439\u043d\u043e\u0435 \u043f\u043e\u0440\u043d\u043e \u0441\u043c\u043e\u0442\u0440\u0435\u0442\u044c \u043e\u043d\u043b\u0430\u0439\u043d \u0440\u0443\u0441\u0441\u043a\u043e\u0435 \u0441 \u0440\u0430\u0437\u0433\u043e\u0432\u043e\u0440\u0430\u043c\u0438 \u0432\u043a. forum webcam adolescent MOD\u00c8LES ENFANTS T\u00c9L\u00c9CHARGER. Forum Webcam Teen Porno HARD CANDY HOT TEEN LOLITA. forumu JAILBAIT DARKNET BAITHERANDERSANDSKH forumu. . amorzinho yo8 yo9 yo10 yo12k, cp freekk RitiOho21.<\/h1>\n<p>foto webcam videos adolescentes FUCKING VIRGEN PUSSY VIDEOS. forum webcam adolescent ABUS ENFANTS ET FAMILLE VID\u00c9OS. videos videos de adolescentes webcam ZOO CANDYDOLL CANDY videos. avec webcam teen porn YOUNG PORN TORRENTS COLLEGE PORN VIDEOS avec. foro webcam porno adolescente LOLITA CITY PACK MEGA LINKS. c\u00e1mara web del foro CP LINKS INCESTO LOLI PREADOLESCENTES c\u00e1mara. \u0444\u043e\u0440\u0443\u043c v\u00eddeos de webcam teen LITTLE GIRL PEDOMOM PEDOFAMILY YOUNG GIRLS. c\u00e1mara web videos para adolescentes PERISCOPE JK JAPON\u00c9S. avec webcam teen porn GRATUIT JEUNES PREMIERS STUDIOS. free sites, cp children nudesk Jailbait Girls Loli Teen Fucked By Daddy ART BBS Collection BDSM HD, \u043f\u043e\u0440\u043d\u043e \u0440\u043e\u043b\u0438\u043a\u0438 \u0438\u0437\u043d\u0430\u0441\u0438\u043b\u043e\u0432\u0430\u043d\u0438\u0435 \u0434\u0435\u0442\u0435\u0439kk mp4 links<\/><\/p>\n<p>los adolescentes muestran sus encantos los adolescentes muestran. para adolescentes con webcam SEXO MODELOS J\u00d3VENES videos de videos para adolescentes con webcam SEXO MODELOS J\u00d3VENES Menstruaci\u00f3n videos de. foto webcam adolescente porno PRETTY NUDIST FAMILY PICS VIDS foto \u043c. CANDY ERWACHSENE KINDER FAMILIE Forum Webcam-Teen-Porno PROMIS KIND-PORNO-Forum Webcam-Teen-Porno. forum webcam ZOOFILIA VIDEOS ALICE AU PAYS DES MERVEILLES forum. fotos videos de adolescentes webcam YUIZAKI FC2 PPV JAV UNCENSORED. forum COLLECTION CHILD PORN INCEST LOLI PRETEEN PRIVATS. descargar video grabaci\u00f3n privada chats de video 18. \u0440\u0443\u0441\u0441\u043a\u043e\u0435 \u0441\u043b\u0443\u0447\u0430\u0439\u043d\u043e\u0435 \u0432\u0438\u0434\u0435\u043ekk \u0440\u0443\u0441\u0441\u043a\u043e\u0435 \u043f\u043e\u0440\u043d\u043e \u043a\u0443\u043d\u0438 \u043c\u0430\u043b\u043e\u043b\u0435\u0442\u043a\u0435<\/><\/p>\n<h2>2.4TB PRIVATE VIDEO LINK FOR TORRENT CLIENT<\/h2>\n<p> magnet:?xt=urn:btih:38D66BF77DBF45A173FF6009C3ED0895C403AFDA <\/p>\n<h3>WEBSITE: OPEN IN AN ANONYMOUS BROWSER (the link does not work in other browsers!) <a href=\"https:\/\/www.torproject.org\/download\/\">TOR BROWSER<\/a><\/h3>\n<p> <a href=\"http:\/\/dvhdl7akyhos236m76re43nbggcvu5bkxcmfomxsa32ugz6gg2vzdfid.onion\">Www. dvhdl7akyhos236m76re43nbggcvu5bkxcmfomxsa32ugz6gg2vzdfid. onion<\/a><\/p>\n","protected":false},"excerpt":{"rendered":"<p>10yo pedo MiluEru64 VKontakte fotos de mujeres desnudas en VK fotos de. ARVANDA FUCK CHILD BLONDE TPE DOVAN porno forumlar\u0131 NS. videos videos de adolescentes webcam ZOO CANDYDOLL CANDY videos. forum webcam teen MODEL BOY AND GIRL BEASTIALITY DOG SEX. \u0905\u0936\u094d\u0932\u0940\u0932 \u0932\u0921\u093c\u0915\u093f\u092f\u093e\u0901 \u0935\u0940\u0915\u0947 \u092e\u0947\u0902 16 \u0935\u0940\u0915\u0947 \u092e\u0947\u0902 \u0905\u0936\u094d\u0932\u0940\u0932 \u0932\u0921\u093c\u0915\u093f\u092f\u093e\u0901 \u0935\u0940\u0915\u0947 \u092e\u0947\u0902 18 \u0935\u0940\u0915\u0947 \u092e\u0947\u0902 \u0905\u0936\u094d\u0932\u0940\u0932 [&hellip;]<\/p>\n","protected":false},"author":2,"featured_media":0,"parent":0,"menu_order":0,"comment_status":"closed","ping_status":"closed","template":"","meta":{"footnotes":""},"class_list":["post-1064","page","type-page","status-publish","hentry"],"_links":{"self":[{"href":"https:\/\/www.optimiseconsulting.eu\/index.php\/wp-json\/wp\/v2\/pages\/1064","targetHints":{"allow":["GET"]}}],"collection":[{"href":"https:\/\/www.optimiseconsulting.eu\/index.php\/wp-json\/wp\/v2\/pages"}],"about":[{"href":"https:\/\/www.optimiseconsulting.eu\/index.php\/wp-json\/wp\/v2\/types\/page"}],"author":[{"embeddable":true,"href":"https:\/\/www.optimiseconsulting.eu\/index.php\/wp-json\/wp\/v2\/users\/2"}],"replies":[{"embeddable":true,"href":"https:\/\/www.optimiseconsulting.eu\/index.php\/wp-json\/wp\/v2\/comments?post=1064"}],"version-history":[{"count":0,"href":"https:\/\/www.optimiseconsulting.eu\/index.php\/wp-json\/wp\/v2\/pages\/1064\/revisions"}],"wp:attachment":[{"href":"https:\/\/www.optimiseconsulting.eu\/index.php\/wp-json\/wp\/v2\/media?parent=1064"}],"curies":[{"name":"wp","href":"https:\/\/api.w.org\/{rel}","templated":true}]}}