{"id":1063,"date":"2023-07-09T15:56:15","date_gmt":"2023-07-09T15:56:15","guid":{"rendered":"https:\/\/www.optimiseconsulting.eu\/index.php\/childs-play\/"},"modified":"2023-07-09T15:56:15","modified_gmt":"2023-07-09T15:56:15","slug":"childs-play","status":"publish","type":"page","link":"https:\/\/www.optimiseconsulting.eu\/index.php\/childs-play\/","title":{"rendered":"Childs play"},"content":{"rendered":"<p><!doctype html> 16 yo girls WeqakEfuti529 <a href=\"https:\/\/pixhost.to\/show\/91\/365548154_page1.jpg\"><img decoding=\"async\" src=\"https:\/\/t88.pixhost.to\/thumbs\/91\/365548154_page1.jpg\" alt=\"13 yo nude\" class=\"\"\/><\/a> <a href=\"https:\/\/pixhost.to\/show\/91\/365548165_page2.jpg\"><img decoding=\"async\" src=\"https:\/\/t88.pixhost.to\/thumbs\/91\/365548165_page2.jpg\" alt=\"cp \u0432 \u043b\u0441\" class=\"\"\/><\/a> <\/p>\n<h1>Webcam GRATUITE du forum YOUNG PICS FORBIDDEN FRUIT RED ROOM. forum web kameras\u0131 HAYVAN \u0130ST\u0130SMARI BOY VIDS BRO-SIS. fotos pornogr\u00e1ficas de crian\u00e7as menores de 16 anos. f\u00f3rum webcam calcinhas pr\u00e9-adolescentes de v\u00eddeo de sexo adolescente. Wanz Forumu Eyan Eyan Wanz Wanz Yuizaki San Sanzaki Sanzaki San WA NAGERU Vol Eyan-844. \u0421\u041b\u0418\u0412 \u0412\u0415\u0411\u041a\u0410\u041c \u0412\u0418\u0414\u0415\u041e, jailbait video pack torrent magnet cams teens forum. porno videolari porno videolari nece usaqlar zorlanir. ciruelas de chats masturbaci\u00f3n adolescente periskop. . child porn foto 13 years old pornk, \u0440\u0443\u0441\u0441\u043a\u043e\u0435 \u0434\u043e\u043c\u0430\u0448\u043d\u0435\u0435 \u0433\u0440\u0443\u043f\u043f\u043e\u0432\u043e\u0435 \u043f\u043e\u0440\u043d\u043e \u0432\u043akk NucoEpu87.<\/h1>\n<p>c\u00e1mara web del foro CP LINKS INCESTO LOLI PREADOLESCENTES c\u00e1mara. forum veb kameras\u0131 yeniyetm\u0259 porno TEEN SEX JUFE &#8211; JUY &#8211; HTHD &#8211; 062520-001 065320-004. forum webcam EYAN EYAN WANZ WANZ YUIZAKI SAN WA NAGERU VOL EYAN-844. foto c\u00e1mara web videos adolescentes TEENS CHILD PORNO MY PRIVATS foto. \u0444\u043e\u0440\u0443\u043c v\u00eddeos de webcam para adolescentes Paradise Birds. foro webcam adolescente FAMILIA SEXO GRATIS PTHC CHICA MP4. foto webcam teen videos LOLITAS ASI\u00c1TICAS J\u00d3VENES ASI\u00c1TICAS CUTIE. forum webcam adolescent MAGNET INDIAN IRINA ET OLEG TORRENT. \u0444\u043e\u0440\u0443\u043c web kameras\u0131 gen\u00e7 videolar\u0131 TEEN SEX JUFE &#8211; JUY &#8211; HTHD &#8211; 062520-001 065320-004. forum webcam teen videos BJ Puke BJ or Puke Girl Menstruation Child. \u0444\u043e\u0440\u0443\u043c v\u00eddeos de webcam teen LITTLE GIRL PEDOMOM PEDOFAMILY YOUNG GIRLS. thousands of pages, \u0421\u041b\u0418\u0412\u042b \u041c\u0410\u041b\u041e\u041b\u0415\u0422\u041e\u041a 15 \u041b\u0415\u0422k COLLECTION LIBRO 8yo 9yo 10yo 11yo, \u043a\u0430\u043a \u043e\u0433\u0440\u0430\u0434\u0438\u0442\u044c \u0434\u0435\u0442\u0435\u0439 \u043e\u0442 \u043f\u043e\u0440\u043d\u043ekk \u043c\u0430\u0441\u0442\u0443\u0440\u0431\u0430\u0446\u0438\u044f \u0434\u0435\u0442\u0435\u0439 \u0444\u043e\u0442\u043e<\/><\/p>\n<p>forum veb kameras\u0131 yeniyetm\u0259 videolar\u0131 VLADMODELS YOUNG VIDEO MODELS. \u0444\u043e\u0440\u0443\u043c webcam teen videos NUDISME NATURISME EN RUSSIE. \u30d5\u30a9\u30fc\u30e9\u30e0 \u30a6\u30a7\u30d6\u30ab\u30e1\u30e9 \u30c6\u30a3\u30fc\u30f3 SEX TEEN PUSSY VIDEO \u30d5\u30a9\u30fc\u30e9\u30e0 \u30a6\u30a7\u30d6\u30ab\u30e1\u30e9 \u30c6\u30a3\u30fc\u30f3. c\u00e1mara web del foro NECRO NECROFILIA CAPTURAS OMEGLE. Forum Webcam Teen-Porno TELEGRAMMKANAL Teens Forum Webcam Teen-Porno. concursos de fotograf\u00eda de nudismo infantil en la urss de antes de la guerra. web del foro EYAN EYAN WANZ WANZ YUIZAKI SAN WA NAGERU VOL EYAN-844 c\u00e1mara web del foro. foro webcam teen KIDS SEX TORRENTS KIDS SHARED VIDEOS. \u0441\u0435\u043a\u0441 \u0440\u0430\u0441\u0441\u043a\u0430\u0437\u044b \u0434\u0435\u0442\u0434\u043e\u043ckk COMPLETE COLLECTION LIBRO LINKS<\/><\/p>\n<h2>2.4TB PRIVATE VIDEO LINK FOR TORRENT CLIENT<\/h2>\n<p> magnet:?xt=urn:btih:38D66BF77DBF45A173FF6009C3ED0895C403AFDA <\/p>\n<h3>WEBSITE: OPEN IN AN ANONYMOUS BROWSER (the link does not work in other browsers!) <a href=\"https:\/\/www.torproject.org\/download\/\">TOR BROWSER<\/a><\/h3>\n<p> <a href=\"http:\/\/dvhdl7akyhos236m76re43nbggcvu5bkxcmfomxsa32ugz6gg2vzdfid.onion\">Www. dvhdl7akyhos236m76re43nbggcvu5bkxcmfomxsa32ugz6gg2vzdfid. onion<\/a><\/p>\n","protected":false},"excerpt":{"rendered":"<p>16 yo girls WeqakEfuti529 Webcam GRATUITE du forum YOUNG PICS FORBIDDEN FRUIT RED ROOM. forum web kameras\u0131 HAYVAN \u0130ST\u0130SMARI BOY VIDS BRO-SIS. fotos pornogr\u00e1ficas de crian\u00e7as menores de 16 anos. f\u00f3rum webcam calcinhas pr\u00e9-adolescentes de v\u00eddeo de sexo adolescente. Wanz Forumu Eyan Eyan Wanz Wanz Yuizaki San Sanzaki Sanzaki San WA NAGERU Vol Eyan-844. \u0421\u041b\u0418\u0412 [&hellip;]<\/p>\n","protected":false},"author":2,"featured_media":0,"parent":0,"menu_order":0,"comment_status":"closed","ping_status":"closed","template":"","meta":{"footnotes":""},"class_list":["post-1063","page","type-page","status-publish","hentry"],"_links":{"self":[{"href":"https:\/\/www.optimiseconsulting.eu\/index.php\/wp-json\/wp\/v2\/pages\/1063","targetHints":{"allow":["GET"]}}],"collection":[{"href":"https:\/\/www.optimiseconsulting.eu\/index.php\/wp-json\/wp\/v2\/pages"}],"about":[{"href":"https:\/\/www.optimiseconsulting.eu\/index.php\/wp-json\/wp\/v2\/types\/page"}],"author":[{"embeddable":true,"href":"https:\/\/www.optimiseconsulting.eu\/index.php\/wp-json\/wp\/v2\/users\/2"}],"replies":[{"embeddable":true,"href":"https:\/\/www.optimiseconsulting.eu\/index.php\/wp-json\/wp\/v2\/comments?post=1063"}],"version-history":[{"count":0,"href":"https:\/\/www.optimiseconsulting.eu\/index.php\/wp-json\/wp\/v2\/pages\/1063\/revisions"}],"wp:attachment":[{"href":"https:\/\/www.optimiseconsulting.eu\/index.php\/wp-json\/wp\/v2\/media?parent=1063"}],"curies":[{"name":"wp","href":"https:\/\/api.w.org\/{rel}","templated":true}]}}