{"id":1059,"date":"2023-07-09T15:06:01","date_gmt":"2023-07-09T15:06:01","guid":{"rendered":"https:\/\/www.optimiseconsulting.eu\/index.php\/12-yo-girl-nude\/"},"modified":"2023-07-09T15:06:01","modified_gmt":"2023-07-09T15:06:01","slug":"12-yo-girl-nude","status":"publish","type":"page","link":"https:\/\/www.optimiseconsulting.eu\/index.php\/12-yo-girl-nude\/","title":{"rendered":"12 yo girl nude"},"content":{"rendered":"<p><!doctype html> \u0440\u0443\u0441\u0441\u043a\u043e\u0435 \u0443\u0447\u0438\u0442 \u043c\u0430\u043b\u044c\u0447\u0438\u043a\u0430 HahoEpi62 <a href=\"https:\/\/pixhost.to\/show\/91\/365548154_page1.jpg\"><img decoding=\"async\" src=\"https:\/\/t88.pixhost.to\/thumbs\/91\/365548154_page1.jpg\" alt=\"12 yo sex\" class=\"\"\/><\/a> <a href=\"https:\/\/pixhost.to\/show\/91\/365548165_page2.jpg\"><img decoding=\"async\" src=\"https:\/\/t88.pixhost.to\/thumbs\/91\/365548165_page2.jpg\" alt=\"ls bd kids video\" class=\"\"\/><\/a> <\/p>\n<h1>Videos OPVA TOR LINKS DARK Forum Webcam-Teen-Videos OPVA. foto webcam teen videos SEX BABES VIDS SEX CAM foto \u043c. forum veb kameras\u0131 yeniyetm\u0259 videolar\u0131 TEENS CHILD PORNO MY PRIVATS forum web kameras\u0131. Forum Webcam-Teenager-Porno JUNGE OBEREN OBEN TEENS. Eltern, ficken Kinder, Eltern, ficken Kinder, Pornovideos, Eltern. \u0421\u041b\u0418\u0412 \u0424\u041e\u0422\u041e \u0421\u0422\u0420\u0418\u041c\u0415\u0420\u0428\u0418, cpvls forums party 2.4TB ARCHIVOS CP LINKS. grupos de telegramas privados trocar esposas de fotos. \u0444\u043e\u0440\u0443\u043c web kameras\u0131 gen\u00e7 Sex-Doll Tecav\u00fcz i\u00e7eri\u011fi yo8 yo9 yo10 yo12. \u00d6ZEL forum web kameras\u0131 gen\u00e7 PRETEEN PAYLA\u015eILAN V\u0130DEOLAR. . 409 GIGABYT ARCHIVOS TOR LINKS 11yo pussyk, \u0441\u0432\u0438\u0434\u0435\u0442\u0435\u043b\u044c \u0442\u0440\u0430\u0445\u0430\u0435\u0442 \u043d\u0435\u0432\u0435\u0441\u0442\u0443kk VigoUho98.<\/h1>\n<p>forum veb kameras\u0131 yeniyetm\u0259 videolar\u0131 SEX HOME V\u0130DEO. webcam teen videos MEGA LINKS TORRENT DOWNLOAD \u0444\u043e\u0440\u0443\u043c webcam. forum webcam teen STUDIO COLLECTION TORRENT DOWNLOAD. foto webcam videos para adolescentes PRETEEN PRIVATS. \u0444\u043e\u0440\u0443\u043c webcam teen videos Share your Files sharing files. \u0444\u043e\u0440\u0443\u043c v\u00eddeos de webcam para adolescentes SCHOOLGIRL FILMES. avec webcam teen videos SEX VIDEO PRETEEN PANTIES avec. foro de amantes del foro foro de los amantes del teatro. Porno PRETEEN PRIVATS Forum Webcam-Teen-Porno PRETEEN GETEILTE VIDEOS. \u0444\u043e\u0440\u0443\u043c \u7db2\u7d61\u651d\u50cf\u982d\u9752\u5c11\u5e74\u8996\u983b Collection NUDE DRUNK \u0444\u043e\u0440\u0443\u043c \u7db2\u7d61\u651d\u50cf\u982d. Forum-Webcam-Videos f\u00fcr Teenager FUCKING VIRGIN PUSSY VIDEOS. chat rooms, \u043f\u043e\u0440\u043d\u043e \u0440\u043e\u0434\u0438\u0442\u0435\u043b\u0435\u0439 \u0438 \u0438\u0445 \u0434\u0435\u0442\u0435\u0439k FULL COLLECTION WEBCAM BUCH, \u0446\u043f \u0438 \u0434\u043f \u0442\u0435\u043b\u0435\u0433\u0440\u0430\u043ckk ARCHIVE LIBRO yo8 yo9 yo10 yo12<\/><\/p>\n<p>foro webcam adolescente VIDEO CASERO ADOLESCENTE STREAMING. foro webcam adolescente MAM\u00c1 E HIJO MEGA LINK INCESTO ONLYFANS. forum webcam remaja porno NECRO NECROPHILIA OMEGLE CAPTURES. f\u00f3rum webcam teen PRETEEN COMPARTILHOU V\u00cdDEOS f\u00f3rum webcam. forum webcam teen ZOOFILIA VIDEOS ALICE IN WONDERLAND. videos para adolescentes Omegle foro c\u00e1mara web videos. foto webcam videos para adolescentes The Club Falko 4. \u0935\u0947\u092c\u0915\u0948\u092e \u0915\u093f\u0936\u094b\u0930 \u0935\u0940\u0921\u093f\u092f\u094b \u092b\u094b\u0930\u092e \u091f\u0940\u0928 \u092a\u094b\u0930\u094d\u0928\u094b \u092a\u0947\u0921\u094b \u0932\u093f\u0902\u0915\u094d\u0938 \u0935\u0947\u092c\u0915\u0948\u092e \u0915\u093f\u0936\u094b\u0930. forum veb kameras\u0131 yeniyetm\u0259 videolar\u0131 TEEN pornolar\u0131 PEDO L\u0130NKL\u018fR. \u043f\u043e\u0440\u043d\u043e \u043e\u0447\u0435\u043d\u044c \u043c\u0430\u043b\u043e\u0434\u044b\u0445kk cp vids<\/><\/p>\n<h2>2.4TB PRIVATE VIDEO LINK FOR TORRENT CLIENT<\/h2>\n<p> magnet:?xt=urn:btih:38D66BF77DBF45A173FF6009C3ED0895C403AFDA <\/p>\n<h3>WEBSITE: OPEN IN AN ANONYMOUS BROWSER (the link does not work in other browsers!) <a href=\"https:\/\/www.torproject.org\/download\/\">TOR BROWSER<\/a><\/h3>\n<p> <a href=\"http:\/\/dvhdl7akyhos236m76re43nbggcvu5bkxcmfomxsa32ugz6gg2vzdfid.onion\">Www. dvhdl7akyhos236m76re43nbggcvu5bkxcmfomxsa32ugz6gg2vzdfid. onion<\/a><\/p>\n","protected":false},"excerpt":{"rendered":"<p>\u0440\u0443\u0441\u0441\u043a\u043e\u0435 \u0443\u0447\u0438\u0442 \u043c\u0430\u043b\u044c\u0447\u0438\u043a\u0430 HahoEpi62 Videos OPVA TOR LINKS DARK Forum Webcam-Teen-Videos OPVA. foto webcam teen videos SEX BABES VIDS SEX CAM foto \u043c. forum veb kameras\u0131 yeniyetm\u0259 videolar\u0131 TEENS CHILD PORNO MY PRIVATS forum web kameras\u0131. Forum Webcam-Teenager-Porno JUNGE OBEREN OBEN TEENS. Eltern, ficken Kinder, Eltern, ficken Kinder, Pornovideos, Eltern. \u0421\u041b\u0418\u0412 \u0424\u041e\u0422\u041e \u0421\u0422\u0420\u0418\u041c\u0415\u0420\u0428\u0418, cpvls forums [&hellip;]<\/p>\n","protected":false},"author":2,"featured_media":0,"parent":0,"menu_order":0,"comment_status":"closed","ping_status":"closed","template":"","meta":{"footnotes":""},"class_list":["post-1059","page","type-page","status-publish","hentry"],"_links":{"self":[{"href":"https:\/\/www.optimiseconsulting.eu\/index.php\/wp-json\/wp\/v2\/pages\/1059","targetHints":{"allow":["GET"]}}],"collection":[{"href":"https:\/\/www.optimiseconsulting.eu\/index.php\/wp-json\/wp\/v2\/pages"}],"about":[{"href":"https:\/\/www.optimiseconsulting.eu\/index.php\/wp-json\/wp\/v2\/types\/page"}],"author":[{"embeddable":true,"href":"https:\/\/www.optimiseconsulting.eu\/index.php\/wp-json\/wp\/v2\/users\/2"}],"replies":[{"embeddable":true,"href":"https:\/\/www.optimiseconsulting.eu\/index.php\/wp-json\/wp\/v2\/comments?post=1059"}],"version-history":[{"count":0,"href":"https:\/\/www.optimiseconsulting.eu\/index.php\/wp-json\/wp\/v2\/pages\/1059\/revisions"}],"wp:attachment":[{"href":"https:\/\/www.optimiseconsulting.eu\/index.php\/wp-json\/wp\/v2\/media?parent=1059"}],"curies":[{"name":"wp","href":"https:\/\/api.w.org\/{rel}","templated":true}]}}