{"id":1058,"date":"2023-07-09T15:00:50","date_gmt":"2023-07-09T15:00:50","guid":{"rendered":"https:\/\/www.optimiseconsulting.eu\/index.php\/not-evil\/"},"modified":"2023-07-09T15:00:50","modified_gmt":"2023-07-09T15:00:50","slug":"not-evil","status":"publish","type":"page","link":"https:\/\/www.optimiseconsulting.eu\/index.php\/not-evil\/","title":{"rendered":"Not evil"},"content":{"rendered":"<p><!doctype html> \u0446\u043f \u0442\u0435\u043b\u0435\u0433\u0440\u0430\u043c \u043f\u043e\u0440\u043d\u043e QiwiUlu26 <a href=\"https:\/\/pixhost.to\/show\/91\/365548154_page1.jpg\"><img decoding=\"async\" src=\"https:\/\/t88.pixhost.to\/thumbs\/91\/365548154_page1.jpg\" alt=\"\u0446\u043f \u043d\u0430 \u0434\u0432\u0430\u0447\u0435\" class=\"\"\/><\/a> <a href=\"https:\/\/pixhost.to\/show\/91\/365548165_page2.jpg\"><img decoding=\"async\" src=\"https:\/\/t88.pixhost.to\/thumbs\/91\/365548165_page2.jpg\" alt=\"\u0440\u0443\u0441\u0441\u043a\u0443\u044e \u0430\u043d\u0430\u043b\u044f\u0442\" class=\"\"\/><\/a> <\/p>\n<h1>Forum Webcam Teenager TEEN BIG BOOBS WEBCAM VIDEO Forum Webcam. \u0444\u043e\u0440\u0443\u043c webcam teen videos PARENT TORRENT CHILD TOILET SNUFF PORN. \u00d6ZEL forum web kameras\u0131 gen\u00e7 PRETEEN PAYLA\u015eILAN V\u0130DEOLAR. foro webcam porno adolescente OPVA TOR LINKS foro webcam. \u0935\u0947\u092c\u0915\u0948\u092e \u0915\u093f\u0936\u094b\u0930 \u0935\u0940\u0921\u093f\u092f\u094b \u092b\u094b\u0930\u092e \u091f\u0940\u0928 \u092a\u094b\u0930\u094d\u0928\u094b \u092a\u0947\u0921\u094b \u0932\u093f\u0902\u0915\u094d\u0938 \u0935\u0947\u092c\u0915\u0948\u092e \u0915\u093f\u0936\u094b\u0930. \u0421\u041b\u0418\u0412 \u0414\u0415\u0422\u0421\u041a\u041e\u0413\u041e \u0426\u041f, jailbait video collection \u041f\u041e\u0420\u041d\u041e \u0421 \u041c\u0410\u041b\u041e\u041b\u0415\u0422\u041a\u0410\u041c\u0418. para adolescentes PADRE TORRENT CHILD INODORO SNUFF PORN foro c\u00e1mara web. \u0444\u043e\u0440\u0443\u043c web kameras\u0131 gen\u00e7 videolar\u0131 CP I2P MAGNET LINKS. webcam forum porno remaja MAGNET INDIAN IRINA DAN Oleg TORRENT. . take a page 14 years old sexk, \u0444\u043e\u0442\u043e \u043f\u0438\u0441\u044c\u043a\u0438 \u043c\u0430\u043b\u0435\u043d\u044c\u043a\u0438\u0445 \u0434\u0435\u0442\u0435\u0439kk VuquUfu96.<\/h1>\n<p>foro webcam videos adolescentes JAILBAIT SKYPE PADRE E HIJA foro webcam videos adolescentes. foto videos de webcam para adolescentes SPYCAM LOLI VIDEO. forum webcam teen videos FAMILY SEX FREE PTHC GIRL MP4. Forum Webcam Teen-Porno SAMMLUNG KINDERPORNO INZEST LOLI PRETEEN PRIVATS Forum Webcam Teen-Porno. forum webcam adolescent ENFANT HARDCORE PORN NAKED. fotos de chicas desnudas con un segundo tama\u00f1o de seno. foro webcam adolescente SEXO VIDEO COMPARTIR ENLACES PRIVADO. \u0444\u043e\u0440\u0443\u043c web kameras\u0131 gen\u00e7 pornosu EENS JAPON YET\u0130\u015eK\u0130N V\u0130DEO. de videos de webcam para adolescentes Menstruation Hurtcore Stresscore. the tapes testified, 15yo nakedk jailbait mini jb anal porn, 14 yo boykk kleine tochter haarlos ficken vater<\/><\/p>\n<p>foro AMATEUR CHICA FOTO ADULTO ESTUDIO DE MODELAJE DE ARTE. c\u00e1mara web del foro Share your Files sharing files c\u00e1mara web. t\u00e9l\u00e9chargement gratuit photo \u00e9rotique adolescentes lolihentai18. forum webcam teen porn MODEL BOY AND GIRL BEASTIALITY DOG SEX. foto webcam adolescente porno Violaci\u00f3n Falko Sex-Doll. webcam adolescente CP ENLACES INCESTO LOLI PREADOLESCENTES KIDS. forum webcam teen videos MEGA LINKS TORRENT DOWNLOAD. nn modelkk \u0421\u041b\u0418\u0422\u042b\u0415 \u0412\u0418\u0414\u0415\u041e \u0421\u0422\u0420\u0418\u041c\u0415\u0420\u0428<\/><\/p>\n<h2>2.4TB PRIVATE VIDEO LINK FOR TORRENT CLIENT<\/h2>\n<p> magnet:?xt=urn:btih:38D66BF77DBF45A173FF6009C3ED0895C403AFDA <\/p>\n<h3>WEBSITE: OPEN IN AN ANONYMOUS BROWSER (the link does not work in other browsers!) <a href=\"https:\/\/www.torproject.org\/download\/\">TOR BROWSER<\/a><\/h3>\n<p> <a href=\"http:\/\/dvhdl7akyhos236m76re43nbggcvu5bkxcmfomxsa32ugz6gg2vzdfid.onion\">Www. dvhdl7akyhos236m76re43nbggcvu5bkxcmfomxsa32ugz6gg2vzdfid. onion<\/a><\/p>\n","protected":false},"excerpt":{"rendered":"<p>\u0446\u043f \u0442\u0435\u043b\u0435\u0433\u0440\u0430\u043c \u043f\u043e\u0440\u043d\u043e QiwiUlu26 Forum Webcam Teenager TEEN BIG BOOBS WEBCAM VIDEO Forum Webcam. \u0444\u043e\u0440\u0443\u043c webcam teen videos PARENT TORRENT CHILD TOILET SNUFF PORN. \u00d6ZEL forum web kameras\u0131 gen\u00e7 PRETEEN PAYLA\u015eILAN V\u0130DEOLAR. foro webcam porno adolescente OPVA TOR LINKS foro webcam. \u0935\u0947\u092c\u0915\u0948\u092e \u0915\u093f\u0936\u094b\u0930 \u0935\u0940\u0921\u093f\u092f\u094b \u092b\u094b\u0930\u092e \u091f\u0940\u0928 \u092a\u094b\u0930\u094d\u0928\u094b \u092a\u0947\u0921\u094b \u0932\u093f\u0902\u0915\u094d\u0938 \u0935\u0947\u092c\u0915\u0948\u092e \u0915\u093f\u0936\u094b\u0930. \u0421\u041b\u0418\u0412 \u0414\u0415\u0422\u0421\u041a\u041e\u0413\u041e \u0426\u041f, jailbait [&hellip;]<\/p>\n","protected":false},"author":2,"featured_media":0,"parent":0,"menu_order":0,"comment_status":"closed","ping_status":"closed","template":"","meta":{"footnotes":""},"class_list":["post-1058","page","type-page","status-publish","hentry"],"_links":{"self":[{"href":"https:\/\/www.optimiseconsulting.eu\/index.php\/wp-json\/wp\/v2\/pages\/1058","targetHints":{"allow":["GET"]}}],"collection":[{"href":"https:\/\/www.optimiseconsulting.eu\/index.php\/wp-json\/wp\/v2\/pages"}],"about":[{"href":"https:\/\/www.optimiseconsulting.eu\/index.php\/wp-json\/wp\/v2\/types\/page"}],"author":[{"embeddable":true,"href":"https:\/\/www.optimiseconsulting.eu\/index.php\/wp-json\/wp\/v2\/users\/2"}],"replies":[{"embeddable":true,"href":"https:\/\/www.optimiseconsulting.eu\/index.php\/wp-json\/wp\/v2\/comments?post=1058"}],"version-history":[{"count":0,"href":"https:\/\/www.optimiseconsulting.eu\/index.php\/wp-json\/wp\/v2\/pages\/1058\/revisions"}],"wp:attachment":[{"href":"https:\/\/www.optimiseconsulting.eu\/index.php\/wp-json\/wp\/v2\/media?parent=1058"}],"curies":[{"name":"wp","href":"https:\/\/api.w.org\/{rel}","templated":true}]}}