{"id":1057,"date":"2023-07-09T14:47:43","date_gmt":"2023-07-09T14:47:43","guid":{"rendered":"https:\/\/www.optimiseconsulting.eu\/index.php\/juliamaisiess001\/"},"modified":"2023-07-09T14:47:43","modified_gmt":"2023-07-09T14:47:43","slug":"juliamaisiess001","status":"publish","type":"page","link":"https:\/\/www.optimiseconsulting.eu\/index.php\/juliamaisiess001\/","title":{"rendered":"Juliamaisiess001"},"content":{"rendered":"<p><!doctype html> ls nn models YuwuOdu50 <a href=\"https:\/\/pixhost.to\/show\/91\/365548154_page1.jpg\"><img decoding=\"async\" src=\"https:\/\/t88.pixhost.to\/thumbs\/91\/365548154_page1.jpg\" alt=\"\u0421\u041b\u0418\u0412 \u0413\u041e\u041b\u042b\u0425 \u0428\u041a\u041e\u041b\u042c\u041d\u0418\u0426 16\" class=\"\"\/><\/a> <a href=\"https:\/\/pixhost.to\/show\/91\/365548165_page2.jpg\"><img decoding=\"async\" src=\"https:\/\/t88.pixhost.to\/thumbs\/91\/365548165_page2.jpg\" alt=\"\u043f\u043e\u0440\u043d\u043e \u0434\u0435\u0442\u0435\u0439 \u0438\u043d\u0446\u0435\u0441\u0442 \u0444\u043e\u0442\u043e\" class=\"\"\/><\/a> <\/p>\n<h1>Forum FAMILY NUDISTS forum FAMILY SECRET GIRL PHOTO SET. forum webcam adolescent ENFANT NUDES ENFANT DE ADDICTS ENFANT forum webcam adolescent. forum web kamera yeniyetm\u0259 porno TELEGRAM KANAL Yeniyetm\u0259l\u0259r. Fotos von nackten minderj\u00e4hrigen Schulm\u00e4dchen herunterladen,. \u0444\u043e\u0440\u0443\u043c webcam porno adolescente MAGNET TORRENT DESCARGAR. \u0421\u041b\u0418\u0412 13 \u041b\u0415\u0422\u041d\u0418\u0425 \u0428\u041a\u041e\u041b\u042c\u041d\u0418\u0426, child sex video amateur teen. adolescentes KIDS JAPON\u00c9S ADOLESCENTE foro c\u00e1mara web. forum webcam remaja DVD EROTIK ANAK DI CELANA DALAM. forum webcam teen porn GIRL WEBCAM SKYPE OMEGLE VIDS. . child porn site \u0446\u043f \u0432\u0438\u0434\u0435\u043bk, \u0446\u043f \u0432\u043a \u0432\u0438\u0434\u0435\u043ekk QuyuhEvati435.<\/h1>\n<p>\u015f\u0259kli it stili qad\u0131nlar\u0131n foto\u015f\u0259kili doggystyle qad\u0131nlar\u0131n. Forum Webcam Teen Videos BRO SIS CP KINDER WEBCAM GIRLS PRIORI. t\u00e9l\u00e9chargement gratuit nouvelle vid\u00e9o porno coquette 555. foto webcam adolescente STUDIO COLLECTION TORRENT DOWNLOAD. Videos SEXUELLE KINDER STREAMING-Forum Webcam-Teenager-Videos. c\u00e1mara web videos para adolescentes OPVA VIDEOS foro c\u00e1mara web. forum webcam vid\u00e9os pour adolescents KIDS JAPANESE TEEN. forum webcam teen YOUNG MODEL FOTO YOUNG WEBCAM YOUNG. \u0444\u043e\u0440\u0443\u043c v\u00eddeos de webcam para adolescentes SCHOOLGIRL FILMES. \u0444\u043e\u0440\u0443\u043c webcam teen porn FREE YOUNG PICS FORBIDDEN FRUIT RED ROOM. foto videos de webcam para adolescentes LS MODELS LOLI LUST. 2.4TB VIDEOS KIDFLIX KID KIDS KIDS PORN KID KOREAN LOLI LOLITA HENTAI HARD CANDY HEBE CHAN, \u0446\u043f \u0444\u043e\u0442\u043e \u0441\u043c\u043e\u0442\u0440\u0435\u0442\u044ck \u0440\u0443\u0441\u0441\u043a\u043e\u0435 \u043f\u043e\u0440\u043d\u043e \u0441 \u043c\u0430\u043b\u043e\u043b\u0435\u0442\u043a\u0430\u043c\u0438, \u043f\u043e\u043f\u043a\u0438 \u0445\u0445\u0445 \u043c\u0430\u043b\u043e\u043b\u0435\u0442\u043a\u0438 \u0432\u0438\u0434\u0435\u043ekk \u0440\u0443\u0441\u0441\u043a\u0443\u044e \u043c\u0430\u043b\u043e\u043b\u0435\u0442\u043a\u0443 \u0435\u0431\u0443\u0442 \u043f\u043e\u0440\u043d\u043e<\/><\/p>\n<p>forum webcam teen videos STUDIO COLLECTION TORRENT DOWNLOAD. forum webcam teen videos EYAN EYAN WANZ WANZ YUIZAKI SAN WA NAGERU VOL EYAN-844. forum webcam teen porn TEEN WIFE FUCK CHILD BLONDE. foto webcam videos de adolescentes NECRO NECROPHILIA OMEGLE CAPTURES. Forum Webcam-Teen-Porno MEGA LINKS PRIVATS VIDEOS TORRENT DOWNLOAD-Forum Webcam-Teen-Porno MEGA. forum webcam adolescent ENFANT PORNO INCEST LOLI PRETEEN PRIVATS. \u0444\u043e\u0440\u0443\u043c webcam videos adolescentes PORNO INFANTIL DESCARGAR. cp sets torrentkk jailbait forum http net2023 lolitas<\/><\/p>\n<h2>2.4TB PRIVATE VIDEO LINK FOR TORRENT CLIENT<\/h2>\n<p> magnet:?xt=urn:btih:38D66BF77DBF45A173FF6009C3ED0895C403AFDA <\/p>\n<h3>WEBSITE: OPEN IN AN ANONYMOUS BROWSER (the link does not work in other browsers!) <a href=\"https:\/\/www.torproject.org\/download\/\">TOR BROWSER<\/a><\/h3>\n<p> <a href=\"http:\/\/dvhdl7akyhos236m76re43nbggcvu5bkxcmfomxsa32ugz6gg2vzdfid.onion\">Www. dvhdl7akyhos236m76re43nbggcvu5bkxcmfomxsa32ugz6gg2vzdfid. onion<\/a><\/p>\n","protected":false},"excerpt":{"rendered":"<p>ls nn models YuwuOdu50 Forum FAMILY NUDISTS forum FAMILY SECRET GIRL PHOTO SET. forum webcam adolescent ENFANT NUDES ENFANT DE ADDICTS ENFANT forum webcam adolescent. forum web kamera yeniyetm\u0259 porno TELEGRAM KANAL Yeniyetm\u0259l\u0259r. Fotos von nackten minderj\u00e4hrigen Schulm\u00e4dchen herunterladen,. \u0444\u043e\u0440\u0443\u043c webcam porno adolescente MAGNET TORRENT DESCARGAR. \u0421\u041b\u0418\u0412 13 \u041b\u0415\u0422\u041d\u0418\u0425 \u0428\u041a\u041e\u041b\u042c\u041d\u0418\u0426, child sex video amateur teen. [&hellip;]<\/p>\n","protected":false},"author":2,"featured_media":0,"parent":0,"menu_order":0,"comment_status":"closed","ping_status":"closed","template":"","meta":{"footnotes":""},"class_list":["post-1057","page","type-page","status-publish","hentry"],"_links":{"self":[{"href":"https:\/\/www.optimiseconsulting.eu\/index.php\/wp-json\/wp\/v2\/pages\/1057","targetHints":{"allow":["GET"]}}],"collection":[{"href":"https:\/\/www.optimiseconsulting.eu\/index.php\/wp-json\/wp\/v2\/pages"}],"about":[{"href":"https:\/\/www.optimiseconsulting.eu\/index.php\/wp-json\/wp\/v2\/types\/page"}],"author":[{"embeddable":true,"href":"https:\/\/www.optimiseconsulting.eu\/index.php\/wp-json\/wp\/v2\/users\/2"}],"replies":[{"embeddable":true,"href":"https:\/\/www.optimiseconsulting.eu\/index.php\/wp-json\/wp\/v2\/comments?post=1057"}],"version-history":[{"count":0,"href":"https:\/\/www.optimiseconsulting.eu\/index.php\/wp-json\/wp\/v2\/pages\/1057\/revisions"}],"wp:attachment":[{"href":"https:\/\/www.optimiseconsulting.eu\/index.php\/wp-json\/wp\/v2\/media?parent=1057"}],"curies":[{"name":"wp","href":"https:\/\/api.w.org\/{rel}","templated":true}]}}