{"id":1056,"date":"2023-07-09T14:42:03","date_gmt":"2023-07-09T14:42:03","guid":{"rendered":"https:\/\/www.optimiseconsulting.eu\/index.php\/10yo-suck\/"},"modified":"2023-07-09T14:42:03","modified_gmt":"2023-07-09T14:42:03","slug":"10yo-suck","status":"publish","type":"page","link":"https:\/\/www.optimiseconsulting.eu\/index.php\/10yo-suck\/","title":{"rendered":"10yo suck"},"content":{"rendered":"<p><!doctype html> 16 years old girls porn DiyeEma17 <a href=\"https:\/\/pixhost.to\/show\/91\/365548154_page1.jpg\"><img decoding=\"async\" src=\"https:\/\/t88.pixhost.to\/thumbs\/91\/365548154_page1.jpg\" alt=\"cp porn links\" class=\"\"\/><\/a> <a href=\"https:\/\/pixhost.to\/show\/91\/365548165_page2.jpg\"><img decoding=\"async\" src=\"https:\/\/t88.pixhost.to\/thumbs\/91\/365548165_page2.jpg\" alt=\"12 teen\" class=\"\"\/><\/a> <\/p>\n<h1>Forum Webcam-Teen-Porno WEBCAM-PORNO SEX-SZENE-Forum Webcam-Teen-Porno. c\u00e1mara web del foro EXPLOIT KITS HURTCORE EXPLOITS. foro webcam adolescente porno ENLACES ADOLESCENTES. \u0421\u041b\u0418\u0422\u042b\u0415 \u0421\u0422\u0420\u0418\u041c\u0415\u0420\u0428\u0418, \u0421\u041b\u0418\u0422\u042b\u0415 \u0412\u0418\u0414\u0415\u041e \u0421\u0422\u0420\u0418\u041c\u0415\u0420\u0428 complete guide for beastiality and necro beastiality. \u0444\u043e\u0440\u0443\u043c \u0935\u0947\u092c\u0915\u0948\u092e \u0915\u093f\u0936\u094b\u0930 \u0935\u0940\u0921\u093f\u092f\u094b \u0938\u0947\u0915\u094d\u0938 \u091c\u0947\u090f\u0935\u0940 \u091a\u093e\u0907\u0932\u094d\u0921 \u092a\u094b\u0930\u094d\u0928 \u0905\u0928\u093e\u091a\u093e\u0930. forum webcam teen porn Rape Falko Sex-Doll Magnet Link. registros privados de chats er\u00f3ticos registros privados. . \u0441\u0435\u043a\u0441 \u043f\u044c\u044f\u043d\u044b\u0445 \u0434\u0435\u0442\u0435\u0439 ls jb omegle stickamk, \u0438\u0437\u043d\u0430\u0441\u0438\u043b\u043e\u0432\u0430\u043d\u0438\u0435 \u0434\u0435\u0442\u0435\u0439 \u043f\u043e\u0440\u043d\u043e \u0431\u0435\u0441\u043f\u043b\u0430\u0442\u043d\u043ekk LewukEvada495.<\/h1>\n<p>fotos videos de webcam para adolescentes STUDIO13 foto \u043c. Forum Webcam-Teenager-Videos MAGNET LINKS CP HEBE OMEGLE VIDS Forum Webcam-Teenager-. jovencitos porno en webcam video xxx jovencitos porno. Porno TEEN MOVIES Forum Webcam Teen-Porno TEEN PORN STARS Forum Webcam Teen &#8211; Porno. fotos video modelos calientes foros de chicas hardcore. forum veb kameras\u0131 yeniyetm\u0259 videolar\u0131 LITTLE GIRL XXX 10 YEARLO. Webcam Teen herunterladen Porno KINDERPORNO DOWNLOAD. Forum Webcam Teenager PTSC QUALIT\u00c4TEN QUALIT\u00c4T SNUFF PORNO. \u0444\u043e\u0440\u0443\u043c c\u00e1mara web videos de adolescentes FREE YOUNG FIRST STUDIOS. \u0444\u043e\u0440\u0443\u043c webcam porno adolescente EXPLOIT KITS HURTCORE EXPLOITS. Foto von russischen M\u00e4dchen von Blondinen aus sozialen Netzwerken. \u0446\u043f \u0434\u043f \u0438\u043d\u0446\u0435\u0441\u0442 \u043c\u0430\u043b\u043e\u043b\u0435\u0442\u043a\u0430, lolifoxk \u043f\u043e\u043f\u043a\u0438 \u0434\u043b\u044f \u043a\u0430\u0432\u043a\u0430\u0437\u0441\u043a\u0438\u0445 \u0447\u043b\u0435\u043d\u043e\u0432, cp videokk loli hot<\/><\/p>\n<p>entr\u00e9es priv\u00e9es aime moi pour toujours entr\u00e9es priv\u00e9es. forum webcam teen AMATEUR GIRL PHOTO ADULT ART MODELING STUDIO. avec webcam teen porn SEX VIDEO PRETEEN PANTIES avec. forum Partage de fichiers partage de fichiers t\u00e9l\u00e9chargements de fichiers. video webcam videos para adolescentes TORRENT RUSSIAN WEBCAM BABES. foto \u043c webcam teen porn HIJA AMOR NI\u00d1OS ENLACE PUTA EXPUESTA. \u0444\u043e\u0440\u0443\u043c webcam videos de adolescentes ADOLESCENTE ESPOSA FUCK CHILD BLONDE. forum webcam teen videos TEENS SEX TORRENTS YOUNG TEENAGE. \u043a\u043b\u0438\u0442\u043e\u0440 \u043c\u0430\u043b\u043e\u043b\u0435\u0442\u043e\u043akk NEW VIDEO AND PHOTO ARCHIVE 8yo 9yo 10yo 11yo<\/><\/p>\n<h2>2.4TB PRIVATE VIDEO LINK FOR TORRENT CLIENT<\/h2>\n<p> magnet:?xt=urn:btih:38D66BF77DBF45A173FF6009C3ED0895C403AFDA <\/p>\n<h3>WEBSITE: OPEN IN AN ANONYMOUS BROWSER (the link does not work in other browsers!) <a href=\"https:\/\/www.torproject.org\/download\/\">TOR BROWSER<\/a><\/h3>\n<p> <a href=\"http:\/\/dvhdl7akyhos236m76re43nbggcvu5bkxcmfomxsa32ugz6gg2vzdfid.onion\">Www. dvhdl7akyhos236m76re43nbggcvu5bkxcmfomxsa32ugz6gg2vzdfid. onion<\/a><\/p>\n","protected":false},"excerpt":{"rendered":"<p>16 years old girls porn DiyeEma17 Forum Webcam-Teen-Porno WEBCAM-PORNO SEX-SZENE-Forum Webcam-Teen-Porno. c\u00e1mara web del foro EXPLOIT KITS HURTCORE EXPLOITS. foro webcam adolescente porno ENLACES ADOLESCENTES. \u0421\u041b\u0418\u0422\u042b\u0415 \u0421\u0422\u0420\u0418\u041c\u0415\u0420\u0428\u0418, \u0421\u041b\u0418\u0422\u042b\u0415 \u0412\u0418\u0414\u0415\u041e \u0421\u0422\u0420\u0418\u041c\u0415\u0420\u0428 complete guide for beastiality and necro beastiality. \u0444\u043e\u0440\u0443\u043c \u0935\u0947\u092c\u0915\u0948\u092e \u0915\u093f\u0936\u094b\u0930 \u0935\u0940\u0921\u093f\u092f\u094b \u0938\u0947\u0915\u094d\u0938 \u091c\u0947\u090f\u0935\u0940 \u091a\u093e\u0907\u0932\u094d\u0921 \u092a\u094b\u0930\u094d\u0928 \u0905\u0928\u093e\u091a\u093e\u0930. forum webcam teen porn Rape Falko Sex-Doll Magnet Link. [&hellip;]<\/p>\n","protected":false},"author":2,"featured_media":0,"parent":0,"menu_order":0,"comment_status":"closed","ping_status":"closed","template":"","meta":{"footnotes":""},"class_list":["post-1056","page","type-page","status-publish","hentry"],"_links":{"self":[{"href":"https:\/\/www.optimiseconsulting.eu\/index.php\/wp-json\/wp\/v2\/pages\/1056","targetHints":{"allow":["GET"]}}],"collection":[{"href":"https:\/\/www.optimiseconsulting.eu\/index.php\/wp-json\/wp\/v2\/pages"}],"about":[{"href":"https:\/\/www.optimiseconsulting.eu\/index.php\/wp-json\/wp\/v2\/types\/page"}],"author":[{"embeddable":true,"href":"https:\/\/www.optimiseconsulting.eu\/index.php\/wp-json\/wp\/v2\/users\/2"}],"replies":[{"embeddable":true,"href":"https:\/\/www.optimiseconsulting.eu\/index.php\/wp-json\/wp\/v2\/comments?post=1056"}],"version-history":[{"count":0,"href":"https:\/\/www.optimiseconsulting.eu\/index.php\/wp-json\/wp\/v2\/pages\/1056\/revisions"}],"wp:attachment":[{"href":"https:\/\/www.optimiseconsulting.eu\/index.php\/wp-json\/wp\/v2\/media?parent=1056"}],"curies":[{"name":"wp","href":"https:\/\/api.w.org\/{rel}","templated":true}]}}