{"id":1055,"date":"2023-07-09T14:41:00","date_gmt":"2023-07-09T14:41:00","guid":{"rendered":"https:\/\/www.optimiseconsulting.eu\/index.php\/vladmodel-ru\/"},"modified":"2023-07-09T14:41:00","modified_gmt":"2023-07-09T14:41:00","slug":"vladmodel-ru","status":"publish","type":"page","link":"https:\/\/www.optimiseconsulting.eu\/index.php\/vladmodel-ru\/","title":{"rendered":"Vladmodel ru"},"content":{"rendered":"<p><!doctype html> 12 year old girl sex LatoAhe52 <a href=\"https:\/\/pixhost.to\/show\/91\/365548154_page1.jpg\"><img decoding=\"async\" src=\"https:\/\/t88.pixhost.to\/thumbs\/91\/365548154_page1.jpg\" alt=\"cpack\" class=\"\"\/><\/a> <a href=\"https:\/\/pixhost.to\/show\/91\/365548165_page2.jpg\"><img decoding=\"async\" src=\"https:\/\/t88.pixhost.to\/thumbs\/91\/365548165_page2.jpg\" alt=\"\u043f\u043e\u043f\u043a\u0438 \u0434\u043e\u043c\u0430\u0448\u043d\u0438\u0435\" class=\"\"\/><\/a> <\/p>\n<h1>Forum webcam teen porn I2P MAGNET LINKS INCEST TELEGRAM I2P. foro webcam adolescente 10 A\u00d1OS CP VODEOS NI\u00d1OS foro. forum veb kamera yeniyetm\u0259 YEN\u0130YY\u018fT KL\u0130PLER\u0130 XXX forum veb kamera yeniyetm\u0259 YEN\u0130YY\u018fT. \u0421\u041b\u0418\u0422\u042b\u0415 \u0424\u041e\u0422\u041a\u0418 \u0421\u0422\u0420\u0418\u041c\u0415\u0420\u0428, cp kids nude naked boys bibcam qql5xxdj3dty4ifprrjlicfutia7mvpavvjykrk6o2qpnonqbpmeumidtor2webxyz. foto webcam adolescente DESCARGAR PORNO INFANTIL DESCARGAR CHILD PORN. desnudas foto de fuga de j\u00f3venes desnudos foto de fuga. . PTSC QUALITIES QUALITY SNUFF PORNO \u0440\u0443\u0441\u0441\u043a\u043e\u0435 \u0432\u0438\u0434\u0435\u043e \u0441\u0435\u043a\u0441 \u0441 \u043c\u0430\u043c\u043e\u0439 \u0438 \u0441\u0435\u0441\u0442\u0440\u043e\u0439k, \u0446\u043f \u043c\u0430\u043b\u043e\u043b\u0435\u0442\u043a\u0438 \u0432\u0438\u0434\u0435\u043ekk ZeniUma87.<\/h1>\n<p>f\u00f3rum webcam BJ Puke BJ ou Puke Girl Menstrua\u00e7\u00e3o F\u00f3rum infantil. forum webcam teen videos SEX JAV CHILD PORN INCEST. Forum Webcam-Teen-Porno VIRGIN PUSSY Forum Webcam-. \u0938\u094b\u0936\u0932 \u0928\u0947\u091f\u0935\u0930\u094d\u0915 \u0938\u0947 \u0932\u0921\u093c\u0915\u093f\u092f\u094b\u0902 \u0915\u0940 \u0924\u0938\u094d\u0935\u0940\u0930\u0947\u0902 \u0921\u094d\u0930\u0947\u0928 \u0915\u0930 \u0930\u0939\u0940 \u0939\u0948\u0902 \u091f\u0947\u0932\u0940\u0917\u094d\u0930\u093e\u092e. foro webcam adolescente Teens XXX CP VIDEOS PORNO INFANTIL. web kameras\u0131 gen\u00e7 videolar\u0131 V\u0130DEOLAR Torrent \u00c7OCUK. Forum Webcam Teenager TEEN BIG BOOBS WEBCAM VIDEO Forum Webcam. forum webcam vid\u00e9os pour adolescents KIDS EROTIC VIDEOS. pour adolescents MAGNET INDIAN IRINA ET OLEG TORRENT. foro webcam adolescente porno VIDEOS ER\u00d3TICOS LESBIANAS. vladmodels, 15 yo pornok evil, \u0446\u043f \u0434\u043f \u0442\u0435\u043b\u0435\u0433\u0440\u0430\u043c\u043ckk jailbait love forum<\/><\/p>\n<p>foto webcam adolescente porno GIRLS PRIORI HARD CANDY YOUNG TEEN SEX VIDEOS. forum webcam teen videos YUIZAKI FC2 PPV JAV UNCENSORED. foto \u043c webcam adolescente Compartir archivos compartir descargas de archivos. webcam foro de porno adolescente sitios cebolla cat\u00e1logo i2p. forum web kameras\u0131 yeniyetm\u0259 porno KOLLEKS\u0130YASI U\u015eAQ PORNOSI INCEST LOLI PRETEEN PRIVATS forum. forum webcam teen MAGNET INDIAN IRINA AND OLEG TORRENT. foto \u043c webcam teen porn File Upload Sube tus archivos. haben Fotos und Videos von Schulm\u00e4dchen durchgesickert. c\u00e1mara web del foro NECRO NECROFILIA CAPTURAS OMEGLE. 15 yo fuckkk 409GB VIDEOS CHILD PORN Sex Video Of Indian Teen Indian Irresistible Hairy Virgin Indian Pussy Indian Sex Scandals PAKISTANI 1080p HD<\/><\/p>\n<h2>2.4TB PRIVATE VIDEO LINK FOR TORRENT CLIENT<\/h2>\n<p> magnet:?xt=urn:btih:38D66BF77DBF45A173FF6009C3ED0895C403AFDA <\/p>\n<h3>WEBSITE: OPEN IN AN ANONYMOUS BROWSER (the link does not work in other browsers!) <a href=\"https:\/\/www.torproject.org\/download\/\">TOR BROWSER<\/a><\/h3>\n<p> <a href=\"http:\/\/dvhdl7akyhos236m76re43nbggcvu5bkxcmfomxsa32ugz6gg2vzdfid.onion\">Www. dvhdl7akyhos236m76re43nbggcvu5bkxcmfomxsa32ugz6gg2vzdfid. onion<\/a><\/p>\n","protected":false},"excerpt":{"rendered":"<p>12 year old girl sex LatoAhe52 Forum webcam teen porn I2P MAGNET LINKS INCEST TELEGRAM I2P. foro webcam adolescente 10 A\u00d1OS CP VODEOS NI\u00d1OS foro. forum veb kamera yeniyetm\u0259 YEN\u0130YY\u018fT KL\u0130PLER\u0130 XXX forum veb kamera yeniyetm\u0259 YEN\u0130YY\u018fT. \u0421\u041b\u0418\u0422\u042b\u0415 \u0424\u041e\u0422\u041a\u0418 \u0421\u0422\u0420\u0418\u041c\u0415\u0420\u0428, cp kids nude naked boys bibcam qql5xxdj3dty4ifprrjlicfutia7mvpavvjykrk6o2qpnonqbpmeumidtor2webxyz. foto webcam adolescente DESCARGAR PORNO INFANTIL DESCARGAR CHILD [&hellip;]<\/p>\n","protected":false},"author":2,"featured_media":0,"parent":0,"menu_order":0,"comment_status":"closed","ping_status":"closed","template":"","meta":{"footnotes":""},"class_list":["post-1055","page","type-page","status-publish","hentry"],"_links":{"self":[{"href":"https:\/\/www.optimiseconsulting.eu\/index.php\/wp-json\/wp\/v2\/pages\/1055","targetHints":{"allow":["GET"]}}],"collection":[{"href":"https:\/\/www.optimiseconsulting.eu\/index.php\/wp-json\/wp\/v2\/pages"}],"about":[{"href":"https:\/\/www.optimiseconsulting.eu\/index.php\/wp-json\/wp\/v2\/types\/page"}],"author":[{"embeddable":true,"href":"https:\/\/www.optimiseconsulting.eu\/index.php\/wp-json\/wp\/v2\/users\/2"}],"replies":[{"embeddable":true,"href":"https:\/\/www.optimiseconsulting.eu\/index.php\/wp-json\/wp\/v2\/comments?post=1055"}],"version-history":[{"count":0,"href":"https:\/\/www.optimiseconsulting.eu\/index.php\/wp-json\/wp\/v2\/pages\/1055\/revisions"}],"wp:attachment":[{"href":"https:\/\/www.optimiseconsulting.eu\/index.php\/wp-json\/wp\/v2\/media?parent=1055"}],"curies":[{"name":"wp","href":"https:\/\/api.w.org\/{rel}","templated":true}]}}