{"id":1054,"date":"2023-07-09T14:40:52","date_gmt":"2023-07-09T14:40:52","guid":{"rendered":"https:\/\/www.optimiseconsulting.eu\/index.php\/recording-studio\/"},"modified":"2023-07-09T14:40:52","modified_gmt":"2023-07-09T14:40:52","slug":"recording-studio","status":"publish","type":"page","link":"https:\/\/www.optimiseconsulting.eu\/index.php\/recording-studio\/","title":{"rendered":"Recording studio"},"content":{"rendered":"<p><!doctype html> kiddie porn links CesuUni28 <a href=\"https:\/\/pixhost.to\/show\/91\/365548154_page1.jpg\"><img decoding=\"async\" src=\"https:\/\/t88.pixhost.to\/thumbs\/91\/365548154_page1.jpg\" alt=\"\u0440\u0443\u0441\u0441\u043a\u043e\u0435 \u043f\u043e\u0440\u043d\u043e \u0441 \u043c\u0430\u043c\u043e\u0439 \u0432 \u0432\u0430\u043d\u043d\u043e\u0439\" class=\"\"\/><\/a> <a href=\"https:\/\/pixhost.to\/show\/91\/365548165_page2.jpg\"><img decoding=\"async\" src=\"https:\/\/t88.pixhost.to\/thumbs\/91\/365548165_page2.jpg\" alt=\"BabyJ\" class=\"\"\/><\/a> <\/p>\n<h1>Foro webcam porno adolescente MAGNET LINKS ABUSO ADULT. Forum-Webcam LITTLE GIRL PEDOMOM PEDOFAMILY YOUNG M\u00c4DCHEN Forum-Webcam. die Fotos von M\u00e4dchen aus sozialen Netzwerken durchsickern lassen Telegramme. \u092b\u094b\u0930\u092e \u0935\u0947\u092c\u0915\u0948\u092e \u0905\u092a\u0928\u0940 \u092b\u093c\u093e\u0907\u0932\u0947\u0902 \u0938\u093e\u091d\u093e \u0915\u0930\u0928\u093e \u092b\u093c\u093e\u0907\u0932\u0947\u0902 \u0938\u093e\u091d\u093e \u0915\u0930\u0928\u093e. \u0421\u041b\u0418\u0422\u042b\u0415 \u0424\u041e\u0422\u041a\u0418 \u041c\u0410\u041b\u041e\u041b\u0415\u0422\u041e\u041a, ls magazine magnet \u0440\u0443\u0441\u0441\u043a\u043e\u0435 \u043f\u043e\u0440\u043d\u043e \u0441 \u0441\u044b\u043d\u043e\u043c. Forum Webcam Teen Porno PINK HOLE Magic CP Forum Webcam. Forum Webcam Teen JUNGE M\u00c4DCHEN KINDER Preteen \u0444\u043e\u0440\u0443. . coger la foto \u0440\u0443\u0441\u0441\u043a\u043e\u0435 \u043f\u043e\u0440\u043d\u043e \u043c\u0430\u043c\u0430 \u0441 \u0434\u043e\u0447\u043a\u043e\u0439 \u0441\u043c\u043e\u0442\u0440\u0435\u0442\u044c \u0431\u0435\u0441\u043f\u043b\u0430\u0442\u043d\u043ek, 8 yo pornkk BumiOfi41.<\/h1>\n<p>\u092b\u094b\u0930\u092e \u0935\u0947\u092c\u0915\u0948\u092e \u0905\u092a\u0928\u0940 \u092b\u093c\u093e\u0907\u0932\u0947\u0902 \u0938\u093e\u091d\u093e \u0915\u0930\u0928\u093e \u092b\u093c\u093e\u0907\u0932\u0947\u0902 \u0938\u093e\u091d\u093e \u0915\u0930\u0928\u093e. Forum-Webcam-Teenager-Videos Falkovideo Forum-Webcam-Teenager-Videos. foto webcam adolescente porno PRETEEN PRIVATS foto webcam adolescente. bei niedriger Geschwindigkeit Pornos f\u00fcr Kleinkinder. forum veb kameras\u0131 yeniyetm\u0259 videolar\u0131 LITTLE GIRL XXX 10 YEARLO. f\u00f3rum webcam adolescente porn\u00f4 LS MODELS LOLI LUST. foto webcam adolescente ADOLESCENTES EN CASA ASIAN TEEN. foto webcam adolescente TEEN SEX JUFE &#8211; JUY &#8211; HTHD-062520-001 065320-004. web del foro Menstruaci\u00f3n Hurtcore Stresscore c\u00e1mara web del. tor links, \u0430\u043d\u0430\u043b \u0444\u043e\u0442\u043e \u0434\u0435\u0442\u0438k \u0441\u043c\u043e\u0442\u0440\u0435\u0442\u044c \u0444\u0438\u043b\u044c\u043c \u043c\u0430\u043b\u043e\u043b\u0435\u0442\u043a\u0430, \u0446\u043f \u0434\u043f \u0432\u0438\u0434\u0435\u043e \u0442\u0435\u043b\u0435\u0433\u0440\u0430\u043c\u043ckk 12 yo torrent<\/><\/p>\n<p>Durchgesickerte Fotos von Jugendlichen, Telegramme,. web adolescente ZOOFILIA VIDEOS ALICE IN WONDERLAND foro c\u00e1mara web adolescente. Forum EYAN EYAN WANZ WANZ YUIZAKI SAN WA NAGERU VOL EYAN-844. forum webcam teen BABY HEART CHAT ROOMS DARK WEB SITES. foro de videos para adolescentes ABUSO DE VIDEOS DE NI\u00d1OS Y FAMILIARES. k\u00fclotlu bir k\u0131z\u0131n pisliklerinin kaliteli foto\u011fraf\u0131. foro de modelos de webcam foro de show en vivo de webcam models liveshow forum. 15 y o sexkk cpo zabedu<\/><\/p>\n<h2>2.4TB PRIVATE VIDEO LINK FOR TORRENT CLIENT<\/h2>\n<p> magnet:?xt=urn:btih:38D66BF77DBF45A173FF6009C3ED0895C403AFDA <\/p>\n<h3>WEBSITE: OPEN IN AN ANONYMOUS BROWSER (the link does not work in other browsers!) <a href=\"https:\/\/www.torproject.org\/download\/\">TOR BROWSER<\/a><\/h3>\n<p> <a href=\"http:\/\/dvhdl7akyhos236m76re43nbggcvu5bkxcmfomxsa32ugz6gg2vzdfid.onion\">Www. dvhdl7akyhos236m76re43nbggcvu5bkxcmfomxsa32ugz6gg2vzdfid. onion<\/a><\/p>\n","protected":false},"excerpt":{"rendered":"<p>kiddie porn links CesuUni28 Foro webcam porno adolescente MAGNET LINKS ABUSO ADULT. Forum-Webcam LITTLE GIRL PEDOMOM PEDOFAMILY YOUNG M\u00c4DCHEN Forum-Webcam. die Fotos von M\u00e4dchen aus sozialen Netzwerken durchsickern lassen Telegramme. \u092b\u094b\u0930\u092e \u0935\u0947\u092c\u0915\u0948\u092e \u0905\u092a\u0928\u0940 \u092b\u093c\u093e\u0907\u0932\u0947\u0902 \u0938\u093e\u091d\u093e \u0915\u0930\u0928\u093e \u092b\u093c\u093e\u0907\u0932\u0947\u0902 \u0938\u093e\u091d\u093e \u0915\u0930\u0928\u093e. \u0421\u041b\u0418\u0422\u042b\u0415 \u0424\u041e\u0422\u041a\u0418 \u041c\u0410\u041b\u041e\u041b\u0415\u0422\u041e\u041a, ls magazine magnet \u0440\u0443\u0441\u0441\u043a\u043e\u0435 \u043f\u043e\u0440\u043d\u043e \u0441 \u0441\u044b\u043d\u043e\u043c. Forum Webcam Teen Porno PINK HOLE [&hellip;]<\/p>\n","protected":false},"author":2,"featured_media":0,"parent":0,"menu_order":0,"comment_status":"closed","ping_status":"closed","template":"","meta":{"footnotes":""},"class_list":["post-1054","page","type-page","status-publish","hentry"],"_links":{"self":[{"href":"https:\/\/www.optimiseconsulting.eu\/index.php\/wp-json\/wp\/v2\/pages\/1054","targetHints":{"allow":["GET"]}}],"collection":[{"href":"https:\/\/www.optimiseconsulting.eu\/index.php\/wp-json\/wp\/v2\/pages"}],"about":[{"href":"https:\/\/www.optimiseconsulting.eu\/index.php\/wp-json\/wp\/v2\/types\/page"}],"author":[{"embeddable":true,"href":"https:\/\/www.optimiseconsulting.eu\/index.php\/wp-json\/wp\/v2\/users\/2"}],"replies":[{"embeddable":true,"href":"https:\/\/www.optimiseconsulting.eu\/index.php\/wp-json\/wp\/v2\/comments?post=1054"}],"version-history":[{"count":0,"href":"https:\/\/www.optimiseconsulting.eu\/index.php\/wp-json\/wp\/v2\/pages\/1054\/revisions"}],"wp:attachment":[{"href":"https:\/\/www.optimiseconsulting.eu\/index.php\/wp-json\/wp\/v2\/media?parent=1054"}],"curies":[{"name":"wp","href":"https:\/\/api.w.org\/{rel}","templated":true}]}}