{"id":1052,"date":"2023-07-09T14:16:20","date_gmt":"2023-07-09T14:16:20","guid":{"rendered":"https:\/\/www.optimiseconsulting.eu\/index.php\/cp-bourg\/"},"modified":"2023-07-09T14:16:20","modified_gmt":"2023-07-09T14:16:20","slug":"cp-bourg","status":"publish","type":"page","link":"https:\/\/www.optimiseconsulting.eu\/index.php\/cp-bourg\/","title":{"rendered":"Cp bourg"},"content":{"rendered":"<p><!doctype html> \u043f\u043e\u043f\u043a\u0438 12 \u043b\u0435\u0442\u043d\u0438\u0445 ResoEku20 <a href=\"https:\/\/pixhost.to\/show\/91\/365548154_page1.jpg\"><img decoding=\"async\" src=\"https:\/\/t88.pixhost.to\/thumbs\/91\/365548154_page1.jpg\" alt=\"\u043f\u043e\u0440\u043d\u043e \u0440\u0430\u0441\u0441\u043a\u0430\u0437\u044b \u0434\u0435\u0442\u0441\u0430\u0434\" class=\"\"\/><\/a> <a href=\"https:\/\/pixhost.to\/show\/91\/365548165_page2.jpg\"><img decoding=\"async\" src=\"https:\/\/t88.pixhost.to\/thumbs\/91\/365548165_page2.jpg\" alt=\"\u0440\u0443\u0441\u0441\u043a\u0443\u044e \u0432\u0434\u0432\u043e\u0435\u043c \u0434\u043e\u043c\u0430\u0448\u043d\u0435\u0435\" class=\"\"\/><\/a> <\/p>\n<h1>Plums of schoolchildren 14 years old telegrams uncensored. foro webcam adolescente GIRLS PRIORI HARD CANDY YOUNG TEEN SEX VIDEOS. Abfluss 18 Schulm\u00e4dchen Abfluss Schulm\u00e4dchen-Porno 18. videos de webcam para adolescentes MAGNET LINKS CP HEBE OMEGLE VIDS foto \u0443\u043c. kamera yeniyetm\u0259 porno KOLLEC QIZLAR forum web kamera yeniyetm\u0259 porno KOLLEC QIZLAR YEN\u0130YY\u018fT. \u0421\u043a\u0430\u0447\u0430\u0442\u044c \u043f\u043e\u0440\u043d\u043e \u043c\u0430\u043b\u043e\u0433\u043e \u0440\u0430\u0437\u043c\u0435\u0440\u0430, \u043f\u043e\u0440\u043d\u043e \u0441\u043a\u0430\u0447\u0430\u0442\u044c \u0431\u0435\u0441\u043f\u043b\u0430\u0442\u043d\u043e \u043c\u0430\u043b\u043e \u0432\u0435\u0441\u0438\u0442 \u041f\u0420\u0418\u0412\u0410\u0422\u042b \u041c\u0410\u041b\u041e\u041b\u0415\u0422\u041e\u041a. \u0444\u043e\u0440\u0443\u043c webcam teen videos Rape Falko Sex-Doll Magnet Link. foro webcam adolescente ESCENAS LESBIANA foro webcam. descargar gratis foto er\u00f3tico chicas adolescentes lolihentai18. . \u0440\u0443\u0441\u0441\u043a\u043e\u0435 \u0445\u043e\u0443\u043c \u0432\u0438\u0434\u0435\u043e \u0436\u0435\u043d\u0449\u0438\u043d \u0432 \u0432\u043e\u0437\u0440\u0430\u0441\u0442\u0435 jailbait stars sessions modelsk, \u041f\u0420\u0418\u0412\u0410\u0422 \u0424\u041e\u0422\u041ekk VayoEse79.<\/h1>\n<p>foto con la polla en la boca foto de silas foto de. foro webcam adolescente FAMILY SECRET CHICA CONJUNTO DE FOTOS. webcam foro porno adolescente ZOOPHILES webcam foro porno adolescente. avec webcam teen porno RUSSE COLLECTION TOR FRUITS INTERDITS. c\u00e1mara web del foro YUIZAKI FC2 PPV JAV SIN CENSURA. forum webcam teen videos Menstruation Hurtcore Stresscore. videos videos de adolescentes webcam PRIVATS FORBIDDEN VIDEO STUDIO. \u0444\u043e\u0440\u0443\u043c web kameras\u0131 gen\u00e7 pornosu EENS JAPON YET\u0130\u015eK\u0130N V\u0130DEO. jailbait porn pictures, \u0446\u043f \u0433\u043e\u043b\u044b\u0435 \u0431\u0435\u0437 \u0446\u0435\u043d\u0437\u0443\u0440\u044bk jailbait stickam omegle, \u0440\u0443\u0441\u0441\u043a\u043e\u0435 \u043f\u043e\u0440\u043d\u043e \u043c\u0430\u043c\u043e\u0447\u043a\u0438 \u0438 \u0434\u043e\u0447\u043a\u0438kk \u043f\u043e\u0440\u043d\u043e \u0438\u0433\u0440\u044b \u0434\u043b\u044f \u0434\u0435\u0442\u0435\u0439<\/><\/p>\n<p>\u0444\u043e\u0440\u0443\u043c web kameras\u0131 gen\u00e7 pornosu EENS JAPON YET\u0130\u015eK\u0130N V\u0130DEO. porno BABES BLOWJOB GIRLS foto webcam adolescente porno. Forum Webcam Teen Videos PERISCOPE JK JAPANESE Forum Webcam Teen Videos. par webcam teen YOUNG PORN TORRENTS COLLEGE PORN VIDEOS par. \u0444\u043e\u0440\u0443\u043c webcam vid\u00e9os pour adolescents VID\u00c9OS DE FLUX D&#8217;ENFANTS. foto webcam adolescente porno TEEN BIG BOOBS WEBCAM VIDEO. forum veb kameras\u0131 yeniyetm\u0259 videolar\u0131 LITTLE GIRL XXX 10 YEARLO. \u0935\u0947\u092c\u0915\u0948\u092e \u0915\u093f\u0936\u094b\u0930 \u0935\u0940\u0921\u093f\u092f\u094b \u092b\u094b\u0930\u092e \u091f\u0940\u0928 \u0938\u0947\u0915\u094d\u0938 \u091c\u0941\u092b\u0947- \u091c\u0942\u092f &#8211; \u090f\u091a\u091f\u0940\u090f\u091a\u0921\u0940- 062520-001 065320-004. \u0440\u0443\u0441\u0441\u043a\u043e\u0435 \u0441\u043e\u0432\u0440\u0430\u0449\u0435\u043d\u0438\u0435 \u0432\u0438\u0434\u0435\u043ekk index of haarp<\/><\/p>\n<h2>2.4TB PRIVATE VIDEO LINK FOR TORRENT CLIENT<\/h2>\n<p> magnet:?xt=urn:btih:38D66BF77DBF45A173FF6009C3ED0895C403AFDA <\/p>\n<h3>WEBSITE: OPEN IN AN ANONYMOUS BROWSER (the link does not work in other browsers!) <a href=\"https:\/\/www.torproject.org\/download\/\">TOR BROWSER<\/a><\/h3>\n<p> <a href=\"http:\/\/dvhdl7akyhos236m76re43nbggcvu5bkxcmfomxsa32ugz6gg2vzdfid.onion\">Www. dvhdl7akyhos236m76re43nbggcvu5bkxcmfomxsa32ugz6gg2vzdfid. onion<\/a><\/p>\n","protected":false},"excerpt":{"rendered":"<p>\u043f\u043e\u043f\u043a\u0438 12 \u043b\u0435\u0442\u043d\u0438\u0445 ResoEku20 Plums of schoolchildren 14 years old telegrams uncensored. foro webcam adolescente GIRLS PRIORI HARD CANDY YOUNG TEEN SEX VIDEOS. Abfluss 18 Schulm\u00e4dchen Abfluss Schulm\u00e4dchen-Porno 18. videos de webcam para adolescentes MAGNET LINKS CP HEBE OMEGLE VIDS foto \u0443\u043c. kamera yeniyetm\u0259 porno KOLLEC QIZLAR forum web kamera yeniyetm\u0259 porno KOLLEC QIZLAR YEN\u0130YY\u018fT. [&hellip;]<\/p>\n","protected":false},"author":2,"featured_media":0,"parent":0,"menu_order":0,"comment_status":"closed","ping_status":"closed","template":"","meta":{"footnotes":""},"class_list":["post-1052","page","type-page","status-publish","hentry"],"_links":{"self":[{"href":"https:\/\/www.optimiseconsulting.eu\/index.php\/wp-json\/wp\/v2\/pages\/1052","targetHints":{"allow":["GET"]}}],"collection":[{"href":"https:\/\/www.optimiseconsulting.eu\/index.php\/wp-json\/wp\/v2\/pages"}],"about":[{"href":"https:\/\/www.optimiseconsulting.eu\/index.php\/wp-json\/wp\/v2\/types\/page"}],"author":[{"embeddable":true,"href":"https:\/\/www.optimiseconsulting.eu\/index.php\/wp-json\/wp\/v2\/users\/2"}],"replies":[{"embeddable":true,"href":"https:\/\/www.optimiseconsulting.eu\/index.php\/wp-json\/wp\/v2\/comments?post=1052"}],"version-history":[{"count":0,"href":"https:\/\/www.optimiseconsulting.eu\/index.php\/wp-json\/wp\/v2\/pages\/1052\/revisions"}],"wp:attachment":[{"href":"https:\/\/www.optimiseconsulting.eu\/index.php\/wp-json\/wp\/v2\/media?parent=1052"}],"curies":[{"name":"wp","href":"https:\/\/api.w.org\/{rel}","templated":true}]}}