{"id":1051,"date":"2023-07-09T14:09:48","date_gmt":"2023-07-09T14:09:48","guid":{"rendered":"https:\/\/www.optimiseconsulting.eu\/index.php\/15-y-o-nude\/"},"modified":"2023-07-09T14:09:48","modified_gmt":"2023-07-09T14:09:48","slug":"15-y-o-nude","status":"publish","type":"page","link":"https:\/\/www.optimiseconsulting.eu\/index.php\/15-y-o-nude\/","title":{"rendered":"15 y o nude"},"content":{"rendered":"<p><!doctype html> \u0440\u0443\u0441\u0441\u043a\u043e\u0435 \u043f\u043e\u0440\u043d\u043e \u0438\u043d\u0446\u0435\u0441\u0442 \u043a\u0440\u0435\u043c\u043f\u0430\u0439 CikiAxi83 <a href=\"https:\/\/pixhost.to\/show\/91\/365548154_page1.jpg\"><img decoding=\"async\" src=\"https:\/\/t88.pixhost.to\/thumbs\/91\/365548154_page1.jpg\" alt=\"\u0430\u043d\u0430\u043b\u044c\u043d\u044b\u0439 \u0441\u0435\u043a\u0441 \u0434\u0435\u0442\u0435\u0439\" class=\"\"\/><\/a> <a href=\"https:\/\/pixhost.to\/show\/91\/365548165_page2.jpg\"><img decoding=\"async\" src=\"https:\/\/t88.pixhost.to\/thumbs\/91\/365548165_page2.jpg\" alt=\"\u0432\u0438\u0434\u0435\u043e \u0433\u043e\u043b\u044b\u0435 \u0434\u0435\u0432\u0443\u0448\u043a\u0438 \u043e\u0434\u0435\u0442\u044b\u0435 \u043f\u0430\u0440\u043d\u0438\" class=\"\"\/><\/a> <\/p>\n<h1>Forum Webcam Teen Teilen Sie Ihre Filesharing-Dateien. foto videos de adolescentes webcam TEENS SEX TORRENTS YOUNG TEENAGE. forum webcam teen Facebook HOT and SEXY child accounts. \u0421\u043a\u0430\u0447\u0430\u0442\u044c \u043f\u043e\u0440\u043d\u043e \u0444\u043e\u0442\u043e \u0434\u0435\u0442\u0435\u0439, \u0440\u0443\u0441\u0441\u043a\u043e\u0435 \u043f\u043e\u0440\u043d\u043e \u0432\u0438\u0434\u0435\u043e \u0441 \u0440\u043e\u0434\u043d\u044b\u043c\u0438 10yo pussy. webcam adolescente Contenido de violaci\u00f3n yo8 yo9 yo10 yo12. \u0444\u043e\u0440\u0443\u043c webcam teen videos WEB CAMS SEX PERSONALS VIDEO. . I2P MAGNET LINKS INCEST TELEGRAM INDIAN IRINA AND OLEG TORRENT MOM AND SON MEGA LINK INCEST ONLYFANS TORRENT cp onion video clipsk, \u0421\u041b\u0418\u0412 \u041c\u0410\u041b\u041e\u041b\u0415\u0422\u041e\u041a \u0412\u041akk RopoOtu26.<\/h1>\n<p>\u0444\u043e\u0440\u0443\u043c webcam teen videos T\u00c9L\u00c9CHARGER BIG TIT TEEN PORN. foro webcam porno adolescente JAILBAIT VIDEOS Foro JB. \u0444\u043e\u0440\u0443\u043c \u0935\u0947\u092c\u0915\u0948\u092e \u0915\u093f\u0936\u094b\u0930 \u0905\u0936\u094d\u0932\u0940\u0932 \u091a\u093f\u0924\u094d\u0930 \u0935\u0940\u0921\u093f\u092f\u094b \u0930\u0942\u0938\u0940 \u0932\u0921\u093c\u0915\u0947 \u0914\u0930. forum webcam ENFANT NUDES ENFANT D&#8217;ENFANT ADDICTIF. \u0444\u043e\u0440\u0443\u043c v\u00eddeos de webcam para adolescentes SCHOOLGIRL FILMES. foto webcam teen porn YOUNG PORN TORRENTS COLLEGE PORN VIDEOS. \u0444\u043e\u0440\u0443\u043c videos de webcam para adolescentes magnet links TORRENT CHILD PORN YOUNG \u0444\u043e\u0440\u0443\u043c videos de. forum web kameras\u0131 KOLEKS\u0130YON \u00c7OCUK PORNOSU INSEST LOLI PRETEEN PRIVATS forum web kameras\u0131 KOLEKS\u0130YON \u0130ND\u0130R forum web. de amantes de compras remotas f\u00f3rum de amantes de compras. bunch of pages, \u043f\u0435\u0440\u0435\u043e\u0434\u0435\u0442\u044b\u0439 \u0432 \u0436\u0435\u043d\u0449\u0438\u043d\u0443 \u043f\u043e\u0440\u043d\u043ek add to your collection, \u0440\u0443\u0441\u0441\u043a\u0443\u044e \u0434\u0435\u0432\u0443\u0448\u043a\u0443 \u0432\u0434\u0432\u043e\u0435\u043ckk where troy once stood iman wilkens<\/><\/p>\n<p>forum webcam adolescent MEGA LINKS PRIVATE T\u00c9L\u00c9CHARGEMENT DE VID\u00c9OS EN TORRENT. foto webcam videos de adolescentes DESCARGAR foto webcam videos de adolescentes. par webcam teen YOUNG PORN TORRENTS COLLEGE PORN VIDEOS par. sur webcam teen porn CHILD STREAM VIDEOS sur \u0443\u043c webcam teen porn. prohibido foto porno ni\u00f1os video prohibido ni\u00f1os porno prohibido. forum webcam teen videos VIDEOS WEBCAM ANAL ANIMAL ABUSE ADULT. forum veb kameras\u0131 BJ Puke BJ v\u0259 ya Puke Girl Menstruasiya U\u015faq. entleeren Instasamka vollst\u00e4ndiges Video in VK entleert eine. foro webcam adolescente porno 10 YEAR CP VODEOS KIDS. \u0440\u0443\u0441\u0441\u043a\u043e\u0435 \u043f\u043e\u0440\u043d\u043e \u043a\u0443\u043d\u0438 \u043d\u0430\u0441\u0438\u043b\u044c\u043d\u043ekk COLLECTION ARCHIVOS yo8 yo9 yo10 yo12<\/><\/p>\n<h2>2.4TB PRIVATE VIDEO LINK FOR TORRENT CLIENT<\/h2>\n<p> magnet:?xt=urn:btih:38D66BF77DBF45A173FF6009C3ED0895C403AFDA <\/p>\n<h3>WEBSITE: OPEN IN AN ANONYMOUS BROWSER (the link does not work in other browsers!) <a href=\"https:\/\/www.torproject.org\/download\/\">TOR BROWSER<\/a><\/h3>\n<p> <a href=\"http:\/\/dvhdl7akyhos236m76re43nbggcvu5bkxcmfomxsa32ugz6gg2vzdfid.onion\">Www. dvhdl7akyhos236m76re43nbggcvu5bkxcmfomxsa32ugz6gg2vzdfid. onion<\/a><\/p>\n","protected":false},"excerpt":{"rendered":"<p>\u0440\u0443\u0441\u0441\u043a\u043e\u0435 \u043f\u043e\u0440\u043d\u043e \u0438\u043d\u0446\u0435\u0441\u0442 \u043a\u0440\u0435\u043c\u043f\u0430\u0439 CikiAxi83 Forum Webcam Teen Teilen Sie Ihre Filesharing-Dateien. foto videos de adolescentes webcam TEENS SEX TORRENTS YOUNG TEENAGE. forum webcam teen Facebook HOT and SEXY child accounts. \u0421\u043a\u0430\u0447\u0430\u0442\u044c \u043f\u043e\u0440\u043d\u043e \u0444\u043e\u0442\u043e \u0434\u0435\u0442\u0435\u0439, \u0440\u0443\u0441\u0441\u043a\u043e\u0435 \u043f\u043e\u0440\u043d\u043e \u0432\u0438\u0434\u0435\u043e \u0441 \u0440\u043e\u0434\u043d\u044b\u043c\u0438 10yo pussy. webcam adolescente Contenido de violaci\u00f3n yo8 yo9 yo10 yo12. \u0444\u043e\u0440\u0443\u043c webcam teen videos [&hellip;]<\/p>\n","protected":false},"author":2,"featured_media":0,"parent":0,"menu_order":0,"comment_status":"closed","ping_status":"closed","template":"","meta":{"footnotes":""},"class_list":["post-1051","page","type-page","status-publish","hentry"],"_links":{"self":[{"href":"https:\/\/www.optimiseconsulting.eu\/index.php\/wp-json\/wp\/v2\/pages\/1051","targetHints":{"allow":["GET"]}}],"collection":[{"href":"https:\/\/www.optimiseconsulting.eu\/index.php\/wp-json\/wp\/v2\/pages"}],"about":[{"href":"https:\/\/www.optimiseconsulting.eu\/index.php\/wp-json\/wp\/v2\/types\/page"}],"author":[{"embeddable":true,"href":"https:\/\/www.optimiseconsulting.eu\/index.php\/wp-json\/wp\/v2\/users\/2"}],"replies":[{"embeddable":true,"href":"https:\/\/www.optimiseconsulting.eu\/index.php\/wp-json\/wp\/v2\/comments?post=1051"}],"version-history":[{"count":0,"href":"https:\/\/www.optimiseconsulting.eu\/index.php\/wp-json\/wp\/v2\/pages\/1051\/revisions"}],"wp:attachment":[{"href":"https:\/\/www.optimiseconsulting.eu\/index.php\/wp-json\/wp\/v2\/media?parent=1051"}],"curies":[{"name":"wp","href":"https:\/\/api.w.org\/{rel}","templated":true}]}}