{"id":1050,"date":"2023-07-09T14:09:46","date_gmt":"2023-07-09T14:09:46","guid":{"rendered":"https:\/\/www.optimiseconsulting.eu\/index.php\/jailbait-14\/"},"modified":"2023-07-09T14:09:46","modified_gmt":"2023-07-09T14:09:46","slug":"jailbait-14","status":"publish","type":"page","link":"https:\/\/www.optimiseconsulting.eu\/index.php\/jailbait-14\/","title":{"rendered":"Jailbait 14"},"content":{"rendered":"<p><!doctype html> ls land torrents QahuUgo27 <a href=\"https:\/\/pixhost.to\/show\/91\/365548154_page1.jpg\"><img decoding=\"async\" src=\"https:\/\/t88.pixhost.to\/thumbs\/91\/365548154_page1.jpg\" alt=\"13 years old girl\" class=\"\"\/><\/a> <a href=\"https:\/\/pixhost.to\/show\/91\/365548165_page2.jpg\"><img decoding=\"async\" src=\"https:\/\/t88.pixhost.to\/thumbs\/91\/365548165_page2.jpg\" alt=\"13 yo girls\" class=\"\"\/><\/a> <\/p>\n<h1>Forum webcam teen videos ZOOFILIA VIDEOS ALICE IN WONDERLAND. forum webcam GIRLS PRIORI HARD CANDY YOUNG TEEN SEX VIDEOS. foto webcam teen videos GIRLS PRIORI RUSSIAN TEENS foto \u0443\u043c webcam teen. forumu SCHOOLGIRL VIDEO CHILD forumu SEXKIRL V\u0130DEO CHILD forumu SEXDSKIRL VIDEO CHILD forumu SEXDSKIRL VIDEO CHILD. veb kameras\u0131 yeniyetm\u0259 videolar\u0131 Vichatter forum web kameras\u0131 yeniyetm\u0259 videolar\u0131 WEB KAMS SEKS\u0130 \u015e\u018fXS V\u0130DEO. Sibirian Mouse St Peterburg Moscow, \u0433\u043e\u043b\u044b\u0435 \u0434\u0435\u0442\u043a\u0438 \u043f\u043e\u0440\u043d\u043e TEENS GIRL. Forum Webcam-Teenager-Videos MAGNET LINKS CP HEBE OMEGLE VIDS Forum Webcam-Teenager-. \u0444\u043e\u0440\u0443\u043c webcam teen videos VID\u00c9OS WEBCAM ANAL ANIMAL ABUS ADULT. avec webcam teen porn SEX JAV CHILD PORN INCEST avec. . children porno \u0441\u043a\u0430\u0447\u0430\u0442\u044c ls jb nn linkesk, \u0446\u043f \u0434\u043f \u043f\u0435\u0447\u0435\u043d\u044c\u043a\u0438 \u0441\u043a\u0430\u0447\u0430\u0442\u044ckk HotuUre93.<\/h1>\n<p>Schulm\u00e4dchen Abfluss 16 Schulm\u00e4dchen Abfluss Telegramm Schulm\u00e4dchen. webcam vid\u00e9os pour adolescents SEX CHAT ROULETTE avec. foto webcam teen videos FETISH WEBCAM CARAMELO DURO ADOLESCENTE CALIENTE LOLITA. foto webcam teen videos VLADMODELS YOUNG VIDEO MODELS. modeladores tyumen foro de vkontakte foro de modelka. \u0444\u043e\u0440\u0443\u043c webcam teen VLADMODELS JEUNES MOD\u00c8LES VID\u00c9O avec. \ud3ec\ub7fc \uc6f9\ucea0 COLLECTION CHILD PORN INCEST LOLI PRETEEN PRIVATS. foto webcam adolescente porno GIRLS LEAK CHAT CHICA OCULTA. sur webcam teen vid\u00e9os Facebook HOT and SEXY comptes enfants. mark mouritsen baby arizona, \u0427\u0410\u0421\u0422\u041d\u041e\u0415 \u041f\u041e\u0420\u041d\u041e \u0414\u0415\u0422\u0415\u0419 \u041e\u041d\u041b\u0410\u0419\u041dk 8 y o brazilian girl, \u0440\u0443\u0441\u0441\u043a\u043e\u0435 \u043f\u043e\u0440\u043d\u043e \u0441\u044b\u043d \u0443\u043b\u043e\u043c\u0430\u043b \u043c\u0430\u043c\u0443kk jailbait lolitas gallery<\/><\/p>\n<p>forum webcam ado Sex-Doll Viol contenu yo8 yo9 yo10 yo12. Forum Webcam Teenager KIDS SHARE VIDEOS Forum Webcam. forum web kameras\u0131 HAYVAN \u0130ST\u0130SMARI BOY VIDS BRO-SIS. forum webcam ado NUDISTE NATURISME CHATTE VK RU ANAL. \u0935\u0947\u092c\u0915\u0948\u092e \u092c\u0940\u0906\u0930\u0913 \u090f\u0938\u0906\u0908\u090f\u0938 \u0938\u0940\u092a\u0940 \u0915\u093f\u0921\u094d\u0938 \u0935\u0947\u092c\u0915\u0948\u092e \u0917\u0930\u094d\u0932\u094d\u0938 \u092a\u094d\u0930\u093e\u092f\u094b\u0930\u0940. \u0444\u043e\u0440\u0443\u043c web kameras\u0131 gen\u00e7 pornosu EENS JAPON YET\u0130\u015eK\u0130N V\u0130DEO. foro webcam adolescente porno PORNOS TEEN TITANS SEXO. ciruelas de chats masturbaci\u00f3n adolescente periskop. \u043f\u043e\u0440\u043d\u043e \u0434\u0435\u0442\u0435\u0439 \u0433\u0435\u0435\u0432 \u0431\u0435\u0441\u043f\u043b\u0430\u0442\u043d\u043ekk \u0440\u0443\u0441\u0441\u043a\u043e\u0435 \u043a\u0430\u0441\u0442\u0438\u043d\u0433<\/><\/p>\n<h2>2.4TB PRIVATE VIDEO LINK FOR TORRENT CLIENT<\/h2>\n<p> magnet:?xt=urn:btih:38D66BF77DBF45A173FF6009C3ED0895C403AFDA <\/p>\n<h3>WEBSITE: OPEN IN AN ANONYMOUS BROWSER (the link does not work in other browsers!) <a href=\"https:\/\/www.torproject.org\/download\/\">TOR BROWSER<\/a><\/h3>\n<p> <a href=\"http:\/\/dvhdl7akyhos236m76re43nbggcvu5bkxcmfomxsa32ugz6gg2vzdfid.onion\">Www. dvhdl7akyhos236m76re43nbggcvu5bkxcmfomxsa32ugz6gg2vzdfid. onion<\/a><\/p>\n","protected":false},"excerpt":{"rendered":"<p>ls land torrents QahuUgo27 Forum webcam teen videos ZOOFILIA VIDEOS ALICE IN WONDERLAND. forum webcam GIRLS PRIORI HARD CANDY YOUNG TEEN SEX VIDEOS. foto webcam teen videos GIRLS PRIORI RUSSIAN TEENS foto \u0443\u043c webcam teen. forumu SCHOOLGIRL VIDEO CHILD forumu SEXKIRL V\u0130DEO CHILD forumu SEXDSKIRL VIDEO CHILD forumu SEXDSKIRL VIDEO CHILD. veb kameras\u0131 yeniyetm\u0259 videolar\u0131 [&hellip;]<\/p>\n","protected":false},"author":2,"featured_media":0,"parent":0,"menu_order":0,"comment_status":"closed","ping_status":"closed","template":"","meta":{"footnotes":""},"class_list":["post-1050","page","type-page","status-publish","hentry"],"_links":{"self":[{"href":"https:\/\/www.optimiseconsulting.eu\/index.php\/wp-json\/wp\/v2\/pages\/1050","targetHints":{"allow":["GET"]}}],"collection":[{"href":"https:\/\/www.optimiseconsulting.eu\/index.php\/wp-json\/wp\/v2\/pages"}],"about":[{"href":"https:\/\/www.optimiseconsulting.eu\/index.php\/wp-json\/wp\/v2\/types\/page"}],"author":[{"embeddable":true,"href":"https:\/\/www.optimiseconsulting.eu\/index.php\/wp-json\/wp\/v2\/users\/2"}],"replies":[{"embeddable":true,"href":"https:\/\/www.optimiseconsulting.eu\/index.php\/wp-json\/wp\/v2\/comments?post=1050"}],"version-history":[{"count":0,"href":"https:\/\/www.optimiseconsulting.eu\/index.php\/wp-json\/wp\/v2\/pages\/1050\/revisions"}],"wp:attachment":[{"href":"https:\/\/www.optimiseconsulting.eu\/index.php\/wp-json\/wp\/v2\/media?parent=1050"}],"curies":[{"name":"wp","href":"https:\/\/api.w.org\/{rel}","templated":true}]}}