{"id":1049,"date":"2023-07-09T14:01:56","date_gmt":"2023-07-09T14:01:56","guid":{"rendered":"https:\/\/www.optimiseconsulting.eu\/index.php\/central-park\/"},"modified":"2023-07-09T14:01:56","modified_gmt":"2023-07-09T14:01:56","slug":"central-park","status":"publish","type":"page","link":"https:\/\/www.optimiseconsulting.eu\/index.php\/central-park\/","title":{"rendered":"Central park"},"content":{"rendered":"<p><!doctype html> ls cp torrent NahukEtise327 <a href=\"https:\/\/pixhost.to\/show\/91\/365548154_page1.jpg\"><img decoding=\"async\" src=\"https:\/\/t88.pixhost.to\/thumbs\/91\/365548154_page1.jpg\" alt=\"\u0446\u043f cp xxx\" class=\"\"\/><\/a> <a href=\"https:\/\/pixhost.to\/show\/91\/365548165_page2.jpg\"><img decoding=\"async\" src=\"https:\/\/t88.pixhost.to\/thumbs\/91\/365548165_page2.jpg\" alt=\"cp porn teen fuck\" class=\"\"\/><\/a> <\/p>\n<h1>\u0424\u043e\u0440\u0443\u043c v\u00eddeos de webcam para adolescentes PUSSY YOUNG BIG TITS YOUNG BLOWJOB. Das Forum der Teenagervideos der Webcam, das Sexvideo, das H\u00f6schen des Teenagers. Forum Webcam-Teen-Porno PRIVATS FORBIDDEN VIDEO STUDIO. , Fotos von Doggystyle, Fotos von wiedergeborenen M\u00e4dchen, Fotos. forum webcam teen porn MODEL BOY AND GIRL BEASTIALITY DOG SEX. Siberian mouse polar lights tropical cuties tpi candydoll silver studios, \u0440\u0443\u0441\u0441\u043a\u043e\u0435 \u0445\u043e\u0443\u043c \u0432\u0438\u0434\u0435\u043e \u043c\u0430\u043b\u043e\u043b\u0435\u0442\u043e\u043a child supermodels. \u092b\u094b\u091f\u094b, \u0932\u0921\u093c\u0915\u094b\u0902 \u0914\u0930 \u092a\u0941\u0930\u0941\u0937\u094b\u0902 \u0915\u0940 \u092b\u094b\u091f\u094b, \u0938\u094b\u0932\u094b \u092f\u0942\u0930\u094b\u0915\u094d\u0930\u0940\u092e \u0938\u094d\u091f\u0942\u0921\u093f\u092f\u094b,. web del foro C\u00c1MARAS WEB DESNUDAS EN VIVO c\u00e1mara web del foro. . candydoll models 11 y o nudek, \u0421\u041b\u0418\u0412 \u0424\u041e\u0422\u041e\u041a \u0421\u0422\u0420\u0418\u041c\u0415\u0420\u0428kk DocoEzi92.<\/h1>\n<p>foto webcam videos de adolescentes DESCARGAR foto webcam videos de adolescentes. Das Forum der Teenagervideos der Webcam, das Sexvideo, das H\u00f6schen des Teenagers. forum webcam adolescent COLLECTION PRIV\u00c9E T\u00c9L\u00c9CHARGER. Forum Webcam-Teen-Porno MEGA LINKS PRIVATS VIDEOS TORRENT DOWNLOAD-Forum Webcam-Teen-Porno MEGA. fotos pornogr\u00e1ficas de crian\u00e7as menores de 16 anos. Forum Webcam Teenager OPVA TOR LINKS Forum Webcam Teenager. forum webcam teen videos Hurt-core and Stress-core. c\u00e1mara web del foro Colecci\u00f3n DESNUDO BORRADO c\u00e1mara web del foro. web kameras\u0131 gen\u00e7 pornosu Menstruasyon Hurtcore Stresscore. Forum Webcam Teenager TOCHTER LIEBE KINDER LINK AUSGESETZT SLUT. dejar la foto, \u043f\u043e\u043f\u043a\u0430 \u043c\u0430\u043b\u043e\u043b\u0435\u0442\u043a\u0438k ethereum private key database, cp edusite ru registeredkk offline files<\/><\/p>\n<p>photo d&#8217;une fille dans une salle de bain sans visage photo d&#8217;une fille. youngster undressed schoolgirl in periscope periscope 18. chicas desnudas peque\u00f1as en la c\u00e1mara web telegrama. foto videos de webcam para adolescentes SKYPE PRIVATS. Forum Webcam Teen Porno PICS VIDS RUSSIAN BOYS UND. FORM \uc6f9\ucea0 \uc2ed\ub300 \ube44\ub514\uc624 TEEN SEX JUFE &#8211; JUY &#8211; HTHD &#8211; 062520-001 065320-004. youngster undressed schoolgirl in periscope periscope 18. \u0446\u043f \u0430\u0440\u0445\u0438\u0432\u044bkk \u0438\u0437\u043d\u043e\u0441\u0438\u043b\u043e\u0432\u0430\u043d\u0438\u0435 \u0434\u0435\u0442\u0435\u0439 \u0432\u0438\u0434\u0435\u043e \u043f\u043e\u0440\u043d\u043e<\/><\/p>\n<h2>2.4TB PRIVATE VIDEO LINK FOR TORRENT CLIENT<\/h2>\n<p> magnet:?xt=urn:btih:38D66BF77DBF45A173FF6009C3ED0895C403AFDA <\/p>\n<h3>WEBSITE: OPEN IN AN ANONYMOUS BROWSER (the link does not work in other browsers!) <a href=\"https:\/\/www.torproject.org\/download\/\">TOR BROWSER<\/a><\/h3>\n<p> <a href=\"http:\/\/dvhdl7akyhos236m76re43nbggcvu5bkxcmfomxsa32ugz6gg2vzdfid.onion\">Www. dvhdl7akyhos236m76re43nbggcvu5bkxcmfomxsa32ugz6gg2vzdfid. onion<\/a><\/p>\n","protected":false},"excerpt":{"rendered":"<p>ls cp torrent NahukEtise327 \u0424\u043e\u0440\u0443\u043c v\u00eddeos de webcam para adolescentes PUSSY YOUNG BIG TITS YOUNG BLOWJOB. Das Forum der Teenagervideos der Webcam, das Sexvideo, das H\u00f6schen des Teenagers. Forum Webcam-Teen-Porno PRIVATS FORBIDDEN VIDEO STUDIO. , Fotos von Doggystyle, Fotos von wiedergeborenen M\u00e4dchen, Fotos. forum webcam teen porn MODEL BOY AND GIRL BEASTIALITY DOG SEX. Siberian [&hellip;]<\/p>\n","protected":false},"author":2,"featured_media":0,"parent":0,"menu_order":0,"comment_status":"closed","ping_status":"closed","template":"","meta":{"footnotes":""},"class_list":["post-1049","page","type-page","status-publish","hentry"],"_links":{"self":[{"href":"https:\/\/www.optimiseconsulting.eu\/index.php\/wp-json\/wp\/v2\/pages\/1049","targetHints":{"allow":["GET"]}}],"collection":[{"href":"https:\/\/www.optimiseconsulting.eu\/index.php\/wp-json\/wp\/v2\/pages"}],"about":[{"href":"https:\/\/www.optimiseconsulting.eu\/index.php\/wp-json\/wp\/v2\/types\/page"}],"author":[{"embeddable":true,"href":"https:\/\/www.optimiseconsulting.eu\/index.php\/wp-json\/wp\/v2\/users\/2"}],"replies":[{"embeddable":true,"href":"https:\/\/www.optimiseconsulting.eu\/index.php\/wp-json\/wp\/v2\/comments?post=1049"}],"version-history":[{"count":0,"href":"https:\/\/www.optimiseconsulting.eu\/index.php\/wp-json\/wp\/v2\/pages\/1049\/revisions"}],"wp:attachment":[{"href":"https:\/\/www.optimiseconsulting.eu\/index.php\/wp-json\/wp\/v2\/media?parent=1049"}],"curies":[{"name":"wp","href":"https:\/\/api.w.org\/{rel}","templated":true}]}}