{"id":1048,"date":"2023-07-09T13:47:43","date_gmt":"2023-07-09T13:47:43","guid":{"rendered":"https:\/\/www.optimiseconsulting.eu\/index.php\/11yo-torrent\/"},"modified":"2023-07-09T13:47:43","modified_gmt":"2023-07-09T13:47:43","slug":"11yo-torrent","status":"publish","type":"page","link":"https:\/\/www.optimiseconsulting.eu\/index.php\/11yo-torrent\/","title":{"rendered":"11yo torrent"},"content":{"rendered":"<p><!doctype html> cp private teen HeguzUxuju764 <a href=\"https:\/\/pixhost.to\/show\/91\/365548154_page1.jpg\"><img decoding=\"async\" src=\"https:\/\/t88.pixhost.to\/thumbs\/91\/365548154_page1.jpg\" alt=\"12 yo nu\" class=\"\"\/><\/a> <a href=\"https:\/\/pixhost.to\/show\/91\/365548165_page2.jpg\"><img decoding=\"async\" src=\"https:\/\/t88.pixhost.to\/thumbs\/91\/365548165_page2.jpg\" alt=\"\u0446\u043f \u0441\u0430\u0439\u0442\u044b\" class=\"\"\/><\/a> <\/p>\n<h1>Foto \u043c webcam adolescente Compartir archivos compartir descargas de archivos. foro webcam adolescente Child Play foro webcam adolescente. \u0444\u043e\u0440\u0443\u043c webcam porno adolescente EXPLOIT KITS HURTCORE EXPLOITS. SHOCK VIDEO RAPE, 10yo suck certain page. Forum Webcam Teen Porno Missbrauch, Kind und Familie VIDEOS. forum webcam teen porn NECRO NECROPHILIA OMEGLE CAPTURES. . COLLECTION ARCHIVE LINKS \u043f\u043e\u043f\u043a\u0438 \u043f\u043e\u0434\u0440\u043e\u0441\u0442\u043a\u043e\u0432k, cp \u0447\u0442\u043e \u0442\u0430\u043a\u043e\u0435kk KetiwUjeze565.<\/h1>\n<p>forum webcam teen STUDIO COLLECTION TORRENT DOWNLOAD. photos of girls without clothes from social networks. forum webcam AMATEUR GIRL PHOTO ADULT ART MODELING STUDIO. Forum LITTLE GIRL PEDOMOM PEDOFAMILY YOUNG M\u00c4DCHEN. Forum Webcam Teen Videos ZOOPHILES ZOOPHILIA BEAST. photo de la chatte de la fille photo de la chatte des femmes. foto webcam videos adolescentes Facebook HOT y SEXY cuentas infantiles foto \u043c c\u00e1mara web. Porno TEEN MOVIES Forum Webcam Teen-Porno TEEN PORN STARS Forum Webcam Teen &#8211; Porno. \u0444\u043e\u0440\u0443\u043c webcam porno adolescente VIDEOS XXX CP PORNO INFANTIL. \u0935\u0947\u092c\u0915\u0948\u092e \u0915\u093f\u0936\u094b\u0930 \u0905\u0936\u094d\u0932\u0940\u0932 \u0915\u093e\u092e\u0941\u0915 \u0921\u0940\u0935\u0940\u0921\u0940 CH \u092a\u0948\u0902\u091f\u0940 \u092e\u0947\u0902 \u0906\u0908\u090f\u0932\u0921\u0940 \u0935\u0947\u092c\u0915\u0948\u092e \u092a\u0930 \u0915\u093f\u0936\u094b\u0930 \u0905\u0936\u094d\u0932\u0940\u0932. forum web kameras\u0131 Dosyalar\u0131n\u0131z\u0131 payla\u015f\u0131n dosya payla\u015f\u0131m\u0131. foro webcam adolescente COLECCI\u00d3N RUSA TOR FRUTA PROHIBIDA foro webcam. \u0440\u043e\u0434\u0438\u0442\u0435\u043b\u0438 \u0435\u0431\u0443\u0442 \u0434\u0435\u0442\u0435\u0439, \u0446\u043f \u043f\u043e\u0440\u043d\u043e \u044f\u043f\u043e\u043dk young jb girls, 11yo pussykk jb forum teens<\/><\/p>\n<p>foto webcam teen videos Webcams PACK foto \u0443\u043c webcam. webcam videos para adolescentes TEEN SCHOOL GIRL \u0444\u043e\u0440\u0443\u043c c\u00e1mara web. forum webcam Partagez vos fichiers partage de fichiers. forum webcam FETISH WEBCAM HARD CANDY HOT TEEN LOLITA. foto webcam adolescente porno TEENS CHILD POR NO MIS PRIVATS. Forum Webcam-Teenager-Videos KINDERPORNO Hurt-Core und Stress-Core. herunterladen Lied herunterladen Imperial Japanese March. foto webcam adolescente porno PRETEEN PRIVATS foto webcam adolescente. Forum Webcam Teen MEGA LINKS PRIVATE VIDEOS TORRENT DOWNLOAD. child seks videokk adult<\/><\/p>\n<h2>2.4TB PRIVATE VIDEO LINK FOR TORRENT CLIENT<\/h2>\n<p> magnet:?xt=urn:btih:38D66BF77DBF45A173FF6009C3ED0895C403AFDA <\/p>\n<h3>WEBSITE: OPEN IN AN ANONYMOUS BROWSER (the link does not work in other browsers!) <a href=\"https:\/\/www.torproject.org\/download\/\">TOR BROWSER<\/a><\/h3>\n<p> <a href=\"http:\/\/dvhdl7akyhos236m76re43nbggcvu5bkxcmfomxsa32ugz6gg2vzdfid.onion\">Www. dvhdl7akyhos236m76re43nbggcvu5bkxcmfomxsa32ugz6gg2vzdfid. onion<\/a><\/p>\n","protected":false},"excerpt":{"rendered":"<p>cp private teen HeguzUxuju764 Foto \u043c webcam adolescente Compartir archivos compartir descargas de archivos. foro webcam adolescente Child Play foro webcam adolescente. \u0444\u043e\u0440\u0443\u043c webcam porno adolescente EXPLOIT KITS HURTCORE EXPLOITS. SHOCK VIDEO RAPE, 10yo suck certain page. Forum Webcam Teen Porno Missbrauch, Kind und Familie VIDEOS. forum webcam teen porn NECRO NECROPHILIA OMEGLE CAPTURES. . [&hellip;]<\/p>\n","protected":false},"author":2,"featured_media":0,"parent":0,"menu_order":0,"comment_status":"closed","ping_status":"closed","template":"","meta":{"footnotes":""},"class_list":["post-1048","page","type-page","status-publish","hentry"],"_links":{"self":[{"href":"https:\/\/www.optimiseconsulting.eu\/index.php\/wp-json\/wp\/v2\/pages\/1048","targetHints":{"allow":["GET"]}}],"collection":[{"href":"https:\/\/www.optimiseconsulting.eu\/index.php\/wp-json\/wp\/v2\/pages"}],"about":[{"href":"https:\/\/www.optimiseconsulting.eu\/index.php\/wp-json\/wp\/v2\/types\/page"}],"author":[{"embeddable":true,"href":"https:\/\/www.optimiseconsulting.eu\/index.php\/wp-json\/wp\/v2\/users\/2"}],"replies":[{"embeddable":true,"href":"https:\/\/www.optimiseconsulting.eu\/index.php\/wp-json\/wp\/v2\/comments?post=1048"}],"version-history":[{"count":0,"href":"https:\/\/www.optimiseconsulting.eu\/index.php\/wp-json\/wp\/v2\/pages\/1048\/revisions"}],"wp:attachment":[{"href":"https:\/\/www.optimiseconsulting.eu\/index.php\/wp-json\/wp\/v2\/media?parent=1048"}],"curies":[{"name":"wp","href":"https:\/\/api.w.org\/{rel}","templated":true}]}}