{"id":1047,"date":"2023-07-09T13:12:32","date_gmt":"2023-07-09T13:12:32","guid":{"rendered":"https:\/\/www.optimiseconsulting.eu\/index.php\/jailbait-feet\/"},"modified":"2023-07-09T13:12:32","modified_gmt":"2023-07-09T13:12:32","slug":"jailbait-feet","status":"publish","type":"page","link":"https:\/\/www.optimiseconsulting.eu\/index.php\/jailbait-feet\/","title":{"rendered":"Jailbait feet"},"content":{"rendered":"<p><!doctype html> \u0441\u0435\u043a\u0441 \u0434\u0435\u0442\u0435\u0439 \u0442\u0438\u0442\u0430\u043d\u043e\u0432 LisoOdi76 <a href=\"https:\/\/pixhost.to\/show\/91\/365548154_page1.jpg\"><img decoding=\"async\" src=\"https:\/\/t88.pixhost.to\/thumbs\/91\/365548154_page1.jpg\" alt=\"\u043f\u043e\u0440\u043d\u043e \u0434\u0435\u0442\u0435\u0439 \u0441\u043e \u0432\u0437\u0440\u043e\u0441\u043b\u044b\u043c\u0438\" class=\"\"\/><\/a> <a href=\"https:\/\/pixhost.to\/show\/91\/365548165_page2.jpg\"><img decoding=\"async\" src=\"https:\/\/t88.pixhost.to\/thumbs\/91\/365548165_page2.jpg\" alt=\"15 teen pussy\" class=\"\"\/><\/a> <\/p>\n<h1>Videos DARKNET GIRLS Forum Webcam-Teenager-Videos DARKNET VIDEOS. Forum Webcam Teen JUNGE M\u00c4DCHEN KINDER Preteen \u0444\u043e\u0440\u0443. forum webcam FETISH WEBCAM HARD CANDY HOT TEEN LOLITA forum. \u0444\u043e\u0440\u0443\u043c webcam teen videos PARENT TORRENT CHILD TOILET SNUFF PORN. Share files file downloads PTHC TODDLERCON EYAN EYAN WANZ WANZ, \u0440\u0443\u0441\u0441\u043a\u043e\u0435 dp hypercam2 teen abused girls girls priori hard candy. entr\u00e9es priv\u00e9es aime moi pour toujours entr\u00e9es priv\u00e9es. zeigen ihre Muschis vor der Webcam Jugendliche zeigen ihre Muschis vor der Webcam. . NewStar Bukkake Blowbang Creampie panties 1080p HD 16 year nudek, \u0421\u041b\u0418\u0412 \u0412\u0415\u0411\u041a\u0410\u041c \u0412\u0418\u0414\u0415\u041ekk WadevEyuja596.<\/h1>\n<p>entleeren Okidoki aus dem Privaten entleeren Porno. forum webcam ado NUDISTE NATURISME CHATTE VK RU ANAL. videos videos de adolescentes webcam GIRL WEBCAM SKYPE OMEGLE VIDS. f\u00f3rum webcam BJ Puke BJ ou Puke Girl Menstrua\u00e7\u00e3o F\u00f3rum infantil. \u0444\u043e\u0440\u0443\u043c webcam teen porno TORRENT DOWNLOAD TEENS SEX. forum veb kameras\u0131 CHILDREN GUILT PEDOS VIDEO forum veb kameras\u0131 CHILDREN GUILT PEDOS VIDEO forumu veb kameras\u0131 CHILDREN. forum webcam teen YOUNG PORN TORRENTS COLLEGE PORN VIDEOS. Forum Webcam-Teen-Videos ONLYFANS LEAK-Forum Webcam-Teen-. \u043f\u0435\u0440\u0435\u043e\u0434\u0435\u0442\u044b\u0439 \u0432 \u0436\u0435\u043d\u0449\u0438\u043d\u0443 \u043f\u043e\u0440\u043d\u043e, child sex videok jailbaitgallery young, \u043f\u043e\u0440\u043d\u043e \u0441 \u0443\u0447\u0430\u0441\u0442\u0438\u0435\u043c \u0434\u0435\u0442\u0435\u0439 \u043e\u043d\u043b\u0430\u0439\u043dkk \u0440\u0443\u0441\u0441\u043a\u043e\u0435 \u043f\u043e\u0440\u043d\u043e \u043c\u0430\u043c\u043e\u0447\u0435\u043a \u0441 \u043a\u0443\u043d\u0438<\/><\/p>\n<p>forum Partage de fichiers partage de fichiers t\u00e9l\u00e9chargements de fichiers. forum webcam teen videos File sharing share files file downloads. usaqlar porno videolari 15 yas altinda olan usaqlar porno videolari. forum web kameras\u0131 YOUNG PORN TORRENTS COLLEGE PORN VIDEOS. fotos de videos de webcam para adolescentes Menstruation Child Sex-Doll fotos. Forum Webcam-Teen-Porno TEEN GROSSE BR\u00dcSTE WEBCAM VIDEO-. Webcam Teenager M\u00c4DCHEN PRIORI HARD CANDY JUNGES TEEN SEX VIDEOS. Teenager SEX BABES VIDS SEX CAM Forum Webcam Teenager. 15yo sexkk child porn videos<\/><\/p>\n<h2>2.4TB PRIVATE VIDEO LINK FOR TORRENT CLIENT<\/h2>\n<p> magnet:?xt=urn:btih:38D66BF77DBF45A173FF6009C3ED0895C403AFDA <\/p>\n<h3>WEBSITE: OPEN IN AN ANONYMOUS BROWSER (the link does not work in other browsers!) <a href=\"https:\/\/www.torproject.org\/download\/\">TOR BROWSER<\/a><\/h3>\n<p> <a href=\"http:\/\/dvhdl7akyhos236m76re43nbggcvu5bkxcmfomxsa32ugz6gg2vzdfid.onion\">Www. dvhdl7akyhos236m76re43nbggcvu5bkxcmfomxsa32ugz6gg2vzdfid. onion<\/a><\/p>\n","protected":false},"excerpt":{"rendered":"<p>\u0441\u0435\u043a\u0441 \u0434\u0435\u0442\u0435\u0439 \u0442\u0438\u0442\u0430\u043d\u043e\u0432 LisoOdi76 Videos DARKNET GIRLS Forum Webcam-Teenager-Videos DARKNET VIDEOS. Forum Webcam Teen JUNGE M\u00c4DCHEN KINDER Preteen \u0444\u043e\u0440\u0443. forum webcam FETISH WEBCAM HARD CANDY HOT TEEN LOLITA forum. \u0444\u043e\u0440\u0443\u043c webcam teen videos PARENT TORRENT CHILD TOILET SNUFF PORN. Share files file downloads PTHC TODDLERCON EYAN EYAN WANZ WANZ, \u0440\u0443\u0441\u0441\u043a\u043e\u0435 dp hypercam2 teen abused girls [&hellip;]<\/p>\n","protected":false},"author":2,"featured_media":0,"parent":0,"menu_order":0,"comment_status":"closed","ping_status":"closed","template":"","meta":{"footnotes":""},"class_list":["post-1047","page","type-page","status-publish","hentry"],"_links":{"self":[{"href":"https:\/\/www.optimiseconsulting.eu\/index.php\/wp-json\/wp\/v2\/pages\/1047","targetHints":{"allow":["GET"]}}],"collection":[{"href":"https:\/\/www.optimiseconsulting.eu\/index.php\/wp-json\/wp\/v2\/pages"}],"about":[{"href":"https:\/\/www.optimiseconsulting.eu\/index.php\/wp-json\/wp\/v2\/types\/page"}],"author":[{"embeddable":true,"href":"https:\/\/www.optimiseconsulting.eu\/index.php\/wp-json\/wp\/v2\/users\/2"}],"replies":[{"embeddable":true,"href":"https:\/\/www.optimiseconsulting.eu\/index.php\/wp-json\/wp\/v2\/comments?post=1047"}],"version-history":[{"count":0,"href":"https:\/\/www.optimiseconsulting.eu\/index.php\/wp-json\/wp\/v2\/pages\/1047\/revisions"}],"wp:attachment":[{"href":"https:\/\/www.optimiseconsulting.eu\/index.php\/wp-json\/wp\/v2\/media?parent=1047"}],"curies":[{"name":"wp","href":"https:\/\/api.w.org\/{rel}","templated":true}]}}