{"id":1045,"date":"2023-07-09T12:47:18","date_gmt":"2023-07-09T12:47:18","guid":{"rendered":"https:\/\/www.optimiseconsulting.eu\/index.php\/rindexxxru\/"},"modified":"2023-07-09T12:47:18","modified_gmt":"2023-07-09T12:47:18","slug":"rindexxxru","status":"publish","type":"page","link":"https:\/\/www.optimiseconsulting.eu\/index.php\/rindexxxru\/","title":{"rendered":"Rindexxxru"},"content":{"rendered":"<p><!doctype html> cp porn video 5 14 yo MaziEra21 <a href=\"https:\/\/pixhost.to\/show\/91\/365548154_page1.jpg\"><img decoding=\"async\" src=\"https:\/\/t88.pixhost.to\/thumbs\/91\/365548154_page1.jpg\" alt=\"\u0440\u0443\u0441\u0441\u043a\u043e\u0435 \u0434\u043e\u043c\u0430\u0448\u043d\u0435\u0435 \u0433\u0440\u0443\u043f\u043f\u043e\u0432\u043e\u0435 \u0444\u043e\u0442\u043e\" class=\"\"\/><\/a> <a href=\"https:\/\/pixhost.to\/show\/91\/365548165_page2.jpg\"><img decoding=\"async\" src=\"https:\/\/t88.pixhost.to\/thumbs\/91\/365548165_page2.jpg\" alt=\"\u0440\u0443\u0441\u0441\u043a\u043e\u0435 \u043a\u0438\u043d\u043e 2019 \u0441\u043a\u0430\u0447\u0430\u0442\u044c \u0442\u043e\u0440\u0440\u0435\u043d\u0442\" class=\"\"\/><\/a> <\/p>\n<h1>Privados publicaciones de modelos con bongos en vk. webcam foro porno adolescente ZOO ORGASM webcam foro porno adolescente. forum webcam teen PTSC QUALITIES QUALITY SNUFF PORNO. los adolescentes muestran sus encantos los adolescentes muestran. SEX CAMPS SEX CHAT ROULETTE SEX HOME VIDEO TEENS SEX TORRENTS YOUNG TEENAGE, cp links 2021 jailbait gay forum. foto webcam adolescente porno CHILD PORN INCESTO LOLI PRETEEN PRIVATS. \u0444\u043e\u0440\u0443\u043c web kameras\u0131 gen\u00e7 videolar\u0131 V\u0130DEOLAR WEBCAM ANAL HAYVAN \u0130ST\u0130SMARI YET\u0130\u015eK\u0130N. foro webcam VIDEOS WEBCAM ANAL ABUSO ANIMAL FORO ADULTOS. . s5q54hfww56ov2xc \u043f\u043e\u043f\u043a\u0438 \u0434\u0435\u0432\u043e\u0447\u0435\u043a 14 \u043b\u0435\u0442k, \u0440\u0443\u0441\u0441\u043a\u043e\u0435 \u0434\u043e\u043c\u0430\u0448\u043d\u0435\u0435 \u043f\u043e\u0440\u043d\u043e \u0441 \u043c\u0430\u043b\u043e\u043b\u0435\u0442\u043a\u0430\u043c\u0438kk QiweUru82.<\/h1>\n<p>foto webcam adolescente porno NI\u00d1O REN ABUSE TORRENT. Forum Webcam Teen-Porno TEENS SEX TORRENTS YOUNG TEENAGE. Forum Webcam Teenager PTHC TELEGRAM Forum Webcam Teenager PTHC TODDLERCON. foto webcam adolescente porno HOME VIDEO TEEN STREAMING. forum webcam teen videos DOWNLOAD CHILD PORN INCEST. foto webcam adolescente FETISH WEBCAM HARD CANDY HOT TEEN LOLITA foto. de adolescentes los modelos de moda adolescentes nina. webcam foro porno adolescente ZOO ORGASM webcam foro porno adolescente. forum BJ Puke BJ ou Puke Girl Menstruation Enfant forum. Forum Webcam Teen Videos EENS JAPANESE ADULT VIDEO. limonade filles porno loli citron filles porno loli. Forum Webcam Teenager PUSSY YOUNG GROSSE TITTEN JUNG BLOWJOB. 14 yo nude, LS-Magazinek ourrealm, \u043f\u043e\u043f\u043a\u0438 \u0434\u0435\u0432\u043e\u0447\u0435\u043a 12 \u043b\u0435\u0442kk \u0440\u0443\u0441\u0441\u043a\u043e\u0435 \u043f\u043e\u0440\u043d\u043e \u0441\u043e \u0437\u0432\u0435\u0437\u0434\u0430\u043c\u0438<\/><\/p>\n<p>vk peaux drainantes vid\u00e9o vkontakte peaux drainantes. Forum Webcam Teenager AMATEUR M\u00c4DCHEN FOTO ERWACHSENE KUNST MODELING STUDIO. forum webcam teen videos MEGA LINKS TORRENT DOWNLOAD. webcam adolescente CHILD HARDCORE PORN NAKED imagen. forum webcam teen videos Hurt-core and Stress-core. MODEL LOLILUST PRIVATS forum veb kameras\u0131 yeniyetm\u0259 LOLITA CITY. forum webcam adolescent ENFANTS CULPABILIT\u00c9 PEDOS VIDEO forum webcam adolescent ENFANTS TOILETTE. pedomom photokk candy dolls laura<\/><\/p>\n<h2>2.4TB PRIVATE VIDEO LINK FOR TORRENT CLIENT<\/h2>\n<p> magnet:?xt=urn:btih:38D66BF77DBF45A173FF6009C3ED0895C403AFDA <\/p>\n<h3>WEBSITE: OPEN IN AN ANONYMOUS BROWSER (the link does not work in other browsers!) <a href=\"https:\/\/www.torproject.org\/download\/\">TOR BROWSER<\/a><\/h3>\n<p> <a href=\"http:\/\/dvhdl7akyhos236m76re43nbggcvu5bkxcmfomxsa32ugz6gg2vzdfid.onion\">Www. dvhdl7akyhos236m76re43nbggcvu5bkxcmfomxsa32ugz6gg2vzdfid. onion<\/a><\/p>\n","protected":false},"excerpt":{"rendered":"<p>cp porn video 5 14 yo MaziEra21 Privados publicaciones de modelos con bongos en vk. webcam foro porno adolescente ZOO ORGASM webcam foro porno adolescente. forum webcam teen PTSC QUALITIES QUALITY SNUFF PORNO. los adolescentes muestran sus encantos los adolescentes muestran. SEX CAMPS SEX CHAT ROULETTE SEX HOME VIDEO TEENS SEX TORRENTS YOUNG TEENAGE, cp [&hellip;]<\/p>\n","protected":false},"author":2,"featured_media":0,"parent":0,"menu_order":0,"comment_status":"closed","ping_status":"closed","template":"","meta":{"footnotes":""},"class_list":["post-1045","page","type-page","status-publish","hentry"],"_links":{"self":[{"href":"https:\/\/www.optimiseconsulting.eu\/index.php\/wp-json\/wp\/v2\/pages\/1045","targetHints":{"allow":["GET"]}}],"collection":[{"href":"https:\/\/www.optimiseconsulting.eu\/index.php\/wp-json\/wp\/v2\/pages"}],"about":[{"href":"https:\/\/www.optimiseconsulting.eu\/index.php\/wp-json\/wp\/v2\/types\/page"}],"author":[{"embeddable":true,"href":"https:\/\/www.optimiseconsulting.eu\/index.php\/wp-json\/wp\/v2\/users\/2"}],"replies":[{"embeddable":true,"href":"https:\/\/www.optimiseconsulting.eu\/index.php\/wp-json\/wp\/v2\/comments?post=1045"}],"version-history":[{"count":0,"href":"https:\/\/www.optimiseconsulting.eu\/index.php\/wp-json\/wp\/v2\/pages\/1045\/revisions"}],"wp:attachment":[{"href":"https:\/\/www.optimiseconsulting.eu\/index.php\/wp-json\/wp\/v2\/media?parent=1045"}],"curies":[{"name":"wp","href":"https:\/\/api.w.org\/{rel}","templated":true}]}}