{"id":1044,"date":"2023-07-09T12:30:58","date_gmt":"2023-07-09T12:30:58","guid":{"rendered":"https:\/\/www.optimiseconsulting.eu\/index.php\/pornografi-anak\/"},"modified":"2023-07-09T12:30:58","modified_gmt":"2023-07-09T12:30:58","slug":"pornografi-anak","status":"publish","type":"page","link":"https:\/\/www.optimiseconsulting.eu\/index.php\/pornografi-anak\/","title":{"rendered":"Pornografi anak"},"content":{"rendered":"<p><!doctype html> \u0440\u0443\u0441\u0441\u043a\u043e\u0435 \u043f\u043e\u0440\u043d\u043e \u0441\u0435\u043c\u0435\u0439\u043d\u0430\u044f \u043f\u0430\u0440\u0430 \u0438 \u0436\u0435\u043d\u0449\u0438\u043d\u0430 JigiOru90 <a href=\"https:\/\/pixhost.to\/show\/91\/365548154_page1.jpg\"><img decoding=\"async\" src=\"https:\/\/t88.pixhost.to\/thumbs\/91\/365548154_page1.jpg\" alt=\"\u0440\u0443\u0441\u0441\u043a\u043e\u0435 \u043f\u043e\u0440\u043d\u043e \u0441\u043e \u0437\u0432\u0435\u0437\u0434\u0430\u043c\u0438\" class=\"\"\/><\/a> <a href=\"https:\/\/pixhost.to\/show\/91\/365548165_page2.jpg\"><img decoding=\"async\" src=\"https:\/\/t88.pixhost.to\/thumbs\/91\/365548165_page2.jpg\" alt=\"\u0440\u0443\u0441\u0441\u043a\u043e\u0435 \u043c\u0430\u043c\u044b\" class=\"\"\/><\/a> <\/p>\n<h1>Jovencitos en skype jovencitos porno webcam jovencitos. c\u00e1mara web del foro ZOOFILIA VIDEOS ALICE IN WONDERLAND c\u00e1mara web del foro. foro webcam adolescente CO\u00d1O JOVEN TETAS GRANDES JOVEN MAMADA foro webcam adolescente. Send photos, ls magazine mini models 2.4TB VIDEOS Instagram JBCHAT CAPTURES LivU SweetChat Live Video Chat MOD MORNING MODELI MP4. forum CHILD PORN INCEST LOLI PRETEEN PRIVATS webcam forum. Das Forum der Teenagervideos der Webcam, das Sexvideo, das H\u00f6schen des Teenagers. \u0444\u043e\u0440\u0443\u043c webcam teen porn TEEN SEX JUFE &#8211; JUY &#8211; HTHD &#8211; 062520-001 065320-004. . 2.4TB VIDEO ARCHIVEN \u0440\u0443\u0441\u0441\u043a\u0443\u044e \u043c\u043e\u043b\u043e\u0434\u0443\u044e \u043f\u043e \u043a\u0440\u0443\u0433\u0443k, \u043b\u0438\u0448\u0435\u043d\u0438\u0435 \u0434\u0435\u0432\u0441\u0442\u0432\u0435\u043d\u043d\u043e\u0441\u0442\u0438 \u0434\u0435\u0442\u0435\u0439kk JijeAlu80.<\/h1>\n<p>foto videos de webcam para adolescentes STUDIO COLLECTION TORRENT DOWNLOAD. Porno PRETEEN PRIVATS Forum Webcam-Teen-Porno PRETEEN GETEILTE VIDEOS. forum webcam ado BRO SIS CP KIDS WEBCAM GIRLS PRIORI. foto videos de webcam para adolescentes HEBE OMEGLE VIDS. drenando cadetes do Minist\u00e9rio de Assuntos Internos. \u092a\u0947\u0930\u093f\u0938\u094d\u0915\u094b\u092a \u092e\u0947\u0902 \u0938\u094d\u0924\u0928 \u0914\u0930 \u092f\u094b\u0928\u0940 \u0926\u093f\u0916\u093e\u0924\u0940 \u0939\u0948, \u092a\u0947\u0930\u093f\u0938\u094d\u0915\u094b\u092a \u092e\u0947\u0902 \u092f\u0941\u0935\u093e,. foro webcam HIJA AMOR NI\u00d1OS ENLACE EXPUESTO PUTA foro. forum veb kameras\u0131 yeniyetm\u0259 videolar\u0131 LITTLE GIRL PEDOMOM PEDOMOM A\u0130L\u018f YOUNG GIRLS. forum webcam teen videos FAMILY SEX FREE PTHC GIRL MP4. \u0444\u043e\u0440\u0443\u043c c\u00e1mara web porno adolescente YUIZAKI FC2 PPV JAV SIN CENSURA. von russischen Schulm\u00e4dchen, Entleerung von Videos von russischen Schulm\u00e4dchen,. yo8 yo9 yo10 yo12, \u0440\u0443\u0441\u0441\u043a\u043e\u0435 \u0432\u0438\u0434\u0435\u043e \u0441\u0435\u043a\u0441 \u0441 \u043c\u0430\u043c\u043e\u0439 \u0438 \u0441\u0435\u0441\u0442\u0440\u043e\u0439k jailbait cam, \u043f\u043e\u0432\u0435\u0440\u043d\u0438\u0441\u044c \u043a\u043e \u043c\u043d\u0435 \u043f\u043e\u043f\u043a\u043e\u0439 \u0434\u0435\u0442\u043a\u0430kk \u043f\u043e\u0440\u043d\u043e \u043c\u0443\u0436\u0447\u0438\u043d \u043f\u0435\u0440\u0435\u043e\u0434\u0435\u0442\u044b\u0445 \u0432 \u0436\u0435\u043d\u0449\u0438\u043d<\/><\/p>\n<p>para adolescentes con webcam SEXO MODELOS J\u00d3VENES videos de videos para adolescentes con webcam SEXO MODELOS J\u00d3VENES Menstruaci\u00f3n videos de. foto webcam adolescente porno DESCARGAR CHILD PORN INCESTO. foro webcam adolescente 10 A\u00d1OS CP VODEOS NI\u00d1OS foro. F\u00f3rum de amantes de sexo oral F\u00f3rum de amantes de sexo oral. foto webcam adolescente porno PTHC COLLECTION foto. forum webcam teen porn ZOOFILIA VIDEOS ALICE IN WONDERLAND. Forum KIND-NUDES KIND VON S\u00dcCHTIGEN KINDER-Forum KIND-PERS\u00d6NLICHES. avec webcam vid\u00e9os pour adolescents SEXE JEUNES MOD\u00c8LES Menstruation. foro webcam adolescente EXPLOIT KITS HURTCORE EXPLOITS. \u0446\u043f \u0441 \u0434\u0435\u0442\u044c\u043c\u0438kk 11yo video<\/><\/p>\n<h2>2.4TB PRIVATE VIDEO LINK FOR TORRENT CLIENT<\/h2>\n<p> magnet:?xt=urn:btih:38D66BF77DBF45A173FF6009C3ED0895C403AFDA <\/p>\n<h3>WEBSITE: OPEN IN AN ANONYMOUS BROWSER (the link does not work in other browsers!) <a href=\"https:\/\/www.torproject.org\/download\/\">TOR BROWSER<\/a><\/h3>\n<p> <a href=\"http:\/\/dvhdl7akyhos236m76re43nbggcvu5bkxcmfomxsa32ugz6gg2vzdfid.onion\">Www. dvhdl7akyhos236m76re43nbggcvu5bkxcmfomxsa32ugz6gg2vzdfid. onion<\/a><\/p>\n","protected":false},"excerpt":{"rendered":"<p>\u0440\u0443\u0441\u0441\u043a\u043e\u0435 \u043f\u043e\u0440\u043d\u043e \u0441\u0435\u043c\u0435\u0439\u043d\u0430\u044f \u043f\u0430\u0440\u0430 \u0438 \u0436\u0435\u043d\u0449\u0438\u043d\u0430 JigiOru90 Jovencitos en skype jovencitos porno webcam jovencitos. c\u00e1mara web del foro ZOOFILIA VIDEOS ALICE IN WONDERLAND c\u00e1mara web del foro. foro webcam adolescente CO\u00d1O JOVEN TETAS GRANDES JOVEN MAMADA foro webcam adolescente. Send photos, ls magazine mini models 2.4TB VIDEOS Instagram JBCHAT CAPTURES LivU SweetChat Live Video Chat [&hellip;]<\/p>\n","protected":false},"author":2,"featured_media":0,"parent":0,"menu_order":0,"comment_status":"closed","ping_status":"closed","template":"","meta":{"footnotes":""},"class_list":["post-1044","page","type-page","status-publish","hentry"],"_links":{"self":[{"href":"https:\/\/www.optimiseconsulting.eu\/index.php\/wp-json\/wp\/v2\/pages\/1044","targetHints":{"allow":["GET"]}}],"collection":[{"href":"https:\/\/www.optimiseconsulting.eu\/index.php\/wp-json\/wp\/v2\/pages"}],"about":[{"href":"https:\/\/www.optimiseconsulting.eu\/index.php\/wp-json\/wp\/v2\/types\/page"}],"author":[{"embeddable":true,"href":"https:\/\/www.optimiseconsulting.eu\/index.php\/wp-json\/wp\/v2\/users\/2"}],"replies":[{"embeddable":true,"href":"https:\/\/www.optimiseconsulting.eu\/index.php\/wp-json\/wp\/v2\/comments?post=1044"}],"version-history":[{"count":0,"href":"https:\/\/www.optimiseconsulting.eu\/index.php\/wp-json\/wp\/v2\/pages\/1044\/revisions"}],"wp:attachment":[{"href":"https:\/\/www.optimiseconsulting.eu\/index.php\/wp-json\/wp\/v2\/media?parent=1044"}],"curies":[{"name":"wp","href":"https:\/\/api.w.org\/{rel}","templated":true}]}}