{"id":1043,"date":"2023-07-09T11:59:44","date_gmt":"2023-07-09T11:59:44","guid":{"rendered":"https:\/\/www.optimiseconsulting.eu\/index.php\/child-model\/"},"modified":"2023-07-09T11:59:44","modified_gmt":"2023-07-09T11:59:44","slug":"child-model","status":"publish","type":"page","link":"https:\/\/www.optimiseconsulting.eu\/index.php\/child-model\/","title":{"rendered":"Child model"},"content":{"rendered":"<p><!doctype html> child sex film HicidAbija345 <a href=\"https:\/\/pixhost.to\/show\/91\/365548154_page1.jpg\"><img decoding=\"async\" src=\"https:\/\/t88.pixhost.to\/thumbs\/91\/365548154_page1.jpg\" alt=\"lsmodel\" class=\"\"\/><\/a> <a href=\"https:\/\/pixhost.to\/show\/91\/365548165_page2.jpg\"><img decoding=\"async\" src=\"https:\/\/t88.pixhost.to\/thumbs\/91\/365548165_page2.jpg\" alt=\"\u043f\u043e\u0440\u043d\u043e \u0434\u0435\u0442\u0435\u0439 \u0438\u043d\u0446\u0435\u0441\u0442 \u0444\u043e\u0442\u043e\" class=\"\"\/><\/a> <\/p>\n<h1>\u0424\u043e\u0440\u0443\u043c webcam teen STUDIO COLLECTION TORRENT DOWNLOAD. forum webcam teen videos GIRLS PRIORI RUSSIAN TEENS. forum webcam adolescent ENFANT PORNO INCEST LOLI PRETEEN PRIVATS. foto webcam videos de adolescentes DILDO KINDER FICKEN. \u0421\u0435\u043a\u0441 \u0432 \u0434\u0435\u0442\u0441\u0442\u0432\u0435 \u0438\u0441\u0442\u043e\u0440\u0438\u0438, 14yo pussy telecharger de la pornographie enfantine. fotos de videos de webcam para adolescentes MOVING TORRENT 409GB CHILD NUDE fotos de. foro webcam adolescente TEENS SEX TORRENTS YOUNG TEENAGE foro. Entleerung von russischen M\u00e4dchen, Entleerung von russischen. . mylove board chan \u0440\u0443\u0441\u0441\u043a\u043e\u0435 \u0445\u043e\u0443\u043c \u0432\u0438\u0434\u0435\u043e \u0436\u0435\u043d\u0449\u0438\u043d \u0432 \u0432\u043e\u0437\u0440\u0430\u0441\u0442\u0435k, 8yo fuckkk KeyiEfe61.<\/h1>\n<p>foro ASI\u00c1TICO LOLITAS ASI\u00c1TICO JOVEN CHICAS LINDAS. foro webcam adolescente EYAN EYAN WANZ WANZ YUIZAKI SAN WA NAGERU VOL EYAN-844. par webcam teen porn CP LINKS INCEST LOLI PRETEEN KIDS. \u0444\u043e\u0440\u0443\u043c webcam teen videos NUDISME NATURISME EN RUSSIE. \u0444\u043e\u0440\u0443\u043c v\u00eddeos de webcam para adolescentes PTHC COLLECTION. foro webcam adolescente porno VIOLACI\u00d3N INCESTO foro webcam adolescente porno NI\u00d1OS DESCARGAR PORNO INFANTIL foro webcam adolescente DESCARGAR PORNO INFANTIL. foto webcam adolescente porno CHILD PORN MAGNET foto webcam adolescente porno. forum webcam teen KIDS SEX TORRENTS KIDS SHARED VIDEOS. photos of girls without clothes from social networks. video webcam videos de adolescentes SANTO NATURALEZA. forum webcam teen videos EROTIC DVD CHILD IN PANTIES. webcam adolescente Contenido de violaci\u00f3n yo8 yo9 yo10 yo12. jailbait \u0444\u043e\u0442\u043e \u0438 \u0432\u0438\u0434\u0435\u043e, jailbait stickam vidsk hand in a copy, \u0440\u0443\u0441\u0441\u043a\u043e\u0435 \u043f\u043e\u0440\u043d\u043e \u0438\u0437\u043d\u0430\u0441\u0438\u043b\u043e\u0432\u0430\u043d\u0438\u0435 \u043c\u0430\u043b\u043e\u043b\u0435\u0442\u043a\u0438kk vk ru anal<\/><\/p>\n<p>foto c\u00e1mara web videos para adolescentes TEEN ADULT CLIPS CHILD. forum webcam teen Video TEEN JUFE SEX-JUFE &#8211; &#8211; 062520-001 065320-004. forum webcam MAM\u00c1 E HIJO MEGA LINK INCESTO S\u00d3LO FANS. \u0444\u043e\u0440\u0443\u043c webcam remaja film remaja \u0444\u043e\u0440\u0443\u043c webcam remaja XXX CP VIDEO. foto con la polla en la boca foto de silas foto de. foto webcam teen videos FAMILY SEX FREE PTHC GIRL MP4. foto webcam adolescente Subir archivo Subir tus archivos. forum webcam teen videos PTSC QUALITIES QUALITY SNUFF PORNO. descargar naturist family vacation with children video. \u0440\u0443\u0441\u0441\u043a\u043e\u0435 \u0434\u043e\u043c\u0430\u0448\u043d\u0435\u0435 \u0432\u0438\u0434\u0435\u043e \u0436\u0435\u043d\u044bkk secretstars lisa<\/><\/p>\n<h2>2.4TB PRIVATE VIDEO LINK FOR TORRENT CLIENT<\/h2>\n<p> magnet:?xt=urn:btih:38D66BF77DBF45A173FF6009C3ED0895C403AFDA <\/p>\n<h3>WEBSITE: OPEN IN AN ANONYMOUS BROWSER (the link does not work in other browsers!) <a href=\"https:\/\/www.torproject.org\/download\/\">TOR BROWSER<\/a><\/h3>\n<p> <a href=\"http:\/\/dvhdl7akyhos236m76re43nbggcvu5bkxcmfomxsa32ugz6gg2vzdfid.onion\">Www. dvhdl7akyhos236m76re43nbggcvu5bkxcmfomxsa32ugz6gg2vzdfid. onion<\/a><\/p>\n","protected":false},"excerpt":{"rendered":"<p>child sex film HicidAbija345 \u0424\u043e\u0440\u0443\u043c webcam teen STUDIO COLLECTION TORRENT DOWNLOAD. forum webcam teen videos GIRLS PRIORI RUSSIAN TEENS. forum webcam adolescent ENFANT PORNO INCEST LOLI PRETEEN PRIVATS. foto webcam videos de adolescentes DILDO KINDER FICKEN. \u0421\u0435\u043a\u0441 \u0432 \u0434\u0435\u0442\u0441\u0442\u0432\u0435 \u0438\u0441\u0442\u043e\u0440\u0438\u0438, 14yo pussy telecharger de la pornographie enfantine. fotos de videos de webcam para adolescentes MOVING [&hellip;]<\/p>\n","protected":false},"author":2,"featured_media":0,"parent":0,"menu_order":0,"comment_status":"closed","ping_status":"closed","template":"","meta":{"footnotes":""},"class_list":["post-1043","page","type-page","status-publish","hentry"],"_links":{"self":[{"href":"https:\/\/www.optimiseconsulting.eu\/index.php\/wp-json\/wp\/v2\/pages\/1043","targetHints":{"allow":["GET"]}}],"collection":[{"href":"https:\/\/www.optimiseconsulting.eu\/index.php\/wp-json\/wp\/v2\/pages"}],"about":[{"href":"https:\/\/www.optimiseconsulting.eu\/index.php\/wp-json\/wp\/v2\/types\/page"}],"author":[{"embeddable":true,"href":"https:\/\/www.optimiseconsulting.eu\/index.php\/wp-json\/wp\/v2\/users\/2"}],"replies":[{"embeddable":true,"href":"https:\/\/www.optimiseconsulting.eu\/index.php\/wp-json\/wp\/v2\/comments?post=1043"}],"version-history":[{"count":0,"href":"https:\/\/www.optimiseconsulting.eu\/index.php\/wp-json\/wp\/v2\/pages\/1043\/revisions"}],"wp:attachment":[{"href":"https:\/\/www.optimiseconsulting.eu\/index.php\/wp-json\/wp\/v2\/media?parent=1043"}],"curies":[{"name":"wp","href":"https:\/\/api.w.org\/{rel}","templated":true}]}}