{"id":1042,"date":"2023-07-09T11:51:47","date_gmt":"2023-07-09T11:51:47","guid":{"rendered":"https:\/\/www.optimiseconsulting.eu\/index.php\/kill-a-man\/"},"modified":"2023-07-09T11:51:47","modified_gmt":"2023-07-09T11:51:47","slug":"kill-a-man","status":"publish","type":"page","link":"https:\/\/www.optimiseconsulting.eu\/index.php\/kill-a-man\/","title":{"rendered":"Kill a man"},"content":{"rendered":"<p><!doctype html> kidsfliks streaming HoxeIli78 <a href=\"https:\/\/pixhost.to\/show\/91\/365548154_page1.jpg\"><img decoding=\"async\" src=\"https:\/\/t88.pixhost.to\/thumbs\/91\/365548154_page1.jpg\" alt=\"\u043f\u043e\u0440\u043d\u043e \u0432\u0438\u0434\u0435\u043e \u0434\u0436\u0435\u043a\u0441\u043e\u043d\" class=\"\"\/><\/a> <a href=\"https:\/\/pixhost.to\/show\/91\/365548165_page2.jpg\"><img decoding=\"async\" src=\"https:\/\/t88.pixhost.to\/thumbs\/91\/365548165_page2.jpg\" alt=\"\u043f\u043e\u0440\u043d\u043e \u0434\u0435\u0442\u0435\u0439 \u0441 \u0440\u043e\u0434\u0438\u0442\u0435\u043b\u044f\u043c\u0438 \u0441\u0435\u043a\u0441\" class=\"\"\/><\/a> <\/p>\n<h1>Forum SAMMLUNG KINDERPORNO INZEST LOLI PRETEEN PRIVATS. \u0444\u043e\u0440\u0443\u043c v\u00eddeos de webcam para adolescentes Paradise Birds. foto webcam videos de adolescentes NECRO NECROPHILIA OMEGLE CAPTURES. labios de loli porno ense\u00f1a a su hijo a caminar correctamente. forum webcam EYAN EYAN WANZ WANZ YUIZAKI SAN WA NAGERU VOL EYAN-844. \u0421\u0435\u043a\u0441 \u0434\u0435\u0442\u0435\u0439 \u043e\u043d\u043b\u0430\u0439\u043d \u0432\u0438\u0434\u0435\u043e \u0431\u0435\u0441\u043f\u043b\u0430\u0442\u043d\u043e, \u0441\u0435\u043a\u0441 \u0434\u0435\u0442\u0435\u0439 \u0432 \u0434\u0435\u0440\u0435\u0432\u043d\u0435 old woman kid boy xxx. Forum Webcam Teen Videos ZOOFILIA VIDEOS ALICE IN WONDERLAND. forum webcam teen videos BABY HEART CHAT ROOMS DARK WEB SITES. . TOR LINKS 2022 ONION SITES CATALOG CP I2P MAGNET LINKS CP LINKS INCEST LOLI PRETEEN KIDS MAGNET LINKS ABUSE ADULT \u0440\u0443\u0441\u0441\u043a\u043e\u0435 \u0433\u0435\u0439 \u043f\u043e\u0440\u043d\u043e \u043c\u0430\u043b\u043e\u043b\u0435\u0442\u043e\u043ak, \u0446\u043f \u043f\u0435\u0440\u0435\u0432\u043e\u0434kk TayakUwuyu543.<\/h1>\n<p>foto webcam teen videos CHILDREN GUILT PEDOS VIDEO. forum veb kameras\u0131 yeniyetm\u0259 videolar\u0131 VLADMODELS YOUNG VIDEO MODELS. foto videos de webcam para adolescentes HEBE OMEGLE VIDS. c\u00e1mara web del foro HOARDERS HELL c\u00e1mara web del foro. \u0915\u093f\u0936\u094b\u0930 \u0938\u0947\u0915\u094d\u0938-\u0921\u0949\u0932 \u092c\u0932\u093e\u0924\u094d\u0915\u093e\u0930 \u0938\u093e\u092e\u0917\u094d\u0930\u0940 yo8 yo9 yo10 yo12. Forum-Webcam-Teenager-Porno Verletzt &#8211; core und Stress-core. forum webcam teen Sex-Doll Rape content yo8 yo9 yo10 yo12. sur webcam teen videos ZOOFILIA VIDEOS ALICE AU PAYS DES MERVEILLES. \u0444\u043e\u0440\u0443\u043c webcam remaja Sex-Doll Rape content yo8 yo9 yo10 yo12. web kameras\u0131 gen\u00e7 pornosu Menstruasyon Hurtcore Stresscore. \u0440\u0443\u0441\u0441\u043a\u043e\u0435 \u043f\u043e\u0440\u043d\u043e \u043c\u0430\u0442\u044c \u0438 \u0434\u043e\u0447\u044c \u0441\u043c\u043e\u0442\u0440\u0435\u0442\u044c \u0431\u0435\u0441\u043f\u043b\u0430\u0442\u043d\u043e, jailbait 8 y ok \u0440\u0443\u0441\u0441\u043a\u043e\u0435 \u043c\u0430\u043b\u043e\u043b\u0435\u0442\u043a\u0430 \u043f\u043e\u0440\u043d\u043e, ls magazine little girlskk \u0440\u0443\u0441\u0441\u043a\u043e\u0435 \u043f\u043e\u0440\u043d\u043e \u043c\u0430\u043c\u0430 \u043f\u0440\u0438\u0441\u0442\u0430\u0435\u0442 \u043a \u0441\u044b\u043d\u0443<\/><\/p>\n<p>foto webcam videos de adolescentes PICS VIDS RUSSIAN BOYS AND. forum webcam porno adolescente VIDEO WEBCAM PARA NI\u00d1OS. regardent baiser des enfants regardent des enfants baisent gratuitement. forum veb kameras\u0131 yeniyetm\u0259 Tor ba\u011flant\u0131lar\u0131 2022. abtropfen lassen Sch\u00f6ne M\u00e4dchen 15 Jahre alt abtropfen lassen. \u0444\u043e\u0440\u0443\u043c webcam teen YOUNG TEEN SEX VIDEOS ADOLESCENTES RUSOS. Torrent herunterladen, Pornovideo mit Olivia Grace. 14 years old porn videokk \u0440\u0443\u0441\u0441\u043a\u043e\u0435 \u043f\u043e\u0440\u043d\u043e \u0441\u044b\u043d \u0438 \u043c\u0430\u0442\u044c \u0432 \u0432\u0430\u043d\u043d\u043e\u0439<\/><\/p>\n<h2>2.4TB PRIVATE VIDEO LINK FOR TORRENT CLIENT<\/h2>\n<p> magnet:?xt=urn:btih:38D66BF77DBF45A173FF6009C3ED0895C403AFDA <\/p>\n<h3>WEBSITE: OPEN IN AN ANONYMOUS BROWSER (the link does not work in other browsers!) <a href=\"https:\/\/www.torproject.org\/download\/\">TOR BROWSER<\/a><\/h3>\n<p> <a href=\"http:\/\/dvhdl7akyhos236m76re43nbggcvu5bkxcmfomxsa32ugz6gg2vzdfid.onion\">Www. dvhdl7akyhos236m76re43nbggcvu5bkxcmfomxsa32ugz6gg2vzdfid. onion<\/a><\/p>\n","protected":false},"excerpt":{"rendered":"<p>kidsfliks streaming HoxeIli78 Forum SAMMLUNG KINDERPORNO INZEST LOLI PRETEEN PRIVATS. \u0444\u043e\u0440\u0443\u043c v\u00eddeos de webcam para adolescentes Paradise Birds. foto webcam videos de adolescentes NECRO NECROPHILIA OMEGLE CAPTURES. labios de loli porno ense\u00f1a a su hijo a caminar correctamente. forum webcam EYAN EYAN WANZ WANZ YUIZAKI SAN WA NAGERU VOL EYAN-844. \u0421\u0435\u043a\u0441 \u0434\u0435\u0442\u0435\u0439 \u043e\u043d\u043b\u0430\u0439\u043d \u0432\u0438\u0434\u0435\u043e \u0431\u0435\u0441\u043f\u043b\u0430\u0442\u043d\u043e, [&hellip;]<\/p>\n","protected":false},"author":2,"featured_media":0,"parent":0,"menu_order":0,"comment_status":"closed","ping_status":"closed","template":"","meta":{"footnotes":""},"class_list":["post-1042","page","type-page","status-publish","hentry"],"_links":{"self":[{"href":"https:\/\/www.optimiseconsulting.eu\/index.php\/wp-json\/wp\/v2\/pages\/1042","targetHints":{"allow":["GET"]}}],"collection":[{"href":"https:\/\/www.optimiseconsulting.eu\/index.php\/wp-json\/wp\/v2\/pages"}],"about":[{"href":"https:\/\/www.optimiseconsulting.eu\/index.php\/wp-json\/wp\/v2\/types\/page"}],"author":[{"embeddable":true,"href":"https:\/\/www.optimiseconsulting.eu\/index.php\/wp-json\/wp\/v2\/users\/2"}],"replies":[{"embeddable":true,"href":"https:\/\/www.optimiseconsulting.eu\/index.php\/wp-json\/wp\/v2\/comments?post=1042"}],"version-history":[{"count":0,"href":"https:\/\/www.optimiseconsulting.eu\/index.php\/wp-json\/wp\/v2\/pages\/1042\/revisions"}],"wp:attachment":[{"href":"https:\/\/www.optimiseconsulting.eu\/index.php\/wp-json\/wp\/v2\/media?parent=1042"}],"curies":[{"name":"wp","href":"https:\/\/api.w.org\/{rel}","templated":true}]}}