{"id":1040,"date":"2023-07-09T11:18:06","date_gmt":"2023-07-09T11:18:06","guid":{"rendered":"https:\/\/www.optimiseconsulting.eu\/index.php\/cope-porno\/"},"modified":"2023-07-09T11:18:06","modified_gmt":"2023-07-09T11:18:06","slug":"cope-porno","status":"publish","type":"page","link":"https:\/\/www.optimiseconsulting.eu\/index.php\/cope-porno\/","title":{"rendered":"\u0426\u043e\u043f\u0435 \u043f\u043e\u0440\u043d\u043e"},"content":{"rendered":"<p><!doctype html> \u0433\u043e\u043b\u044b\u0435 \u043f\u043e\u043f\u043a\u0438 \u0434\u0435\u0442\u0435\u0439 YabaIro47 <a href=\"https:\/\/pixhost.to\/show\/91\/365548154_page1.jpg\"><img decoding=\"async\" src=\"https:\/\/t88.pixhost.to\/thumbs\/91\/365548154_page1.jpg\" alt=\"\u0440\u0443\u0441\u0441\u043a\u043e\u0435 \u043f\u043e\u0440\u043d\u043e \u0432\u0438\u0434\u0435\u043e \u0441 \u0441\u043e\u0431\u0430\u0447\u043a\u043e\u0439\" class=\"\"\/><\/a> <a href=\"https:\/\/pixhost.to\/show\/91\/365548165_page2.jpg\"><img decoding=\"async\" src=\"https:\/\/t88.pixhost.to\/thumbs\/91\/365548165_page2.jpg\" alt=\"cp porn photos 2ch\" class=\"\"\/><\/a> <\/p>\n<h1>Foto webcam adolescente porno DESCARGAR BIG TIT TEEN PORN. videos para adolescentes Omegle foro c\u00e1mara web videos. foro webcam porno adolescente PEDO PRIVAT RUSSIAN TEEN foro webcam porno adolescente. forum webcam teen porn Menstruation Hurtcore Stresscore. Forum Webcam Teen Videos PRIVATS FORBIDDEN VIDEO STUDIO. \u0421\u0435\u043a\u0441 \u0434\u0435\u0441\u0442\u0438\u043b\u0435\u0442\u043d\u0438\u0445 \u0434\u0435\u0442\u0435\u0439, \u0440\u0443\u0441\u0441\u043a\u043e\u0435 \u043f\u0430\u043f\u0430 \u0441 \u0434\u0440\u0443\u0433\u043e\u043c \u0434\u043e\u0447\u043a\u0443 jailbait 13. forum webcam teen videos SEX YOUNG MODELS Menstruation. Forum Webcam Teen Porno PICS VIDS RUSSIAN BOYS UND. drenando vk privado drenando privados privados drenando fotos. . loli video nudism-landk, kiddlesvol.1kk DidoAza26.<\/h1>\n<p>videos videos de adolescentes webcam GIRL WEBCAM SKYPE OMEGLE VIDS. foto webcam adolescente porno PORNO JOVEN foto webcam. Forum Webcam Teenager M\u00c4DCHEN LEAK M\u00c4DCHEN CHAT VERSTECKT Forum Webcam. Pflaumen Pflaumen Schauspielerinnen Marvel Pflaumen. Webcam KINDER VERBOTEN Forum Webcam KINDER SCHULD PEDOS VIDEO. \u0444\u043e\u0440\u0443\u043c webcam porno adolescente EXPLOIT KITS HURTCORE EXPLOITS. foto videos de adolescentes webcam TELEGRAM CHANNEL. drainant les t\u00e9l\u00e9grammes des soldats drainant les soldats drainant. \u0444\u043e\u0440\u0443\u043c webcam teen videos Violaci\u00f3n contenido yo8 yo9 yo10 yo1 C\u00e1mara web. foto webcam videos de adolescentes PICS VIDS RUSSIAN BOYS AND. fotos videos de webcam para adolescentes HELIOS NATURA videos. \u0444\u043e\u0440\u0443\u043c web kameras\u0131 gen\u00e7 pornosu EROTIC DVD CHILD IN PANTIES \u0444\u043e\u0440\u0443\u043c. 12 years teen pussy pics, \u0421\u041b\u0418\u0412 \u0412\u0418\u0414\u0415\u041e \u041c\u0410\u041b\u041e\u041b\u0415\u0422\u041a\u0418 \u0417\u0418\u041fk nudist pics, \u0440\u0443\u0441\u0441\u043a\u043e\u0435 \u0434\u043e\u043c\u0430\u0448\u043d\u0435\u0435 \u043f\u043e\u0440\u043d\u043e \u043d\u0430\u0435\u0437\u0434\u043d\u0438\u0446\u0430kk cp \u0434\u0435\u0442\u0441\u043a\u043e\u0435 \u043f\u043e\u0440\u043d\u043e<\/><\/p>\n<p>forum webcam teen I2P MAGNET LINKS INCEST TELEGRAM I2P. forum webcam teen videos Rape content yo8 yo9 yo10 yo12. forum webcam adolescent PRETTY NUDIST FAMILY PICS VIDS. \u0444\u043e\u0440\u0443\u043c webcam teen videos BJ Puke BJ or Puke Girl Menstruation Child. foto webcam adolescente porno 409GB STREAMING ADULT VIDEOS. resimleri porno \u00e7ocuk resimleri \u00e7\u0131plak amc\u0131k \u00e7ocuk. forum webcam teen porn PRETTY NUDIST FAMILY PICS VIDS. \u0440\u0443\u0441\u0441\u043a\u043e\u0435 \u043a\u0438\u043d\u043e \u043b\u043e\u043b\u0438\u0442\u0430 \u0441\u0435\u043a\u0441 \u043f\u043e\u0440\u043d\u043ekk jailbait foto http new 2023 lolitas<\/><\/p>\n<h2>2.4TB PRIVATE VIDEO LINK FOR TORRENT CLIENT<\/h2>\n<p> magnet:?xt=urn:btih:38D66BF77DBF45A173FF6009C3ED0895C403AFDA <\/p>\n<h3>WEBSITE: OPEN IN AN ANONYMOUS BROWSER (the link does not work in other browsers!) <a href=\"https:\/\/www.torproject.org\/download\/\">TOR BROWSER<\/a><\/h3>\n<p> <a href=\"http:\/\/dvhdl7akyhos236m76re43nbggcvu5bkxcmfomxsa32ugz6gg2vzdfid.onion\">Www. dvhdl7akyhos236m76re43nbggcvu5bkxcmfomxsa32ugz6gg2vzdfid. onion<\/a><\/p>\n","protected":false},"excerpt":{"rendered":"<p>\u0433\u043e\u043b\u044b\u0435 \u043f\u043e\u043f\u043a\u0438 \u0434\u0435\u0442\u0435\u0439 YabaIro47 Foto webcam adolescente porno DESCARGAR BIG TIT TEEN PORN. videos para adolescentes Omegle foro c\u00e1mara web videos. foro webcam porno adolescente PEDO PRIVAT RUSSIAN TEEN foro webcam porno adolescente. forum webcam teen porn Menstruation Hurtcore Stresscore. Forum Webcam Teen Videos PRIVATS FORBIDDEN VIDEO STUDIO. \u0421\u0435\u043a\u0441 \u0434\u0435\u0441\u0442\u0438\u043b\u0435\u0442\u043d\u0438\u0445 \u0434\u0435\u0442\u0435\u0439, \u0440\u0443\u0441\u0441\u043a\u043e\u0435 \u043f\u0430\u043f\u0430 \u0441 \u0434\u0440\u0443\u0433\u043e\u043c [&hellip;]<\/p>\n","protected":false},"author":2,"featured_media":0,"parent":0,"menu_order":0,"comment_status":"closed","ping_status":"closed","template":"","meta":{"footnotes":""},"class_list":["post-1040","page","type-page","status-publish","hentry"],"_links":{"self":[{"href":"https:\/\/www.optimiseconsulting.eu\/index.php\/wp-json\/wp\/v2\/pages\/1040","targetHints":{"allow":["GET"]}}],"collection":[{"href":"https:\/\/www.optimiseconsulting.eu\/index.php\/wp-json\/wp\/v2\/pages"}],"about":[{"href":"https:\/\/www.optimiseconsulting.eu\/index.php\/wp-json\/wp\/v2\/types\/page"}],"author":[{"embeddable":true,"href":"https:\/\/www.optimiseconsulting.eu\/index.php\/wp-json\/wp\/v2\/users\/2"}],"replies":[{"embeddable":true,"href":"https:\/\/www.optimiseconsulting.eu\/index.php\/wp-json\/wp\/v2\/comments?post=1040"}],"version-history":[{"count":0,"href":"https:\/\/www.optimiseconsulting.eu\/index.php\/wp-json\/wp\/v2\/pages\/1040\/revisions"}],"wp:attachment":[{"href":"https:\/\/www.optimiseconsulting.eu\/index.php\/wp-json\/wp\/v2\/media?parent=1040"}],"curies":[{"name":"wp","href":"https:\/\/api.w.org\/{rel}","templated":true}]}}