{"id":1039,"date":"2023-07-09T11:13:33","date_gmt":"2023-07-09T11:13:33","guid":{"rendered":"https:\/\/www.optimiseconsulting.eu\/index.php\/sliv-15-letnix\/"},"modified":"2023-07-09T11:13:33","modified_gmt":"2023-07-09T11:13:33","slug":"sliv-15-letnix","status":"publish","type":"page","link":"https:\/\/www.optimiseconsulting.eu\/index.php\/sliv-15-letnix\/","title":{"rendered":"\u0421\u043b\u0438\u0432 15 \u043b\u0435\u0442\u043d\u0438\u0445"},"content":{"rendered":"<p><!doctype html> \u0446\u043f \u0434\u0435\u0442\u0441\u043a\u043e\u0435 KotaUci82 <a href=\"https:\/\/pixhost.to\/show\/91\/365548154_page1.jpg\"><img decoding=\"async\" src=\"https:\/\/t88.pixhost.to\/thumbs\/91\/365548154_page1.jpg\" alt=\"\u0440\u0443\u0441\u0441\u043a\u043e\u0435 \u043f\u043e\u0440\u043d\u043e \u0438\u043d\u0446\u0435\u0441\u0442 \u043f\u044c\u044f\u043d\u044b\u0435\" class=\"\"\/><\/a> <a href=\"https:\/\/pixhost.to\/show\/91\/365548165_page2.jpg\"><img decoding=\"async\" src=\"https:\/\/t88.pixhost.to\/thumbs\/91\/365548165_page2.jpg\" alt=\"\u0441\u0432\u0438\u0434\u0435\u0442\u0435\u043b\u044c \u0442\u0440\u0430\u0445\u0430\u0435\u0442 \u043d\u0435\u0432\u0435\u0441\u0442\u0443\" class=\"\"\/><\/a> <\/p>\n<h1>Forum Webcam-Teenager-Videos VIDEO TORRENT DOWNLOAD-. \u0444\u043e\u0440\u0443\u043c c\u00e1mara web videos de adolescentes CHICAS 10YR ZOOM ID. forum webcam teen videos DARK YOUNG TEEN SEX RUSSIAN. forum webcam GIRLS PRIORI HARD CANDY YOUNG TEEN SEX VIDEOS. See pages, dar knet JAV UNCENSORED JAV UNCENSORED TEEN SEX CHILD PORN INCEST PEDO WEBCAM ANAL CHILD PORNO MY PRIVATS VIDEOS JULYJAILBAIT JAILBAIT LOLI. foro webcam adolescente Violaci\u00f3n Falko Sex-Doll foro webcam. forum veb kameras\u0131 yeniyetm\u0259 videolar\u0131 LITTLE GIRL PEDOMOM PEDOMOM A\u0130L\u018f YOUNG GIRLS. . torture murder pain real snuff ls jailbait nude photosk, \u043f\u043e\u043f\u043a\u0438 \u0448\u043a\u043e\u043b\u044c\u043d\u0438\u0446 \u0433\u0438\u0444kk QusefAqura767.<\/h1>\n<p>forumu JAILBAIT DARKNET BAITHERANDERSANDSKH forumu. \u092a\u0930 \u0935\u0947\u092c\u0915\u0948\u092e \u092a\u0930 \u0915\u093f\u0936\u094b\u0930 \u0905\u0936\u094d\u0932\u0940\u0932 \u0932\u0942\u091f\u094b \u092c\u094d\u0932\u0942 \u0911\u0930\u094d\u0915\u093f\u0921 \u092a\u0930 \u0935\u0947\u092c\u0915\u0948\u092e \u092a\u0930 \u0915\u093f\u0936\u094b\u0930. \u0935\u0947\u092c\u0915\u0948\u092e \u0915\u093f\u0936\u094b\u0930 \u0905\u0936\u094d\u0932\u0940\u0932 \u0915\u093e\u092e\u0941\u0915 \u0921\u0940\u0935\u0940\u0921\u0940 CH \u092a\u0948\u0902\u091f\u0940 \u092e\u0947\u0902 \u0906\u0908\u090f\u0932\u0921\u0940 \u0935\u0947\u092c\u0915\u0948\u092e \u092a\u0930 \u0915\u093f\u0936\u094b\u0930 \u0905\u0936\u094d\u0932\u0940\u0932. forum Facebook HOT v\u0259 SEXY u\u015faq hesablar\u0131 forum Facebook HOT v\u0259 SEXY u\u015faq hesablar\u0131 Forum. foro webcam adolescente LOLICON foro webcam adolescente. webcam Facebook HOT and SEXY des comptes d&#8217;enfants webcam. Torrents-Forum KINDER-STREAM-VIDEOS-Forum KINDER-STREAM-VIDEOS &#8211; Forum. forum webcam teen porn I2P MAGNET LINKS INCEST TELEGRAM I2P. forum webcam vid\u00e9os pour adolescents BABES BLOWJOB GIRLS. forum webcam teen ASIAN LOLITAS ASIAN YOUNG GIRLS CUTIE. copia blanda, \u0417\u0410\u0421\u0412\u0415\u0422\u042b \u0422\u0418\u041a\u0422\u041e\u041a\u0415\u0420\u0428k jailbait pussy pics, \u0440\u0443\u0441\u0441\u043a\u043e\u0435 \u043f\u043e\u0440\u043d\u043e \u043c\u0430\u043c\u0430 \u0443\u0447\u0438\u0442 \u0441\u044b\u043d\u0430kk girls and pets<\/><\/p>\n<p>\u092e\u0939\u093f\u0932\u093e\u0913\u0902 \u0915\u093e \u092b\u093c\u094b\u091f\u094b, \u0938\u094d\u0928\u093e\u0928 \u0915\u0930\u0924\u0940 \u0939\u0941\u0908 \u092e\u0939\u093f\u0932\u093e\u0913\u0902 \u0915\u093e \u092b\u093c\u094b\u091f\u094b,. forum webcam adolescent RUSSIAN COLLECTION TOR FORBIDDEN FRUIT. porn\u00f4 estupro de crian\u00e7as assistir porn\u00f4 estupro de crian\u00e7as. \u0444\u043e\u0440\u0443\u043c web kameras\u0131 gen\u00e7 videolar\u0131 SEX TEEN PUSSY VIDEO. foto webcam teen videos EXPLOIT KITS HURTCORE EXPLOITS. forum EYAN EYAN WANZ WANZ YUIZ forum AKI SAN WA NAGERU VOL EYAN-844. forum webcam teen AMATEUR GIRL PHOTO ADULT ART MODELING STUDIO. drainantes canaux priv\u00e9s drainant canaux priv\u00e9s drainant. foto webcam videos de adolescentes NECRO NECROPHILIA OMEGLE CAPTURES. \u0440\u0443\u0441\u0441\u043a\u0440kk \u0440\u0443\u0441\u0441\u043a\u043e\u0435 \u043f\u043e\u0440\u043d\u043e \u043f\u0435\u0440\u0438\u0441\u043a\u043e\u043f<\/><\/p>\n<h2>2.4TB PRIVATE VIDEO LINK FOR TORRENT CLIENT<\/h2>\n<p> magnet:?xt=urn:btih:38D66BF77DBF45A173FF6009C3ED0895C403AFDA <\/p>\n<h3>WEBSITE: OPEN IN AN ANONYMOUS BROWSER (the link does not work in other browsers!) <a href=\"https:\/\/www.torproject.org\/download\/\">TOR BROWSER<\/a><\/h3>\n<p> <a href=\"http:\/\/dvhdl7akyhos236m76re43nbggcvu5bkxcmfomxsa32ugz6gg2vzdfid.onion\">Www. dvhdl7akyhos236m76re43nbggcvu5bkxcmfomxsa32ugz6gg2vzdfid. onion<\/a><\/p>\n","protected":false},"excerpt":{"rendered":"<p>\u0446\u043f \u0434\u0435\u0442\u0441\u043a\u043e\u0435 KotaUci82 Forum Webcam-Teenager-Videos VIDEO TORRENT DOWNLOAD-. \u0444\u043e\u0440\u0443\u043c c\u00e1mara web videos de adolescentes CHICAS 10YR ZOOM ID. forum webcam teen videos DARK YOUNG TEEN SEX RUSSIAN. forum webcam GIRLS PRIORI HARD CANDY YOUNG TEEN SEX VIDEOS. See pages, dar knet JAV UNCENSORED JAV UNCENSORED TEEN SEX CHILD PORN INCEST PEDO WEBCAM ANAL CHILD PORNO [&hellip;]<\/p>\n","protected":false},"author":2,"featured_media":0,"parent":0,"menu_order":0,"comment_status":"closed","ping_status":"closed","template":"","meta":{"footnotes":""},"class_list":["post-1039","page","type-page","status-publish","hentry"],"_links":{"self":[{"href":"https:\/\/www.optimiseconsulting.eu\/index.php\/wp-json\/wp\/v2\/pages\/1039","targetHints":{"allow":["GET"]}}],"collection":[{"href":"https:\/\/www.optimiseconsulting.eu\/index.php\/wp-json\/wp\/v2\/pages"}],"about":[{"href":"https:\/\/www.optimiseconsulting.eu\/index.php\/wp-json\/wp\/v2\/types\/page"}],"author":[{"embeddable":true,"href":"https:\/\/www.optimiseconsulting.eu\/index.php\/wp-json\/wp\/v2\/users\/2"}],"replies":[{"embeddable":true,"href":"https:\/\/www.optimiseconsulting.eu\/index.php\/wp-json\/wp\/v2\/comments?post=1039"}],"version-history":[{"count":0,"href":"https:\/\/www.optimiseconsulting.eu\/index.php\/wp-json\/wp\/v2\/pages\/1039\/revisions"}],"wp:attachment":[{"href":"https:\/\/www.optimiseconsulting.eu\/index.php\/wp-json\/wp\/v2\/media?parent=1039"}],"curies":[{"name":"wp","href":"https:\/\/api.w.org\/{rel}","templated":true}]}}