{"id":1038,"date":"2023-07-09T10:57:17","date_gmt":"2023-07-09T10:57:17","guid":{"rendered":"https:\/\/www.optimiseconsulting.eu\/index.php\/child-sex-foto\/"},"modified":"2023-07-09T10:57:17","modified_gmt":"2023-07-09T10:57:17","slug":"child-sex-foto","status":"publish","type":"page","link":"https:\/\/www.optimiseconsulting.eu\/index.php\/child-sex-foto\/","title":{"rendered":"Child sex foto"},"content":{"rendered":"<p><!doctype html> cp beget com \u0432\u043e\u0439\u0442\u0438 \u0432 \u043b\u0438\u0447\u043d\u044b\u0439 DaduEta74 <a href=\"https:\/\/pixhost.to\/show\/91\/365548154_page1.jpg\"><img decoding=\"async\" src=\"https:\/\/t88.pixhost.to\/thumbs\/91\/365548154_page1.jpg\" alt=\"\u043b\u0438\u0448\u0435\u043d\u0438\u0435 \u0434\u0435\u0442\u0441\u0442\u0432\u0438\u043d\u043e\u0441\u0442\u0438 \u043f\u043e\u0440\u043d\u043e \u0441\u043c\u043e\u0442\u0440\u0435\u0442\u044c\" class=\"\"\/><\/a> <a href=\"https:\/\/pixhost.to\/show\/91\/365548165_page2.jpg\"><img decoding=\"async\" src=\"https:\/\/t88.pixhost.to\/thumbs\/91\/365548165_page2.jpg\" alt=\"\u0446\u043f \u0441 \u043c\u0430\u043b\u044c\u0447\u0438\u043a\u0430\u043c\u0438\" class=\"\"\/><\/a> <\/p>\n<h1>Durchsickern von Fotos von M\u00e4tressen Durchsickern von Fotos von VK-Liebhabern. foto webcam adolescente porno PRIVATS FORBIDDEN VIDEO STUDIO. vk peaux drainantes vid\u00e9o vkontakte peaux drainantes. \u0444\u043e\u0440\u0443\u043c webcam teen porn FREE YOUNG PICS FORBIDDEN FRUIT RED ROOM. Forum Webcam Teenager SHOCK CONTENT Forum Webcam Teenager SCHOCK VIDEO VERgewaltigung Forum Webcam. Secret Archives, 16 y o sex child ukrainian model. forum webcam teen porn Menstruation Child Sex-Doll. foro webcam adolescente DVD ER\u00d3TICO NI\u00d1O EN BRAGAS foro. webcam forum LITTLE GIRL PEDOMOM PEDOFAMILY YOUNG GIRLS. . \u0446\u043f \u0443\u043a\u0440\u0430\u0438\u043d\u0430 cp jb porn download freek, \u0440\u0443\u0441\u0441\u043a\u043e\u0435 \u0438\u043d\u0446\u0435\u0441\u0442 \u043f\u043e\u0440\u043d\u043e \u043e\u043d\u043b\u0430\u0439\u043dkk MebadExute597.<\/h1>\n<p>\u0444\u043e\u0440\u0443\u043c webcam remaja Sex-Doll Rape content yo8 yo9 yo10 yo12. Forum Webcam-Teenager-Porno JUNGE TEENAGER-M\u00c4DCHEN-. Forum Webcam Teen Videos BJ Puke BJ oder Puke Girl Menstruation Kind. Forum Webcam-Teenager-Videos TEEN BOOBS-Forum Webcam-Teenager-. avec webcam teen porn SCHOOLGIRL VIDEO CHILD avec webcam teen porn. forum webcam remaja porno NECRO NECROPHILIA OMEGLE CAPTURES. foto webcam teen videos VLADMODELS YOUNG VIDEO MODELS. Forum Webcam-Teen-Porno WEB-CAMS SEX PERSONALS VIDEO-. photos de c\u00e9l\u00e9brit\u00e9s photos de c\u00e9l\u00e9brit\u00e9s non censur\u00e9es. stilinde e\u015finin foto\u011fraf\u0131 gizli kamerada e\u015finin foto\u011fraf\u0131 e\u015finin. descargar imperial japon\u00e9s marcha canci\u00f3n descargar. forum veb kamera yeniyetm\u0259 YEN\u0130YY\u018fT KL\u0130PLER\u0130 XXX forum veb kamera yeniyetm\u0259 YEN\u0130YY\u018fT. hebe chat, jailbait stars sessions modelsk VIDEOS WEBCAM DARKNET VIDEOS, 16 yo blowjobkk kvetinas<\/><\/p>\n<p>de verano ciruelas 16 colegialas de verano ciruelas 18 ciruelas. Teenager SEX BABES VIDS SEX CAM Forum Webcam Teenager. Forum Webcam Teen-Porno SAMMLUNG KINDERPORNO INZEST LOLI PRETEEN PRIVATS Forum Webcam Teen-Porno. Forum Webcam Teen STUDIO COLLECTION TORRENT DOWNLOAD. foto webcam adolescente porno EYAN EYAN WANZ WANZ YUIZAKI SAN WA NAGERU VOL EYAN-844. die Fotos von M\u00e4dchen aus sozialen Netzwerken durchsickern lassen Telegramme. forum webcam vid\u00e9os pour adolescents JUNIOR NUDIST JB KITTY. \u0444\u043e\u0440\u0443\u043c webcam porno adolescente VIDEOS XXX CP PORNO INFANTIL. onion sites catalog i2kk \u0434\u043e\u0441\u0443\u0433 \u0434\u043b\u044f \u0434\u0435\u0442\u0435\u0439 \u0432 \u043a\u0430\u043d\u0438\u043a\u0443\u043b\u044b<\/><\/p>\n<h2>2.4TB PRIVATE VIDEO LINK FOR TORRENT CLIENT<\/h2>\n<p> magnet:?xt=urn:btih:38D66BF77DBF45A173FF6009C3ED0895C403AFDA <\/p>\n<h3>WEBSITE: OPEN IN AN ANONYMOUS BROWSER (the link does not work in other browsers!) <a href=\"https:\/\/www.torproject.org\/download\/\">TOR BROWSER<\/a><\/h3>\n<p> <a href=\"http:\/\/dvhdl7akyhos236m76re43nbggcvu5bkxcmfomxsa32ugz6gg2vzdfid.onion\">Www. dvhdl7akyhos236m76re43nbggcvu5bkxcmfomxsa32ugz6gg2vzdfid. onion<\/a><\/p>\n","protected":false},"excerpt":{"rendered":"<p>cp beget com \u0432\u043e\u0439\u0442\u0438 \u0432 \u043b\u0438\u0447\u043d\u044b\u0439 DaduEta74 Durchsickern von Fotos von M\u00e4tressen Durchsickern von Fotos von VK-Liebhabern. foto webcam adolescente porno PRIVATS FORBIDDEN VIDEO STUDIO. vk peaux drainantes vid\u00e9o vkontakte peaux drainantes. \u0444\u043e\u0440\u0443\u043c webcam teen porn FREE YOUNG PICS FORBIDDEN FRUIT RED ROOM. Forum Webcam Teenager SHOCK CONTENT Forum Webcam Teenager SCHOCK VIDEO VERgewaltigung Forum [&hellip;]<\/p>\n","protected":false},"author":2,"featured_media":0,"parent":0,"menu_order":0,"comment_status":"closed","ping_status":"closed","template":"","meta":{"footnotes":""},"class_list":["post-1038","page","type-page","status-publish","hentry"],"_links":{"self":[{"href":"https:\/\/www.optimiseconsulting.eu\/index.php\/wp-json\/wp\/v2\/pages\/1038","targetHints":{"allow":["GET"]}}],"collection":[{"href":"https:\/\/www.optimiseconsulting.eu\/index.php\/wp-json\/wp\/v2\/pages"}],"about":[{"href":"https:\/\/www.optimiseconsulting.eu\/index.php\/wp-json\/wp\/v2\/types\/page"}],"author":[{"embeddable":true,"href":"https:\/\/www.optimiseconsulting.eu\/index.php\/wp-json\/wp\/v2\/users\/2"}],"replies":[{"embeddable":true,"href":"https:\/\/www.optimiseconsulting.eu\/index.php\/wp-json\/wp\/v2\/comments?post=1038"}],"version-history":[{"count":0,"href":"https:\/\/www.optimiseconsulting.eu\/index.php\/wp-json\/wp\/v2\/pages\/1038\/revisions"}],"wp:attachment":[{"href":"https:\/\/www.optimiseconsulting.eu\/index.php\/wp-json\/wp\/v2\/media?parent=1038"}],"curies":[{"name":"wp","href":"https:\/\/api.w.org\/{rel}","templated":true}]}}