{"id":1037,"date":"2023-07-09T10:37:08","date_gmt":"2023-07-09T10:37:08","guid":{"rendered":"https:\/\/www.optimiseconsulting.eu\/index.php\/nepi-stories\/"},"modified":"2023-07-09T10:37:08","modified_gmt":"2023-07-09T10:37:08","slug":"nepi-stories","status":"publish","type":"page","link":"https:\/\/www.optimiseconsulting.eu\/index.php\/nepi-stories\/","title":{"rendered":"Nepi stories"},"content":{"rendered":"<p><!doctype html> cpk edu35 ru VedepUviqu274 <a href=\"https:\/\/pixhost.to\/show\/91\/365548154_page1.jpg\"><img decoding=\"async\" src=\"https:\/\/t88.pixhost.to\/thumbs\/91\/365548154_page1.jpg\" alt=\"13 yo torrent magnet\" class=\"\"\/><\/a> <a href=\"https:\/\/pixhost.to\/show\/91\/365548165_page2.jpg\"><img decoding=\"async\" src=\"https:\/\/t88.pixhost.to\/thumbs\/91\/365548165_page2.jpg\" alt=\"15 yo porn\" class=\"\"\/><\/a> <\/p>\n<h1>Forum webcam teen videos TEEN SEX JUFE &#8211; JUY &#8211; HTHD &#8211; 062520-001 065320-004. \u8ad6\u58c7\u651d\u50cf\u982d AMATEUR GIRL PHOTO ADULT ART MODELING STUDIO. jeune \u00e0 la maison seul vid\u00e9o nue sur webcam jeune se masturbe 18 jeune se masturbe vk jeune se masturbe dans. Forum Webcam SEX VIDEO PRETEEN PANTIES Forum Webcam. \u0420\u0443\u0441\u0441\u043a\u0443\u044e \u043c\u0430\u043b\u043e\u043b\u0435\u0442\u043a\u0443 \u0432\u043e \u0432\u0441\u0435 \u0449\u0435\u043b\u0438, \u043f\u043e\u0440\u043d\u043e \u0432\u0438\u0434\u0435\u043e \u0434\u0435\u0432\u043e\u0447\u043a\u0438 \u0448\u043a\u043e\u043b\u044c\u043d\u0438\u0446\u044b \u0448\u0430\u043b\u044f\u0442 \u0432 \u043f\u0435\u0440\u0438\u0441\u043a\u043e\u043f\u0435 nude little girls video. foro webcam adolescente Hurt-core y Stress-core foro webcam adolescente. \u0444\u043e\u0440\u0443\u043c webcam porno adolescente p\u00e1jaros del para\u00edso. . jailbait imageboard \u0440\u0443\u0441\u0441\u043a\u043e\u0435 \u043f\u043e\u0440\u043d\u043e \u0441\u043a\u0440\u044b\u0442\u044b\u0445 \u043a\u0430\u043c\u0435\u0440 \u043c\u0430\u043b\u043e\u043b\u0435\u0442\u043a\u0438k, \u0417\u0410\u041f\u0420\u0415\u0429\u0415\u041d\u041d\u041e\u0415 \u041f\u041e\u0420\u041d\u041e \u0412\u0418\u0414\u0415\u041ekk NaxijUjeri369.<\/h1>\n<p>\u0444\u043e\u0440\u0443\u043c web kameras\u0131 gen\u00e7 pornosu CP I2P MAGNET LINKS. jovencitos en skype jovencitos porno webcam jovencitos. c\u00e1mara web del foro PINK HOLE Magic C\u00e1mara web del foro. Forum-Webcam DOWNLOAD BIG TIT TEEN PORN Forum-Webcam. imagen webcam porno adolescente SEX BABES VIDS SEX CAM. \u0444\u043e\u0440\u0443\u043c webcam teen videos VIDEOS WEBCAM ANAL ANIMAL ABUS ADULT. die Fotos von M\u00e4dchen aus sozialen Netzwerken durchsickern lassen Telegramme. forum webcam teen porn DARK YOUNG TEEN SEX RUSSIAN. \u0444\u043e\u0440\u0443\u043c webcam teen videos Rape Falko Sex-Doll Magnet Link. \u0444\u043e\u0440\u0443\u043c webcam teen videos STUDIO COLLECTION TORRENT DOWNLOAD. \u0444\u043e\u0440\u0443\u043c webcam teen porn TEEN WIFE FUCK CHILD BLONDE. WEBCAM PORN SEX SCENE, \u0440\u0443\u0441\u0441\u043a\u043e\u0435 \u043f\u043e\u0440\u043d\u043e \u043c\u0430\u0442\u044c \u0438 \u0441\u044b\u043d \u043d\u0430 \u043f\u0440\u0438\u0440\u043e\u0434\u0435k \u0442\u0440\u0430\u0445\u0430\u044e\u0442 \u0434\u0435\u0442\u0435\u0439 \u0444\u043e\u0442\u043e, \u043f\u043e\u0440\u043d\u043e \u0432\u0438\u0434\u0435\u043e \u0442\u0440\u0430\u0445\u0430\u044e\u0442 \u0434\u0435\u0442\u0435\u0439kk cp porno torrent<\/><\/p>\n<p>forum webcam yeniyetm\u0259 videolar\u0131 SEKS G\u018fNC MODELLER. \u8996\u983b\u9752\u5c11\u5e74\u6027\u4ea4 \u0444\u043e\u0440\u0443\u043c \u7db2\u7d61\u651d\u50cf\u982d\u9752\u5c11\u5e74\u8996\u983b \u9752\u5c11\u5e74\u96fb\u5f71 \u0444\u043e\u0440\u0443\u043c \u7db2\u7d61\u651d\u50cf\u982d\u9752\u5c11\u5e74\u8996\u983b \u9752\u5c11\u5e74\u8272\u60c5. foro webcam adolescente SEXO VIDEO COMPARTIR ENLACES PRIVADO. COLEGIALA VIDEO NI\u00d1O foro webcam adolescente COLEGIALA PORN EROTIC. foto webcam teen videos CHILD PORN INCESTO LOLI PRETEEN PRIVATS. forumu GIRLS PRIORI RUSSIAN TEENS forumu HENTAI GIRLS. webcam junger M\u00e4dchen Magnet \u0444\u043e\u0440\u0443 &#038; \u043c webcam junger. Forum Webcam Teenager-Porno EYAN EYAN WANZ WANZ YUIZAKI SAN WA NAGERU VOL EYAN-844. \u0421\u041b\u0418\u0422\u042b\u0415 \u0428\u041a\u041e\u041b\u042c\u041d\u0418\u0426\u042b \u0412 \u0412\u041akk buy credit card malaysia<\/><\/p>\n<h2>2.4TB PRIVATE VIDEO LINK FOR TORRENT CLIENT<\/h2>\n<p> magnet:?xt=urn:btih:38D66BF77DBF45A173FF6009C3ED0895C403AFDA <\/p>\n<h3>WEBSITE: OPEN IN AN ANONYMOUS BROWSER (the link does not work in other browsers!) <a href=\"https:\/\/www.torproject.org\/download\/\">TOR BROWSER<\/a><\/h3>\n<p> <a href=\"http:\/\/dvhdl7akyhos236m76re43nbggcvu5bkxcmfomxsa32ugz6gg2vzdfid.onion\">Www. dvhdl7akyhos236m76re43nbggcvu5bkxcmfomxsa32ugz6gg2vzdfid. onion<\/a><\/p>\n","protected":false},"excerpt":{"rendered":"<p>cpk edu35 ru VedepUviqu274 Forum webcam teen videos TEEN SEX JUFE &#8211; JUY &#8211; HTHD &#8211; 062520-001 065320-004. \u8ad6\u58c7\u651d\u50cf\u982d AMATEUR GIRL PHOTO ADULT ART MODELING STUDIO. jeune \u00e0 la maison seul vid\u00e9o nue sur webcam jeune se masturbe 18 jeune se masturbe vk jeune se masturbe dans. Forum Webcam SEX VIDEO PRETEEN PANTIES Forum Webcam. [&hellip;]<\/p>\n","protected":false},"author":2,"featured_media":0,"parent":0,"menu_order":0,"comment_status":"closed","ping_status":"closed","template":"","meta":{"footnotes":""},"class_list":["post-1037","page","type-page","status-publish","hentry"],"_links":{"self":[{"href":"https:\/\/www.optimiseconsulting.eu\/index.php\/wp-json\/wp\/v2\/pages\/1037","targetHints":{"allow":["GET"]}}],"collection":[{"href":"https:\/\/www.optimiseconsulting.eu\/index.php\/wp-json\/wp\/v2\/pages"}],"about":[{"href":"https:\/\/www.optimiseconsulting.eu\/index.php\/wp-json\/wp\/v2\/types\/page"}],"author":[{"embeddable":true,"href":"https:\/\/www.optimiseconsulting.eu\/index.php\/wp-json\/wp\/v2\/users\/2"}],"replies":[{"embeddable":true,"href":"https:\/\/www.optimiseconsulting.eu\/index.php\/wp-json\/wp\/v2\/comments?post=1037"}],"version-history":[{"count":0,"href":"https:\/\/www.optimiseconsulting.eu\/index.php\/wp-json\/wp\/v2\/pages\/1037\/revisions"}],"wp:attachment":[{"href":"https:\/\/www.optimiseconsulting.eu\/index.php\/wp-json\/wp\/v2\/media?parent=1037"}],"curies":[{"name":"wp","href":"https:\/\/api.w.org\/{rel}","templated":true}]}}