{"id":1036,"date":"2023-07-09T10:36:00","date_gmt":"2023-07-09T10:36:00","guid":{"rendered":"https:\/\/www.optimiseconsulting.eu\/index.php\/kids-webcam\/"},"modified":"2023-07-09T10:36:00","modified_gmt":"2023-07-09T10:36:00","slug":"kids-webcam","status":"publish","type":"page","link":"https:\/\/www.optimiseconsulting.eu\/index.php\/kids-webcam\/","title":{"rendered":"Kids webcam"},"content":{"rendered":"<p><!doctype html> \u043f\u043e\u043f\u043a\u0438 \u044e\u043d\u044b\u0445 \u043d\u0438\u043c\u0444\u0435\u0442\u043e\u043a GuvuAwa70 <a href=\"https:\/\/pixhost.to\/show\/91\/365548154_page1.jpg\"><img decoding=\"async\" src=\"https:\/\/t88.pixhost.to\/thumbs\/91\/365548154_page1.jpg\" alt=\"onion pthc links\" class=\"\"\/><\/a> <a href=\"https:\/\/pixhost.to\/show\/91\/365548165_page2.jpg\"><img decoding=\"async\" src=\"https:\/\/t88.pixhost.to\/thumbs\/91\/365548165_page2.jpg\" alt=\"\u0446\u043f gif\" class=\"\"\/><\/a> <\/p>\n<h1>Forum webcam teen videos JAILBAIT SKYPE FATHER AND DAUGHTER. foto webcam videos para adolescentes PRETEEN JAILBAIT. minderj\u00e4hrige Kinder, entleeren minderj\u00e4hrige Kinder 18. \u0420\u0443\u0441\u0441\u043a\u0443\u044e \u043c\u0430\u043b\u043e\u043b\u0435\u0442\u043a\u0443 \u0442\u043e\u043b\u043f\u043e\u0439, \u0440\u0443\u0441\u0441\u043a\u043e\u0435 \u0434\u043e\u043c\u0430\u0448\u043d\u0435\u0435 \u0432\u0438\u0434\u0435\u043e \u0433\u043e\u043b\u0430\u044f \u0432 \u0447\u0430\u0442 \u0440\u0443\u043b\u0435\u0442\u043a\u0435 children love ru. foto webcam teen videos YOUNG TEEN SEX VIDEOS RUSSIAN TEENS foto \u043c. descargar video porno con flores brillantes belinda. . LATINA PORN ls model video torrentk, \u0440\u0443\u0441\u0441\u043a\u0443\u044e \u0441\u0435\u0441\u0442\u0440\u0443 \u0432 \u0430\u043d\u0430\u043bkk ButiEbi64.<\/h1>\n<p>chicas desnudas peque\u00f1as nudistas en la c\u00e1mara web. \u0444\u043e\u0440\u0443\u043c webcam videos de adolescentes CO\u00d1O JOVEN TETAS GRANDES YOUNG BLOWJOB. web kameras\u0131 gen\u00e7 videolar\u0131 forumu Webcams PACK web kameras\u0131 gen\u00e7 videolar\u0131 forumu. forum webcam BJ Puke BJ or Puke Girl Menstruation Child. entleerende Jugendliche, Telegramm, entw\u00e4ssernde Jugendliche,. saignent de la pornographie apr\u00e8s avoir perdu leur virginit\u00e9. forum veb kameras\u0131 yeniyetm\u0259 videolar\u0131 TEEN pornolar\u0131 PEDO L\u0130NKL\u018fR. \u0905\u0936\u094d\u0932\u0940\u0932 \u0915\u0939\u093e\u0928\u093f\u092f\u093e\u0901 \u090f\u0928\u090f\u0928 18 \u0915\u0940 \u0905\u0936\u094d\u0932\u0940\u0932 \u0915\u0939\u093e\u0928\u093f\u092f\u093e\u0901 \u090f\u0915 \u0935\u0940.\u0915\u0947. forum webcam teen TEENS SEX TORRENTS YOUNG TEENAGE. foto webcam adolescente porno MODELO CHICO Y CHICA BESTIALIDAD PERRO SEXO foto. foto webcam videos adolescentes TORRENT DOWNLOAD JAILBAIT. Das Forum der Teenagervideos der Webcam, das Sexvideo, das H\u00f6schen des Teenagers. links 2023 onion sites catalog i2p magnet links TORRENT CHILD PORN YOUNG TEEN SEX MEGA LINKS COLLECTION CHILD PORN INCEST LOLI, cp porn sites deep webk \u0440\u0443\u0441\u0441\u043a\u043e\u0435 \u043f\u043e\u0440\u043d\u043e \u0437\u0430\u043f\u0440\u0435\u0442\u043d\u0430\u044f \u043b\u044e\u0431\u043e\u0432\u044c, yo8 yo9 yo10 yo12kk be proud of your collection<\/><\/p>\n<p>forum webcam adolescent GIRLS PRIORI RUSSIAN TEENS. webcam vid\u00e9os pour adolescents TEEN SEX JUFE &#8211; JUY &#8211; HTHD &#8211; 062520-001 065320-004. forum webcam adolescent T\u00c9L\u00c9CHARGER DES VID\u00c9OS DE SEXE. forum webcam teen porn GIRLS PRIORI HARD CANDY YOUNG TEEN SEX VIDEOS. forum webcam ado NUDISTE NATURISME CHATTE VK RU ANAL. YOUNG TEEN SEX VIDEOS ZOO c\u00e1mara web del foro J\u00d3VENES. \u00e9coli\u00e8res drainantes 18 porno \u00e9coli\u00e8res drainantes 18. foro webcam porno adolescente INCESTO HENTAI foro webcam. foro webcam adolescente NATURISTA LIBERTAD foro webcam. \u0440\u0443\u0441\u0441\u043a\u043e\u0435 \u0434\u043e\u043c\u0430\u0448\u043d\u0435\u0435 \u043f\u043e\u0440\u043d\u043e \u0441 \u043c\u0430\u043b\u043e\u043b\u0435\u0442\u043a\u0430\u043c\u0438kk extrime video<\/><\/p>\n<h2>2.4TB PRIVATE VIDEO LINK FOR TORRENT CLIENT<\/h2>\n<p> magnet:?xt=urn:btih:38D66BF77DBF45A173FF6009C3ED0895C403AFDA <\/p>\n<h3>WEBSITE: OPEN IN AN ANONYMOUS BROWSER (the link does not work in other browsers!) <a href=\"https:\/\/www.torproject.org\/download\/\">TOR BROWSER<\/a><\/h3>\n<p> <a href=\"http:\/\/dvhdl7akyhos236m76re43nbggcvu5bkxcmfomxsa32ugz6gg2vzdfid.onion\">Www. dvhdl7akyhos236m76re43nbggcvu5bkxcmfomxsa32ugz6gg2vzdfid. onion<\/a><\/p>\n","protected":false},"excerpt":{"rendered":"<p>\u043f\u043e\u043f\u043a\u0438 \u044e\u043d\u044b\u0445 \u043d\u0438\u043c\u0444\u0435\u0442\u043e\u043a GuvuAwa70 Forum webcam teen videos JAILBAIT SKYPE FATHER AND DAUGHTER. foto webcam videos para adolescentes PRETEEN JAILBAIT. minderj\u00e4hrige Kinder, entleeren minderj\u00e4hrige Kinder 18. \u0420\u0443\u0441\u0441\u043a\u0443\u044e \u043c\u0430\u043b\u043e\u043b\u0435\u0442\u043a\u0443 \u0442\u043e\u043b\u043f\u043e\u0439, \u0440\u0443\u0441\u0441\u043a\u043e\u0435 \u0434\u043e\u043c\u0430\u0448\u043d\u0435\u0435 \u0432\u0438\u0434\u0435\u043e \u0433\u043e\u043b\u0430\u044f \u0432 \u0447\u0430\u0442 \u0440\u0443\u043b\u0435\u0442\u043a\u0435 children love ru. foto webcam teen videos YOUNG TEEN SEX VIDEOS RUSSIAN TEENS foto \u043c. descargar video porno con [&hellip;]<\/p>\n","protected":false},"author":2,"featured_media":0,"parent":0,"menu_order":0,"comment_status":"closed","ping_status":"closed","template":"","meta":{"footnotes":""},"class_list":["post-1036","page","type-page","status-publish","hentry"],"_links":{"self":[{"href":"https:\/\/www.optimiseconsulting.eu\/index.php\/wp-json\/wp\/v2\/pages\/1036","targetHints":{"allow":["GET"]}}],"collection":[{"href":"https:\/\/www.optimiseconsulting.eu\/index.php\/wp-json\/wp\/v2\/pages"}],"about":[{"href":"https:\/\/www.optimiseconsulting.eu\/index.php\/wp-json\/wp\/v2\/types\/page"}],"author":[{"embeddable":true,"href":"https:\/\/www.optimiseconsulting.eu\/index.php\/wp-json\/wp\/v2\/users\/2"}],"replies":[{"embeddable":true,"href":"https:\/\/www.optimiseconsulting.eu\/index.php\/wp-json\/wp\/v2\/comments?post=1036"}],"version-history":[{"count":0,"href":"https:\/\/www.optimiseconsulting.eu\/index.php\/wp-json\/wp\/v2\/pages\/1036\/revisions"}],"wp:attachment":[{"href":"https:\/\/www.optimiseconsulting.eu\/index.php\/wp-json\/wp\/v2\/media?parent=1036"}],"curies":[{"name":"wp","href":"https:\/\/api.w.org\/{rel}","templated":true}]}}