{"id":1035,"date":"2023-07-09T10:10:49","date_gmt":"2023-07-09T10:10:49","guid":{"rendered":"https:\/\/www.optimiseconsulting.eu\/index.php\/fotos-ansehen\/"},"modified":"2023-07-09T10:10:49","modified_gmt":"2023-07-09T10:10:49","slug":"fotos-ansehen","status":"publish","type":"page","link":"https:\/\/www.optimiseconsulting.eu\/index.php\/fotos-ansehen\/","title":{"rendered":"Fotos ansehen"},"content":{"rendered":"<p><!doctype html> \u043f\u043e\u043f\u043a\u0438 \u0448\u043a\u043e\u043b\u044c\u043d\u0438\u0446 \u0432 \u0442\u0440\u0443\u0441\u0438\u043a\u0430\u0445 \u0444\u043e\u0442\u043e LeqaIla63 <a href=\"https:\/\/pixhost.to\/show\/91\/365548154_page1.jpg\"><img decoding=\"async\" src=\"https:\/\/t88.pixhost.to\/thumbs\/91\/365548154_page1.jpg\" alt=\"omegle\" class=\"\"\/><\/a> <a href=\"https:\/\/pixhost.to\/show\/91\/365548165_page2.jpg\"><img decoding=\"async\" src=\"https:\/\/t88.pixhost.to\/thumbs\/91\/365548165_page2.jpg\" alt=\"10yo cp\" class=\"\"\/><\/a> <\/p>\n<h1>C\u00e1mara web videos adolescentes JUNIOR NUDIST JB KITTY foro c\u00e1mara web. forum veb kameras\u0131 yeniyetm\u0259 videolar\u0131 Veb kameralar\u0131 PACK. foto webcam teen porn NECRO NECROPHILIA OMEGLE CAPTURES. forum webcam teen porn AMATEUR GIRL PHOTO ADULT ART MODELING STUDIO. \u0420\u0443\u0441\u0441\u043a\u043e\u044f\u0437\u044b\u0447\u043d\u044b\u0435 \u0444\u043e\u0440\u0443\u043c\u044b \u0434\u0430\u0440\u043a\u043d\u0435\u0442\u0430, 16 yo fuck cp pedo porn. Forum LITTLE GIRL PEDOMOM PEDOFAMILY YOUNG M\u00c4DCHEN. forum webcam adolescent MOD\u00c8LE GAR\u00c7ON ET FILLE BEASTIALITY DOG SEX. V\u0130DEOLAR SEKS PAYLA\u015eIM V\u0130DEO forum web kameras\u0131 yeniyetm\u0259 V\u0130DEOLAR WEBCAM ANAL HEYVANLARIN SU\u0130-V\u0130DEOLARI forum WEBKAMERASI ANAL HEYVANLARIN SU\u0130-V\u0130DEOLARI WEB kameras\u0131. . jailbait free videos \u0440\u0443\u0441\u0441\u043a\u043e\u0435 \u0438\u043d\u0446\u0435\u0441\u0442 \u0444\u043e\u0442\u043ek, ls magazine modelskk QehuvUbamu562.<\/h1>\n<p>foro webcam porno adolescente PEDO PLAYGROUND GIRLSHUB. forum webcam adolescent FILLE AMOUR ENFANTS LIEN EXPOS\u00c9 SALOPE. \ud3ec\ub7fc \uc6f9\ucea0 COLLECTION CHILD PORN INCEST LOLI PRETEEN PRIVATS. Forum Webcam-Teenager-Porno JUNGE OBEREN OBEN TEENS. porno de petites filles photos porno de petites filles porno de petites filles. 14 a\u00f1os Drenaje de pieles j\u00f3venes Telegrama de 14 a\u00f1os. \u043e\u0440\u0443\u043c webcam adolescente videos VIDEO TORRENT DOWNLOAD. webcam adolescente porno SEX CHATS KIDS imagen webcam adolescente porno. children nudism free pics, \u0446\u043f \u043f\u043e\u0440\u043d\u043e \u0444\u043e\u0442\u043ek tor links 2023, omegle threadkk boy vids v40<\/><\/p>\n<p>foto webcam teen videos CHILDS PLAY foto webcam teen. forum web kameras\u0131 gen\u00e7 LOLITA CITY PACK MEGA LINKS. suivre suivre le chantier de la F\u00e9d\u00e9ration de Russie. forum webcam teen porn DARK YOUNG TEEN SEX RUSSIAN. \u0915\u0948\u092e\u0930\u0947 \u092a\u0930 \u0915\u092c\u094d\u091c\u093e \u0915\u0930 \u0932\u093f\u092f\u093e \u0935\u0947\u092c\u0915\u0948\u092e \u0915\u093f\u0936\u094b\u0930 \u0905\u0936\u094d\u0932\u0940\u0932 \u092a\u0947\u0921\u094b \u0928\u093f\u091c\u0940 \u0930\u0942\u0938\u0940 \u0915\u093f\u0936\u094b\u0930. Fotos von nackten Teenagern, Fotos von nackten MILFs in Kontakt,. vidange instafemale vid\u00e9o vidange vk compl\u00e8te instafemale. Forum Webcam Teen Porno Missbrauch, Kind und Familie VIDEOS. \u041e\u041d\u041b\u0418\u0424\u0410\u041d\u0421 \u0421\u041b\u0418\u0412\u042b \u0420\u0423\u0421\u0421\u041a\u0418\u0425kk go out of a file<\/><\/p>\n<h2>2.4TB PRIVATE VIDEO LINK FOR TORRENT CLIENT<\/h2>\n<p> magnet:?xt=urn:btih:38D66BF77DBF45A173FF6009C3ED0895C403AFDA <\/p>\n<h3>WEBSITE: OPEN IN AN ANONYMOUS BROWSER (the link does not work in other browsers!) <a href=\"https:\/\/www.torproject.org\/download\/\">TOR BROWSER<\/a><\/h3>\n<p> <a href=\"http:\/\/dvhdl7akyhos236m76re43nbggcvu5bkxcmfomxsa32ugz6gg2vzdfid.onion\">Www. dvhdl7akyhos236m76re43nbggcvu5bkxcmfomxsa32ugz6gg2vzdfid. onion<\/a><\/p>\n","protected":false},"excerpt":{"rendered":"<p>\u043f\u043e\u043f\u043a\u0438 \u0448\u043a\u043e\u043b\u044c\u043d\u0438\u0446 \u0432 \u0442\u0440\u0443\u0441\u0438\u043a\u0430\u0445 \u0444\u043e\u0442\u043e LeqaIla63 C\u00e1mara web videos adolescentes JUNIOR NUDIST JB KITTY foro c\u00e1mara web. forum veb kameras\u0131 yeniyetm\u0259 videolar\u0131 Veb kameralar\u0131 PACK. foto webcam teen porn NECRO NECROPHILIA OMEGLE CAPTURES. forum webcam teen porn AMATEUR GIRL PHOTO ADULT ART MODELING STUDIO. \u0420\u0443\u0441\u0441\u043a\u043e\u044f\u0437\u044b\u0447\u043d\u044b\u0435 \u0444\u043e\u0440\u0443\u043c\u044b \u0434\u0430\u0440\u043a\u043d\u0435\u0442\u0430, 16 yo fuck cp pedo porn. Forum LITTLE [&hellip;]<\/p>\n","protected":false},"author":2,"featured_media":0,"parent":0,"menu_order":0,"comment_status":"closed","ping_status":"closed","template":"","meta":{"footnotes":""},"class_list":["post-1035","page","type-page","status-publish","hentry"],"_links":{"self":[{"href":"https:\/\/www.optimiseconsulting.eu\/index.php\/wp-json\/wp\/v2\/pages\/1035","targetHints":{"allow":["GET"]}}],"collection":[{"href":"https:\/\/www.optimiseconsulting.eu\/index.php\/wp-json\/wp\/v2\/pages"}],"about":[{"href":"https:\/\/www.optimiseconsulting.eu\/index.php\/wp-json\/wp\/v2\/types\/page"}],"author":[{"embeddable":true,"href":"https:\/\/www.optimiseconsulting.eu\/index.php\/wp-json\/wp\/v2\/users\/2"}],"replies":[{"embeddable":true,"href":"https:\/\/www.optimiseconsulting.eu\/index.php\/wp-json\/wp\/v2\/comments?post=1035"}],"version-history":[{"count":0,"href":"https:\/\/www.optimiseconsulting.eu\/index.php\/wp-json\/wp\/v2\/pages\/1035\/revisions"}],"wp:attachment":[{"href":"https:\/\/www.optimiseconsulting.eu\/index.php\/wp-json\/wp\/v2\/media?parent=1035"}],"curies":[{"name":"wp","href":"https:\/\/api.w.org\/{rel}","templated":true}]}}