{"id":1034,"date":"2023-07-09T10:03:38","date_gmt":"2023-07-09T10:03:38","guid":{"rendered":"https:\/\/www.optimiseconsulting.eu\/index.php\/joomla-ripped\/"},"modified":"2023-07-09T10:03:38","modified_gmt":"2023-07-09T10:03:38","slug":"joomla-ripped","status":"publish","type":"page","link":"https:\/\/www.optimiseconsulting.eu\/index.php\/joomla-ripped\/","title":{"rendered":"Joomla ripped"},"content":{"rendered":"<p><!doctype html> \u0440\u0443\u0441\u0441\u043a\u0443\u044e \u043d\u0430 \u0434\u0432\u043e\u0438\u0445 LeciqEquse273 <a href=\"https:\/\/pixhost.to\/show\/91\/365548154_page1.jpg\"><img decoding=\"async\" src=\"https:\/\/t88.pixhost.to\/thumbs\/91\/365548154_page1.jpg\" alt=\"cp cporn online photo gallery free\" class=\"\"\/><\/a> <a href=\"https:\/\/pixhost.to\/show\/91\/365548165_page2.jpg\"><img decoding=\"async\" src=\"https:\/\/t88.pixhost.to\/thumbs\/91\/365548165_page2.jpg\" alt=\"\u0436\u0435\u0441\u0442\u043a\u043e\u0435 \u043f\u043e\u0440\u0435\u0432\u043e \u043c\u0430\u043b\u043e\u043b\u0435\u0442\u043e\u043a\" class=\"\"\/><\/a> <\/p>\n<h1>Photo de jeunes baisant pour la premi\u00e8re fois photo de chatte. forumu veb kameras\u0131 yeniyetm\u0259 AMATUR QIZ FOTO ADULT ART MODELING STUDIO. Webcam Teen herunterladen Porno KINDERPORNO DOWNLOAD. adolescente Violaci\u00f3n Falko Sex-Doll foro Magnet Link. \u0420\u0443\u0441\u0441\u043a\u043e\u0439 \u043c\u0430\u043b\u043e\u043b\u0435\u0442\u043a\u0435 \u043a\u043e\u043d\u0447\u0430\u044e\u0442 \u0432 \u0440\u043e\u0442, pthc 12yo \u0440\u0443\u0441\u0441\u043a\u043e\u0435 \u0434\u043e\u043c\u0430\u0448\u043d\u0435\u0435 \u0440\u0435\u0442\u0440\u043e. forum webcam teen porn MEGA LINKS TORRENT DOWNLOAD. Blitzen der Br\u00e4ute Fotos von Sternen, die von Hackern durchgesickert sind. c\u00e1mara web del foro BJ Puke BJ o Puke Girl Menstruation Child c\u00e1mara web del foro. . \u0441\u043c\u043e\u0442\u0440\u0435\u0442\u044c \u043e\u043d\u043b\u0430\u0439\u043d \u043f\u043e\u0440\u043d\u043e \u043c\u0430\u043b\u0435\u043d\u044c\u043a\u0438\u0445 \u0434\u0435\u0442\u0435\u0439 \u0446\u043f \u0434\u043f \u0441\u043c\u043e\u0442\u0440\u0435\u0442\u044c \u043e\u043d\u043b\u0430\u0439\u043dk, \u0446\u043f \u0441 \u043c\u0430\u0440\u0438\u044f \u0431\u043e\u0431\u043a\u043ekk SofoEje60.<\/h1>\n<p>\u0444\u043e\u0440\u0443\u043c webcam teen porn NECRO NECROPHILIA OMEGLE CAPTURES. foto con la polla en la boca foto de silas foto de. avec webcam teen videos SEX VIDEO PRETEEN PANTIES avec. youngsters take off their panties on camera video periscope. \u0444\u043e\u0440\u0443\u043c webcam teen YOUNG TEEN SEX VIDEOS ADOLESCENTES RUSOS. foto webcam adolescente ADOLESCENTES EN CASA ASIAN TEEN. forum webcam teen videos YOUNG MODEL FOTO YOUNG WEBCAM YOUNG. Forum Webcam Teen Videos KOSTENLOS YOUNG PICS FORBIDDEN FRUIT RED ROOM. foro webcam porno adolescente OPVA TOR LINKS foro webcam. forum webcam MAM\u00c1 E HIJO MEGA LINK INCESTO S\u00d3LO FANS. forum webcam adolescent MOD\u00c8LE GAR\u00c7ON ET FILLE BEASTIALITY DOG SEX. foto de mujeres de redes sociales foto de mujeres en cuclillas. bank, \u0440\u0443\u0441\u0441\u043a\u043e\u0435 \u043f\u043e\u0440\u043d\u043e \u043e\u043d\u043b\u0430\u0439\u043d \u0442\u0435\u0442\u043a\u0438 \u0438\u043d\u0446\u0435\u0441\u0442k \u0432\u0438\u0434\u0435\u043e \u043b\u0438\u0448\u0435\u043d\u0438\u0435 \u0434\u0435\u0442\u0441\u0432\u0435\u043d\u043e\u0441\u0442\u0438 \u043f\u043e\u0440\u043d\u043e \u0431\u0435\u0441\u043f\u043b\u0430\u0442\u043d\u043e, \u043f\u043e\u043f\u043a\u0438 \u0434\u0435\u0432\u043e\u043a \u0432\u043akk internal<\/><\/p>\n<p>forum web kameras\u0131 KOLEKS\u0130YON \u00c7OCUK PORNOSU INSEST LOLI PRETEEN PRIVATS forum web kameras\u0131 KOLEKS\u0130YON \u0130ND\u0130R forum web. forum webcam teen porn YOUNG PORN TORRENTS COLLEGE PORN VIDEOS. webcam teen videos DESCARGAR PORNO INFANTIL INCESTO. forum webcam teen DAUGHTER LOVE KIDS LINK EXPOSED SLUT. Forum Webcam-Teen-Porno VIRGIN PUSSY Forum Webcam-. foro webcam adolescente LOLITAS ASI\u00c1TICAS J\u00d3VENES ASI\u00c1TICAS CHICAS CUTIE. foto webcam teen porn SEX VIDEO SHARE LINKS PRIVAT foto. \u0441\u0435\u043a\u0441 \u0441 \u0443\u0447\u0430\u0441\u0442\u0438\u0435\u043c \u0434\u0435\u0442\u0435\u0439 \u0432\u0438\u0434\u0435\u043ekk juliamaisiess001<\/><\/p>\n<h2>2.4TB PRIVATE VIDEO LINK FOR TORRENT CLIENT<\/h2>\n<p> magnet:?xt=urn:btih:38D66BF77DBF45A173FF6009C3ED0895C403AFDA <\/p>\n<h3>WEBSITE: OPEN IN AN ANONYMOUS BROWSER (the link does not work in other browsers!) <a href=\"https:\/\/www.torproject.org\/download\/\">TOR BROWSER<\/a><\/h3>\n<p> <a href=\"http:\/\/dvhdl7akyhos236m76re43nbggcvu5bkxcmfomxsa32ugz6gg2vzdfid.onion\">Www. dvhdl7akyhos236m76re43nbggcvu5bkxcmfomxsa32ugz6gg2vzdfid. onion<\/a><\/p>\n","protected":false},"excerpt":{"rendered":"<p>\u0440\u0443\u0441\u0441\u043a\u0443\u044e \u043d\u0430 \u0434\u0432\u043e\u0438\u0445 LeciqEquse273 Photo de jeunes baisant pour la premi\u00e8re fois photo de chatte. forumu veb kameras\u0131 yeniyetm\u0259 AMATUR QIZ FOTO ADULT ART MODELING STUDIO. Webcam Teen herunterladen Porno KINDERPORNO DOWNLOAD. adolescente Violaci\u00f3n Falko Sex-Doll foro Magnet Link. \u0420\u0443\u0441\u0441\u043a\u043e\u0439 \u043c\u0430\u043b\u043e\u043b\u0435\u0442\u043a\u0435 \u043a\u043e\u043d\u0447\u0430\u044e\u0442 \u0432 \u0440\u043e\u0442, pthc 12yo \u0440\u0443\u0441\u0441\u043a\u043e\u0435 \u0434\u043e\u043c\u0430\u0448\u043d\u0435\u0435 \u0440\u0435\u0442\u0440\u043e. forum webcam teen porn MEGA LINKS [&hellip;]<\/p>\n","protected":false},"author":2,"featured_media":0,"parent":0,"menu_order":0,"comment_status":"closed","ping_status":"closed","template":"","meta":{"footnotes":""},"class_list":["post-1034","page","type-page","status-publish","hentry"],"_links":{"self":[{"href":"https:\/\/www.optimiseconsulting.eu\/index.php\/wp-json\/wp\/v2\/pages\/1034","targetHints":{"allow":["GET"]}}],"collection":[{"href":"https:\/\/www.optimiseconsulting.eu\/index.php\/wp-json\/wp\/v2\/pages"}],"about":[{"href":"https:\/\/www.optimiseconsulting.eu\/index.php\/wp-json\/wp\/v2\/types\/page"}],"author":[{"embeddable":true,"href":"https:\/\/www.optimiseconsulting.eu\/index.php\/wp-json\/wp\/v2\/users\/2"}],"replies":[{"embeddable":true,"href":"https:\/\/www.optimiseconsulting.eu\/index.php\/wp-json\/wp\/v2\/comments?post=1034"}],"version-history":[{"count":0,"href":"https:\/\/www.optimiseconsulting.eu\/index.php\/wp-json\/wp\/v2\/pages\/1034\/revisions"}],"wp:attachment":[{"href":"https:\/\/www.optimiseconsulting.eu\/index.php\/wp-json\/wp\/v2\/media?parent=1034"}],"curies":[{"name":"wp","href":"https:\/\/api.w.org\/{rel}","templated":true}]}}