{"id":1033,"date":"2023-07-09T10:01:05","date_gmt":"2023-07-09T10:01:05","guid":{"rendered":"https:\/\/www.optimiseconsulting.eu\/index.php\/dogs\/"},"modified":"2023-07-09T10:01:05","modified_gmt":"2023-07-09T10:01:05","slug":"dogs","status":"publish","type":"page","link":"https:\/\/www.optimiseconsulting.eu\/index.php\/dogs\/","title":{"rendered":"Dogs"},"content":{"rendered":"<p><!doctype html> \u043f\u043e\u0440\u043d\u043e \u0433\u0435\u0435\u0432 \u043f\u0435\u0440\u0435\u043e\u0434\u0435\u0442\u044b\u0445 \u0432 \u0436\u0435\u043d\u0449\u0438\u043d KiwaEwo18 <a href=\"https:\/\/pixhost.to\/show\/91\/365548154_page1.jpg\"><img decoding=\"async\" src=\"https:\/\/t88.pixhost.to\/thumbs\/91\/365548154_page1.jpg\" alt=\"\u0440\u0443\u0441\u0441\u043a\u043e\u0435 \u0434\u043e\u043c\u0430\u0448\u043d\u0435\u0435 \u043f\u043e\u0440\u043d\u043e \u043c\u0430\u043b\u043e\u043b\u0435\u0442\u043e\u043a\" class=\"\"\/><\/a> <a href=\"https:\/\/pixhost.to\/show\/91\/365548165_page2.jpg\"><img decoding=\"async\" src=\"https:\/\/t88.pixhost.to\/thumbs\/91\/365548165_page2.jpg\" alt=\"\u0440\u0443\u0441\u0441\u043a\u043e\u0435\u043f\u043e\u0440\u043d\u043e\" class=\"\"\/><\/a> <\/p>\n<h1>Videos TELEGRAM-KANAL-Forum Webcam-Teenager-Videos TELEGRAM-KANAL TEENMODEL-Forum Webcam-. foto webcam adolescente porno MEGA LINKS VIDEOS PRIVADOS TORRENT DESCARGAR. forum veb kameras\u0131 yeniyetm\u0259 videolar\u0131 TELEGRAM CHANNEL TEENMODEL. forum veb kameras\u0131 yeniyetm\u0259 pornosu JAILBAIT V\u0130DEOLARI JB forum. V\u0130DEOLAR SEKS PAYLA\u015eIM V\u0130DEO forum web kameras\u0131 yeniyetm\u0259 V\u0130DEOLAR WEBCAM ANAL HEYVANLARIN SU\u0130-V\u0130DEOLARI forum WEBKAMERASI ANAL HEYVANLARIN SU\u0130-V\u0130DEOLARI WEB kameras\u0131. \u0420\u0443\u0441\u0441\u043a\u043e\u043c 4 \u0447\u0430\u0442, \u0440\u0430\u0437\u0432\u0440\u0430\u0442\u043d\u043e\u0435 \u043f\u043e\u0440\u043d\u043e \u0434\u0435\u0442\u0435\u0439 nikole miguel polly fan. foto webcam teen videos FAMILY SECRET GIRL PHOTO SET. Forum Webcam KINDERPORNO Verletzt &#8211; core und Stress-core. . jailbait young sex video \u0446\u043f \u0444\u0430\u0439\u043b\u043e\u043e\u0431\u043c\u0435\u043d\u043d\u0438\u043ak, \u0440\u0443\u0441\u0441\u043a\u043e\u0435 \u043f\u043e\u0440\u043d\u043e \u043a\u0443\u043d\u0438 \u043c\u0430\u043b\u043e\u043b\u0435\u0442\u043a\u0435kk WinuUfo70.<\/h1>\n<p>videos webcam adolescentes videos CHILD SEX TORRENTS. \u0444\u043e\u0440\u0443\u043c webcam teen porn CHILD MODELS DOWNLOAD \u0444\u043e\u0440\u0443 \u043c webcam teen. webcam forum MOM AND SON MEGA LINK INCEST ONLYFANS. t\u00e9l\u00e9charger des enfants nus t\u00e9l\u00e9charger torrent photo \u00e9coli\u00e8res. forum webcam teen porn ASIAN LOLITAS ASIAN YOUNG GIRLS CUTIE. foro webcam videos adolescentes KIDS SHARE VIDEOS foro webcam videos adolescentes. forum webcam teen Facebook HOT and SEXY child accounts. \u0444\u043e\u0440\u0443\u043c webcam videos de adolescentes SEXO PORNO EXTREMO. Forum Webcam Teen Videos PERISCOPE JK JAPANESE Forum Webcam Teen Videos. web kameras\u0131 BABY HEART CHAT ODALARI DARK WEB S\u0130TELER\u0130. Forum Webcam Teen RUSSISCHE SAMMLUNG TOR VERBOTENE FR\u00dcCHTE. forumu SCHOOLGIRL VIDEO CHILD forumu SEXKIRL V\u0130DEO CHILD forumu SEXDSKIRL VIDEO CHILD forumu SEXDSKIRL VIDEO CHILD. FULL COLLECTION ARCHIVOS yo8 yo9 yo10 yo12, 11yo lockie and 16yo girlk \u0421\u041b\u0418\u0422\u042b\u0415 \u0412\u0418\u0414\u0415\u041e \u0421\u0422\u0420\u0418\u041c\u0415\u0420\u0428, cp daddy and son rarkk 14yo<\/><\/p>\n<p>t\u00e9l\u00e9charger souris russe concours de beaut\u00e9 sib\u00e9rien. foro de modelos de webcam foro de modelos de webcam. forum webcam BJ Puke BJ ou Puke Girl Menstruation Enfant forum. Forum Webcam Teenager HARD CANDY HEISSES TEEN LOLITA. sur webcam teen porn t\u00e9l\u00e9charger fille chien oignon. \u00c7inli \u00e7ocuk pornosu \u00e7izgi roman \u00e7ocuklar yeti\u015fkin pornosu. Eltern, ficken Kinder, Eltern, ficken Kinder, Pornovideos, Eltern. \u0446\u043f \u043f\u043e\u0440\u043d\u043e \u0432\u0441\u044f\u043a\u0430\u044f \u0436\u0435\u0441\u0442\u044c \u0431\u0430\u043d\u043a\u0430kk tor chat<\/><\/p>\n<h2>2.4TB PRIVATE VIDEO LINK FOR TORRENT CLIENT<\/h2>\n<p> magnet:?xt=urn:btih:38D66BF77DBF45A173FF6009C3ED0895C403AFDA <\/p>\n<h3>WEBSITE: OPEN IN AN ANONYMOUS BROWSER (the link does not work in other browsers!) <a href=\"https:\/\/www.torproject.org\/download\/\">TOR BROWSER<\/a><\/h3>\n<p> <a href=\"http:\/\/dvhdl7akyhos236m76re43nbggcvu5bkxcmfomxsa32ugz6gg2vzdfid.onion\">Www. dvhdl7akyhos236m76re43nbggcvu5bkxcmfomxsa32ugz6gg2vzdfid. onion<\/a><\/p>\n","protected":false},"excerpt":{"rendered":"<p>\u043f\u043e\u0440\u043d\u043e \u0433\u0435\u0435\u0432 \u043f\u0435\u0440\u0435\u043e\u0434\u0435\u0442\u044b\u0445 \u0432 \u0436\u0435\u043d\u0449\u0438\u043d KiwaEwo18 Videos TELEGRAM-KANAL-Forum Webcam-Teenager-Videos TELEGRAM-KANAL TEENMODEL-Forum Webcam-. foto webcam adolescente porno MEGA LINKS VIDEOS PRIVADOS TORRENT DESCARGAR. forum veb kameras\u0131 yeniyetm\u0259 videolar\u0131 TELEGRAM CHANNEL TEENMODEL. forum veb kameras\u0131 yeniyetm\u0259 pornosu JAILBAIT V\u0130DEOLARI JB forum. V\u0130DEOLAR SEKS PAYLA\u015eIM V\u0130DEO forum web kameras\u0131 yeniyetm\u0259 V\u0130DEOLAR WEBCAM ANAL HEYVANLARIN SU\u0130-V\u0130DEOLARI forum WEBKAMERASI ANAL [&hellip;]<\/p>\n","protected":false},"author":2,"featured_media":0,"parent":0,"menu_order":0,"comment_status":"closed","ping_status":"closed","template":"","meta":{"footnotes":""},"class_list":["post-1033","page","type-page","status-publish","hentry"],"_links":{"self":[{"href":"https:\/\/www.optimiseconsulting.eu\/index.php\/wp-json\/wp\/v2\/pages\/1033","targetHints":{"allow":["GET"]}}],"collection":[{"href":"https:\/\/www.optimiseconsulting.eu\/index.php\/wp-json\/wp\/v2\/pages"}],"about":[{"href":"https:\/\/www.optimiseconsulting.eu\/index.php\/wp-json\/wp\/v2\/types\/page"}],"author":[{"embeddable":true,"href":"https:\/\/www.optimiseconsulting.eu\/index.php\/wp-json\/wp\/v2\/users\/2"}],"replies":[{"embeddable":true,"href":"https:\/\/www.optimiseconsulting.eu\/index.php\/wp-json\/wp\/v2\/comments?post=1033"}],"version-history":[{"count":0,"href":"https:\/\/www.optimiseconsulting.eu\/index.php\/wp-json\/wp\/v2\/pages\/1033\/revisions"}],"wp:attachment":[{"href":"https:\/\/www.optimiseconsulting.eu\/index.php\/wp-json\/wp\/v2\/media?parent=1033"}],"curies":[{"name":"wp","href":"https:\/\/api.w.org\/{rel}","templated":true}]}}