{"id":1030,"date":"2023-07-09T09:12:28","date_gmt":"2023-07-09T09:12:28","guid":{"rendered":"https:\/\/www.optimiseconsulting.eu\/index.php\/16-year-nude\/"},"modified":"2023-07-09T09:12:28","modified_gmt":"2023-07-09T09:12:28","slug":"16-year-nude","status":"publish","type":"page","link":"https:\/\/www.optimiseconsulting.eu\/index.php\/16-year-nude\/","title":{"rendered":"16 year nude"},"content":{"rendered":"<p><!doctype html> \u0440\u0443\u0441\u0441\u043a\u043e\u0435 \u043f\u043e\u0440\u043d\u043e \u043f\u0435\u0440\u0438\u0441\u043a\u043e\u043f DurabEfuca259 <a href=\"https:\/\/pixhost.to\/show\/91\/365548154_page1.jpg\"><img decoding=\"async\" src=\"https:\/\/t88.pixhost.to\/thumbs\/91\/365548154_page1.jpg\" alt=\"\u0440\u0443\u0441\u0441\u043a\u043e\u0435 \u043f\u043e\u0440\u043d\u043e \u043c\u0430\u0442\u044c \u0434\u043e\u043c\u043e\u0433\u0430\u0435\u0442\u0441\u044f \u043a \u0441\u044b\u043d\u0443\" class=\"\"\/><\/a> <a href=\"https:\/\/pixhost.to\/show\/91\/365548165_page2.jpg\"><img decoding=\"async\" src=\"https:\/\/t88.pixhost.to\/thumbs\/91\/365548165_page2.jpg\" alt=\"\u0446\u043f \u0441\u0431\u043e\u0440\u043d\u0438\u043a\" class=\"\"\/><\/a> <\/p>\n<h1>Forum webcam teen porn GIRLS PRIORI HARD CANDY YOUNG TEEN SEX VIDEOS. foto c\u00e1mara web videos adolescentes TEENS CHILD PORNO MY PRIVATS foto. Durchsickern von Fotos von Wichsern, Durchsickern von. de verano ciruelas 16 colegialas de verano ciruelas 18 ciruelas. Forum Webcam-Teenager-Videos Kids Box Forum Webcam-Teenager-. \u0420\u0443\u0441\u0441\u043a\u043e\u0435 \u0441\u043b\u0443\u0447\u0430\u0439\u043d\u043e\u0435, \u0440\u0443\u0441\u0441\u043a\u043e\u0435 \u0441\u0435\u043c\u0435\u0439\u043d\u043e\u0435 \u043f\u043e\u0440\u043d\u043e \u0432\u0438\u0434\u0435\u043e live on pages. \u0444\u043e\u0440\u0443\u043c v\u00eddeos de webcam teen COLLEGE GIRLS SEX \u0444\u043e\u0440\u0443\u043c v\u00eddeos de. \u0444\u043e\u0440\u0443\u043c webcam porno adolescente MAGNET TORRENT DESCARGAR. fotos y videos filtrados de colegialas fotos y videos filtrados de colegialas fotos filtradas. . jailbait teen ls models jailbait 2024k, \u043f\u043e\u043f\u043a\u0438 \u0442\u044f\u043dkk LuvaOfi76.<\/h1>\n<p>\u0444\u043e\u0440\u0443\u043c webcam teen VIDEOS WEBCAM ANAL ANIMAL ABUS ADULT. foto videos de webcam para adolescentes MAGNET LINKS ABUSO ADULT foto. forum webcam teen videos SEX VIDEO PRETEEN PANTIES. \u0444\u043e\u0440\u0443\u043c web kameras\u0131 \u00e7ocuk pornosu PER\u0130SKOP JK JAPON. video webcam videos de adolescentes SANTO NATURALEZA. forum veb kameras\u0131 yeniyetm\u0259 BJ Puke BJ v\u0259 ya Puke Girl. youngsters take off their panties on camera video periscope. drenando colegialas jovenes vk drenando colegialas jovenes dp cp telegramas. avec webcam teen videos magnet links TORRENT CHILD PORN YOUNG. foro webcam PADRES TORRENT HIJOS INODORO SNUFF PORNO. Webcam Teen herunterladen Porno KINDERPORNO DOWNLOAD. ALICE IN WONDERLAND DARKNET, 8yo videosk \u0433\u043e\u043b\u044b\u0435 \u043f\u0430\u0440\u043d\u0438 \u043e\u0434\u0435\u0442\u044b\u0435 \u0434\u0435\u0432\u0443\u0448\u043a\u0438 \u0444\u043e\u0442\u043e, 10yo modelkk oxwugzccvk3dk6tj<\/><\/p>\n<p>foro webcam adolescente PADRE TORRENT CHILD TOILET SNUFF PORN. forum webcam adolescent HARD CANDY HOT TEEN LOLITA. forum webcam teen videos ZOOFILIA VIDEOS ALICE IN WONDERLAND. c\u00e1mara web del foro BABY HEART CHAT ROOMS SITIOS WEB OSCUROS c\u00e1mara. avec webcam teen porn SCHOOLGIRL VIDEO CHILD avec webcam teen porn. Forum Webcam Teenager MAGNETVERBINDUNGEN MISSBRAUCH VON ERWACHSENEN. Forum Webcam Teen BABY HEART CHAT ROOMS DARK WEBSITES. \u0935\u0947\u092c\u0915\u0948\u092e \u092c\u0940\u0906\u0930\u0913 \u090f\u0938\u0906\u0908\u090f\u0938 \u0938\u0940\u092a\u0940 \u0915\u093f\u0921\u094d\u0938 \u0935\u0947\u092c\u0915\u0948\u092e \u0917\u0930\u094d\u0932\u094d\u0938 \u092a\u094d\u0930\u093e\u092f\u094b\u0930\u0940. herunterladen Lied herunterladen Imperial Japanese March. \u043f\u043e\u043f\u043a\u0438 13 \u043b\u0435\u0442\u043d\u0438\u0445 \u0448\u043a\u043e\u043b\u044c\u043d\u0438\u0446kk \u0446\u043f \u0444\u043e\u0442\u043e \u0432\u043a<\/><\/p>\n<h2>2.4TB PRIVATE VIDEO LINK FOR TORRENT CLIENT<\/h2>\n<p> magnet:?xt=urn:btih:38D66BF77DBF45A173FF6009C3ED0895C403AFDA <\/p>\n<h3>WEBSITE: OPEN IN AN ANONYMOUS BROWSER (the link does not work in other browsers!) <a href=\"https:\/\/www.torproject.org\/download\/\">TOR BROWSER<\/a><\/h3>\n<p> <a href=\"http:\/\/dvhdl7akyhos236m76re43nbggcvu5bkxcmfomxsa32ugz6gg2vzdfid.onion\">Www. dvhdl7akyhos236m76re43nbggcvu5bkxcmfomxsa32ugz6gg2vzdfid. onion<\/a><\/p>\n","protected":false},"excerpt":{"rendered":"<p>\u0440\u0443\u0441\u0441\u043a\u043e\u0435 \u043f\u043e\u0440\u043d\u043e \u043f\u0435\u0440\u0438\u0441\u043a\u043e\u043f DurabEfuca259 Forum webcam teen porn GIRLS PRIORI HARD CANDY YOUNG TEEN SEX VIDEOS. foto c\u00e1mara web videos adolescentes TEENS CHILD PORNO MY PRIVATS foto. Durchsickern von Fotos von Wichsern, Durchsickern von. de verano ciruelas 16 colegialas de verano ciruelas 18 ciruelas. Forum Webcam-Teenager-Videos Kids Box Forum Webcam-Teenager-. \u0420\u0443\u0441\u0441\u043a\u043e\u0435 \u0441\u043b\u0443\u0447\u0430\u0439\u043d\u043e\u0435, \u0440\u0443\u0441\u0441\u043a\u043e\u0435 \u0441\u0435\u043c\u0435\u0439\u043d\u043e\u0435 \u043f\u043e\u0440\u043d\u043e [&hellip;]<\/p>\n","protected":false},"author":2,"featured_media":0,"parent":0,"menu_order":0,"comment_status":"closed","ping_status":"closed","template":"","meta":{"footnotes":""},"class_list":["post-1030","page","type-page","status-publish","hentry"],"_links":{"self":[{"href":"https:\/\/www.optimiseconsulting.eu\/index.php\/wp-json\/wp\/v2\/pages\/1030","targetHints":{"allow":["GET"]}}],"collection":[{"href":"https:\/\/www.optimiseconsulting.eu\/index.php\/wp-json\/wp\/v2\/pages"}],"about":[{"href":"https:\/\/www.optimiseconsulting.eu\/index.php\/wp-json\/wp\/v2\/types\/page"}],"author":[{"embeddable":true,"href":"https:\/\/www.optimiseconsulting.eu\/index.php\/wp-json\/wp\/v2\/users\/2"}],"replies":[{"embeddable":true,"href":"https:\/\/www.optimiseconsulting.eu\/index.php\/wp-json\/wp\/v2\/comments?post=1030"}],"version-history":[{"count":0,"href":"https:\/\/www.optimiseconsulting.eu\/index.php\/wp-json\/wp\/v2\/pages\/1030\/revisions"}],"wp:attachment":[{"href":"https:\/\/www.optimiseconsulting.eu\/index.php\/wp-json\/wp\/v2\/media?parent=1030"}],"curies":[{"name":"wp","href":"https:\/\/api.w.org\/{rel}","templated":true}]}}