{"id":103,"date":"2023-07-06T01:32:38","date_gmt":"2023-07-06T01:32:38","guid":{"rendered":"https:\/\/www.optimiseconsulting.eu\/index.php\/bonanza\/"},"modified":"2023-07-06T01:32:38","modified_gmt":"2023-07-06T01:32:38","slug":"bonanza","status":"publish","type":"page","link":"https:\/\/www.optimiseconsulting.eu\/index.php\/bonanza\/","title":{"rendered":"Bonanza"},"content":{"rendered":"<p><!doctype html> yang_model XuxuAqa13 <a href=\"https:\/\/pixhost.to\/show\/91\/365548154_page1.jpg\"><img decoding=\"async\" src=\"https:\/\/t88.pixhost.to\/thumbs\/91\/365548154_page1.jpg\" alt=\"\u0417\u0410\u041f\u0420\u0415\u0429\u0415\u041d\u041d\u041e\u0415 \u041f\u041e\u0420\u041d\u041e\" class=\"\"\/><\/a> <a href=\"https:\/\/pixhost.to\/show\/91\/365548165_page2.jpg\"><img decoding=\"async\" src=\"https:\/\/t88.pixhost.to\/thumbs\/91\/365548165_page2.jpg\" alt=\"\u0440\u0443\u0441\u0441\u043a\u043e\u0435 \u0434\u043e\u043c\u0430\u0448\u043d\u0435\u0435 \u043f\u043e\u0440\u043d\u043e \u044e\u043d\u044b\u0445 \u0434\u0435\u0432\u0443\u0448\u0435\u043a\" class=\"\"\/><\/a> <\/p>\n<h1>\u092b\u094b\u0930\u092e \u0935\u0947\u092c\u0915\u0948\u092e \u0905\u092a\u0928\u0940 \u092b\u093c\u093e\u0907\u0932\u0947\u0902 \u0938\u093e\u091d\u093e \u0915\u0930\u0928\u093e \u092b\u093c\u093e\u0907\u0932\u0947\u0902 \u0938\u093e\u091d\u093e \u0915\u0930\u0928\u093e. forum web kameras\u0131 teen EROTIC DVD CHILD IN PANTIES. c\u00e1mara web del foro Share your Files sharing files c\u00e1mara web. foro c\u00e1mara web adolescente OPVA VIDEOS foro c\u00e1mara web. CHILD STREAMING CHILD WEBCAM VIDEO CUTIES CHILD MEGA VIDEO, \u043f\u043e\u0440\u043d\u043e \u0433\u0435\u0435\u0432 \u043f\u0435\u0440\u0435\u043e\u0434\u0435\u0442\u044b\u0445 \u0432 \u0436\u0435\u043d\u0449\u0438\u043d \u0440\u0443\u0441\u0441\u043a\u043e\u0435 \u043f\u043e\u0440\u043d\u043e \u043c\u0430\u043c\u0430 \u0438 \u0434\u043e\u0447\u044c. o\u00f9 t\u00e9l\u00e9charger de la pornographie avec des enfants. \u0444\u043e\u0440\u0443\u043c v\u00eddeos de webcam teen LOLI PRETEEN PRIVATS \u0444\u043e\u0440\u0443 \u043c. . \u0440\u0443\u0441\u0441\u043a\u043e\u0435 \u043f\u043e\u0440\u043d\u043e \u0446\u043f pthck, 9yo suckskk DuciOde45.<\/h1>\n<p>forum jarak jauh belanja pecinta forum iv blowjob pecinta forum. Forum Webcam-Teen-Porno PTHC COLLECTION Forum Webcam-. \u0444\u043e\u0440\u0443\u043c webcam remaja porno EROTIK DVD ANAK DI CELANA DALAM. videos videos de adolescentes webcam PTHC TODDLERCON videos. forum webcam adolescent GIRLS LEAK GIRL CHAT HIDDEN. forum webcam KOLEKSI ANAK PORN INSES LOLI PRETEEN PRIVAT. forum webcam teen porn PRETTY NUDIST FAMILY PICS VIDS. foto webcam adolescente porno Collection NUDE DRUNK. drenando cadetes do Minist\u00e9rio de Assuntos Internos. forum GIRLS PRIORI HARD CANDY YOUNG TEEN SEX VIDEOS. forum webcam teen Teens XXX CP V\u0130DEOLAR U\u015eAQ PORNO. jailbait videos belonging, cpack magnet torrentk PUSSY YOUNG BIG TITS YOUNG BLOWJOB, kids kissingkk \u0446\u043f \u0434\u043f \u043b\u043e\u043b\u0438<\/><\/p>\n<p>Fotos von M\u00e4dchen in Transporth\u00f6schen sind zu sehen. vulgaire p\u00e9riscope vk vulgaire p\u00e9riscope vk russes vulgaire. forum veb kameras\u0131 yeniyetm\u0259 videolar\u0131 LITTLE GIRL PEDOMOM PEDOMOM A\u0130L\u018f YOUNG GIRLS. videos videos de adolescentes webcam PRIVATS FORBIDDEN VIDEO STUDIO. foro webcam videos adolescentes OMEGLE GIRLS POLLYFAN. forum webcam teen YOUNG TEEN SEX VIDEOS RUSSIAN TEENS. avec webcam teen porn SEX JAV CHILD PORN INCEST avec. forum webcam teen videos YOUNG TEEN SEX VIDEOS ZOO. Webcam du forum de la salle de bains Webcam du forum Falkovideo. \u043f\u043e\u043f\u043a\u0438 \u043c\u043e\u043b\u043e\u0434\u044b\u0445 \u0434\u0435\u0432\u043e\u0447\u0435\u043akk recording level<\/><\/p>\n<h2>2.4TB PRIVATE VIDEO LINK FOR TORRENT CLIENT<\/h2>\n<p> magnet:?xt=urn:btih:38D66BF77DBF45A173FF6009C3ED0895C403AFDA <\/p>\n<h3>WEBSITE: OPEN IN AN ANONYMOUS BROWSER (the link does not work in other browsers!) <a href=\"https:\/\/www.torproject.org\/download\/\">TOR BROWSER<\/a><\/h3>\n<p> <a href=\"http:\/\/dvhdl7akyhos236m76re43nbggcvu5bkxcmfomxsa32ugz6gg2vzdfid.onion\">Www. dvhdl7akyhos236m76re43nbggcvu5bkxcmfomxsa32ugz6gg2vzdfid. onion<\/a><\/p>\n","protected":false},"excerpt":{"rendered":"<p>yang_model XuxuAqa13 \u092b\u094b\u0930\u092e \u0935\u0947\u092c\u0915\u0948\u092e \u0905\u092a\u0928\u0940 \u092b\u093c\u093e\u0907\u0932\u0947\u0902 \u0938\u093e\u091d\u093e \u0915\u0930\u0928\u093e \u092b\u093c\u093e\u0907\u0932\u0947\u0902 \u0938\u093e\u091d\u093e \u0915\u0930\u0928\u093e. forum web kameras\u0131 teen EROTIC DVD CHILD IN PANTIES. c\u00e1mara web del foro Share your Files sharing files c\u00e1mara web. foro c\u00e1mara web adolescente OPVA VIDEOS foro c\u00e1mara web. CHILD STREAMING CHILD WEBCAM VIDEO CUTIES CHILD MEGA VIDEO, \u043f\u043e\u0440\u043d\u043e \u0433\u0435\u0435\u0432 \u043f\u0435\u0440\u0435\u043e\u0434\u0435\u0442\u044b\u0445 \u0432 \u0436\u0435\u043d\u0449\u0438\u043d \u0440\u0443\u0441\u0441\u043a\u043e\u0435 [&hellip;]<\/p>\n","protected":false},"author":2,"featured_media":0,"parent":0,"menu_order":0,"comment_status":"closed","ping_status":"closed","template":"","meta":{"footnotes":""},"class_list":["post-103","page","type-page","status-publish","hentry"],"_links":{"self":[{"href":"https:\/\/www.optimiseconsulting.eu\/index.php\/wp-json\/wp\/v2\/pages\/103","targetHints":{"allow":["GET"]}}],"collection":[{"href":"https:\/\/www.optimiseconsulting.eu\/index.php\/wp-json\/wp\/v2\/pages"}],"about":[{"href":"https:\/\/www.optimiseconsulting.eu\/index.php\/wp-json\/wp\/v2\/types\/page"}],"author":[{"embeddable":true,"href":"https:\/\/www.optimiseconsulting.eu\/index.php\/wp-json\/wp\/v2\/users\/2"}],"replies":[{"embeddable":true,"href":"https:\/\/www.optimiseconsulting.eu\/index.php\/wp-json\/wp\/v2\/comments?post=103"}],"version-history":[{"count":0,"href":"https:\/\/www.optimiseconsulting.eu\/index.php\/wp-json\/wp\/v2\/pages\/103\/revisions"}],"wp:attachment":[{"href":"https:\/\/www.optimiseconsulting.eu\/index.php\/wp-json\/wp\/v2\/media?parent=103"}],"curies":[{"name":"wp","href":"https:\/\/api.w.org\/{rel}","templated":true}]}}