{"id":1029,"date":"2023-07-09T09:11:34","date_gmt":"2023-07-09T09:11:34","guid":{"rendered":"https:\/\/www.optimiseconsulting.eu\/index.php\/jailbait-jb\/"},"modified":"2023-07-09T09:11:34","modified_gmt":"2023-07-09T09:11:34","slug":"jailbait-jb","status":"publish","type":"page","link":"https:\/\/www.optimiseconsulting.eu\/index.php\/jailbait-jb\/","title":{"rendered":"Jailbait jb"},"content":{"rendered":"<p><!doctype html> 11yo boy MafeUme27 <a href=\"https:\/\/pixhost.to\/show\/91\/365548154_page1.jpg\"><img decoding=\"async\" src=\"https:\/\/t88.pixhost.to\/thumbs\/91\/365548154_page1.jpg\" alt=\"\u0446\u043f \u0432 \u0442\u0435\u043b\u0435\u0433\u0440\u0430\u043c\u043c\u0435 \u043a\u0430\u043d\u0430\u043b\u044b \u0444\u043e\u0440\u0443\u043c\" class=\"\"\/><\/a> <a href=\"https:\/\/pixhost.to\/show\/91\/365548165_page2.jpg\"><img decoding=\"async\" src=\"https:\/\/t88.pixhost.to\/thumbs\/91\/365548165_page2.jpg\" alt=\"\u0421\u041b\u0418\u0412\u042b \u0424\u041e\u0422\u041e \u0421\u0422\u0420\u0418\u041c\u0415\u0420\u0428\" class=\"\"\/><\/a> <\/p>\n<h1>F\u00f3rum webcam Sex-Doll Rape content yo8 yo9 yo10 yo12. forum webcam LITTLE GIRL PEDOMOM PEDOFAMILY YOUNG GIRLS. foro webcam TORRENT DESCARGAR NI\u00d1O foro webcam TORRENT. Forum Webcam Teen Porno AMATEUR M\u00c4DCHEN FOTO ERWACHSENE ART MODELING STUDIO. \u0420\u0443\u0441\u0441\u043a\u043e\u0435 \u0448\u043e\u0443 \u0431\u0435\u0437 \u0446\u0435\u043d\u0437\u0443\u0440\u044b, young models 14 year old pussy. forum webcam teen videos TEEN SEX JUFE &#8211; JUY &#8211; HTHD &#8211; 062520-001 065320-004. foto webcam VIDEO PEDOS DE CULPA INFANTIL porno adolescente. . extrime video \u043f\u043e\u043f\u043a\u0430 \u044e\u043d\u043e\u0439k, \u043f\u043e\u043f\u043a\u0438 \u0448\u043a\u043e\u043b\u044c\u043d\u0438\u0446 14kk DeqewAxidu394.<\/h1>\n<p>de adolescentes los modelos de moda adolescentes nina. foto webcam teen videos FETISH WEBCAM CARAMELO DURO ADOLESCENTE CALIENTE LOLITA. photos de jeunes montrent des organes g\u00e9nitaux dans un chat vid\u00e9o. T\u018fC\u0130R\u0130 forum webcam yeniyetm\u0259 porno forum CP I2P LOLI PRETEEN webcams. resimleri porno \u00e7ocuk resimleri \u00e7\u0131plak amc\u0131k \u00e7ocuk. \u0444\u043e\u0440\u0443\u043c webcam teen STUDIO COLLECTION TORRENT DOWNLOAD. Webcam TIERISCHER MISSBRAUCH JUNGE VIDS BRO-SIS Forum Webcam TIER BEASTEALITY Forum Webcam. forum webcam teen PUSSY YOUNG BIG TITS YOUNG BLOWJOB. forum de vinsky journaux de vivre \u00e0 l&#8217;\u00e9tranger forum de. forum webcam teen videos ANIMAL ABUSE BOY VIDS BRO-SIS. foto webcam adolescente FETISH WEBCAM HARD CANDY HOT TEEN LOLITA foto. Forum Webcam-Teen-Porno PUSSY YOUNG BIG TITS YOUNG BLOWJOB Forum Webcam-Teen-Porno. go into the archives, \u0446\u043f \u043f\u043e\u0434\u0440\u043e\u0441\u0442\u043a\u0438k TEENS CHILD PORN Adobe After Effects Xilisoft Movie Maker Pinnacle Studio 13 Ultimate Adobe Photoshop 2023 Plugins Latest, \u043f\u043e\u0440\u043d\u043e \u0432\u0438\u0434\u0435\u043e \u0434\u0435\u0432\u0443\u0448\u043a\u0430 \u0441\u043e\u0431\u043b\u0430\u0437\u043d\u0438\u043b\u0430 \u043f\u0430\u0440\u043d\u044fkk db dump<\/><\/p>\n<p>violaci\u00f3n infantil en l\u00ednea historias de pornograf\u00eda infantil. forum webcam adolescent GIRLS PRIORI HARD CANDY YOUNG TEEN SEX VIDEOS. forum webcam teen porn File sharing share files file downloads. foto webcam adolescente J\u00d3VENES NI\u00d1OS PREADOLESCENTES foto \u043c webcam teen YOUNG. forum webcam teen videos EYAN EYAN WANZ WANZ YUIZAKI SAN WA NAGERU VOL EYAN-844. Forumu web kamera yeniyetm\u0259 porno LOLICON SHOTACON SHOTA. foto webcam adolescente porno TORRENT CP foto webcam adolescente porno. Forum Webcam-Teenager-Videos Sex-Doll-Vergewaltigungsinhalt 8 Jahre alt 9 Jahre alt 10 Jahre alt 12. \u0446\u043f \u0434\u043f \u0441\u043f \u043c\u0430\u043b\u043e\u043b\u0435\u0442\u043a\u0430 \u0441\u0435\u043a\u0441kk kitten<\/><\/p>\n<h2>2.4TB PRIVATE VIDEO LINK FOR TORRENT CLIENT<\/h2>\n<p> magnet:?xt=urn:btih:38D66BF77DBF45A173FF6009C3ED0895C403AFDA <\/p>\n<h3>WEBSITE: OPEN IN AN ANONYMOUS BROWSER (the link does not work in other browsers!) <a href=\"https:\/\/www.torproject.org\/download\/\">TOR BROWSER<\/a><\/h3>\n<p> <a href=\"http:\/\/dvhdl7akyhos236m76re43nbggcvu5bkxcmfomxsa32ugz6gg2vzdfid.onion\">Www. dvhdl7akyhos236m76re43nbggcvu5bkxcmfomxsa32ugz6gg2vzdfid. onion<\/a><\/p>\n","protected":false},"excerpt":{"rendered":"<p>11yo boy MafeUme27 F\u00f3rum webcam Sex-Doll Rape content yo8 yo9 yo10 yo12. forum webcam LITTLE GIRL PEDOMOM PEDOFAMILY YOUNG GIRLS. foro webcam TORRENT DESCARGAR NI\u00d1O foro webcam TORRENT. Forum Webcam Teen Porno AMATEUR M\u00c4DCHEN FOTO ERWACHSENE ART MODELING STUDIO. \u0420\u0443\u0441\u0441\u043a\u043e\u0435 \u0448\u043e\u0443 \u0431\u0435\u0437 \u0446\u0435\u043d\u0437\u0443\u0440\u044b, young models 14 year old pussy. forum webcam teen videos TEEN SEX [&hellip;]<\/p>\n","protected":false},"author":2,"featured_media":0,"parent":0,"menu_order":0,"comment_status":"closed","ping_status":"closed","template":"","meta":{"footnotes":""},"class_list":["post-1029","page","type-page","status-publish","hentry"],"_links":{"self":[{"href":"https:\/\/www.optimiseconsulting.eu\/index.php\/wp-json\/wp\/v2\/pages\/1029","targetHints":{"allow":["GET"]}}],"collection":[{"href":"https:\/\/www.optimiseconsulting.eu\/index.php\/wp-json\/wp\/v2\/pages"}],"about":[{"href":"https:\/\/www.optimiseconsulting.eu\/index.php\/wp-json\/wp\/v2\/types\/page"}],"author":[{"embeddable":true,"href":"https:\/\/www.optimiseconsulting.eu\/index.php\/wp-json\/wp\/v2\/users\/2"}],"replies":[{"embeddable":true,"href":"https:\/\/www.optimiseconsulting.eu\/index.php\/wp-json\/wp\/v2\/comments?post=1029"}],"version-history":[{"count":0,"href":"https:\/\/www.optimiseconsulting.eu\/index.php\/wp-json\/wp\/v2\/pages\/1029\/revisions"}],"wp:attachment":[{"href":"https:\/\/www.optimiseconsulting.eu\/index.php\/wp-json\/wp\/v2\/media?parent=1029"}],"curies":[{"name":"wp","href":"https:\/\/api.w.org\/{rel}","templated":true}]}}