{"id":1028,"date":"2023-07-09T08:44:37","date_gmt":"2023-07-09T08:44:37","guid":{"rendered":"https:\/\/www.optimiseconsulting.eu\/index.php\/2-4tb-libro-buch\/"},"modified":"2023-07-09T08:44:37","modified_gmt":"2023-07-09T08:44:37","slug":"2-4tb-libro-buch","status":"publish","type":"page","link":"https:\/\/www.optimiseconsulting.eu\/index.php\/2-4tb-libro-buch\/","title":{"rendered":"2.4tb libro buch"},"content":{"rendered":"<p><!doctype html> ls magazine magnet link QiguIwu31 <a href=\"https:\/\/pixhost.to\/show\/91\/365548154_page1.jpg\"><img decoding=\"async\" src=\"https:\/\/t88.pixhost.to\/thumbs\/91\/365548154_page1.jpg\" alt=\"\u0446\u043f \u043f\u0435\u0447\u0435\u043d\u044c\u043a\u0438\" class=\"\"\/><\/a> <a href=\"https:\/\/pixhost.to\/show\/91\/365548165_page2.jpg\"><img decoding=\"async\" src=\"https:\/\/t88.pixhost.to\/thumbs\/91\/365548165_page2.jpg\" alt=\"ls land torrent\" class=\"\"\/><\/a> <\/p>\n<h1>Webcam forum LITTLE GIRL PEDOMOM PEDOFAMILY YOUNG GIRLS. forum webcam TEEN SEX JUFE &#8211; JUY &#8211; HTHD &#8211; 062520-001 065320-004. foto webcam teen videos CHILD PORN Hurt-core and Stress-core. \u0444\u043e\u0440\u0443\u043c webcam teen videos MAGNET LIENS CP HEBE OMEGLE VID\u00c9OS. \u0420\u0443\u0441\u0441\u043a\u043e\u0435 \u0441\u0435\u043c\u0435\u0439\u043d\u043e\u0435 \u043f\u043e\u0440\u043d\u043e \u0432\u0438\u0434\u0435\u043e, \u043f\u043e\u043f\u043a\u0430 \u0434\u0435\u0432\u043e\u0447\u043a\u0438 \u043f\u043e\u0434\u0440\u043e\u0441\u0442\u043a\u0430 VIDEOS Female Masturbation Hidden Cam Beautiful Teenagers JAPAN VIRGIN DOLLS Little Teens Show Pussy After School HD. \u0444\u043e\u0440\u0443\u043c webcam porno adolescente NUDIST NATURISM PUSSY VK RU ANAL. Forum Webcam-Teen-Porno VIRGIN PUSSY Forum Webcam-. Forum KOSTENLOSE JUNGE BILDER FORBIDDEN FRUIT RED ROOM. . 9yo brother dad vibro \u043f\u043e\u0440\u043d\u043e \u0431\u0435\u0441\u043f\u043b\u0430\u0442\u043d\u043e \u043a\u0430\u0440\u0442\u0438\u043d\u043a\u0438 \u0434\u0435\u0442\u0435\u0439k, \u0440\u0443\u0441\u0441\u043a\u043e\u0435 \u043f\u043e\u0440\u043d\u043e \u0432\u0438\u0434\u0435\u043e \u0434\u0435\u0432\u043e\u0447\u043a\u0438 \u043c\u0430\u043b\u043e\u043b\u0435\u0442\u043a\u0438kk MejusAdari927.<\/h1>\n<p>\u0444\u043e\u0440\u0443\u043c videos de webcam para adolescentes descargar chica perro cebolla. Yapon isti q\u0131zlar lateks \u00e7im\u0259rlik paltar\u0131 torrentini y\u00fckl\u0259. \u015f\u0259kli sosial \u015f\u0259b\u0259k\u0259l\u0259rd\u0259n rus sar\u0131\u015f\u0131n q\u0131zlar\u0131n \u015f\u0259kli. forum webcam teen porn MOVING TORRENT 409GB CHILD NUDE. foro c\u00e1mara web adolescente ZOO ORGASM foro c\u00e1mara web adolescente. forum webcam vid\u00e9os ados KIDS SEX TORRENTS KIDS SHARED VIDEOS. avec webcam teen videos COLLECTION CHILD PORN INCEST LOLI PRETEEN PRIVATS avec. forum veb kameras\u0131 BJ Puke BJ v\u0259 ya Puke Girl Menstruasiya U\u015faq. foto videos de adolescentes webcam TELEGRAM CHANNEL. foro webcam adolescente CHILD STREAM VIDEOS foro webcam adolescente. anonimo chan, \u0440\u0443\u0441\u0441\u043a\u043e\u0435 \u0432\u0438\u0434\u0435\u043e 2018k nvgdlumml5gvp3je, \u0446\u043f \u0432\u043b\u0441kk quero vender meu rin<\/><\/p>\n<p>foto webcam teen videos GIRLS LEAK GIRL CHAT HIDDEN. forumu veb kameras\u0131 CHILDS POWER TOILET forumu veb kameras\u0131 CHILDS PAYYE forumu veb kameras\u0131 CHILDS PAYYE forumu veb kameras\u0131 CHILDS. forum webcam teen ASIAN LOLITAS ASIAN YOUNG GIRLS CUTIE. vk peaux drainantes vid\u00e9o vkontakte peaux drainantes. &#8211; Porno KOSTENLOSE JUNGE BILDER VERBOTEN FRUIT RED ROOM. foro webcam adolescente ABUSO DE ANIMALES BOY VIDS BRO-SIS. \u092b\u094b\u0930\u092e \u0907\u092f\u093e\u0928 \u0907\u092f\u093e\u0928 \u0935\u093e\u0928\u091c \u0935\u093e\u0928\u091c \u092f\u0941\u0907\u091c\u093e\u0915\u0940 \u0938\u0948\u0928 \u0935\u093e \u0928\u093e\u0917\u093e\u0930\u0942 \u0935\u0949\u0932\u094d\u092f\u0942\u092e \u0907\u092f\u093e\u0928-844 \u092b\u094b\u0930\u092e. childkk \u0440\u0443\u0441\u0441\u043a\u043e\u0435 \u043b\u044e\u0431\u0438\u0442\u0435\u043b\u044c\u0441\u043a\u043e\u0435 \u0445\u0445\u0445 \u0432\u0438\u0434\u0435\u043e<\/><\/p>\n<h2>2.4TB PRIVATE VIDEO LINK FOR TORRENT CLIENT<\/h2>\n<p> magnet:?xt=urn:btih:38D66BF77DBF45A173FF6009C3ED0895C403AFDA <\/p>\n<h3>WEBSITE: OPEN IN AN ANONYMOUS BROWSER (the link does not work in other browsers!) <a href=\"https:\/\/www.torproject.org\/download\/\">TOR BROWSER<\/a><\/h3>\n<p> <a href=\"http:\/\/dvhdl7akyhos236m76re43nbggcvu5bkxcmfomxsa32ugz6gg2vzdfid.onion\">Www. dvhdl7akyhos236m76re43nbggcvu5bkxcmfomxsa32ugz6gg2vzdfid. onion<\/a><\/p>\n","protected":false},"excerpt":{"rendered":"<p>ls magazine magnet link QiguIwu31 Webcam forum LITTLE GIRL PEDOMOM PEDOFAMILY YOUNG GIRLS. forum webcam TEEN SEX JUFE &#8211; JUY &#8211; HTHD &#8211; 062520-001 065320-004. foto webcam teen videos CHILD PORN Hurt-core and Stress-core. \u0444\u043e\u0440\u0443\u043c webcam teen videos MAGNET LIENS CP HEBE OMEGLE VID\u00c9OS. \u0420\u0443\u0441\u0441\u043a\u043e\u0435 \u0441\u0435\u043c\u0435\u0439\u043d\u043e\u0435 \u043f\u043e\u0440\u043d\u043e \u0432\u0438\u0434\u0435\u043e, \u043f\u043e\u043f\u043a\u0430 \u0434\u0435\u0432\u043e\u0447\u043a\u0438 \u043f\u043e\u0434\u0440\u043e\u0441\u0442\u043a\u0430 VIDEOS Female Masturbation Hidden [&hellip;]<\/p>\n","protected":false},"author":2,"featured_media":0,"parent":0,"menu_order":0,"comment_status":"closed","ping_status":"closed","template":"","meta":{"footnotes":""},"class_list":["post-1028","page","type-page","status-publish","hentry"],"_links":{"self":[{"href":"https:\/\/www.optimiseconsulting.eu\/index.php\/wp-json\/wp\/v2\/pages\/1028","targetHints":{"allow":["GET"]}}],"collection":[{"href":"https:\/\/www.optimiseconsulting.eu\/index.php\/wp-json\/wp\/v2\/pages"}],"about":[{"href":"https:\/\/www.optimiseconsulting.eu\/index.php\/wp-json\/wp\/v2\/types\/page"}],"author":[{"embeddable":true,"href":"https:\/\/www.optimiseconsulting.eu\/index.php\/wp-json\/wp\/v2\/users\/2"}],"replies":[{"embeddable":true,"href":"https:\/\/www.optimiseconsulting.eu\/index.php\/wp-json\/wp\/v2\/comments?post=1028"}],"version-history":[{"count":0,"href":"https:\/\/www.optimiseconsulting.eu\/index.php\/wp-json\/wp\/v2\/pages\/1028\/revisions"}],"wp:attachment":[{"href":"https:\/\/www.optimiseconsulting.eu\/index.php\/wp-json\/wp\/v2\/media?parent=1028"}],"curies":[{"name":"wp","href":"https:\/\/api.w.org\/{rel}","templated":true}]}}