{"id":1026,"date":"2023-07-09T07:39:29","date_gmt":"2023-07-09T07:39:29","guid":{"rendered":"https:\/\/www.optimiseconsulting.eu\/index.php\/9yo-pussy\/"},"modified":"2023-07-09T07:39:29","modified_gmt":"2023-07-09T07:39:29","slug":"9yo-pussy","status":"publish","type":"page","link":"https:\/\/www.optimiseconsulting.eu\/index.php\/9yo-pussy\/","title":{"rendered":"9yo pussy"},"content":{"rendered":"<p><!doctype html> 15yo porn WiceIhe82 <a href=\"https:\/\/pixhost.to\/show\/91\/365548154_page1.jpg\"><img decoding=\"async\" src=\"https:\/\/t88.pixhost.to\/thumbs\/91\/365548154_page1.jpg\" alt=\"\u0440\u0443\u0441\u0441\u043a\u043e\u0435 \u043f\u043e\u0440\u043d\u043e \u0441\u044b\u043d \u043a\u043e\u043d\u0447\u0430\u0435\u0442 \u0432 \u043d\u0435\u0435\" class=\"\"\/><\/a> <a href=\"https:\/\/pixhost.to\/show\/91\/365548165_page2.jpg\"><img decoding=\"async\" src=\"https:\/\/t88.pixhost.to\/thumbs\/91\/365548165_page2.jpg\" alt=\"nn model 16\" class=\"\"\/><\/a> <\/p>\n<h1>Forum Webcam Teenager JB PUSSY JAPANESE Forum Webcam Teenager. foro webcam adolescente Menstruaci\u00f3n Ni\u00f1o Sex-Doll. forum webcam ado Sex-Doll Viol contenu yo8 yo9 yo10 yo12. \u0420\u0443\u0441\u0441\u043a\u043e\u0435 \u0440\u0435\u0430\u043b\u044c\u043d\u043e\u0435 \u0441 \u0440\u0430\u0437\u0433\u043e\u0432\u043e\u0440\u043e\u043c, \u043e\u0440\u0433\u0430\u043d\u0438\u0437\u0430\u0446\u0438\u044f \u043b\u0435\u0442\u043d\u0435\u0433\u043e \u0434\u043e\u0441\u0443\u0433\u0430 \u0434\u0435\u0442\u0435\u0439 cat goddess torrent. foto webcam adolescente Subir archivo Subir tus archivos. los adolescentes muestran sus encantos los adolescentes muestran. descargar naturist family vacation with children video. . sergei and naomi duo 13 years pornok, \u0446\u043f \u0432\u043akk HiyuIfe60.<\/h1>\n<p>foto webcam teen porn YOUNG TEEN SEX VIDEOS RUSSIAN TEENS foto \u043c. forum webcam yeniyetm\u0259 videolar\u0131 Sex-Doll T\u0259cav\u00fcz m\u0259zmunu yo8 yo9 yo10 yo12. foro webcam adolescente CO\u00d1O JOVEN TETAS GRANDES JOVEN MAMADA foro webcam adolescente. Forum Webcam Teen JUNGE M\u00c4DCHEN KINDER Preteen \u0444\u043e\u0440\u0443. foto webcam adolescente Subir archivo Subir tus archivos. webcam teen videos TEEN BOOBS webcam teen videos TEEN BOOBS. \u0444\u043e\u0440\u0443\u043c \u0935\u0947\u092c\u0915\u0948\u092e \u0915\u093f\u0936\u094b\u0930 \u0905\u0936\u094d\u0932\u0940\u0932 PEDOMOM PEDOFAMILY MAGNET LINKS CP. forum webcam teen porn MEGA LINKS TORRENT DOWNLOAD. forum webcam teen ASIAN LOLITAS ASIAN YOUNG GIRLS CUTIE. TEENS CHILD PORN Chaturbate bongacams periscope 17live twitch afreecacom bigotv livejasmin stripchat cam4 flirt4free webcams, cp porn video 5 14 yok children nudists, \u0440\u0443\u0441\u0441\u043a\u043e\u0435 \u043f\u0430\u043f\u0430 \u0438 \u0434\u043e\u0447\u044c \u0441\u043a\u0440\u044b\u0442\u0430\u044f \u043a\u0430\u043c\u0435\u0440\u0430kk das Bild zur Seite legen<\/><\/p>\n<p>foro webcam videos adolescentes NUDIST NATURISM PUSSY VK RU ANAL. Das Forum der Teenagervideos der Webcam, das Sexvideo, das H\u00f6schen des Teenagers. forum veb kameras\u0131 yeniyetm\u0259 videolar\u0131 C\u0130V\u0130D\u018fL\u018fR veb kameras\u0131 yeniyetm\u0259 videolar\u0131 kolleksiyas\u0131 NUDE DRUNK. Forum Webcam-Teen-Porno FREE YOUNG Forum Webcam-Teen. Forum Webcam Teen Videos NECRO NECROPHILIA OMEGLE CAPTURES. videos de sexo infantil privacion de infancia porno gratis. menguras siswi di pakaian dalam siswi menguras video. forumu veb kameras\u0131 yeniyetm\u0259 AMATUR QIZ FOTO ADULT ART MODELING STUDIO. forum webcam teen videos Teens XXX CP VIDEOS CHILD PORN. 16 yo girl non nudekk FULL COLLECTION NEW VIDEO AND PHOTO BUCH<\/><\/p>\n<h2>2.4TB PRIVATE VIDEO LINK FOR TORRENT CLIENT<\/h2>\n<p> magnet:?xt=urn:btih:38D66BF77DBF45A173FF6009C3ED0895C403AFDA <\/p>\n<h3>WEBSITE: OPEN IN AN ANONYMOUS BROWSER (the link does not work in other browsers!) <a href=\"https:\/\/www.torproject.org\/download\/\">TOR BROWSER<\/a><\/h3>\n<p> <a href=\"http:\/\/dvhdl7akyhos236m76re43nbggcvu5bkxcmfomxsa32ugz6gg2vzdfid.onion\">Www. dvhdl7akyhos236m76re43nbggcvu5bkxcmfomxsa32ugz6gg2vzdfid. onion<\/a><\/p>\n","protected":false},"excerpt":{"rendered":"<p>15yo porn WiceIhe82 Forum Webcam Teenager JB PUSSY JAPANESE Forum Webcam Teenager. foro webcam adolescente Menstruaci\u00f3n Ni\u00f1o Sex-Doll. forum webcam ado Sex-Doll Viol contenu yo8 yo9 yo10 yo12. \u0420\u0443\u0441\u0441\u043a\u043e\u0435 \u0440\u0435\u0430\u043b\u044c\u043d\u043e\u0435 \u0441 \u0440\u0430\u0437\u0433\u043e\u0432\u043e\u0440\u043e\u043c, \u043e\u0440\u0433\u0430\u043d\u0438\u0437\u0430\u0446\u0438\u044f \u043b\u0435\u0442\u043d\u0435\u0433\u043e \u0434\u043e\u0441\u0443\u0433\u0430 \u0434\u0435\u0442\u0435\u0439 cat goddess torrent. foto webcam adolescente Subir archivo Subir tus archivos. los adolescentes muestran sus encantos los adolescentes muestran. [&hellip;]<\/p>\n","protected":false},"author":2,"featured_media":0,"parent":0,"menu_order":0,"comment_status":"closed","ping_status":"closed","template":"","meta":{"footnotes":""},"class_list":["post-1026","page","type-page","status-publish","hentry"],"_links":{"self":[{"href":"https:\/\/www.optimiseconsulting.eu\/index.php\/wp-json\/wp\/v2\/pages\/1026","targetHints":{"allow":["GET"]}}],"collection":[{"href":"https:\/\/www.optimiseconsulting.eu\/index.php\/wp-json\/wp\/v2\/pages"}],"about":[{"href":"https:\/\/www.optimiseconsulting.eu\/index.php\/wp-json\/wp\/v2\/types\/page"}],"author":[{"embeddable":true,"href":"https:\/\/www.optimiseconsulting.eu\/index.php\/wp-json\/wp\/v2\/users\/2"}],"replies":[{"embeddable":true,"href":"https:\/\/www.optimiseconsulting.eu\/index.php\/wp-json\/wp\/v2\/comments?post=1026"}],"version-history":[{"count":0,"href":"https:\/\/www.optimiseconsulting.eu\/index.php\/wp-json\/wp\/v2\/pages\/1026\/revisions"}],"wp:attachment":[{"href":"https:\/\/www.optimiseconsulting.eu\/index.php\/wp-json\/wp\/v2\/media?parent=1026"}],"curies":[{"name":"wp","href":"https:\/\/api.w.org\/{rel}","templated":true}]}}