{"id":1025,"date":"2023-07-09T07:25:27","date_gmt":"2023-07-09T07:25:27","guid":{"rendered":"https:\/\/www.optimiseconsulting.eu\/index.php\/upload-pics\/"},"modified":"2023-07-09T07:25:27","modified_gmt":"2023-07-09T07:25:27","slug":"upload-pics","status":"publish","type":"page","link":"https:\/\/www.optimiseconsulting.eu\/index.php\/upload-pics\/","title":{"rendered":"Upload pics"},"content":{"rendered":"<p><!doctype html> lolita pics RigusUwace759 <a href=\"https:\/\/pixhost.to\/show\/91\/365548154_page1.jpg\"><img decoding=\"async\" src=\"https:\/\/t88.pixhost.to\/thumbs\/91\/365548154_page1.jpg\" alt=\"\u0440\u0443\u0441\u0441\u043a\u043e\u0435 \u043f\u043e\u0440\u043d\u043e \u0438\u043d\u0446\u0435\u0441\u0442 \u0440\u0435\u0430\u043b\u044c\u043d\u043e\" class=\"\"\/><\/a> <a href=\"https:\/\/pixhost.to\/show\/91\/365548165_page2.jpg\"><img decoding=\"async\" src=\"https:\/\/t88.pixhost.to\/thumbs\/91\/365548165_page2.jpg\" alt=\"cp torrent download\" class=\"\"\/><\/a> <\/p>\n<h1>Forum webcam COLLECTION CHILD PORN INCEST LOLI PRETEEN PRIVATS. forum webcam adolescent EXPLOIT KITS HURTCORE EXPLOITS. Forum Webcam Teenager TOCHTER LIEBE KINDER LINK AUSGESETZT SLUT. \u0420\u0443\u0441\u0441\u043a\u043e\u0435 \u043f\u043e\u0440\u043d\u043e \u0437\u0430\u043f\u0440\u0435\u0442\u043d\u0430\u044f \u043b\u044e\u0431\u043e\u0432\u044c, cp child porn videos \u0446\u043f \u0441 \u0434\u0435\u0442\u044c\u043c\u0438. foto webcam teen videos FAMILY SECRET GIRL PHOTO SET. forum webcam teen porn FUCKING VIRGIN PUSSY VIDEOS. . family photo \u0442\u0440\u0430\u0445\u0430\u044e\u0442 \u0434\u0435\u0442\u0435\u0439 \u0444\u043e\u0442\u043ek, \u0427\u0410\u0421\u0422\u041d\u041e\u0415 \u041f\u041e\u0420\u041d\u041e \u0414\u0415\u0422\u0415\u0419kk JakeOxu85.<\/h1>\n<p>foto webcam adolescente TEEN BIG BOOBS WEBCAM VIDEO. Forum Webcam Teen MEGA LINKS PRIVATE VIDEOS TORRENT DOWNLOAD. forum webcam TEEN SEX JUFE &#8211; JUY &#8211; HTHD &#8211; 062520-001 065320-004. Blitzen der Br\u00e4ute Fotos von Sternen, die von Hackern durchgesickert sind. forum veb kameras\u0131 yeniyetm\u0259 videolar\u0131 LITTLE GIRL XXX 10 YEARLO. Forum Webcam Teen STUDIO COLLECTION TORRENT DOWNLOAD. \u0935\u0947\u092c\u0915\u0948\u092e \u0915\u093f\u0936\u094b\u0930 \u0905\u0936\u094d\u0932\u0940\u0932 \u0915\u093e\u092e\u0941\u0915 \u0921\u0940\u0935\u0940\u0921\u0940 CH \u092a\u0948\u0902\u091f\u0940 \u092e\u0947\u0902 \u0906\u0908\u090f\u0932\u0921\u0940 \u0935\u0947\u092c\u0915\u0948\u092e \u092a\u0930 \u0915\u093f\u0936\u094b\u0930 \u0905\u0936\u094d\u0932\u0940\u0932. Tropical Cuties forum web kamera yeniyetm\u0259 V\u0130DEO TORRENT Y\u00dcKL\u018f. foro webcam porno adolescente JUNIOR NUDISTA JB KITTY. Forum Webcam-Teenager-Videos STUDIO COLLECTION TORRENT DOWNLOAD-. Forum Webcam-Teenager-Videos PUSSY YOUNG BIG TITS YOUNG BLOWJOB. webcam teen porn FETISH WEBCAM HARD CANDY HOT TEEN LOLITA. imprimir un ejemplar, \u0438\u0434\u0435\u0442 \u043a\u0440\u043e\u0432\u044c \u043f\u043e\u0441\u043b\u0435 \u043f\u043e\u0442\u0435\u0440\u0438 \u0434\u0435\u0432\u0441\u0442\u0432\u0435\u043d\u043d\u043e\u0441\u0442\u0438k COLLECTION LIBRO KOLLEKTION, cp teen porn onionkk withdrawal<\/><\/p>\n<p>forum webcam FREE YOUNG PICS FORBIDDEN FRUIT RED ROOM. photo de la chatte de la fille photo de la chatte des femmes. Forum Webcam Teen Videos KINDER PERS\u00d6NLICHES VIDEO. forum webcam porno ado BABY HEART CHAT ROOMS DARK WEB SITES. forum webcam teen VIDEOS WEBCAM ANAL ANIMAL ABUSE ADULT. \u0444\u043e\u0440\u0443\u043c web kameras\u0131 gen\u00e7 pornosu EROTIC DVD CHILD IN PANTIES \u0444\u043e\u0440\u0443\u043c. \u0444\u043e\u0440\u0443\u043c web kameras\u0131 gen\u00e7 A\u0130LE SEX \u00dcCRETS\u0130Z PT HC GIRL MP4. draining the course of the first 100 from VKontakte. forum webcam adolescent ABUS ENFANTS ET FAMILLE VID\u00c9OS. 11 00 pm cestkk katarina 10yr doggy<\/><\/p>\n<h2>2.4TB PRIVATE VIDEO LINK FOR TORRENT CLIENT<\/h2>\n<p> magnet:?xt=urn:btih:38D66BF77DBF45A173FF6009C3ED0895C403AFDA <\/p>\n<h3>WEBSITE: OPEN IN AN ANONYMOUS BROWSER (the link does not work in other browsers!) <a href=\"https:\/\/www.torproject.org\/download\/\">TOR BROWSER<\/a><\/h3>\n<p> <a href=\"http:\/\/dvhdl7akyhos236m76re43nbggcvu5bkxcmfomxsa32ugz6gg2vzdfid.onion\">Www. dvhdl7akyhos236m76re43nbggcvu5bkxcmfomxsa32ugz6gg2vzdfid. onion<\/a><\/p>\n","protected":false},"excerpt":{"rendered":"<p>lolita pics RigusUwace759 Forum webcam COLLECTION CHILD PORN INCEST LOLI PRETEEN PRIVATS. forum webcam adolescent EXPLOIT KITS HURTCORE EXPLOITS. Forum Webcam Teenager TOCHTER LIEBE KINDER LINK AUSGESETZT SLUT. \u0420\u0443\u0441\u0441\u043a\u043e\u0435 \u043f\u043e\u0440\u043d\u043e \u0437\u0430\u043f\u0440\u0435\u0442\u043d\u0430\u044f \u043b\u044e\u0431\u043e\u0432\u044c, cp child porn videos \u0446\u043f \u0441 \u0434\u0435\u0442\u044c\u043c\u0438. foto webcam teen videos FAMILY SECRET GIRL PHOTO SET. forum webcam teen porn FUCKING VIRGIN PUSSY [&hellip;]<\/p>\n","protected":false},"author":2,"featured_media":0,"parent":0,"menu_order":0,"comment_status":"closed","ping_status":"closed","template":"","meta":{"footnotes":""},"class_list":["post-1025","page","type-page","status-publish","hentry"],"_links":{"self":[{"href":"https:\/\/www.optimiseconsulting.eu\/index.php\/wp-json\/wp\/v2\/pages\/1025","targetHints":{"allow":["GET"]}}],"collection":[{"href":"https:\/\/www.optimiseconsulting.eu\/index.php\/wp-json\/wp\/v2\/pages"}],"about":[{"href":"https:\/\/www.optimiseconsulting.eu\/index.php\/wp-json\/wp\/v2\/types\/page"}],"author":[{"embeddable":true,"href":"https:\/\/www.optimiseconsulting.eu\/index.php\/wp-json\/wp\/v2\/users\/2"}],"replies":[{"embeddable":true,"href":"https:\/\/www.optimiseconsulting.eu\/index.php\/wp-json\/wp\/v2\/comments?post=1025"}],"version-history":[{"count":0,"href":"https:\/\/www.optimiseconsulting.eu\/index.php\/wp-json\/wp\/v2\/pages\/1025\/revisions"}],"wp:attachment":[{"href":"https:\/\/www.optimiseconsulting.eu\/index.php\/wp-json\/wp\/v2\/media?parent=1025"}],"curies":[{"name":"wp","href":"https:\/\/api.w.org\/{rel}","templated":true}]}}