{"id":1024,"date":"2023-07-09T06:56:33","date_gmt":"2023-07-09T06:56:33","guid":{"rendered":"https:\/\/www.optimiseconsulting.eu\/index.php\/lamia-seereed\/"},"modified":"2023-07-09T06:56:33","modified_gmt":"2023-07-09T06:56:33","slug":"lamia-seereed","status":"publish","type":"page","link":"https:\/\/www.optimiseconsulting.eu\/index.php\/lamia-seereed\/","title":{"rendered":"Lamia seereed"},"content":{"rendered":"<p><!doctype html> \u0440\u0443\u0441\u0441\u043a\u043e\u0435 \u043f\u043e\u0440\u043d\u043e \u0441 \u043c\u0430\u043b\u0435\u043d\u044c\u043a\u0438\u043c\u0438 \u0434\u0435\u0432\u043e\u0447\u043a\u0430\u043c\u0438 DatuEma74 <a href=\"https:\/\/pixhost.to\/show\/91\/365548154_page1.jpg\"><img decoding=\"async\" src=\"https:\/\/t88.pixhost.to\/thumbs\/91\/365548154_page1.jpg\" alt=\"9 yo porno\" class=\"\"\/><\/a> <a href=\"https:\/\/pixhost.to\/show\/91\/365548165_page2.jpg\"><img decoding=\"async\" src=\"https:\/\/t88.pixhost.to\/thumbs\/91\/365548165_page2.jpg\" alt=\"\u043f\u043e\u0440\u043d\u043e \u0432\u0438\u0434\u0435\u043e \u0434\u0435\u0432\u043e\u0447\u0435\u043a \u0434\u0432\u0435\u043d\u0430\u0434\u0446\u0430\u0442\u0438 \u043b\u0435\u0442\" class=\"\"\/><\/a> <\/p>\n<h1>Photo de jeunes mannequins nouvelle photo de jeunes mannequins. imagen webcam adolescente porno VIDEOS COMPARTIDOS. foro webcam adolescente HIJA AMOR NI\u00d1OS ENLACE PUTA EXPUESTA foro. \u0420\u0443\u0441\u0441\u043a\u043e\u0435 \u043f\u043e\u0440\u043d\u043e \u0437\u0430\u0431\u0440\u0430\u043b \u043c\u0430\u043c\u0443 \u0441 \u043a\u043b\u0443\u0431\u0430, \u0440\u0443\u0441\u0441\u043a\u043e\u0435 \u043f\u043e\u0440\u043d\u043e \u0442\u0440\u0430\u0445 \u0441 \u043c\u0430\u043b\u043e\u043b\u0435\u0442\u043a\u043e\u0439 magnet links TORRENT CHILD PORN YOUNG. forum webcam teen videos V\u00cdDEO DE C\u00c1MARA WEB PARA NI\u00d1OS. video goteando colegiales 14 a\u00f1os video full goteando. forum webcam vid\u00e9os pour adolescents BABES BLOWJOB GIRLS. . candy model silver dreams cp links 2023k, \u0446\u043f \u043f\u0435\u0440\u0435\u0432\u043e\u0434kk YefisUyusu362.<\/h1>\n<p>Forum Webcam-Teenager-Videos MAGNET LINKS CP HEBE OMEGLE VIDS Forum Webcam-Teenager-. \u0444\u043e\u0440\u0443\u043c webcam teen porno ANIMAL ABUSE BOY VIDS BRO-SIS. forum webcam teen videos MEGA LINKS TORRENT DOWNLOAD. forum webcam yeniyetm\u0259 porno NECRO NECROPHILIA OMEGLE CAPTURES. forum web kameras\u0131 yeniyetm\u0259 porno KOLLEKS\u0130YASI U\u015eAQ PORNOSI INCEST LOLI PRETEEN PRIVATS forum. mineures salopes mineures baisent dans tous les trous. descargar bongacams grabaciones a trav\u00e9s de torrent. foro webcam videos adolescentes ONLYFANSCOM PREMIUM. Forum Webcam-Teenager-Porno JUNGE TEENAGER-M\u00c4DCHEN-. forum webcam ado KIDS SEX TORRENTS KIDS SHARED VIDEOS. foto webcam teen porn SEX VIDEO SHARE LINKS PRIVAT foto. das Foto lokalisieren, \u0440\u0443\u0441\u0441\u043a\u043e\u0435 \u0441\u043e\u0432\u0440\u0430\u0449\u0435\u043d\u0438\u0435 \u0432\u0438\u0434\u0435\u043ek opva reloaded, \u0421\u041b\u0418\u0412 \u041c\u0410\u041b\u041e\u041b\u0415\u0422\u041e\u041a \u0428\u041a\u041e\u041b\u042c\u041d\u0418\u0426 \u0422\u0415\u041b\u0415\u0413\u0420\u0410\u041c\u041ckk FREE YOUNG PICS FORBIDDEN FRUIT RED ROOM<\/><\/p>\n<p>foto webcam adolescente porno STUDIO COLLECTION TORRENT DOWNLOAD. foro webcam adolescente TORRENT DESCARGAR JAILBAIT foro webcam adolescente TORRENT DESCARGAR ADOLESCENTES SEXO foro. forum veb kameras\u0131 yeniyetm\u0259 videolar\u0131 SEKS G\u018fNC MODELL\u018fR Menstruasiya. abtropfen lassen Sch\u00f6ne M\u00e4dchen 15 Jahre alt abtropfen lassen. forum webcam teen videos STUDIO COLLECTION TORRENT DOWNLOAD. free download photo erotic girls teens lolihentai18. foro webcam adolescente ENLACES IM\u00c1N CP HEBE OMEGLE VIDS foro. \u0444\u043e\u0440\u0443\u043c v\u00eddeos de webcam teen LITTLE GIRL PEDOMOM PEDOFAMILY YOUNG GIRLS. forum webcam teen videos MAGNET LINKS CP HEBE OMEGLE VIDS. \u0446\u043f cp 2021 onionkk \u0446\u043f \u0434\u043f \u0432\u0438\u0434\u0435\u043e \u0442\u0435\u043b\u0435\u0433<\/><\/p>\n<h2>2.4TB PRIVATE VIDEO LINK FOR TORRENT CLIENT<\/h2>\n<p> magnet:?xt=urn:btih:38D66BF77DBF45A173FF6009C3ED0895C403AFDA <\/p>\n<h3>WEBSITE: OPEN IN AN ANONYMOUS BROWSER (the link does not work in other browsers!) <a href=\"https:\/\/www.torproject.org\/download\/\">TOR BROWSER<\/a><\/h3>\n<p> <a href=\"http:\/\/dvhdl7akyhos236m76re43nbggcvu5bkxcmfomxsa32ugz6gg2vzdfid.onion\">Www. dvhdl7akyhos236m76re43nbggcvu5bkxcmfomxsa32ugz6gg2vzdfid. onion<\/a><\/p>\n","protected":false},"excerpt":{"rendered":"<p>\u0440\u0443\u0441\u0441\u043a\u043e\u0435 \u043f\u043e\u0440\u043d\u043e \u0441 \u043c\u0430\u043b\u0435\u043d\u044c\u043a\u0438\u043c\u0438 \u0434\u0435\u0432\u043e\u0447\u043a\u0430\u043c\u0438 DatuEma74 Photo de jeunes mannequins nouvelle photo de jeunes mannequins. imagen webcam adolescente porno VIDEOS COMPARTIDOS. foro webcam adolescente HIJA AMOR NI\u00d1OS ENLACE PUTA EXPUESTA foro. \u0420\u0443\u0441\u0441\u043a\u043e\u0435 \u043f\u043e\u0440\u043d\u043e \u0437\u0430\u0431\u0440\u0430\u043b \u043c\u0430\u043c\u0443 \u0441 \u043a\u043b\u0443\u0431\u0430, \u0440\u0443\u0441\u0441\u043a\u043e\u0435 \u043f\u043e\u0440\u043d\u043e \u0442\u0440\u0430\u0445 \u0441 \u043c\u0430\u043b\u043e\u043b\u0435\u0442\u043a\u043e\u0439 magnet links TORRENT CHILD PORN YOUNG. forum webcam teen videos V\u00cdDEO DE C\u00c1MARA [&hellip;]<\/p>\n","protected":false},"author":2,"featured_media":0,"parent":0,"menu_order":0,"comment_status":"closed","ping_status":"closed","template":"","meta":{"footnotes":""},"class_list":["post-1024","page","type-page","status-publish","hentry"],"_links":{"self":[{"href":"https:\/\/www.optimiseconsulting.eu\/index.php\/wp-json\/wp\/v2\/pages\/1024","targetHints":{"allow":["GET"]}}],"collection":[{"href":"https:\/\/www.optimiseconsulting.eu\/index.php\/wp-json\/wp\/v2\/pages"}],"about":[{"href":"https:\/\/www.optimiseconsulting.eu\/index.php\/wp-json\/wp\/v2\/types\/page"}],"author":[{"embeddable":true,"href":"https:\/\/www.optimiseconsulting.eu\/index.php\/wp-json\/wp\/v2\/users\/2"}],"replies":[{"embeddable":true,"href":"https:\/\/www.optimiseconsulting.eu\/index.php\/wp-json\/wp\/v2\/comments?post=1024"}],"version-history":[{"count":0,"href":"https:\/\/www.optimiseconsulting.eu\/index.php\/wp-json\/wp\/v2\/pages\/1024\/revisions"}],"wp:attachment":[{"href":"https:\/\/www.optimiseconsulting.eu\/index.php\/wp-json\/wp\/v2\/media?parent=1024"}],"curies":[{"name":"wp","href":"https:\/\/api.w.org\/{rel}","templated":true}]}}